{"id":290,"date":"2022-02-03T14:58:51","date_gmt":"2022-02-03T17:58:51","guid":{"rendered":"https:\/\/www.ifsc.usp.br\/~lef\/wplef\/?page_id=290"},"modified":"2024-09-14T13:31:51","modified_gmt":"2024-09-14T16:31:51","slug":"anfiteatros","status":"publish","type":"page","link":"https:\/\/www.ifsc.usp.br\/lef\/index.php\/anfiteatros\/","title":{"rendered":"Anfiteatros"},"content":{"rendered":"\t\t<div data-elementor-type=\"wp-page\" data-elementor-id=\"290\" class=\"elementor elementor-290\">\n\t\t\t\t\t\t<section class=\"elementor-section elementor-top-section elementor-element elementor-element-748272a5 elementor-section-content-middle elementor-section-boxed elementor-section-height-default elementor-section-height-default\" data-id=\"748272a5\" data-element_type=\"section\">\n\t\t\t\t\t\t<div class=\"elementor-container elementor-column-gap-no\">\n\t\t\t\t\t<div class=\"elementor-column elementor-col-33 elementor-top-column elementor-element elementor-element-4521b546\" data-id=\"4521b546\" data-element_type=\"column\">\n\t\t\t<div class=\"elementor-widget-wrap elementor-element-populated\">\n\t\t\t\t\t\t<div class=\"elementor-element elementor-element-43c4007f elementor-invisible elementor-widget elementor-widget-image\" data-id=\"43c4007f\" data-element_type=\"widget\" data-settings=\"{&quot;_animation&quot;:&quot;pulse&quot;}\" data-widget_type=\"image.default\">\n\t\t\t\t<div class=\"elementor-widget-container\">\n\t\t\t\t\t\t\t\t\t\t\t\t<figure class=\"wp-caption\">\n\t\t\t\t\t\t\t\t\t\t<img fetchpriority=\"high\" decoding=\"async\" width=\"580\" height=\"326\" src=\"https:\/\/www.ifsc.usp.br\/lef\/wp-content\/uploads\/2022\/02\/anfiAzul-1-1024x576.jpg\" class=\"elementor-animation-grow attachment-large size-large wp-image-416\" alt=\"\" srcset=\"https:\/\/www.ifsc.usp.br\/lef\/wp-content\/uploads\/2022\/02\/anfiAzul-1-1024x576.jpg 1024w, https:\/\/www.ifsc.usp.br\/lef\/wp-content\/uploads\/2022\/02\/anfiAzul-1-300x169.jpg 300w, https:\/\/www.ifsc.usp.br\/lef\/wp-content\/uploads\/2022\/02\/anfiAzul-1-768x432.jpg 768w, https:\/\/www.ifsc.usp.br\/lef\/wp-content\/uploads\/2022\/02\/anfiAzul-1-1536x864.jpg 1536w, https:\/\/www.ifsc.usp.br\/lef\/wp-content\/uploads\/2022\/02\/anfiAzul-1-2048x1152.jpg 2048w, https:\/\/www.ifsc.usp.br\/lef\/wp-content\/uploads\/2022\/02\/anfiAzul-1-1200x675.jpg 1200w, https:\/\/www.ifsc.usp.br\/lef\/wp-content\/uploads\/2022\/02\/anfiAzul-1-1980x1114.jpg 1980w\" sizes=\"(max-width: 580px) 100vw, 580px\" \/>\t\t\t\t\t\t\t\t\t\t\t<figcaption class=\"widget-image-caption wp-caption-text\">Anfiteatro Azul - Prof. Hor\u00e1cio C. Panepucci (101 lugares)<\/figcaption>\n\t\t\t\t\t\t\t\t\t\t<\/figure>\n\t\t\t\t\t\t\t\t\t<\/div>\n\t\t\t\t<\/div>\n\t\t\t\t\t<\/div>\n\t\t<\/div>\n\t\t\t\t<div class=\"elementor-column elementor-col-33 elementor-top-column elementor-element elementor-element-1b51fae9\" data-id=\"1b51fae9\" data-element_type=\"column\">\n\t\t\t<div class=\"elementor-widget-wrap elementor-element-populated\">\n\t\t\t\t\t\t<div class=\"elementor-element elementor-element-54d1f069 elementor-invisible elementor-widget elementor-widget-image\" data-id=\"54d1f069\" data-element_type=\"widget\" data-settings=\"{&quot;_animation&quot;:&quot;pulse&quot;}\" data-widget_type=\"image.default\">\n\t\t\t\t<div class=\"elementor-widget-container\">\n\t\t\t\t\t\t\t\t\t\t\t\t<figure class=\"wp-caption\">\n\t\t\t\t\t\t\t\t\t\t<img decoding=\"async\" width=\"580\" height=\"326\" src=\"https:\/\/www.ifsc.usp.br\/lef\/wp-content\/uploads\/2022\/02\/anfiVerde-1024x576.jpg\" class=\"elementor-animation-grow attachment-large size-large wp-image-417\" alt=\"\" srcset=\"https:\/\/www.ifsc.usp.br\/lef\/wp-content\/uploads\/2022\/02\/anfiVerde-1024x576.jpg 1024w, https:\/\/www.ifsc.usp.br\/lef\/wp-content\/uploads\/2022\/02\/anfiVerde-300x169.jpg 300w, https:\/\/www.ifsc.usp.br\/lef\/wp-content\/uploads\/2022\/02\/anfiVerde-768x432.jpg 768w, https:\/\/www.ifsc.usp.br\/lef\/wp-content\/uploads\/2022\/02\/anfiVerde-1536x864.jpg 1536w, https:\/\/www.ifsc.usp.br\/lef\/wp-content\/uploads\/2022\/02\/anfiVerde-2048x1152.jpg 2048w, https:\/\/www.ifsc.usp.br\/lef\/wp-content\/uploads\/2022\/02\/anfiVerde-1200x675.jpg 1200w, https:\/\/www.ifsc.usp.br\/lef\/wp-content\/uploads\/2022\/02\/anfiVerde-1980x1114.jpg 1980w\" sizes=\"(max-width: 580px) 100vw, 580px\" \/>\t\t\t\t\t\t\t\t\t\t\t<figcaption class=\"widget-image-caption wp-caption-text\">Anfiteatro Verde (94 lugares)<\/figcaption>\n\t\t\t\t\t\t\t\t\t\t<\/figure>\n\t\t\t\t\t\t\t\t\t<\/div>\n\t\t\t\t<\/div>\n\t\t\t\t<div class=\"elementor-element elementor-element-7d7398af elementor-widget elementor-widget-text-editor\" data-id=\"7d7398af\" data-element_type=\"widget\" data-widget_type=\"text-editor.default\">\n\t\t\t\t<div class=\"elementor-widget-container\">\n\t\t\t\t\t\t\t\t\t<p><span style=\"color: #000000;\">\u00a0<\/span><\/p><p><span style=\"color: #000000;\">S\u00e3o 3 anfiteatros equipados com sistema de som e proje\u00e7\u00e3o.<\/span><\/p><p><a href=\"https:\/\/sistemas.ifsc.usp.br\/reserva_salas2\/\" target=\"_blank\" rel=\"noopener\">Sistema para reserva dos anfiteatros<\/a><\/p>\t\t\t\t\t\t\t\t<\/div>\n\t\t\t\t<\/div>\n\t\t\t\t\t<\/div>\n\t\t<\/div>\n\t\t\t\t<div class=\"elementor-column elementor-col-33 elementor-top-column elementor-element elementor-element-5966ec97\" data-id=\"5966ec97\" data-element_type=\"column\">\n\t\t\t<div class=\"elementor-widget-wrap elementor-element-populated\">\n\t\t\t\t\t\t<div class=\"elementor-element elementor-element-5f6b4229 elementor-invisible elementor-widget elementor-widget-image\" data-id=\"5f6b4229\" data-element_type=\"widget\" data-settings=\"{&quot;_animation&quot;:&quot;pulse&quot;}\" data-widget_type=\"image.default\">\n\t\t\t\t<div class=\"elementor-widget-container\">\n\t\t\t\t\t\t\t\t\t\t\t\t<figure class=\"wp-caption\">\n\t\t\t\t\t\t\t\t\t\t<img decoding=\"async\" width=\"2560\" height=\"1440\" src=\"https:\/\/www.ifsc.usp.br\/lef\/wp-content\/uploads\/2022\/02\/anfiNovo-scaled.jpg\" class=\"elementor-animation-grow attachment-full size-full wp-image-418\" alt=\"\" srcset=\"https:\/\/www.ifsc.usp.br\/lef\/wp-content\/uploads\/2022\/02\/anfiNovo-scaled.jpg 2560w, https:\/\/www.ifsc.usp.br\/lef\/wp-content\/uploads\/2022\/02\/anfiNovo-300x169.jpg 300w, https:\/\/www.ifsc.usp.br\/lef\/wp-content\/uploads\/2022\/02\/anfiNovo-1024x576.jpg 1024w, https:\/\/www.ifsc.usp.br\/lef\/wp-content\/uploads\/2022\/02\/anfiNovo-768x432.jpg 768w, https:\/\/www.ifsc.usp.br\/lef\/wp-content\/uploads\/2022\/02\/anfiNovo-1536x864.jpg 1536w, https:\/\/www.ifsc.usp.br\/lef\/wp-content\/uploads\/2022\/02\/anfiNovo-2048x1152.jpg 2048w, https:\/\/www.ifsc.usp.br\/lef\/wp-content\/uploads\/2022\/02\/anfiNovo-1200x675.jpg 1200w, https:\/\/www.ifsc.usp.br\/lef\/wp-content\/uploads\/2022\/02\/anfiNovo-1980x1114.jpg 1980w\" sizes=\"(max-width: 2560px) 100vw, 2560px\" \/>\t\t\t\t\t\t\t\t\t\t\t<figcaption class=\"widget-image-caption wp-caption-text\">Anfiteatro Novo (78 lugares)<\/figcaption>\n\t\t\t\t\t\t\t\t\t\t<\/figure>\n\t\t\t\t\t\t\t\t\t<\/div>\n\t\t\t\t<\/div>\n\t\t\t\t\t<\/div>\n\t\t<\/div>\n\t\t\t\t\t<\/div>\n\t\t<\/section>\n\t\t\t\t<\/div>\n\t\t","protected":false},"excerpt":{"rendered":"<p>Anfiteatro Azul &#8211; Prof. Hor\u00e1cio C. Panepucci (101 lugares) Anfiteatro Verde (94 lugares) \u00a0 S\u00e3o 3 anfiteatros equipados com sistema de som e proje\u00e7\u00e3o. Sistema para reserva dos anfiteatros Anfiteatro Novo (78 lugares)<\/p>\n","protected":false},"author":1,"featured_media":0,"parent":0,"menu_order":0,"comment_status":"closed","ping_status":"closed","template":"templates\/template-full-width.php","meta":{"footnotes":""},"class_list":["post-290","page","type-page","status-publish","hentry"],"_links":{"self":[{"href":"https:\/\/www.ifsc.usp.br\/lef\/index.php\/wp-json\/wp\/v2\/pages\/290","targetHints":{"allow":["GET"]}}],"collection":[{"href":"https:\/\/www.ifsc.usp.br\/lef\/index.php\/wp-json\/wp\/v2\/pages"}],"about":[{"href":"https:\/\/www.ifsc.usp.br\/lef\/index.php\/wp-json\/wp\/v2\/types\/page"}],"author":[{"embeddable":true,"href":"https:\/\/www.ifsc.usp.br\/lef\/index.php\/wp-json\/wp\/v2\/users\/1"}],"replies":[{"embeddable":true,"href":"https:\/\/www.ifsc.usp.br\/lef\/index.php\/wp-json\/wp\/v2\/comments?post=290"}],"version-history":[{"count":103,"href":"https:\/\/www.ifsc.usp.br\/lef\/index.php\/wp-json\/wp\/v2\/pages\/290\/revisions"}],"predecessor-version":[{"id":1985,"href":"https:\/\/www.ifsc.usp.br\/lef\/index.php\/wp-json\/wp\/v2\/pages\/290\/revisions\/1985"}],"wp:attachment":[{"href":"https:\/\/www.ifsc.usp.br\/lef\/index.php\/wp-json\/wp\/v2\/media?parent=290"}],"curies":[{"name":"wp","href":"https:\/\/api.w.org\/{rel}","templated":true}]}}