{"id":466,"date":"2022-02-09T15:09:43","date_gmt":"2022-02-09T18:09:43","guid":{"rendered":"https:\/\/www.ifsc.usp.br\/~lef\/wplef\/?page_id=466"},"modified":"2026-03-10T11:11:18","modified_gmt":"2026-03-10T14:11:18","slug":"sala-pro-aluno","status":"publish","type":"page","link":"https:\/\/www.ifsc.usp.br\/lef\/index.php\/sala-pro-aluno\/","title":{"rendered":"Sala Pr\u00f3-Aluno"},"content":{"rendered":"\t\t<div data-elementor-type=\"wp-page\" data-elementor-id=\"466\" class=\"elementor elementor-466\">\n\t\t\t\t\t\t<section class=\"elementor-section elementor-top-section elementor-element elementor-element-5b5a697 elementor-section-boxed elementor-section-height-default elementor-section-height-default\" data-id=\"5b5a697\" data-element_type=\"section\">\n\t\t\t\t\t\t<div class=\"elementor-container elementor-column-gap-default\">\n\t\t\t\t\t<div class=\"elementor-column elementor-col-33 elementor-top-column elementor-element elementor-element-ec09f2a\" data-id=\"ec09f2a\" data-element_type=\"column\">\n\t\t\t<div class=\"elementor-widget-wrap elementor-element-populated\">\n\t\t\t\t\t\t<div class=\"elementor-element elementor-element-912c446 elementor-invisible elementor-widget elementor-widget-image\" data-id=\"912c446\" data-element_type=\"widget\" data-settings=\"{&quot;_animation&quot;:&quot;fadeInLeft&quot;}\" data-widget_type=\"image.default\">\n\t\t\t\t<div class=\"elementor-widget-container\">\n\t\t\t\t\t\t\t\t\t\t\t\t\t\t\t<img fetchpriority=\"high\" decoding=\"async\" width=\"580\" height=\"773\" src=\"https:\/\/www.ifsc.usp.br\/lef\/wp-content\/uploads\/2024\/01\/proAluno1-768x1024.jpg\" class=\"attachment-large size-large wp-image-1151\" alt=\"\" srcset=\"https:\/\/www.ifsc.usp.br\/lef\/wp-content\/uploads\/2024\/01\/proAluno1-768x1024.jpg 768w, https:\/\/www.ifsc.usp.br\/lef\/wp-content\/uploads\/2024\/01\/proAluno1-225x300.jpg 225w, https:\/\/www.ifsc.usp.br\/lef\/wp-content\/uploads\/2024\/01\/proAluno1-1152x1536.jpg 1152w, https:\/\/www.ifsc.usp.br\/lef\/wp-content\/uploads\/2024\/01\/proAluno1-1536x2048.jpg 1536w, https:\/\/www.ifsc.usp.br\/lef\/wp-content\/uploads\/2024\/01\/proAluno1-1200x1600.jpg 1200w, https:\/\/www.ifsc.usp.br\/lef\/wp-content\/uploads\/2024\/01\/proAluno1-1980x2640.jpg 1980w, https:\/\/www.ifsc.usp.br\/lef\/wp-content\/uploads\/2024\/01\/proAluno1-scaled.jpg 1920w\" sizes=\"(max-width: 580px) 100vw, 580px\" \/>\t\t\t\t\t\t\t\t\t\t\t\t\t\t\t<\/div>\n\t\t\t\t<\/div>\n\t\t\t\t\t<\/div>\n\t\t<\/div>\n\t\t\t\t<div class=\"elementor-column elementor-col-66 elementor-top-column elementor-element elementor-element-9a4c6c5\" data-id=\"9a4c6c5\" data-element_type=\"column\">\n\t\t\t<div class=\"elementor-widget-wrap elementor-element-populated\">\n\t\t\t\t\t\t<div class=\"elementor-element elementor-element-9d94ad3 elementor-widget__width-inherit elementor-invisible elementor-widget elementor-widget-text-editor\" data-id=\"9d94ad3\" data-element_type=\"widget\" data-settings=\"{&quot;_animation&quot;:&quot;slideInDown&quot;}\" data-widget_type=\"text-editor.default\">\n\t\t\t\t<div class=\"elementor-widget-container\">\n\t\t\t\t\t\t\t\t\t<p>O Programa Pr\u00f3-Aluno \u00e9 um Programa da Pr\u00f3-Reitoria de Gradua\u00e7\u00e3o que tem por objetivo prover aos alunos de gradua\u00e7\u00e3o das Unidades de Ensino e Pesquisa da USP recursos b\u00e1sicos de inform\u00e1tica, para uso exclusivo em suas atividades de gradua\u00e7\u00e3o.<\/p><p><span style=\"font-size: inherit; text-align: inherit; color: var( --e-global-color-text );\">No IFSC, a sala Pr\u00f3-Aluno conta\u00a0 com 09 computadores Lenovo (2023)<\/span><span style=\"font-size: inherit; text-align: inherit; color: var( --e-global-color-text );\">, com sistema operacional Linux (Debian 11.0.0), 2 impressoras laser (preta\/branca e colorida), scanner e software com licen\u00e7as institucionais (<\/span><strong style=\"font-size: inherit; text-align: inherit; color: var( --e-global-color-text );\">Origin 2022, Mathematica 13, Matlab 2022, Maple 22<\/strong><span style=\"font-size: inherit; text-align: inherit; color: var( --e-global-color-text );\">).<\/span><\/p><p>As normas de conduta s\u00e3o as mesmas definidas no <a href=\"https:\/\/leginf.usp.br\/?resolucao=resolucao-no-4871-de-22-de-outubro-de-2001\" target=\"_blank\" rel=\"noopener\">c\u00f3digo de \u00e9tica da USP<\/a><\/p><p><strong style=\"font-size: inherit; text-align: inherit; color: var( --e-global-color-text );\"><br \/>Hor\u00e1rio de funcionamento<\/strong><span style=\"font-size: inherit; text-align: inherit; color: var( --e-global-color-text );\">:<\/span><a href=\"https:\/\/www.ifsc.usp.br\/lef\/wp-content\/uploads\/2026\/03\/Horarios-1-2026-v6.pdf\" target=\"_blank\" rel=\"noopener\">(Hor\u00e1rios de monitoria)<\/a><\/p><p><span style=\"font-size: inherit; text-align: inherit; color: var( --e-global-color-text ); font-family: var( --e-global-typography-text-font-family ), Sans-serif; font-weight: var( --e-global-typography-text-font-weight );\">De segunda \u00e0 sexta, das 08h00 \u00e0s 21h30\u00a0<br \/><\/span><span style=\"font-size: inherit; text-align: inherit; color: var( --e-global-color-text ); font-family: var( --e-global-typography-text-font-family ), Sans-serif; font-weight: var( --e-global-typography-text-font-weight );\">Nos per\u00edodos de f\u00e9rias, das 08h00 \u00e0s 18h00<\/span><\/p><p><strong><span style=\"font-size: inherit; text-align: inherit; color: var( --e-global-color-text ); font-family: var( --e-global-typography-text-font-family ), Sans-serif;\">Respons\u00e1veis pela administra\u00e7\u00e3o da sala\u00a0<\/span><\/strong><\/p><p><span style=\"font-size: inherit; text-align: inherit; color: var( --e-global-color-text ); font-family: var( --e-global-typography-text-font-family ), Sans-serif; font-weight: var( --e-global-typography-text-font-weight );\"><a href=\"https:\/\/www2.ifsc.usp.br\/graduacao\/coc-bacharelado-em-fisica-computacional\/\" target=\"_blank\" rel=\"noopener\">Prof. coordenador do curso de F\u00edsica Computacional no CoC<\/a><br \/><\/span><a href=\"https:\/\/www2.ifsc.usp.br\/portal-ifsc\/pagina-pessoal-funcionario\/?codigo=3761\" target=\"_blank\" rel=\"noopener\">Funcion\u00e1ria encarregada<\/a><span style=\"font-size: inherit; text-align: inherit; color: var( --e-global-color-text ); font-family: var( --e-global-typography-text-font-family ), Sans-serif; font-weight: var( --e-global-typography-text-font-weight );\"><br \/><\/span><\/p><p><span style=\"font-size: inherit; text-align: inherit; color: var( --e-global-color-text ); font-family: var( --e-global-typography-text-font-family ), Sans-serif; font-weight: var( --e-global-typography-text-font-weight );\"><br \/><a href=\"mailto:proaluno@ifsc.usp.br\">Contato<\/a><\/span><span style=\"font-size: inherit; text-align: inherit; color: var( --e-global-color-text ); font-family: var( --e-global-typography-text-font-family ), Sans-serif; font-weight: var( --e-global-typography-text-font-weight );\">\u00a0&#8211; ramal 739762<\/span><\/p>\t\t\t\t\t\t\t\t<\/div>\n\t\t\t\t<\/div>\n\t\t\t\t\t<\/div>\n\t\t<\/div>\n\t\t\t\t\t<\/div>\n\t\t<\/section>\n\t\t\t\t<section class=\"elementor-section elementor-top-section elementor-element elementor-element-beab4a4 elementor-section-boxed elementor-section-height-default elementor-section-height-default\" data-id=\"beab4a4\" data-element_type=\"section\">\n\t\t\t\t\t\t<div class=\"elementor-container elementor-column-gap-default\">\n\t\t\t\t\t<div class=\"elementor-column elementor-col-50 elementor-top-column elementor-element elementor-element-9047e4e\" data-id=\"9047e4e\" data-element_type=\"column\">\n\t\t\t<div class=\"elementor-widget-wrap elementor-element-populated\">\n\t\t\t\t\t\t<div class=\"elementor-element elementor-element-62bb4aa elementor-invisible elementor-widget elementor-widget-text-editor\" data-id=\"62bb4aa\" data-element_type=\"widget\" data-settings=\"{&quot;_animation&quot;:&quot;slideInUp&quot;}\" data-widget_type=\"text-editor.default\">\n\t\t\t\t<div class=\"elementor-widget-container\">\n\t\t\t\t\t\t\t\t\t<p class=\"western\" style=\"text-align: left;\" align=\"center\"><strong>Atendimento online ao usu\u00e1rio<\/strong><br \/><a style=\"font-size: inherit; text-align: inherit; font-family: var( --e-global-typography-text-font-family ), Sans-serif; font-weight: var( --e-global-typography-text-font-weight );\" href=\"http:\/\/servpro.ifsc.usp.br\/\" target=\"_blank\" rel=\"noopener\">&#8211; Consultar\/Solicitar login<\/a><span style=\"font-size: inherit; text-align: inherit; color: var( --e-global-color-text ); font-family: var( --e-global-typography-text-font-family ), Sans-serif; font-weight: var( --e-global-typography-text-font-weight );\"><br \/><\/span><a style=\"font-size: inherit; text-align: inherit; font-family: var( --e-global-typography-text-font-family ), Sans-serif; font-weight: var( --e-global-typography-text-font-weight );\" href=\"https:\/\/servpro.ifsc.usp.br\/index-printOnline.php\" target=\"_blank\" rel=\"noopener\">&#8211; Impress\u00e3o online<\/a><span style=\"font-size: inherit; text-align: inherit; color: var( --e-global-color-text ); font-family: var( --e-global-typography-text-font-family ), Sans-serif; font-weight: var( --e-global-typography-text-font-weight );\">\u00a0<br \/><\/span><span style=\"font-size: inherit; text-align: inherit; color: var( --e-global-color-text ); font-family: var( --e-global-typography-text-font-family ), Sans-serif; font-weight: var( --e-global-typography-text-font-weight );\">&#8211; <a href=\"https:\/\/www.ifsc.usp.br\/lef\/wp-content\/uploads\/2025\/02\/interfaceGnome.mp4\" target=\"_blank\" rel=\"noopener\">Conhecendo a interface gr\u00e1fica do Linux<\/a><br \/><a href=\"https:\/\/www.ifsc.usp.br\/lef\/wp-content\/uploads\/2024\/08\/comoUsarMaquinaVirtualWindows.mp4\" target=\"_blank\" rel=\"noopener\">&#8211; Como usar m\u00e1quina virtual Windows\u00a0<\/a> (por Leonardo Henrique Zanotta)<\/span><\/p><p style=\"text-align: left;\" align=\"center\"><strong>Informa\u00e7\u00f5es complementares<br \/><\/strong><a href=\"https:\/\/www.ifsc.usp.br\/scinfor\/rede-sem-fio-eduroam\/\" target=\"_blank\" rel=\"noopener\"><span style=\"font-family: var( --e-global-typography-text-font-family ), Sans-serif;\"><span style=\"text-align: inherit; font-weight: var( --e-global-typography-text-font-weight );\">Informa\u00e7\u00f5es sobre acesso \u00e0 rede Wireless<\/span><\/span><span style=\"font-size: inherit; text-align: inherit; color: var( --e-global-color-text ); font-family: var( --e-global-typography-text-font-family ), Sans-serif; font-weight: var( --e-global-typography-text-font-weight );\">\u00a0<\/span><\/a><\/p>\t\t\t\t\t\t\t\t<\/div>\n\t\t\t\t<\/div>\n\t\t\t\t\t<\/div>\n\t\t<\/div>\n\t\t\t\t<div class=\"elementor-column elementor-col-25 elementor-top-column elementor-element elementor-element-23de6c1\" data-id=\"23de6c1\" data-element_type=\"column\">\n\t\t\t<div class=\"elementor-widget-wrap elementor-element-populated\">\n\t\t\t\t\t\t<div class=\"elementor-element elementor-element-92c77c7 elementor-invisible elementor-widget elementor-widget-image\" data-id=\"92c77c7\" data-element_type=\"widget\" data-settings=\"{&quot;_animation&quot;:&quot;fadeInRight&quot;}\" data-widget_type=\"image.default\">\n\t\t\t\t<div class=\"elementor-widget-container\">\n\t\t\t\t\t\t\t\t\t\t\t\t\t\t\t<img decoding=\"async\" width=\"580\" height=\"435\" src=\"https:\/\/www.ifsc.usp.br\/lef\/wp-content\/uploads\/2024\/01\/proAluno2-1024x768.jpg\" class=\"attachment-large size-large wp-image-1152\" alt=\"\" srcset=\"https:\/\/www.ifsc.usp.br\/lef\/wp-content\/uploads\/2024\/01\/proAluno2-1024x768.jpg 1024w, https:\/\/www.ifsc.usp.br\/lef\/wp-content\/uploads\/2024\/01\/proAluno2-300x225.jpg 300w, https:\/\/www.ifsc.usp.br\/lef\/wp-content\/uploads\/2024\/01\/proAluno2-768x576.jpg 768w, https:\/\/www.ifsc.usp.br\/lef\/wp-content\/uploads\/2024\/01\/proAluno2-1536x1152.jpg 1536w, https:\/\/www.ifsc.usp.br\/lef\/wp-content\/uploads\/2024\/01\/proAluno2-2048x1536.jpg 2048w, https:\/\/www.ifsc.usp.br\/lef\/wp-content\/uploads\/2024\/01\/proAluno2-1200x900.jpg 1200w, https:\/\/www.ifsc.usp.br\/lef\/wp-content\/uploads\/2024\/01\/proAluno2-1980x1485.jpg 1980w\" sizes=\"(max-width: 580px) 100vw, 580px\" \/>\t\t\t\t\t\t\t\t\t\t\t\t\t\t\t<\/div>\n\t\t\t\t<\/div>\n\t\t\t\t\t<\/div>\n\t\t<\/div>\n\t\t\t\t<div class=\"elementor-column elementor-col-25 elementor-top-column elementor-element elementor-element-8e81107\" data-id=\"8e81107\" data-element_type=\"column\">\n\t\t\t<div class=\"elementor-widget-wrap elementor-element-populated\">\n\t\t\t\t\t\t<div class=\"elementor-element elementor-element-4c6cd68 elementor-invisible elementor-widget elementor-widget-image\" data-id=\"4c6cd68\" data-element_type=\"widget\" data-settings=\"{&quot;_animation&quot;:&quot;fadeInRight&quot;}\" data-widget_type=\"image.default\">\n\t\t\t\t<div class=\"elementor-widget-container\">\n\t\t\t\t\t\t\t\t\t\t\t\t\t\t\t<img decoding=\"async\" width=\"580\" height=\"435\" src=\"https:\/\/www.ifsc.usp.br\/lef\/wp-content\/uploads\/2024\/01\/proAluno3-1024x768.jpg\" class=\"attachment-large size-large wp-image-1153\" alt=\"\" srcset=\"https:\/\/www.ifsc.usp.br\/lef\/wp-content\/uploads\/2024\/01\/proAluno3-1024x768.jpg 1024w, https:\/\/www.ifsc.usp.br\/lef\/wp-content\/uploads\/2024\/01\/proAluno3-300x225.jpg 300w, https:\/\/www.ifsc.usp.br\/lef\/wp-content\/uploads\/2024\/01\/proAluno3-768x576.jpg 768w, https:\/\/www.ifsc.usp.br\/lef\/wp-content\/uploads\/2024\/01\/proAluno3-1536x1152.jpg 1536w, https:\/\/www.ifsc.usp.br\/lef\/wp-content\/uploads\/2024\/01\/proAluno3-2048x1536.jpg 2048w, https:\/\/www.ifsc.usp.br\/lef\/wp-content\/uploads\/2024\/01\/proAluno3-1200x900.jpg 1200w, https:\/\/www.ifsc.usp.br\/lef\/wp-content\/uploads\/2024\/01\/proAluno3-1980x1485.jpg 1980w\" sizes=\"(max-width: 580px) 100vw, 580px\" \/>\t\t\t\t\t\t\t\t\t\t\t\t\t\t\t<\/div>\n\t\t\t\t<\/div>\n\t\t\t\t\t<\/div>\n\t\t<\/div>\n\t\t\t\t\t<\/div>\n\t\t<\/section>\n\t\t\t\t<section class=\"elementor-section elementor-top-section elementor-element elementor-element-a86b9ed elementor-section-boxed elementor-section-height-default elementor-section-height-default\" data-id=\"a86b9ed\" data-element_type=\"section\">\n\t\t\t\t\t\t<div class=\"elementor-container elementor-column-gap-default\">\n\t\t\t\t\t<div class=\"elementor-column elementor-col-100 elementor-top-column elementor-element elementor-element-9d92277\" data-id=\"9d92277\" data-element_type=\"column\">\n\t\t\t<div class=\"elementor-widget-wrap elementor-element-populated\">\n\t\t\t\t\t\t<div class=\"elementor-element elementor-element-e35037a elementor-widget elementor-widget-toggle\" data-id=\"e35037a\" data-element_type=\"widget\" data-widget_type=\"toggle.default\">\n\t\t\t\t<div class=\"elementor-widget-container\">\n\t\t\t\t\t\t\t<div class=\"elementor-toggle\">\n\t\t\t\t\t\t\t<div class=\"elementor-toggle-item\">\n\t\t\t\t\t<div id=\"elementor-tab-title-2381\" class=\"elementor-tab-title\" data-tab=\"1\" role=\"button\" aria-controls=\"elementor-tab-content-2381\" aria-expanded=\"false\">\n\t\t\t\t\t\t\t\t\t\t\t\t<span class=\"elementor-toggle-icon elementor-toggle-icon-left\" aria-hidden=\"true\">\n\t\t\t\t\t\t\t\t\t\t\t\t\t\t\t<span class=\"elementor-toggle-icon-closed\"><i class=\"fas fa-caret-right\"><\/i><\/span>\n\t\t\t\t\t\t\t\t<span class=\"elementor-toggle-icon-opened\"><i class=\"elementor-toggle-icon-opened fas fa-caret-up\"><\/i><\/span>\n\t\t\t\t\t\t\t\t\t\t\t\t\t<\/span>\n\t\t\t\t\t\t\t\t\t\t\t\t<a class=\"elementor-toggle-title\" tabindex=\"0\">Processo seletivo para bolsas de monitoria<\/a>\n\t\t\t\t\t<\/div>\n\n\t\t\t\t\t<div id=\"elementor-tab-content-2381\" class=\"elementor-tab-content elementor-clearfix\" data-tab=\"1\" role=\"region\" aria-labelledby=\"elementor-tab-title-2381\"><p><a style=\"font-family: var( --e-global-typography-text-font-family ), Sans-serif; font-weight: var( --e-global-typography-text-font-weight );\" href=\"https:\/\/www.ifsc.usp.br\/lef\/wp-content\/uploads\/2025\/07\/Edital-24_2025_2026_Monitoria-Pro-Aluno_Assinado.pdf\" target=\"_blank\" rel=\"noopener\">Edital\u00a0<\/a>do processo seletivo para as bolsas de monitora no per\u00edodo de 08\/2025 a 07\/2026<\/p><p>ERRATA DO EDITAL IFSC 24\/2025 &#8211; nos itens 6a e 6b, onde se l\u00ea M\u00c9DIA MODERADA, leia-se M\u00c9DIA NORMALIZADA\u00a0<\/p><p><a href=\"https:\/\/forms.gle\/7GN9tAE2SaU2gNaV8\" target=\"_blank\" rel=\"noopener\">Formul\u00e1rio de inscri\u00e7\u00e3o<\/a><\/p><p><a href=\"https:\/\/www.ifsc.usp.br\/lef\/wp-content\/uploads\/2025\/07\/classificacaoFinal-2025-2026.pdf\" target=\"_blank\" rel=\"noopener\">Classifica\u00e7\u00e3o Final 2025-2026<\/a><\/p><\/div>\n\t\t\t\t<\/div>\n\t\t\t\t\t\t\t\t<\/div>\n\t\t\t\t\t\t<\/div>\n\t\t\t\t<\/div>\n\t\t\t\t\t<\/div>\n\t\t<\/div>\n\t\t\t\t\t<\/div>\n\t\t<\/section>\n\t\t\t\t<\/div>\n\t\t","protected":false},"excerpt":{"rendered":"<p>O Programa Pr\u00f3-Aluno \u00e9 um Programa da Pr\u00f3-Reitoria de Gradua\u00e7\u00e3o que tem por objetivo prover aos alunos de gradua\u00e7\u00e3o das Unidades de Ensino e Pesquisa da USP recursos b\u00e1sicos de inform\u00e1tica, para uso exclusivo em suas atividades de gradua\u00e7\u00e3o. No IFSC, a sala Pr\u00f3-Aluno conta\u00a0 com 09 computadores Lenovo (2023), com sistema operacional Linux (Debian [&hellip;]<\/p>\n","protected":false},"author":1,"featured_media":0,"parent":0,"menu_order":0,"comment_status":"closed","ping_status":"closed","template":"templates\/template-full-width.php","meta":{"footnotes":""},"class_list":["post-466","page","type-page","status-publish","hentry"],"_links":{"self":[{"href":"https:\/\/www.ifsc.usp.br\/lef\/index.php\/wp-json\/wp\/v2\/pages\/466","targetHints":{"allow":["GET"]}}],"collection":[{"href":"https:\/\/www.ifsc.usp.br\/lef\/index.php\/wp-json\/wp\/v2\/pages"}],"about":[{"href":"https:\/\/www.ifsc.usp.br\/lef\/index.php\/wp-json\/wp\/v2\/types\/page"}],"author":[{"embeddable":true,"href":"https:\/\/www.ifsc.usp.br\/lef\/index.php\/wp-json\/wp\/v2\/users\/1"}],"replies":[{"embeddable":true,"href":"https:\/\/www.ifsc.usp.br\/lef\/index.php\/wp-json\/wp\/v2\/comments?post=466"}],"version-history":[{"count":182,"href":"https:\/\/www.ifsc.usp.br\/lef\/index.php\/wp-json\/wp\/v2\/pages\/466\/revisions"}],"predecessor-version":[{"id":2167,"href":"https:\/\/www.ifsc.usp.br\/lef\/index.php\/wp-json\/wp\/v2\/pages\/466\/revisions\/2167"}],"wp:attachment":[{"href":"https:\/\/www.ifsc.usp.br\/lef\/index.php\/wp-json\/wp\/v2\/media?parent=466"}],"curies":[{"name":"wp","href":"https:\/\/api.w.org\/{rel}","templated":true}]}}