{"id":512,"date":"2022-02-09T16:29:32","date_gmt":"2022-02-09T19:29:32","guid":{"rendered":"https:\/\/www.ifsc.usp.br\/~lef\/wplef\/?page_id=512"},"modified":"2024-02-19T14:10:50","modified_gmt":"2024-02-19T17:10:50","slug":"espaco-de-vicencia","status":"publish","type":"page","link":"https:\/\/www.ifsc.usp.br\/lef\/index.php\/espaco-de-vicencia\/","title":{"rendered":"Espa\u00e7o de viv\u00eancia"},"content":{"rendered":"\t\t<div data-elementor-type=\"wp-page\" data-elementor-id=\"512\" class=\"elementor elementor-512\">\n\t\t\t\t\t\t<section class=\"elementor-section elementor-top-section elementor-element elementor-element-48a468f elementor-section-boxed elementor-section-height-default elementor-section-height-default\" data-id=\"48a468f\" data-element_type=\"section\">\n\t\t\t\t\t\t<div class=\"elementor-container elementor-column-gap-default\">\n\t\t\t\t\t<div class=\"elementor-column elementor-col-100 elementor-top-column elementor-element elementor-element-5ff4c9f\" data-id=\"5ff4c9f\" data-element_type=\"column\">\n\t\t\t<div class=\"elementor-widget-wrap elementor-element-populated\">\n\t\t\t\t\t\t<div class=\"elementor-element elementor-element-e1b96ac elementor-widget elementor-widget-text-editor\" data-id=\"e1b96ac\" data-element_type=\"widget\" data-widget_type=\"text-editor.default\">\n\t\t\t\t<div class=\"elementor-widget-container\">\n\t\t\t\t\t\t\t\t\t<p>Essa \u00e1rea de conviv\u00eancia disp\u00f5e de espa\u00e7o para a exposi\u00e7\u00e3o de p\u00f3sters e a realiza\u00e7\u00e3o de coffe-break. Tamb\u00e9m cont\u00e9m mesas para estudo, quadros de avisos, arm\u00e1rios para bolsas dos alunos em aula nos laborat\u00f3rios, lousas para estudo e totem com computador conectado \u00e0 Internet.<\/p><p><a href=\"https:\/\/sistemas.ifsc.usp.br\/reserva_salas2\/listar-reservas.php?entrar=2&amp;sala_cod=14\" target=\"_blank\" rel=\"noopener\">Sistema para solicitar a reserva desse espa\u00e7o.<\/a><\/p>\t\t\t\t\t\t\t\t<\/div>\n\t\t\t\t<\/div>\n\t\t\t\t\t<\/div>\n\t\t<\/div>\n\t\t\t\t\t<\/div>\n\t\t<\/section>\n\t\t\t\t<section class=\"elementor-section elementor-top-section elementor-element elementor-element-a8c625f elementor-section-boxed elementor-section-height-default elementor-section-height-default\" data-id=\"a8c625f\" data-element_type=\"section\">\n\t\t\t\t\t\t<div class=\"elementor-container elementor-column-gap-default\">\n\t\t\t\t\t<div class=\"elementor-column elementor-col-100 elementor-top-column elementor-element elementor-element-a6c2f0d\" data-id=\"a6c2f0d\" data-element_type=\"column\">\n\t\t\t<div class=\"elementor-widget-wrap elementor-element-populated\">\n\t\t\t\t\t\t<div class=\"elementor-element elementor-element-3e3df77 elementor-invisible elementor-widget elementor-widget-image\" data-id=\"3e3df77\" data-element_type=\"widget\" data-settings=\"{&quot;_animation&quot;:&quot;fadeIn&quot;}\" data-widget_type=\"image.default\">\n\t\t\t\t<div class=\"elementor-widget-container\">\n\t\t\t\t\t\t\t\t\t\t\t\t\t\t\t<img fetchpriority=\"high\" decoding=\"async\" width=\"580\" height=\"437\" src=\"https:\/\/www.ifsc.usp.br\/lef\/wp-content\/uploads\/2024\/02\/espacoVivencia-2024-1024x771.jpg\" class=\"elementor-animation-sink attachment-large size-large wp-image-1464\" alt=\"\" srcset=\"https:\/\/www.ifsc.usp.br\/lef\/wp-content\/uploads\/2024\/02\/espacoVivencia-2024-1024x771.jpg 1024w, https:\/\/www.ifsc.usp.br\/lef\/wp-content\/uploads\/2024\/02\/espacoVivencia-2024-300x226.jpg 300w, https:\/\/www.ifsc.usp.br\/lef\/wp-content\/uploads\/2024\/02\/espacoVivencia-2024-768x578.jpg 768w, https:\/\/www.ifsc.usp.br\/lef\/wp-content\/uploads\/2024\/02\/espacoVivencia-2024-1536x1157.jpg 1536w, https:\/\/www.ifsc.usp.br\/lef\/wp-content\/uploads\/2024\/02\/espacoVivencia-2024-2048x1542.jpg 2048w, https:\/\/www.ifsc.usp.br\/lef\/wp-content\/uploads\/2024\/02\/espacoVivencia-2024-1200x904.jpg 1200w, https:\/\/www.ifsc.usp.br\/lef\/wp-content\/uploads\/2024\/02\/espacoVivencia-2024-1980x1491.jpg 1980w\" sizes=\"(max-width: 580px) 100vw, 580px\" \/>\t\t\t\t\t\t\t\t\t\t\t\t\t\t\t<\/div>\n\t\t\t\t<\/div>\n\t\t\t\t\t<\/div>\n\t\t<\/div>\n\t\t\t\t\t<\/div>\n\t\t<\/section>\n\t\t\t\t<\/div>\n\t\t","protected":false},"excerpt":{"rendered":"<p>Essa \u00e1rea de conviv\u00eancia disp\u00f5e de espa\u00e7o para a exposi\u00e7\u00e3o de p\u00f3sters e a realiza\u00e7\u00e3o de coffe-break. Tamb\u00e9m cont\u00e9m mesas para estudo, quadros de avisos, arm\u00e1rios para bolsas dos alunos em aula nos laborat\u00f3rios, lousas para estudo e totem com computador conectado \u00e0 Internet. Sistema para solicitar a reserva desse espa\u00e7o.<\/p>\n","protected":false},"author":1,"featured_media":0,"parent":0,"menu_order":0,"comment_status":"closed","ping_status":"closed","template":"templates\/template-full-width.php","meta":{"footnotes":""},"class_list":["post-512","page","type-page","status-publish","hentry"],"_links":{"self":[{"href":"https:\/\/www.ifsc.usp.br\/lef\/index.php\/wp-json\/wp\/v2\/pages\/512","targetHints":{"allow":["GET"]}}],"collection":[{"href":"https:\/\/www.ifsc.usp.br\/lef\/index.php\/wp-json\/wp\/v2\/pages"}],"about":[{"href":"https:\/\/www.ifsc.usp.br\/lef\/index.php\/wp-json\/wp\/v2\/types\/page"}],"author":[{"embeddable":true,"href":"https:\/\/www.ifsc.usp.br\/lef\/index.php\/wp-json\/wp\/v2\/users\/1"}],"replies":[{"embeddable":true,"href":"https:\/\/www.ifsc.usp.br\/lef\/index.php\/wp-json\/wp\/v2\/comments?post=512"}],"version-history":[{"count":24,"href":"https:\/\/www.ifsc.usp.br\/lef\/index.php\/wp-json\/wp\/v2\/pages\/512\/revisions"}],"predecessor-version":[{"id":1477,"href":"https:\/\/www.ifsc.usp.br\/lef\/index.php\/wp-json\/wp\/v2\/pages\/512\/revisions\/1477"}],"wp:attachment":[{"href":"https:\/\/www.ifsc.usp.br\/lef\/index.php\/wp-json\/wp\/v2\/media?parent=512"}],"curies":[{"name":"wp","href":"https:\/\/api.w.org\/{rel}","templated":true}]}}