{"id":1061,"date":"2021-09-19T21:18:08","date_gmt":"2021-09-20T00:18:08","guid":{"rendered":"https:\/\/www.ifsc.usp.br\/lemaf\/?page_id=1061"},"modified":"2021-09-19T21:18:20","modified_gmt":"2021-09-20T00:18:20","slug":"lodi","status":"publish","type":"page","link":"https:\/\/www.ifsc.usp.br\/lemaf\/team\/lodi\/","title":{"rendered":"Thiago Augusto Lodi"},"content":{"rendered":"<h3><span style=\"color: #000000;\"><strong>Ionizing radiation detectors based on phosphates and fluorophosphate glasses doped with trivalent rare-earth ions<\/strong><\/span><\/h3>\n<p style=\"text-align: justify;\"><span style=\"color: #000000;\">A detec\u00e7\u00e3o de radia\u00e7\u00e3o ionizante, como \u03b1-, \u03b2-, \u03b3- ou X-, pela luz de cintila\u00e7\u00e3o produzida em certos materiais \u00e9 uma das mais antigas t\u00e9cnicas de detec\u00e7\u00e3o. Atualmente, os materiais cintilantes s\u00e3o amplamente utilizados em muitos sistemas de detec\u00e7\u00e3o que abordam diferentes campos, como imagens m\u00e9dicas (raios X, PET e SPECT), seguran\u00e7a, calorimetria f\u00edsica de alta energia, controle ind\u00fastria, dentre outros. Pesquisas mais recentes sobre cintiladores concentram-se no desenvolvimento de materiais inorg\u00e2nicos monocristalinos principalmente devido ao seu rendimento de luz superior. Embora grande parte do mercado de cintiladores seja ocupada por cintiladores monocristalinos, seu processo de obten\u00e7\u00e3o continua sendo de alto custo, demorado e limitado em termos de tamanho e forma. Os vidros cintiladores, por outro lado, eliminam o caro processo de crescimento de cristais e permitem o desenvolvimento r\u00e1pido e econ\u00f4mico de detectores de diversos tamanhos e formas, como fibra \u00f3ptica, por exemplo. Dessa forma, este projeto tem como objetivo sintetizar, caracterizar e estudar sistemas v\u00edtreos e vitrocer\u00e2micos dopados com \u00edons terras raras que atendem aos requisitos b\u00e1sicos para aplica\u00e7\u00e3o como material cintilante e que se apresentem como potenciais substitutos para cintiladores monocristalinos.<\/span><\/p>\n","protected":false},"excerpt":{"rendered":"Ionizing radiation detectors based on phosphates and fluorophosphate glasses doped with trivalent rare-earth ions A detec\u00e7\u00e3o de radia\u00e7\u00e3o ionizante, como \u03b1-, \u03b2-, \u03b3- ou X-, pela luz de cintila\u00e7\u00e3o produzida em certos materiais \u00e9 uma das mais antigas t\u00e9cnicas de detec\u00e7\u00e3o. Atualmente, os materiais cintilantes s\u00e3o amplamente utilizados em muitos sistemas de detec\u00e7\u00e3o que abordam&hellip; <br> <a class=\"read-more\" href=\"https:\/\/www.ifsc.usp.br\/lemaf\/team\/lodi\/\">Read more<\/a>","protected":false},"author":2,"featured_media":0,"parent":31,"menu_order":0,"comment_status":"closed","ping_status":"closed","template":"","meta":{"_coblocks_attr":"","_coblocks_dimensions":"","_coblocks_responsive_height":"","_coblocks_accordion_ie_support":"","footnotes":""},"class_list":["post-1061","page","type-page","status-publish","hentry"],"_links":{"self":[{"href":"https:\/\/www.ifsc.usp.br\/lemaf\/wp-json\/wp\/v2\/pages\/1061"}],"collection":[{"href":"https:\/\/www.ifsc.usp.br\/lemaf\/wp-json\/wp\/v2\/pages"}],"about":[{"href":"https:\/\/www.ifsc.usp.br\/lemaf\/wp-json\/wp\/v2\/types\/page"}],"author":[{"embeddable":true,"href":"https:\/\/www.ifsc.usp.br\/lemaf\/wp-json\/wp\/v2\/users\/2"}],"replies":[{"embeddable":true,"href":"https:\/\/www.ifsc.usp.br\/lemaf\/wp-json\/wp\/v2\/comments?post=1061"}],"version-history":[{"count":1,"href":"https:\/\/www.ifsc.usp.br\/lemaf\/wp-json\/wp\/v2\/pages\/1061\/revisions"}],"predecessor-version":[{"id":1062,"href":"https:\/\/www.ifsc.usp.br\/lemaf\/wp-json\/wp\/v2\/pages\/1061\/revisions\/1062"}],"up":[{"embeddable":true,"href":"https:\/\/www.ifsc.usp.br\/lemaf\/wp-json\/wp\/v2\/pages\/31"}],"wp:attachment":[{"href":"https:\/\/www.ifsc.usp.br\/lemaf\/wp-json\/wp\/v2\/media?parent=1061"}],"curies":[{"name":"wp","href":"https:\/\/api.w.org\/{rel}","templated":true}]}}