{"id":9204,"date":"2022-05-11T16:27:16","date_gmt":"2022-05-11T19:27:16","guid":{"rendered":"https:\/\/www.ifsc.usp.br\/scinfor\/?page_id=9204"},"modified":"2026-03-05T15:36:42","modified_gmt":"2026-03-05T18:36:42","slug":"home-page-2","status":"publish","type":"page","link":"https:\/\/www.ifsc.usp.br\/multiusuarios\/","title":{"rendered":"Home Page 2022"},"content":{"rendered":"<p>[vc_row rt_row_background_width=&#8221;fullwidth&#8221; rt_row_content_width=&#8221;fullwidth&#8221; rt_row_style=&#8221;default-style&#8221; rt_row_borders=&#8221;&#8221; rt_row_paddings=&#8221;false&#8221; rt_bg_effect=&#8221;classic&#8221; rt_bg_image_repeat=&#8221;repeat&#8221; rt_bg_size=&#8221;cover&#8221; rt_bg_position=&#8221;right top&#8221; rt_bg_attachment=&#8221;scroll&#8221; rt_bg_video_format=&#8221;self-hosted&#8221;][vc_column rt_wrp_col_paddings=&#8221;false&#8221; rt_border_top=&#8221;&#8221; rt_border_bottom=&#8221;&#8221; rt_border_left=&#8221;&#8221; rt_border_right=&#8221;&#8221; rt_border_top_mobile=&#8221;&#8221; rt_border_bottom_mobile=&#8221;&#8221; rt_border_left_mobile=&#8221;&#8221; rt_border_right_mobile=&#8221;&#8221; rt_bg_image_repeat=&#8221;repeat&#8221; rt_bg_size=&#8221;auto auto&#8221; rt_bg_position=&#8221;right top&#8221; rt_bg_attachment=&#8221;scroll&#8221; rt_padding_top=&#8221;20px&#8221; rt_padding_bottom=&#8221;20px&#8221; rt_padding_left=&#8221;60px&#8221; rt_padding_right=&#8221;60px&#8221;][vc_column_text]O Instituto de F\u00edsica de S\u00e3o Carlos (IFSC\/USP) apresenta uma caracter\u00edstica multidisciplinar que o permite possuir um parque de equipamentos multiusu\u00e1rios diversificado. A Central IFSC-USP MULTI re\u00fane os diversos equipamentos de docentes do IFSC que est\u00e3o dispon\u00edveis aos usu\u00e1rios USP ou externos.<\/p>\n<div  class=\"rt-toggle \"><ol>\n<li  class=\"\"><div class=\"toggle-head\"><div class=\"toggle-number\"><span class=\"icon-plus\"><\/span><\/div><div class=\"toggle-title\">Orienta\u00e7\u00f5es para cadastro de Equipamento Multiusu\u00e1rio<\/div><\/div><div class=\"toggle-content\"><p><strong>Para o cadastramento do Equipamento Multiusu\u00e1rio na Central IFSC-USP Multiusu\u00e1rios , <\/strong><strong>o solicitante dever\u00e1:<\/strong><\/p>\n<p style=\"padding-left: 40px;\">1 &#8211; Providenciar n\u00ba de Patrim\u00f4nio do equipamento<br \/>\n2 &#8211; Preencher o <a href=\"https:\/\/www.ifsc.usp.br\/multiusuarios\/formulario-para-cadastro-de-equipamento-multiusuario\/\"><strong>Formul\u00e1rio de cadastro de Equipamento Multiusu\u00e1rio<\/strong><\/a>, anexando a seguinte documenta\u00e7\u00e3o :<\/p>\n<p style=\"padding-left: 80px;\">a) Of\u00edcio de solicita\u00e7\u00e3o, assinado pelo Coordenador\/Gestor do Equipamento<br \/>\nb) Planilha de custos e tabela de valores a serem recolhidos, elaborado pelo Comit\u00ea Gestor do Equipamento, que ser\u00e3o analisados pelo CTA<strong><br \/>\n<\/strong>Obs.: a Central Multiusu\u00e1rios n\u00e3o deve ter fins lucrativos, por\u00e9m, deve cobrar valores que garantam os custos b\u00e1sicos para o funcionamento pleno dos equipamentos.<\/p>\n<p style=\"padding-left: 40px;\">&#8211; A proposta ser\u00e1 submetida para an\u00e1lise e aprova\u00e7\u00e3o da <strong>Central IFSC-USP Multi<\/strong> e homologa\u00e7\u00e3o pela <strong>Congrega\u00e7\u00e3o.<br \/>\n<\/strong>&#8211; Ap\u00f3s aprova\u00e7\u00f5es, o Presidente do Comit\u00ea Gestor cadastrar\u00e1 as informa\u00e7\u00f5es no sistema eletr\u00f4nico espec\u00edfico<\/p>\n<p style=\"padding-left: 40px;\">\n<\/div><\/li>\n<li  class=\"\"><div class=\"toggle-head\"><div class=\"toggle-number\"><span class=\"icon-plus\"><\/span><\/div><div class=\"toggle-title\">Membros do Comit\u00ea Gestor e Comiss\u00e3o de Usu\u00e1rios da Central Multiusu\u00e1rio IFSC-USP<\/div><\/div><div class=\"toggle-content\"><p>(Aprovado na 239\u00aa Reuni\u00e3o da Congrega\u00e7\u00e3o do IFSC)<\/p>\n<p><strong><u>Comit\u00ea Gestor<\/u><\/strong><strong>:<\/strong><\/p>\n<ul>\n<li>Presidente:<br \/>\nProf. Dr. Renato Vitalino Gon\u00e7alves<br \/>\nMandato: 06.01.2026 a 16.05.2028<\/li>\n<li>Vice-Presidente:<br \/>\nProf. Dr. Luis Felipe Santos Mendes<br \/>\nMandato: 23.02.2026 a 16.05.2028<\/li>\n<li>Membro IFSC:<br \/>\nProf. Dr. Jos\u00e9 Fabi\u00e1n Schneider \u2013 Titular<br \/>\nProf. Dr. Paulo Barbeitas Miranda \u2013 Suplente<br \/>\nMandato: 17.05.2025 a 16.05.2028<\/li>\n<li>Membro IFSC:<br \/>\nProf. Dr. Otavio Henrique Thiemann \u2013 Titular<br \/>\nMandato: 23.02.2026 a 25.02.2029<br \/>\nProf. Dr. Leonardo Luiz Gomes Ferreira \u2013 Suplente<br \/>\nMandato: 17.05.2025 a 16.05.2028<\/li>\n<\/ul>\n<p><strong><u>Comiss\u00e3o de Usu\u00e1rios<\/u><\/strong><strong>: <\/strong><\/p>\n<ul>\n<li>Membro Unidade Sede:<br \/>\nProf. Dr. Jo\u00e3o Renato Carvalho Muniz \u2013 Titular<br \/>\nProf. Dr. Valmor Roberto Mastelaro \u2013 Suplente<br \/>\nMandato: 17.05.2025 a 16.05.2028<\/li>\n<li>Membro Unidade Sede:<br \/>\nProf\u00aa Dr\u00aa Kate Cristina Blanco \u2013 Titular<br \/>\nProf\u00aa Dr\u00aa Tha\u00eds Victa Trevisan \u2013 Suplente<br \/>\nMandato: 17.05.2025 a 16.05.2028<\/li>\n<li>Membro Unidade da USP usu\u00e1ria:<br \/>\nProf. Dr. Daniel Rodrigues Cardoso \u2013 IQSC \u2013 Titular<br \/>\nProf. Dr. Fabio Henrique Barros de Lima \u2013 IQSC \u2013 Suplente<br \/>\nMandato: 17.05.2025 a 16.05.2028<\/li>\n<li>Membro Servidor T\u00e9cnico e Administrativo:<br \/>\nHumberto D\u2019Muniz Pereira \u2013 Titular<br \/>\nJos\u00e9 Augusto Lopes da Rocha \u2013 Suplente<br \/>\nMandato: 17.05.2025 a 16.05.2028<\/li>\n<\/ul>\n<\/div><\/li>\n<li  class=\"\"><div class=\"toggle-head\"><div class=\"toggle-number\"><span class=\"icon-plus\"><\/span><\/div><div class=\"toggle-title\">Legisla\u00e7\u00e3o<\/div><\/div><div class=\"toggle-content\"><p><a href=\"http:\/\/www.leginf.usp.br\/?portaria=portaria-gr-no-7311-de-19-de-dezembro-de-2018\" target=\"_blank\" rel=\"noopener\">PORTARIA GR N\u00ba 7311, DE 19 DE DEZEMBRO DE 2018<\/a><\/p>\n<\/div><\/li>\n<li  class=\"\"><div class=\"toggle-head\"><div class=\"toggle-number\"><span class=\"icon-plus\"><\/span><\/div><div class=\"toggle-title\">Contato<\/div><\/div><div class=\"toggle-content\"><p>multi@ifsc.usp.br<br \/>\n(16) 3373-9841<\/p>\n<\/div><\/li>\n<\/ol><\/div>\n<h5><strong>Equipamentos:<\/strong><\/h5>\n<p>[\/vc_column_text][\/vc_column][\/vc_row][vc_row rt_row_background_width=&#8221;default&#8221; rt_row_style=&#8221;default-style&#8221; rt_row_borders=&#8221;&#8221; rt_row_paddings=&#8221;true&#8221; rt_bg_effect=&#8221;classic&#8221; rt_bg_image_repeat=&#8221;repeat&#8221; rt_bg_size=&#8221;cover&#8221; rt_bg_position=&#8221;right top&#8221; rt_bg_attachment=&#8221;scroll&#8221; rt_bg_video_format=&#8221;self-hosted&#8221;][vc_column width=&#8221;1\/4&#8243; rt_wrp_col_paddings=&#8221;false&#8221; rt_border_top=&#8221;&#8221; rt_border_bottom=&#8221;&#8221; rt_border_left=&#8221;&#8221; rt_border_right=&#8221;&#8221; rt_border_top_mobile=&#8221;&#8221; rt_border_bottom_mobile=&#8221;&#8221; rt_border_left_mobile=&#8221;&#8221; rt_border_right_mobile=&#8221;&#8221; rt_bg_image_repeat=&#8221;repeat&#8221; rt_bg_size=&#8221;auto auto&#8221; rt_bg_position=&#8221;right top&#8221; rt_bg_attachment=&#8221;scroll&#8221;][vc_column_text]<\/p>\n<p style=\"text-align: center;\"><a href=\"https:\/\/www.ifsc.usp.br\/multiusuarios\/lmea-microscopia\"><img loading=\"lazy\" decoding=\"async\" class=\"alignnone wp-image-9645 size-full\" src=\"https:\/\/www.ifsc.usp.br\/multiusuarios\/wp-content\/uploads\/2022\/06\/lmea150.jpg\" alt=\"\" width=\"137\" height=\"150\" \/><\/a><\/p>\n<p style=\"text-align: center;\"><a style=\"text-decoration: none;\" href=\"https:\/\/www.ifsc.usp.br\/multiusuarios\/lmea-microscopia\">Microscopia Eletr\u00f4nica e An\u00e1lise \u2013 LMEA<\/a><\/p>\n<hr \/>\n<p>&nbsp;<\/p>\n<p style=\"text-align: center;\"><a href=\"https:\/\/confocal.ifsc.usp.br\" target=\"_blank\" rel=\"noopener\"><img loading=\"lazy\" decoding=\"async\" class=\"alignnone wp-image-9643 size-full\" src=\"https:\/\/www.ifsc.usp.br\/multiusuarios\/wp-content\/uploads\/2022\/06\/confocal150.jpg\" alt=\"\" width=\"148\" height=\"150\" \/><\/a><\/p>\n<p style=\"text-align: center;\"><a style=\"text-decoration: none;\" href=\"https:\/\/confocal.ifsc.usp.br\" target=\"_blank\" rel=\"noopener\">Laborat\u00f3rio de Microscopia Confocal<\/a><\/p>\n<hr \/>\n<p>&nbsp;<\/p>\n<p style=\"text-align: center;\"><a href=\"https:\/\/www.ifsc.usp.br\/multiusuarios\/lbest-mst\"><img loading=\"lazy\" decoding=\"async\" class=\"alignnone wp-image-9655 size-full\" src=\"https:\/\/www.ifsc.usp.br\/multiusuarios\/wp-content\/uploads\/2022\/06\/lbest150.jpg\" alt=\"\" width=\"150\" height=\"150\" \/><\/a><\/p>\n<p style=\"text-align: center;\"><a style=\"text-decoration: none;\" href=\"https:\/\/www.ifsc.usp.br\/multiusuarios\/lbest-mst\" rel=\"noopener\">LBEst &#8211; MicroScale Thermophoresis MST<\/a><\/p>\n<hr \/>\n<p style=\"text-align: center;\"><a href=\"https:\/\/www.ifsc.usp.br\/multiusuarios\/emu-opm\" rel=\"noopener\"><img loading=\"lazy\" decoding=\"async\" class=\"aligncenter wp-image-9832 size-thumbnail\" src=\"https:\/\/www.ifsc.usp.br\/multiusuarios\/wp-content\/uploads\/2022\/06\/omnilog150-150x150.jpg\" alt=\"\" width=\"150\" height=\"150\" \/><\/a><\/p>\n<p style=\"text-align: center;\"><a style=\"text-decoration: none;\" href=\"https:\/\/www.ifsc.usp.br\/multiusuarios\/emu-opm\" rel=\"noopener\">Omnilog Phenotypic Microarray<\/a><\/p>\n<hr \/>\n<p style=\"text-align: center;\"><a style=\"text-decoration: none;\" href=\"https:\/\/www.ifsc.usp.br\/emulaserpulsado\" target=\"_blank\" rel=\"noopener\"><img loading=\"lazy\" decoding=\"async\" class=\"aligncenter wp-image-9880 size-full\" src=\"https:\/\/www.ifsc.usp.br\/multiusuarios\/wp-content\/uploads\/2023\/01\/emulaser-pulsado.png\" alt=\"\" width=\"204\" height=\"150\" \/><\/a><\/p>\n<p style=\"text-align: center;\"><a style=\"text-decoration: none;\" href=\"https:\/\/www.ifsc.usp.br\/emulaserpulsado\" target=\"_blank\" rel=\"noopener\">Caracteriza\u00e7\u00e3o e Manipula\u00e7\u00e3o de lasers pulsados<\/a><\/p>\n<p>[\/vc_column_text][\/vc_column][vc_column width=&#8221;1\/4&#8243; rt_wrp_col_paddings=&#8221;false&#8221; rt_border_top=&#8221;&#8221; rt_border_bottom=&#8221;&#8221; rt_border_left=&#8221;&#8221; rt_border_right=&#8221;&#8221; rt_border_top_mobile=&#8221;&#8221; rt_border_bottom_mobile=&#8221;&#8221; rt_border_left_mobile=&#8221;&#8221; rt_border_right_mobile=&#8221;&#8221; rt_bg_image_repeat=&#8221;repeat&#8221; rt_bg_size=&#8221;auto auto&#8221; rt_bg_position=&#8221;right top&#8221; rt_bg_attachment=&#8221;scroll&#8221;][vc_column_text]<\/p>\n<p style=\"text-align: center;\"><a href=\"https:\/\/www.ifsc.usp.br\/multiusuarios\/raman-witec-alpha-300r\"><img loading=\"lazy\" decoding=\"async\" class=\"alignnone wp-image-9654 size-full\" src=\"https:\/\/www.ifsc.usp.br\/multiusuarios\/wp-content\/uploads\/2022\/06\/raman150.jpg\" alt=\"\" width=\"150\" height=\"150\" \/><\/a><\/p>\n<p style=\"text-align: center;\"><a style=\"text-decoration: none;\" href=\"https:\/\/www.ifsc.usp.br\/multiusuarios\/raman-witec-alpha-300r\">RAMAN-Witec-ALPHA-300R<\/a><\/p>\n<hr \/>\n<p>&nbsp;<\/p>\n<p style=\"text-align: center;\"><a href=\"https:\/\/www.ifsc.usp.br\/multiusuarios\/xps-omicron\/\"><img loading=\"lazy\" decoding=\"async\" class=\"alignnone wp-image-9653 size-full\" src=\"https:\/\/www.ifsc.usp.br\/multiusuarios\/wp-content\/uploads\/2022\/06\/xpsomicron150.png\" alt=\"\" width=\"150\" height=\"150\" \/><\/a><\/p>\n<p style=\"text-align: center;\"><a style=\"text-decoration: none;\" href=\"https:\/\/www.ifsc.usp.br\/multiusuarios\/xps-omicron\/\">XPS-Omicron<\/a><\/p>\n<hr \/>\n<p>&nbsp;<\/p>\n<p style=\"text-align: center;\"><a href=\"https:\/\/www.ifsc.usp.br\/multiusuarios\/lbest-gryphon-secmals\/\"><img loading=\"lazy\" decoding=\"async\" class=\"alignnone wp-image-9644 size-full\" src=\"https:\/\/www.ifsc.usp.br\/multiusuarios\/wp-content\/uploads\/2022\/06\/gryphonmals150.jpg\" alt=\"\" width=\"150\" height=\"150\" \/><\/a><\/p>\n<p style=\"text-align: center;\"><a style=\"text-decoration: none;\" href=\"https:\/\/www.ifsc.usp.br\/multiusuarios\/lbest-gryphon-secmals\/\">Gryphon Mals, SEC-MALS, DLS Zetasizer<\/a><\/p>\n<hr \/>\n<p style=\"text-align: center;\"><a href=\"https:\/\/www.ifsc.usp.br\/multiusuarios\/citometro\"><img loading=\"lazy\" decoding=\"async\" class=\"aligncenter wp-image-9831 size-full\" src=\"https:\/\/www.ifsc.usp.br\/multiusuarios\/wp-content\/uploads\/2022\/06\/citometro150.png\" alt=\"\" width=\"150\" height=\"150\" \/><\/a><\/p>\n<p style=\"text-align: center;\"><a style=\"text-decoration: none;\" href=\"https:\/\/www.ifsc.usp.br\/multiusuarios\/citometro\">Cit\u00f4metro de Fluxo Port\u00e1til BD Accuri C6<\/a><\/p>\n<p>[\/vc_column_text][\/vc_column][vc_column width=&#8221;1\/4&#8243; rt_wrp_col_paddings=&#8221;false&#8221; rt_border_top=&#8221;&#8221; rt_border_bottom=&#8221;&#8221; rt_border_left=&#8221;&#8221; rt_border_right=&#8221;&#8221; rt_border_top_mobile=&#8221;&#8221; rt_border_bottom_mobile=&#8221;&#8221; rt_border_left_mobile=&#8221;&#8221; rt_border_right_mobile=&#8221;&#8221; rt_bg_image_repeat=&#8221;repeat&#8221; rt_bg_size=&#8221;auto auto&#8221; rt_bg_position=&#8221;right top&#8221; rt_bg_attachment=&#8221;scroll&#8221;][vc_column_text]<\/p>\n<p style=\"text-align: center;\"><a href=\"https:\/\/www.ifsc.usp.br\/multiusuarios\/rock-imager\"><img loading=\"lazy\" decoding=\"async\" class=\"alignnone wp-image-9656 size-full\" src=\"https:\/\/www.ifsc.usp.br\/multiusuarios\/wp-content\/uploads\/2022\/06\/rock-imager-150.jpg\" alt=\"\" width=\"69\" height=\"150\" \/><\/a><\/p>\n<p style=\"text-align: center;\"><a style=\"text-decoration: none;\" href=\"http:\/\/www.ifsc.usp.br\/multiusuarios\/rock-imager\">Rock Imager 1000 &#8211; cristaliza\u00e7\u00e3o de prote\u00ednas<\/a><\/p>\n<hr \/>\n<p>&nbsp;<\/p>\n<p><a href=\"https:\/\/www.ifsc.usp.br\/multiusuarios\/vitrobot\"><img loading=\"lazy\" decoding=\"async\" class=\"aligncenter wp-image-9661 size-full\" src=\"https:\/\/www.ifsc.usp.br\/multiusuarios\/wp-content\/uploads\/2022\/06\/vitrobot-elsa150.png\" alt=\"\" width=\"100\" height=\"150\" \/><\/a><\/p>\n<p style=\"text-align: center;\"><a style=\"text-decoration: none;\" href=\"https:\/\/www.ifsc.usp.br\/multiusuarios\/vitrobot\">Vitrobot e ELSA cryo-transfer holder<\/a><\/p>\n<hr \/>\n<p>&nbsp;<\/p>\n<p style=\"text-align: center;\"><a href=\"https:\/\/www.ifsc.usp.br\/multiusuarios\/akta-go\"><img loading=\"lazy\" decoding=\"async\" class=\"alignnone wp-image-9658 size-full\" src=\"https:\/\/www.ifsc.usp.br\/multiusuarios\/wp-content\/uploads\/2022\/06\/akta-go150.jpg\" alt=\"\" width=\"150\" height=\"150\" \/><\/a><\/p>\n<p style=\"text-align: center;\"><a style=\"text-decoration: none;\" href=\"https:\/\/www.ifsc.usp.br\/multiusuarios\/akta-go\">Sistema de Cromatografia AKTA Go<\/a><\/p>\n<hr \/>\n<p style=\"text-align: center;\"><a href=\"https:\/\/www.ifsc.usp.br\/multiusuarios\/cryo-em\"><img loading=\"lazy\" decoding=\"async\" class=\"alignnone wp-image-9870 size-full\" src=\"https:\/\/www.ifsc.usp.br\/multiusuarios\/wp-content\/uploads\/2022\/09\/cryo-em.png\" alt=\"\" width=\"258\" height=\"150\" \/><\/a><\/p>\n<p style=\"text-align: center;\"><a style=\"text-decoration: none;\" href=\"https:\/\/www.ifsc.usp.br\/multiusuarios\/cryo-em\">Tundra (TEM) e Aquilos 2 (cryo-FIB SEM)<\/a><\/p>\n<p>[\/vc_column_text][\/vc_column][vc_column width=&#8221;1\/4&#8243; rt_wrp_col_paddings=&#8221;false&#8221; rt_border_top=&#8221;&#8221; rt_border_bottom=&#8221;&#8221; rt_border_left=&#8221;&#8221; rt_border_right=&#8221;&#8221; rt_border_top_mobile=&#8221;&#8221; rt_border_bottom_mobile=&#8221;&#8221; rt_border_left_mobile=&#8221;&#8221; rt_border_right_mobile=&#8221;&#8221; rt_bg_image_repeat=&#8221;repeat&#8221; rt_bg_size=&#8221;auto auto&#8221; rt_bg_position=&#8221;right top&#8221; rt_bg_attachment=&#8221;scroll&#8221;][vc_column_text]<a href=\"https:\/\/www.ifsc.usp.br\/~emu-xtal\/lamucres\/\" target=\"_blank\" rel=\"noopener\"><img loading=\"lazy\" decoding=\"async\" class=\"aligncenter wp-image-9079 size-full\" src=\"https:\/\/www.ifsc.usp.br\/cpq\/wp-content\/uploads\/2019\/05\/laboratorio-multiusuario-de-cristalografia-estrutural-lamucres-1.jpg\" alt=\"\" width=\"150\" height=\"150\" \/><\/a><\/p>\n<p style=\"text-align: center;\"><a style=\"text-decoration: none;\" href=\"https:\/\/www.ifsc.usp.br\/~emu-xtal\/lamucres\/\" target=\"_blank\" rel=\"noopener\">Cristalografia Estrutural (LaMuCrEs)<\/a><\/p>\n<hr \/>\n<p>&nbsp;<\/p>\n<p><a href=\"https:\/\/www.ifsc.usp.br\/multiusuarios\/espectrometro-rmn\/\" rel=\"noopener\"><img loading=\"lazy\" decoding=\"async\" class=\"aligncenter wp-image-9076 size-full\" src=\"https:\/\/www.ifsc.usp.br\/cpq\/wp-content\/uploads\/2019\/05\/espectrometro-de-ressonancia-magnetica-nuclear-em-estado-solido-1.jpg\" alt=\"\" width=\"150\" height=\"150\" \/><\/a><\/p>\n<p style=\"text-align: center;\"><a style=\"text-decoration: none;\" href=\"https:\/\/www.ifsc.usp.br\/multiusuarios\/espectrometro-rmn\/\">Espectr\u00f4metro de RMN em Estado S\u00f3lido<\/a><\/p>\n<hr \/>\n<p>&nbsp;<\/p>\n<p><a href=\"https:\/\/www.ifsc.usp.br\/multiusuarios\/cluster-rock\"><img loading=\"lazy\" decoding=\"async\" class=\"aligncenter wp-image-9657 size-full\" src=\"https:\/\/www.ifsc.usp.br\/multiusuarios\/wp-content\/uploads\/2022\/06\/cluster145.jpg\" alt=\"\" width=\"191\" height=\"145\" \/><\/a><\/p>\n<p style=\"text-align: center;\"><a style=\"text-decoration: none;\" href=\"https:\/\/www.ifsc.usp.br\/multiusuarios\/cluster-rock\">Cluster rock de computadores<\/a><\/p>\n<hr \/>\n<p><a href=\"https:\/\/www.ifsc.usp.br\/multiusuarios\/lblab\" target=\"_blank\" rel=\"noopener\"><img loading=\"lazy\" decoding=\"async\" class=\"aligncenter wp-image-9877 size-full\" src=\"https:\/\/www.ifsc.usp.br\/multiusuarios\/wp-content\/uploads\/2023\/01\/elipsometro.jpg\" alt=\"\" width=\"203\" height=\"150\" \/><\/a><\/p>\n<p style=\"text-align: center;\"><a style=\"text-decoration: none;\" href=\"https:\/\/www.ifsc.usp.br\/multiusuarios\/lblab\" target=\"_blank\" rel=\"noopener\">Elips\u00f4metro com imagem EP4SE<\/a><\/p>\n<p>[\/vc_column_text][\/vc_column][\/vc_row]<\/p>\n","protected":false},"excerpt":{"rendered":"<p>[vc_row rt_row_background_width=&#8221;fullwidth&#8221; rt_row_content_width=&#8221;fullwidth&#8221; rt_row_style=&#8221;default-style&#8221; rt_row_borders=&#8221;&#8221; rt_row_paddings=&#8221;false&#8221; rt_bg_effect=&#8221;classic&#8221; rt_bg_image_repeat=&#8221;repeat&#8221; rt_bg_size=&#8221;cover&#8221; rt_bg_position=&#8221;right top&#8221; rt_bg_attachment=&#8221;scroll&#8221; rt_bg_video_format=&#8221;self-hosted&#8221;][vc_column rt_wrp_col_paddings=&#8221;false&#8221; rt_border_top=&#8221;&#8221; rt_border_bottom=&#8221;&#8221; rt_border_left=&#8221;&#8221; rt_border_right=&#8221;&#8221; rt_border_top_mobile=&#8221;&#8221; rt_border_bottom_mobile=&#8221;&#8221; rt_border_left_mobile=&#8221;&#8221; rt_border_right_mobile=&#8221;&#8221; rt_bg_image_repeat=&#8221;repeat&#8221; rt_bg_size=&#8221;auto auto&#8221; rt_bg_position=&#8221;right top&#8221; rt_bg_attachment=&#8221;scroll&#8221; rt_padding_top=&#8221;20px&#8221; rt_padding_bottom=&#8221;20px&#8221; rt_padding_left=&#8221;60px&#8221; rt_padding_right=&#8221;60px&#8221;][vc_column_text]O Instituto de F\u00edsica de S\u00e3o Carlos (IFSC\/USP) apresenta uma caracter\u00edstica multidisciplinar que o permite possuir um parque de equipamentos multiusu\u00e1rios diversificado. A Central [&hellip;]<\/p>\n","protected":false},"author":1,"featured_media":0,"parent":0,"menu_order":0,"comment_status":"open","ping_status":"open","template":"","meta":{"footnotes":""},"class_list":["post-9204","page","type-page","status-publish","hentry"],"_links":{"self":[{"href":"https:\/\/www.ifsc.usp.br\/multiusuarios\/wp-json\/wp\/v2\/pages\/9204","targetHints":{"allow":["GET"]}}],"collection":[{"href":"https:\/\/www.ifsc.usp.br\/multiusuarios\/wp-json\/wp\/v2\/pages"}],"about":[{"href":"https:\/\/www.ifsc.usp.br\/multiusuarios\/wp-json\/wp\/v2\/types\/page"}],"author":[{"embeddable":true,"href":"https:\/\/www.ifsc.usp.br\/multiusuarios\/wp-json\/wp\/v2\/users\/1"}],"replies":[{"embeddable":true,"href":"https:\/\/www.ifsc.usp.br\/multiusuarios\/wp-json\/wp\/v2\/comments?post=9204"}],"version-history":[{"count":198,"href":"https:\/\/www.ifsc.usp.br\/multiusuarios\/wp-json\/wp\/v2\/pages\/9204\/revisions"}],"predecessor-version":[{"id":9950,"href":"https:\/\/www.ifsc.usp.br\/multiusuarios\/wp-json\/wp\/v2\/pages\/9204\/revisions\/9950"}],"wp:attachment":[{"href":"https:\/\/www.ifsc.usp.br\/multiusuarios\/wp-json\/wp\/v2\/media?parent=9204"}],"curies":[{"name":"wp","href":"https:\/\/api.w.org\/{rel}","templated":true}]}}