{"id":9708,"date":"2022-06-09T10:50:30","date_gmt":"2022-06-09T13:50:30","guid":{"rendered":"https:\/\/www.ifsc.usp.br\/multiusuarios\/?page_id=9708"},"modified":"2026-03-24T16:26:57","modified_gmt":"2026-03-24T19:26:57","slug":"xps-omicron","status":"publish","type":"page","link":"https:\/\/www.ifsc.usp.br\/multiusuarios\/xps-omicron\/","title":{"rendered":"XPS-OMICRON"},"content":{"rendered":"<p>[vc_row rt_row_background_width=&#8221;default&#8221; rt_row_style=&#8221;default-style&#8221; rt_row_borders=&#8221;&#8221; rt_row_paddings=&#8221;true&#8221; rt_bg_effect=&#8221;classic&#8221; rt_bg_image_repeat=&#8221;repeat&#8221; rt_bg_size=&#8221;cover&#8221; rt_bg_position=&#8221;right top&#8221; rt_bg_attachment=&#8221;scroll&#8221; rt_bg_video_format=&#8221;self-hosted&#8221;][vc_column rt_wrp_col_paddings=&#8221;false&#8221; rt_border_top=&#8221;&#8221; rt_border_bottom=&#8221;&#8221; rt_border_left=&#8221;&#8221; rt_border_right=&#8221;&#8221; rt_border_top_mobile=&#8221;&#8221; rt_border_bottom_mobile=&#8221;&#8221; rt_border_left_mobile=&#8221;&#8221; rt_border_right_mobile=&#8221;&#8221; rt_bg_image_repeat=&#8221;repeat&#8221; rt_bg_size=&#8221;auto auto&#8221; rt_bg_position=&#8221;right top&#8221; rt_bg_attachment=&#8221;scroll&#8221; rt_padding_left=&#8221;60px&#8221; rt_padding_right=&#8221;60px&#8221;][vc_column_text]<\/p>\n<h4><strong>XPS-OMICRON<\/strong><\/h4>\n<p><strong>Grupo de Nanomateriais e Cer\u00e2micas Avan\u00e7adas (NaCA) \u2013 IFSC \u2013 USP &#8211; \u00c1rea 2<\/strong><\/p>\n<header><strong><img loading=\"lazy\" decoding=\"async\" class=\"size-medium wp-image-9709 alignright\" src=\"https:\/\/www.ifsc.usp.br\/multiusuarios\/wp-content\/uploads\/2022\/06\/xps-omicron-naca-300x225.png\" alt=\"\" width=\"300\" height=\"225\" srcset=\"https:\/\/www.ifsc.usp.br\/multiusuarios\/wp-content\/uploads\/2022\/06\/xps-omicron-naca-300x225.png 300w, https:\/\/www.ifsc.usp.br\/multiusuarios\/wp-content\/uploads\/2022\/06\/xps-omicron-naca-768x576.png 768w, https:\/\/www.ifsc.usp.br\/multiusuarios\/wp-content\/uploads\/2022\/06\/xps-omicron-naca.png 1000w\" sizes=\"auto, (max-width: 300px) 100vw, 300px\" \/>Comit\u00ea Gestor<\/strong><\/header>\n<ul>\n<li>Prof. Dr. Valmor Roberto Mastelaro<\/li>\n<li>Prof. Dr. Renato Vitalino Gon\u00e7alves<\/li>\n<li>Dra. Maria In\u00eas Basso Bernardi<\/li>\n<\/ul>\n<p>E-mail para contato: valmor@ifsc.usp.br<\/p>\n<header><strong>Comit\u00ea de Usu\u00e1rios<\/strong><\/header>\n<ul>\n<li>Prof. Fabio H. Barros de Lima &#8211; IQSC\/USP<\/li>\n<li>Prof. Paulo Noronha Lisboa Filho &#8211; UNESP Bauru<\/li>\n<li>Prof. Greg\u00f3rio Faria &#8211; IFSC\/USP<\/li>\n<\/ul>\n<p>[\/vc_column_text][\/vc_column][\/vc_row][vc_row rt_row_background_width=&#8221;default&#8221; rt_row_style=&#8221;default-style&#8221; rt_row_borders=&#8221;&#8221; rt_row_paddings=&#8221;true&#8221; rt_bg_effect=&#8221;classic&#8221; rt_bg_image_repeat=&#8221;repeat&#8221; rt_bg_size=&#8221;cover&#8221; rt_bg_position=&#8221;right top&#8221; rt_bg_attachment=&#8221;scroll&#8221; rt_bg_video_format=&#8221;self-hosted&#8221;][vc_column width=&#8221;1\/2&#8243; rt_wrp_col_paddings=&#8221;false&#8221; rt_border_top=&#8221;&#8221; rt_border_bottom=&#8221;&#8221; rt_border_left=&#8221;&#8221; rt_border_right=&#8221;&#8221; rt_border_top_mobile=&#8221;&#8221; rt_border_bottom_mobile=&#8221;&#8221; rt_border_left_mobile=&#8221;&#8221; rt_border_right_mobile=&#8221;&#8221; rt_bg_image_repeat=&#8221;repeat&#8221; rt_bg_size=&#8221;auto auto&#8221; rt_bg_position=&#8221;right top&#8221; rt_bg_attachment=&#8221;scroll&#8221; rt_padding_left=&#8221;60px&#8221;][vc_message icon_fontawesome=&#8221;fa fa-cog&#8221;]<strong>Equipamento<\/strong><\/p>\n<p>A espectroscopia de fotoel\u00e9trons excitados por raios-X (XPS) \u00e9 uma t\u00e9cnica avan\u00e7ada para a an\u00e1lise das propriedades eletr\u00f4nicas de superf\u00edcie de materiais s\u00f3lidos. O espectr\u00f4metro de raios-X modelo &#8211; Scienta-Omicron ESCA + \u00e9 equipado com monocromador, fonte de raios X Al K\u03b1 (h\u03bd = 1486,6 eV), analisador hemisf\u00e9rio de alto desempenho (EAC-2000) e uma fonte de el\u00e9trons de baixa energia para remover o efeito de carregamento de cargas na superf\u00edcie de materiais isolantes.[\/vc_message][vc_message icon_fontawesome=&#8221;fa fa-user-o&#8221;]<strong>Plano de Gest\u00e3o de Uso<\/strong><\/p>\n<p><u>Localiza\u00e7\u00e3o<\/u>: Grupo de Nanomateriais e Cer\u00e2micas Avan\u00e7adas (NACa) &#8211; FCM-IFSC-USP.<br \/>\n<u>Procedimentos para utiliza\u00e7\u00e3o<\/u>: O pesquisador requisitante de um servi\u00e7o far\u00e1 a solicita\u00e7\u00e3o, atrav\u00e9s do formul\u00e1rio dispon\u00edvel neste site.<br \/>\n<u>Solicita\u00e7\u00e3o de uso do equipamento<\/u>: A solicita\u00e7\u00e3o de uso do equipamento \u00e9 realizada exclusivamente via preenchimento do <a href=\"https:\/\/www.ifsc.usp.br\/multiusuarios\/solicitacao-de-servico-de-xps-omicron\/\" rel=\"noopener\">formul\u00e1rio eletr\u00f4nico<\/a>. Por favor, preencha todos os campos do formul\u00e1rio para que seja poss\u00edvel avaliar a viabilidade da realiza\u00e7\u00e3o das medidas. Ap\u00f3s o envio do formul\u00e1rio, o comit\u00ea de gest\u00e3o analisar\u00e1 a viabilidade da realiza\u00e7\u00e3o das medidas e entrar\u00e1 em contato com o usu\u00e1rio.<br \/>\nCrit\u00e9rios: As amostras para serem analisadas dever\u00e3o ser est\u00e1veis quimicamente a temperatura ambiente e ultra-alto v\u00e1cuo (10-10 torr).[\/vc_message][\/vc_column][vc_column width=&#8221;1\/2&#8243; rt_wrp_col_paddings=&#8221;false&#8221; rt_border_top=&#8221;&#8221; rt_border_bottom=&#8221;&#8221; rt_border_left=&#8221;&#8221; rt_border_right=&#8221;&#8221; rt_border_top_mobile=&#8221;&#8221; rt_border_bottom_mobile=&#8221;&#8221; rt_border_left_mobile=&#8221;&#8221; rt_border_right_mobile=&#8221;&#8221; rt_bg_image_repeat=&#8221;repeat&#8221; rt_bg_size=&#8221;auto auto&#8221; rt_bg_position=&#8221;right top&#8221; rt_bg_attachment=&#8221;scroll&#8221; rt_padding_right=&#8221;60px&#8221;][vc_message icon_fontawesome=&#8221;fa fa-credit-card-alt&#8221;]<\/p>\n<div class=\"content\">\n<p><strong>Taxas de Servi\u00e7o e Agendamento<\/strong><\/p>\n<p><u>Agendamento<\/u>: O preenchimento da agenda ser\u00e1 realizado de acordo com a ordem de recebimento das solicita\u00e7\u00f5es de servi\u00e7o, com prioridade para os grupos de pesquisa associados e colaboradores.<br \/>\n<u>Despesa com consum\u00edveis<\/u>: O equipamento n\u00e3o utiliza consum\u00edveis.<br \/>\n<u><br \/>\nTaxas de servi\u00e7o<\/u>: Ser\u00e3o cobradas taxas de utiliza\u00e7\u00e3o por amostra analisada, conforme os valores abaixo.<br \/>\nR$ 250,00 por amostra para universidades e centros de pesquisa p\u00fablicos;<br \/>\nR$ 350,00 por amostra para empresas privadas;<br \/>\nPara a emiss\u00e3o de laudos, ser\u00e1 cobrado um valor adicional de R$ 350,00, al\u00e9m do valor da medida.<\/p>\n<p>As taxas de servi\u00e7o, aprovadas pelo Comit\u00ea Gestor, ser\u00e3o destinadas \u00e0 opera\u00e7\u00e3o e manuten\u00e7\u00e3o do equipamento. A cobran\u00e7a ser\u00e1 realizada por meio da Funda\u00e7\u00e3o de Apoio \u00e0 F\u00edsica e \u00e0 Qu\u00edmica (FAFQ), associada ao IFSC-USP.<\/p>\n<\/div>\n<p>[\/vc_message][vc_message icon_fontawesome=&#8221;fa fa-book&#8221;]<\/p>\n<div class=\"content\">\n<p><strong>Refer\u00eancias<\/strong><\/p>\n<p>Os trabalhos publicados a partir das an\u00e1lises realizadas dever\u00e3o necessariamente fazer men\u00e7\u00e3o ao projeto de pesquisa que financiou a compra do equipamento, projeto FAPESP No. 2013\/07296-2.<\/p>\n<p><img loading=\"lazy\" decoding=\"async\" class=\"alignnone wp-image-9816\" src=\"https:\/\/www.ifsc.usp.br\/multiusuarios\/wp-content\/uploads\/2022\/06\/fapesp-300x65.jpg\" alt=\"\" width=\"100\" height=\"22\" srcset=\"https:\/\/www.ifsc.usp.br\/multiusuarios\/wp-content\/uploads\/2022\/06\/fapesp-300x65.jpg 300w, https:\/\/www.ifsc.usp.br\/multiusuarios\/wp-content\/uploads\/2022\/06\/fapesp.jpg 500w\" sizes=\"auto, (max-width: 100px) 100vw, 100px\" \/><\/p>\n<\/div>\n<p>[\/vc_message][\/vc_column][\/vc_row]<\/p>\n","protected":false},"excerpt":{"rendered":"<p>[vc_row rt_row_background_width=&#8221;default&#8221; rt_row_style=&#8221;default-style&#8221; rt_row_borders=&#8221;&#8221; rt_row_paddings=&#8221;true&#8221; rt_bg_effect=&#8221;classic&#8221; rt_bg_image_repeat=&#8221;repeat&#8221; rt_bg_size=&#8221;cover&#8221; rt_bg_position=&#8221;right top&#8221; rt_bg_attachment=&#8221;scroll&#8221; rt_bg_video_format=&#8221;self-hosted&#8221;][vc_column rt_wrp_col_paddings=&#8221;false&#8221; rt_border_top=&#8221;&#8221; rt_border_bottom=&#8221;&#8221; rt_border_left=&#8221;&#8221; rt_border_right=&#8221;&#8221; rt_border_top_mobile=&#8221;&#8221; rt_border_bottom_mobile=&#8221;&#8221; rt_border_left_mobile=&#8221;&#8221; rt_border_right_mobile=&#8221;&#8221; rt_bg_image_repeat=&#8221;repeat&#8221; rt_bg_size=&#8221;auto auto&#8221; rt_bg_position=&#8221;right top&#8221; rt_bg_attachment=&#8221;scroll&#8221; rt_padding_left=&#8221;60px&#8221; rt_padding_right=&#8221;60px&#8221;][vc_column_text] XPS-OMICRON Grupo de Nanomateriais e Cer\u00e2micas Avan\u00e7adas (NaCA) \u2013 IFSC \u2013 USP &#8211; \u00c1rea 2 Comit\u00ea Gestor Prof. Dr. Valmor Roberto Mastelaro Prof. Dr. Renato Vitalino [&hellip;]<\/p>\n","protected":false},"author":1,"featured_media":0,"parent":0,"menu_order":0,"comment_status":"closed","ping_status":"closed","template":"","meta":{"footnotes":""},"class_list":["post-9708","page","type-page","status-publish","hentry"],"_links":{"self":[{"href":"https:\/\/www.ifsc.usp.br\/multiusuarios\/wp-json\/wp\/v2\/pages\/9708","targetHints":{"allow":["GET"]}}],"collection":[{"href":"https:\/\/www.ifsc.usp.br\/multiusuarios\/wp-json\/wp\/v2\/pages"}],"about":[{"href":"https:\/\/www.ifsc.usp.br\/multiusuarios\/wp-json\/wp\/v2\/types\/page"}],"author":[{"embeddable":true,"href":"https:\/\/www.ifsc.usp.br\/multiusuarios\/wp-json\/wp\/v2\/users\/1"}],"replies":[{"embeddable":true,"href":"https:\/\/www.ifsc.usp.br\/multiusuarios\/wp-json\/wp\/v2\/comments?post=9708"}],"version-history":[{"count":11,"href":"https:\/\/www.ifsc.usp.br\/multiusuarios\/wp-json\/wp\/v2\/pages\/9708\/revisions"}],"predecessor-version":[{"id":9969,"href":"https:\/\/www.ifsc.usp.br\/multiusuarios\/wp-json\/wp\/v2\/pages\/9708\/revisions\/9969"}],"wp:attachment":[{"href":"https:\/\/www.ifsc.usp.br\/multiusuarios\/wp-json\/wp\/v2\/media?parent=9708"}],"curies":[{"name":"wp","href":"https:\/\/api.w.org\/{rel}","templated":true}]}}