{"id":9740,"date":"2022-06-09T12:14:34","date_gmt":"2022-06-09T15:14:34","guid":{"rendered":"https:\/\/www.ifsc.usp.br\/multiusuarios\/?page_id=9740"},"modified":"2026-03-24T16:16:45","modified_gmt":"2026-03-24T19:16:45","slug":"akta-go","status":"publish","type":"page","link":"https:\/\/www.ifsc.usp.br\/multiusuarios\/akta-go\/","title":{"rendered":"Sistema de Cromatografia AKTA Go"},"content":{"rendered":"<p>[vc_row rt_row_background_width=&#8221;default&#8221; rt_row_style=&#8221;default-style&#8221; rt_row_borders=&#8221;&#8221; rt_row_paddings=&#8221;true&#8221; rt_bg_effect=&#8221;classic&#8221; rt_bg_image_repeat=&#8221;repeat&#8221; rt_bg_size=&#8221;cover&#8221; rt_bg_position=&#8221;right top&#8221; rt_bg_attachment=&#8221;scroll&#8221; rt_bg_video_format=&#8221;self-hosted&#8221;][vc_column rt_wrp_col_paddings=&#8221;false&#8221; rt_border_top=&#8221;&#8221; rt_border_bottom=&#8221;&#8221; rt_border_left=&#8221;&#8221; rt_border_right=&#8221;&#8221; rt_border_top_mobile=&#8221;&#8221; rt_border_bottom_mobile=&#8221;&#8221; rt_border_left_mobile=&#8221;&#8221; rt_border_right_mobile=&#8221;&#8221; rt_bg_image_repeat=&#8221;repeat&#8221; rt_bg_size=&#8221;auto auto&#8221; rt_bg_position=&#8221;right top&#8221; rt_bg_attachment=&#8221;scroll&#8221; rt_padding_left=&#8221;60px&#8221; rt_padding_right=&#8221;60px&#8221;][vc_column_text]<\/p>\n<h4>Sistema de Cromatografia AKTA Go<\/h4>\n<p><strong>Grupo de Biof\u00edsica e Biologia Estrutural (BBE) \u2013 IFSC \u2013 USP &#8211; \u00c1rea 2<\/strong><\/p>\n<header><strong><img loading=\"lazy\" decoding=\"async\" class=\"size-medium wp-image-9741 alignright\" src=\"https:\/\/www.ifsc.usp.br\/multiusuarios\/wp-content\/uploads\/2022\/06\/akta-go-cromato-181x300.png\" alt=\"\" width=\"181\" height=\"300\" srcset=\"https:\/\/www.ifsc.usp.br\/multiusuarios\/wp-content\/uploads\/2022\/06\/akta-go-cromato-181x300.png 181w, https:\/\/www.ifsc.usp.br\/multiusuarios\/wp-content\/uploads\/2022\/06\/akta-go-cromato.png 308w\" sizes=\"auto, (max-width: 181px) 100vw, 181px\" \/>Comit\u00ea Gestor<\/strong><\/header>\n<ul>\n<li>Prof. Dr. Richard Charles Garratt<\/li>\n<li>Profa. Dra. Ana Paula Ulian de Ara\u00fajo<\/li>\n<li>Prof. Dr. Ot\u00e1vio Henrique Thiemann<\/li>\n<\/ul>\n<p>E-mail para contato: richard@ifsc.usp.br<\/p>\n<header><strong>Comit\u00ea de Usu\u00e1rios<\/strong><\/header>\n<ul>\n<li>Prof. Dr. Marcos V. de A. Salles Navarro<\/li>\n<li>Prof. Dr. Jo\u00e3o Renato Carvalho Muniz<\/li>\n<li>Prof. Dr. Andr\u00e9 L. B. Ambr\u00f3sio<\/li>\n<li>Profa. Dra. Helo\u00edsa S. S. de Ara\u00fajo<\/li>\n<\/ul>\n<p>[\/vc_column_text][\/vc_column][\/vc_row][vc_row rt_row_background_width=&#8221;default&#8221; rt_row_style=&#8221;default-style&#8221; rt_row_borders=&#8221;&#8221; rt_row_paddings=&#8221;true&#8221; rt_bg_effect=&#8221;classic&#8221; rt_bg_image_repeat=&#8221;repeat&#8221; rt_bg_size=&#8221;cover&#8221; rt_bg_position=&#8221;right top&#8221; rt_bg_attachment=&#8221;scroll&#8221; rt_bg_video_format=&#8221;self-hosted&#8221;][vc_column width=&#8221;1\/2&#8243; rt_wrp_col_paddings=&#8221;false&#8221; rt_border_top=&#8221;&#8221; rt_border_bottom=&#8221;&#8221; rt_border_left=&#8221;&#8221; rt_border_right=&#8221;&#8221; rt_border_top_mobile=&#8221;&#8221; rt_border_bottom_mobile=&#8221;&#8221; rt_border_left_mobile=&#8221;&#8221; rt_border_right_mobile=&#8221;&#8221; rt_bg_image_repeat=&#8221;repeat&#8221; rt_bg_size=&#8221;auto auto&#8221; rt_bg_position=&#8221;right top&#8221; rt_bg_attachment=&#8221;scroll&#8221; rt_padding_left=&#8221;60px&#8221;][vc_message icon_fontawesome=&#8221;fa fa-cog&#8221;]<strong>Equipamento<\/strong><\/p>\n<p>O equipamento \u00e9 utilizado na purifica\u00e7\u00e3o e caracteriza\u00e7\u00e3o de prote\u00ednas e complexos proteicos destinados \u00e0 estudos biof\u00edsicos e estruturais. O equipamento poder\u00e1 tamb\u00e9m ser utilizado para a purifica\u00e7\u00e3o e\/ou caracteriza\u00e7\u00e3o de outras mol\u00e9culas biol\u00f3gicas de interesse cient\u00edfico ou aplicado, como nucleot\u00eddeos, pept\u00eddeos, a crit\u00e9rio do conselho gestor.[\/vc_message][vc_message icon_fontawesome=&#8221;fa fa-user-o&#8221;]<strong>Plano de Gest\u00e3o de Uso<\/strong><\/p>\n<p><u>Localiza\u00e7\u00e3o<\/u>: Grupo de Biof\u00edsica e Biologia Estrutural (BBE) &#8211; IFSC, USP, \u00c1rea 2.<br \/>\n<u>Procedimentos para utiliza\u00e7\u00e3o<\/u>: O usu\u00e1rio far\u00e1 a solicita\u00e7\u00e3o de agendamento por e-mail (andressa@ifsc.usp.br), preenchendo o <a href=\"https:\/\/www.ifsc.usp.br\/multiusuarios\/wp-content\/uploads\/2022\/06\/formulario-emu-akta-go.pdf\" target=\"_blank\" rel=\"noopener\">formul\u00e1rio espec\u00edfico<\/a>, al\u00e9m de incluir um resumo sucinto do projeto sob demanda e o comprovante de pagamento da taxa de servi\u00e7o.<br \/>\n<u>Crit\u00e9rios<\/u>: O usu\u00e1rio deve possuir algum treinamento em cromatografia.[\/vc_message][\/vc_column][vc_column width=&#8221;1\/2&#8243; rt_wrp_col_paddings=&#8221;false&#8221; rt_border_top=&#8221;&#8221; rt_border_bottom=&#8221;&#8221; rt_border_left=&#8221;&#8221; rt_border_right=&#8221;&#8221; rt_border_top_mobile=&#8221;&#8221; rt_border_bottom_mobile=&#8221;&#8221; rt_border_left_mobile=&#8221;&#8221; rt_border_right_mobile=&#8221;&#8221; rt_bg_image_repeat=&#8221;repeat&#8221; rt_bg_size=&#8221;auto auto&#8221; rt_bg_position=&#8221;right top&#8221; rt_bg_attachment=&#8221;scroll&#8221; rt_padding_right=&#8221;60px&#8221;][vc_message icon_fontawesome=&#8221;fa fa-credit-card-alt&#8221;]<\/p>\n<div class=\"content\">\n<p><strong>Taxas de Servi\u00e7o e Agendamento<\/strong><\/p>\n<p><u>Agendamento<\/u>: As solicita\u00e7\u00f5es ser\u00e3o avaliadas e priorizadas pelo grupo gestor, considerando seu conte\u00fado, relev\u00e2ncia, urg\u00eancia e aplicabilidade, num fluxo mensal.<br \/>\n<u>Despesa com consum\u00edveis<\/u>: Pelo pr\u00f3prio usu\u00e1rio.<br \/>\n<u>Taxas<\/u>:<br \/>\nInstitui\u00e7\u00f5es de Ensino e Pesquisa: R$ 100,00 por per\u00edodo (4h).<br \/>\nEmpresas Privadas: R$ 250,00 por per\u00edodo (4h).<\/p>\n<\/div>\n<p>[\/vc_message][vc_message icon_fontawesome=&#8221;fa fa-book&#8221;]<\/p>\n<div class=\"content\">\n<p><strong>Refer\u00eancias<\/strong><\/p>\n<p>Os trabalhos a serem publicados, bem como teses, disserta\u00e7\u00f5es e monografias dever\u00e3o mencionar o uso do Equipamento Multi-Usu\u00e1rio: EMU\/FAPESP 2020\/02897-1.<\/p>\n<p><img loading=\"lazy\" decoding=\"async\" class=\"alignnone wp-image-9816\" src=\"https:\/\/www.ifsc.usp.br\/multiusuarios\/wp-content\/uploads\/2022\/06\/fapesp-300x65.jpg\" alt=\"\" width=\"100\" height=\"22\" srcset=\"https:\/\/www.ifsc.usp.br\/multiusuarios\/wp-content\/uploads\/2022\/06\/fapesp-300x65.jpg 300w, https:\/\/www.ifsc.usp.br\/multiusuarios\/wp-content\/uploads\/2022\/06\/fapesp.jpg 500w\" sizes=\"auto, (max-width: 100px) 100vw, 100px\" \/><\/p>\n<\/div>\n<p>[\/vc_message][\/vc_column][\/vc_row]<\/p>\n","protected":false},"excerpt":{"rendered":"<p>[vc_row rt_row_background_width=&#8221;default&#8221; rt_row_style=&#8221;default-style&#8221; rt_row_borders=&#8221;&#8221; rt_row_paddings=&#8221;true&#8221; rt_bg_effect=&#8221;classic&#8221; rt_bg_image_repeat=&#8221;repeat&#8221; rt_bg_size=&#8221;cover&#8221; rt_bg_position=&#8221;right top&#8221; rt_bg_attachment=&#8221;scroll&#8221; rt_bg_video_format=&#8221;self-hosted&#8221;][vc_column rt_wrp_col_paddings=&#8221;false&#8221; rt_border_top=&#8221;&#8221; rt_border_bottom=&#8221;&#8221; rt_border_left=&#8221;&#8221; rt_border_right=&#8221;&#8221; rt_border_top_mobile=&#8221;&#8221; rt_border_bottom_mobile=&#8221;&#8221; rt_border_left_mobile=&#8221;&#8221; rt_border_right_mobile=&#8221;&#8221; rt_bg_image_repeat=&#8221;repeat&#8221; rt_bg_size=&#8221;auto auto&#8221; rt_bg_position=&#8221;right top&#8221; rt_bg_attachment=&#8221;scroll&#8221; rt_padding_left=&#8221;60px&#8221; rt_padding_right=&#8221;60px&#8221;][vc_column_text] Sistema de Cromatografia AKTA Go Grupo de Biof\u00edsica e Biologia Estrutural (BBE) \u2013 IFSC \u2013 USP &#8211; \u00c1rea 2 Comit\u00ea Gestor Prof. Dr. Richard Charles Garratt [&hellip;]<\/p>\n","protected":false},"author":1,"featured_media":0,"parent":0,"menu_order":0,"comment_status":"closed","ping_status":"closed","template":"","meta":{"footnotes":""},"class_list":["post-9740","page","type-page","status-publish","hentry"],"_links":{"self":[{"href":"https:\/\/www.ifsc.usp.br\/multiusuarios\/wp-json\/wp\/v2\/pages\/9740","targetHints":{"allow":["GET"]}}],"collection":[{"href":"https:\/\/www.ifsc.usp.br\/multiusuarios\/wp-json\/wp\/v2\/pages"}],"about":[{"href":"https:\/\/www.ifsc.usp.br\/multiusuarios\/wp-json\/wp\/v2\/types\/page"}],"author":[{"embeddable":true,"href":"https:\/\/www.ifsc.usp.br\/multiusuarios\/wp-json\/wp\/v2\/users\/1"}],"replies":[{"embeddable":true,"href":"https:\/\/www.ifsc.usp.br\/multiusuarios\/wp-json\/wp\/v2\/comments?post=9740"}],"version-history":[{"count":5,"href":"https:\/\/www.ifsc.usp.br\/multiusuarios\/wp-json\/wp\/v2\/pages\/9740\/revisions"}],"predecessor-version":[{"id":9965,"href":"https:\/\/www.ifsc.usp.br\/multiusuarios\/wp-json\/wp\/v2\/pages\/9740\/revisions\/9965"}],"wp:attachment":[{"href":"https:\/\/www.ifsc.usp.br\/multiusuarios\/wp-json\/wp\/v2\/media?parent=9740"}],"curies":[{"name":"wp","href":"https:\/\/api.w.org\/{rel}","templated":true}]}}