{"id":9751,"date":"2022-06-09T15:03:38","date_gmt":"2022-06-09T18:03:38","guid":{"rendered":"https:\/\/www.ifsc.usp.br\/multiusuarios\/?page_id=9751"},"modified":"2026-03-24T16:25:02","modified_gmt":"2026-03-24T19:25:02","slug":"vitrobot","status":"publish","type":"page","link":"https:\/\/www.ifsc.usp.br\/multiusuarios\/vitrobot\/","title":{"rendered":"Vitrobot e ELSA cryo-transfer holder"},"content":{"rendered":"<p>[vc_row rt_row_background_width=&#8221;default&#8221; rt_row_style=&#8221;default-style&#8221; rt_row_borders=&#8221;&#8221; rt_row_paddings=&#8221;true&#8221; rt_bg_effect=&#8221;classic&#8221; rt_bg_image_repeat=&#8221;repeat&#8221; rt_bg_size=&#8221;cover&#8221; rt_bg_position=&#8221;right top&#8221; rt_bg_attachment=&#8221;scroll&#8221; rt_bg_video_format=&#8221;self-hosted&#8221;][vc_column rt_wrp_col_paddings=&#8221;false&#8221; rt_border_top=&#8221;&#8221; rt_border_bottom=&#8221;&#8221; rt_border_left=&#8221;&#8221; rt_border_right=&#8221;&#8221; rt_border_top_mobile=&#8221;&#8221; rt_border_bottom_mobile=&#8221;&#8221; rt_border_left_mobile=&#8221;&#8221; rt_border_right_mobile=&#8221;&#8221; rt_bg_image_repeat=&#8221;repeat&#8221; rt_bg_size=&#8221;auto auto&#8221; rt_bg_position=&#8221;right top&#8221; rt_bg_attachment=&#8221;scroll&#8221; rt_padding_left=&#8221;60px&#8221; rt_padding_right=&#8221;60px&#8221;][vc_column_text]<\/p>\n<h4>Vitrobot e ELSA cryo-transfer holder<\/h4>\n<p><strong>Grupo de Cristalografia (GC) \u2013 IFSC \u2013 USP &#8211; \u00c1rea 2<\/strong><\/p>\n<header>\n<div id=\"attachment_9753\" style=\"width: 107px\" class=\"wp-caption alignright\"><img loading=\"lazy\" decoding=\"async\" aria-describedby=\"caption-attachment-9753\" class=\"wp-image-9753 size-medium\" src=\"https:\/\/www.ifsc.usp.br\/multiusuarios\/wp-content\/uploads\/2022\/06\/vitrobot-thermo-97x300.png\" alt=\"\" width=\"97\" height=\"300\" srcset=\"https:\/\/www.ifsc.usp.br\/multiusuarios\/wp-content\/uploads\/2022\/06\/vitrobot-thermo-97x300.png 97w, https:\/\/www.ifsc.usp.br\/multiusuarios\/wp-content\/uploads\/2022\/06\/vitrobot-thermo.png 162w\" sizes=\"auto, (max-width: 97px) 100vw, 97px\" \/><p id=\"caption-attachment-9753\" class=\"wp-caption-text\">Cr\u00e9dito: ThermoFisher Scientific<\/p><\/div>\n<div id=\"attachment_9752\" style=\"width: 210px\" class=\"wp-caption alignright\"><img loading=\"lazy\" decoding=\"async\" aria-describedby=\"caption-attachment-9752\" class=\"wp-image-9752\" src=\"https:\/\/www.ifsc.usp.br\/multiusuarios\/wp-content\/uploads\/2022\/06\/vitrobot-elsa-jeol.png\" alt=\"\" width=\"200\" height=\"93\" \/><p id=\"caption-attachment-9752\" class=\"wp-caption-text\">Cr\u00e9dito: JEOL<\/p><\/div>\n<p><strong>Comit\u00ea Gestor<\/strong><\/p>\n<\/header>\n<ul>\n<li>Prof. Glaucius Oliva<\/li>\n<li>Prof. Rafael Victorio Carvalho Guido<\/li>\n<\/ul>\n<p>E-mail para contato: oliva@ifsc.usp.br<\/p>\n<header><strong>Comit\u00ea de Usu\u00e1rios<\/strong><\/header>\n<ul>\n<li>Prof. Andre Luis Berteli Ambrosio<\/li>\n<li>Prof. Marcos V. de A. Salles Navarro<\/li>\n<li>Prof. Jo\u00e3o Renato Carvalho Muniz<\/li>\n<\/ul>\n<p>[\/vc_column_text][\/vc_column][\/vc_row][vc_row rt_row_background_width=&#8221;default&#8221; rt_row_style=&#8221;default-style&#8221; rt_row_borders=&#8221;&#8221; rt_row_paddings=&#8221;true&#8221; rt_bg_effect=&#8221;classic&#8221; rt_bg_image_repeat=&#8221;repeat&#8221; rt_bg_size=&#8221;cover&#8221; rt_bg_position=&#8221;right top&#8221; rt_bg_attachment=&#8221;scroll&#8221; rt_bg_video_format=&#8221;self-hosted&#8221;][vc_column width=&#8221;1\/2&#8243; rt_wrp_col_paddings=&#8221;false&#8221; rt_border_top=&#8221;&#8221; rt_border_bottom=&#8221;&#8221; rt_border_left=&#8221;&#8221; rt_border_right=&#8221;&#8221; rt_border_top_mobile=&#8221;&#8221; rt_border_bottom_mobile=&#8221;&#8221; rt_border_left_mobile=&#8221;&#8221; rt_border_right_mobile=&#8221;&#8221; rt_bg_image_repeat=&#8221;repeat&#8221; rt_bg_size=&#8221;auto auto&#8221; rt_bg_position=&#8221;right top&#8221; rt_bg_attachment=&#8221;scroll&#8221; rt_padding_left=&#8221;60px&#8221;][vc_message icon_fontawesome=&#8221;fa fa-cog&#8221;]<strong>Equipamento<\/strong><\/p>\n<p>Vitrobot&#x2122; \u00e9 um sistema automatizado para vitrifica\u00e7\u00e3o (congelamento imediato por imers\u00e3o em etano l\u00edquido) de amostras proteicas em solu\u00e7\u00f5es aquosas, depositadas sobre grades de microscopia eletr\u00f4nica. Par\u00e2metros cr\u00edticos de vitrifica\u00e7\u00e3o, como temperatura, umidade relativa, press\u00e3o de blotting e tempo, podem ser controlados com precis\u00e3o. Uma interface de usu\u00e1rio simples, com tela de toque e controle de processo program\u00e1vel, permitem prepara\u00e7\u00f5es consistentes e alto rendimento. Elsa&#x2122; \u00e9 um suporte de inclina\u00e7\u00e3o \u00fanica, projetado para a transfer\u00eancia e imagem de grades, \u00e0 temperaturas criog\u00eanicas, em um microsc\u00f3pio eletr\u00f4nico de transmiss\u00e3o.[\/vc_message][vc_message icon_fontawesome=&#8221;fa fa-user-o&#8221;]<strong>Plano de Gest\u00e3o de Uso<\/strong><\/p>\n<p><u>Localiza\u00e7\u00e3o<\/u>: Grupo Cristalografia (GC) \u2013 IFSC\/USP, \u00c1rea 2.<br \/>\n<u>Procedimentos para utiliza\u00e7\u00e3o<\/u>: Deve-se preencher, por completo, e submeter o <a href=\"https:\/\/www.ifsc.usp.br\/multiusuarios\/wp-content\/uploads\/2022\/06\/formulario-vitrobot.pdf\" target=\"_blank\" rel=\"noopener\">formul\u00e1rio espec\u00edfico<\/a> para livia@ifsc.usp.br, incluindo um resumo sucinto do projeto no corpo do e-mail.<br \/>\n<u>Crit\u00e9rios<\/u>: O usu\u00e1rio deve comprovar (i) a purifica\u00e7\u00e3o da prote\u00edna de interesse, preferencialmente at\u00e9 homogeneidade, por an\u00e1lise eletrofor\u00e9tica, e (ii) alto grau de homogeneidade populacional, por espalhamento din\u00e2mico de luz, ou equivalente.[\/vc_message][\/vc_column][vc_column width=&#8221;1\/2&#8243; rt_wrp_col_paddings=&#8221;false&#8221; rt_border_top=&#8221;&#8221; rt_border_bottom=&#8221;&#8221; rt_border_left=&#8221;&#8221; rt_border_right=&#8221;&#8221; rt_border_top_mobile=&#8221;&#8221; rt_border_bottom_mobile=&#8221;&#8221; rt_border_left_mobile=&#8221;&#8221; rt_border_right_mobile=&#8221;&#8221; rt_bg_image_repeat=&#8221;repeat&#8221; rt_bg_size=&#8221;auto auto&#8221; rt_bg_position=&#8221;right top&#8221; rt_bg_attachment=&#8221;scroll&#8221; rt_padding_right=&#8221;60px&#8221;][vc_message icon_fontawesome=&#8221;fa fa-credit-card-alt&#8221;]<\/p>\n<div class=\"content\">\n<p><strong>Taxas de Servi\u00e7o e Agendamento<\/strong><\/p>\n<p><u>Agendamento<\/u>: As solicita\u00e7\u00f5es ser\u00e3o avaliadas e priorizadas pelo grupo gestor, considerando seu conte\u00fado, relev\u00e2ncia, urg\u00eancia e aplicabilidade, num fluxo semanal.<br \/>\n<u>Despesa com consum\u00edveis<\/u>: Pelo pr\u00f3prio usu\u00e1rio.<br \/>\n<u>Taxas<\/u>:<br \/>\nInstitui\u00e7\u00f5es de Ensino e Pesquisa: R$ 100,00 por per\u00edodo (4h).<br \/>\nEmpresas Privadas: R$ 250,00 por per\u00edodo (4h).<\/p>\n<\/div>\n<p>[\/vc_message][vc_message icon_fontawesome=&#8221;fa fa-book&#8221;]<\/p>\n<div class=\"content\">\n<p><strong>Refer\u00eancias<\/strong><\/p>\n<p>Os trabalhos a serem publicados, incluindo artigos, teses, disserta\u00e7\u00f5es e monografias, dever\u00e3o mencionar o uso do Equipamento Multiusu\u00e1rio e projeto EMU\/FAPESP 2013\/07600-3.<\/p>\n<p><img loading=\"lazy\" decoding=\"async\" class=\"alignnone wp-image-9816\" src=\"https:\/\/www.ifsc.usp.br\/multiusuarios\/wp-content\/uploads\/2022\/06\/fapesp-300x65.jpg\" alt=\"\" width=\"100\" height=\"22\" srcset=\"https:\/\/www.ifsc.usp.br\/multiusuarios\/wp-content\/uploads\/2022\/06\/fapesp-300x65.jpg 300w, https:\/\/www.ifsc.usp.br\/multiusuarios\/wp-content\/uploads\/2022\/06\/fapesp.jpg 500w\" sizes=\"auto, (max-width: 100px) 100vw, 100px\" \/><\/p>\n<\/div>\n<p>[\/vc_message][\/vc_column][\/vc_row]<\/p>\n","protected":false},"excerpt":{"rendered":"<p>[vc_row rt_row_background_width=&#8221;default&#8221; rt_row_style=&#8221;default-style&#8221; rt_row_borders=&#8221;&#8221; rt_row_paddings=&#8221;true&#8221; rt_bg_effect=&#8221;classic&#8221; rt_bg_image_repeat=&#8221;repeat&#8221; rt_bg_size=&#8221;cover&#8221; rt_bg_position=&#8221;right top&#8221; rt_bg_attachment=&#8221;scroll&#8221; rt_bg_video_format=&#8221;self-hosted&#8221;][vc_column rt_wrp_col_paddings=&#8221;false&#8221; rt_border_top=&#8221;&#8221; rt_border_bottom=&#8221;&#8221; rt_border_left=&#8221;&#8221; rt_border_right=&#8221;&#8221; rt_border_top_mobile=&#8221;&#8221; rt_border_bottom_mobile=&#8221;&#8221; rt_border_left_mobile=&#8221;&#8221; rt_border_right_mobile=&#8221;&#8221; rt_bg_image_repeat=&#8221;repeat&#8221; rt_bg_size=&#8221;auto auto&#8221; rt_bg_position=&#8221;right top&#8221; rt_bg_attachment=&#8221;scroll&#8221; rt_padding_left=&#8221;60px&#8221; rt_padding_right=&#8221;60px&#8221;][vc_column_text] Vitrobot e ELSA cryo-transfer holder Grupo de Cristalografia (GC) \u2013 IFSC \u2013 USP &#8211; \u00c1rea 2 Comit\u00ea Gestor Prof. Glaucius Oliva Prof. Rafael Victorio Carvalho Guido [&hellip;]<\/p>\n","protected":false},"author":1,"featured_media":0,"parent":0,"menu_order":0,"comment_status":"closed","ping_status":"closed","template":"","meta":{"footnotes":""},"class_list":["post-9751","page","type-page","status-publish","hentry"],"_links":{"self":[{"href":"https:\/\/www.ifsc.usp.br\/multiusuarios\/wp-json\/wp\/v2\/pages\/9751","targetHints":{"allow":["GET"]}}],"collection":[{"href":"https:\/\/www.ifsc.usp.br\/multiusuarios\/wp-json\/wp\/v2\/pages"}],"about":[{"href":"https:\/\/www.ifsc.usp.br\/multiusuarios\/wp-json\/wp\/v2\/types\/page"}],"author":[{"embeddable":true,"href":"https:\/\/www.ifsc.usp.br\/multiusuarios\/wp-json\/wp\/v2\/users\/1"}],"replies":[{"embeddable":true,"href":"https:\/\/www.ifsc.usp.br\/multiusuarios\/wp-json\/wp\/v2\/comments?post=9751"}],"version-history":[{"count":6,"href":"https:\/\/www.ifsc.usp.br\/multiusuarios\/wp-json\/wp\/v2\/pages\/9751\/revisions"}],"predecessor-version":[{"id":9968,"href":"https:\/\/www.ifsc.usp.br\/multiusuarios\/wp-json\/wp\/v2\/pages\/9751\/revisions\/9968"}],"wp:attachment":[{"href":"https:\/\/www.ifsc.usp.br\/multiusuarios\/wp-json\/wp\/v2\/media?parent=9751"}],"curies":[{"name":"wp","href":"https:\/\/api.w.org\/{rel}","templated":true}]}}