{"id":9757,"date":"2022-06-09T15:26:31","date_gmt":"2022-06-09T18:26:31","guid":{"rendered":"https:\/\/www.ifsc.usp.br\/multiusuarios\/?page_id=9757"},"modified":"2026-03-24T15:42:24","modified_gmt":"2026-03-24T18:42:24","slug":"espectrometro-rmn","status":"publish","type":"page","link":"https:\/\/www.ifsc.usp.br\/multiusuarios\/espectrometro-rmn\/","title":{"rendered":"Espectr\u00f4metro de Resson\u00e2ncia Magn\u00e9tica Nuclear em Estado S\u00f3lido"},"content":{"rendered":"<p>[vc_row rt_row_background_width=&#8221;default&#8221; rt_row_style=&#8221;default-style&#8221; rt_row_borders=&#8221;&#8221; rt_row_paddings=&#8221;true&#8221; rt_bg_effect=&#8221;classic&#8221; rt_bg_image_repeat=&#8221;repeat&#8221; rt_bg_size=&#8221;cover&#8221; rt_bg_position=&#8221;right top&#8221; rt_bg_attachment=&#8221;scroll&#8221; rt_bg_video_format=&#8221;self-hosted&#8221;][vc_column rt_wrp_col_paddings=&#8221;false&#8221; rt_border_top=&#8221;&#8221; rt_border_bottom=&#8221;&#8221; rt_border_left=&#8221;&#8221; rt_border_right=&#8221;&#8221; rt_border_top_mobile=&#8221;&#8221; rt_border_bottom_mobile=&#8221;&#8221; rt_border_left_mobile=&#8221;&#8221; rt_border_right_mobile=&#8221;&#8221; rt_bg_image_repeat=&#8221;repeat&#8221; rt_bg_size=&#8221;auto auto&#8221; rt_bg_position=&#8221;right top&#8221; rt_bg_attachment=&#8221;scroll&#8221; rt_padding_left=&#8221;60px&#8221; rt_padding_right=&#8221;60px&#8221;][vc_column_text]<\/p>\n<h4>Espectr\u00f4metro de Resson\u00e2ncia Magn\u00e9tica Nuclear em Estado S\u00f3lido<\/h4>\n<p><strong>Grupo de Resson\u00e2ncia Magn\u00e9tica \u2013 IFSC \u2013 USP<\/strong><\/p>\n<header><strong><img loading=\"lazy\" decoding=\"async\" class=\"size-medium wp-image-9758 alignright\" src=\"https:\/\/www.ifsc.usp.br\/multiusuarios\/wp-content\/uploads\/2022\/06\/espectrometro-rmn-300x194.jpg\" alt=\"\" width=\"300\" height=\"194\" srcset=\"https:\/\/www.ifsc.usp.br\/multiusuarios\/wp-content\/uploads\/2022\/06\/espectrometro-rmn-300x194.jpg 300w, https:\/\/www.ifsc.usp.br\/multiusuarios\/wp-content\/uploads\/2022\/06\/espectrometro-rmn.jpg 610w\" sizes=\"auto, (max-width: 300px) 100vw, 300px\" \/>Comit\u00ea Gestor<\/strong><\/header>\n<ul>\n<li>Prof. Dr. Edgar Dutra Zanotto (DEMa-UFSCar, coordenador do CERTEV, projeto originador)<\/li>\n<li>Prof. Dr. Jos\u00e9 Fabi\u00e1n Schneider (IFSC-USP)<\/li>\n<li>Prof. Dr. Hellmut Eckert (IFSC-USP)<\/li>\n<\/ul>\n<p>E-mail para contato: schnei@ifsc.usp.br<\/p>\n<header><strong>Comit\u00ea de Usu\u00e1rios<\/strong><\/header>\n<ul>\n<li>Prof. Dr. Eduardo Ribeiro Azevedo (IFSC-USP, coordenador)<\/li>\n<li>Prof. Dr. Fernando Fernandes Paiva (IFSC-USP)<\/li>\n<li>Prof. Dr. Daniel Rodrigues Cardoso (IQSC-USP)<\/li>\n<li>Prof. Dr. Thiago Ven\u00e2ncio (UFSCar)<\/li>\n<li>Prof. Sidnei Ribeiro (IQ-UNESP, Araraquara)<\/li>\n<\/ul>\n<p>[\/vc_column_text][\/vc_column][\/vc_row][vc_row rt_row_background_width=&#8221;default&#8221; rt_row_style=&#8221;default-style&#8221; rt_row_borders=&#8221;&#8221; rt_row_paddings=&#8221;true&#8221; rt_bg_effect=&#8221;classic&#8221; rt_bg_image_repeat=&#8221;repeat&#8221; rt_bg_size=&#8221;cover&#8221; rt_bg_position=&#8221;right top&#8221; rt_bg_attachment=&#8221;scroll&#8221; rt_bg_video_format=&#8221;self-hosted&#8221;][vc_column width=&#8221;1\/2&#8243; rt_wrp_col_paddings=&#8221;false&#8221; rt_border_top=&#8221;&#8221; rt_border_bottom=&#8221;&#8221; rt_border_left=&#8221;&#8221; rt_border_right=&#8221;&#8221; rt_border_top_mobile=&#8221;&#8221; rt_border_bottom_mobile=&#8221;&#8221; rt_border_left_mobile=&#8221;&#8221; rt_border_right_mobile=&#8221;&#8221; rt_bg_image_repeat=&#8221;repeat&#8221; rt_bg_size=&#8221;auto auto&#8221; rt_bg_position=&#8221;right top&#8221; rt_bg_attachment=&#8221;scroll&#8221; rt_padding_left=&#8221;60px&#8221;][vc_message icon_fontawesome=&#8221;fa fa-cog&#8221;]<strong>Equipamento<\/strong><\/p>\n<p>Espectr\u00f4metro de RMN de estado s\u00f3lido com magneto de 9,4T, de dupla resson\u00e2ncia (1H\/19F \u2013 X), com canal X operando desde 15N at\u00e9 31P. Sondas de alta resolu\u00e7\u00e3o (MAS) de 4mm e 7mm de di\u00e2metro de rotor. Sonda de alta pot\u00eancia de 7mm para experimentos est\u00e1ticos.[\/vc_message][vc_message icon_fontawesome=&#8221;fa fa-user-o&#8221;]<strong>Plano de Gest\u00e3o de Uso<\/strong><\/p>\n<p>O instrumento estar\u00e1 dispon\u00edvel uso pela comunidade cient\u00edfica atrav\u00e9s de solicita\u00e7\u00e3o ao Comit\u00ea Gestor. As solicita\u00e7\u00f5es devem ser encaminhadas para o endere\u00e7o schnei@ifsc.usp.br, anexando o <a href=\"https:\/\/www.ifsc.usp.br\/multiusuarios\/wp-content\/uploads\/2022\/06\/formulario-espectrometro-rmn.docx\" target=\"_blank\" rel=\"noopener\">Formul\u00e1rio de solicita\u00e7\u00e3o de servi\u00e7o<\/a> devidamente preenchido. O Comit\u00ea Gestor analisar\u00e1 a solicita\u00e7\u00e3o de servi\u00e7o e poder\u00e1 fazer recomenda\u00e7\u00f5es t\u00e9cnicas ou indeferir, caso o experimento solicitado seja invi\u00e1vel ou possa colocar em risco o instrumento. Em caso de deferimento, o usu\u00e1rio receber\u00e1 um or\u00e7amento pelo servi\u00e7o, de acordo com as taxas vigentes. Custos adicionais de material de consumo especial necess\u00e1rio para a realiza\u00e7\u00e3o do experimento ser\u00e3o de responsabilidade do usu\u00e1rio. Pesquisadores de institui\u00e7\u00f5es p\u00fablicas com aux\u00edlios \u00e0 pesquisa vigentes ter\u00e3o taxa de utiliza\u00e7\u00e3o subsidiada. Ap\u00f3s aceita\u00e7\u00e3o do or\u00e7amento, os experimentos ser\u00e3o agendados. O pagamento das an\u00e1lises ser\u00e1 realizado atrav\u00e9s da Funda\u00e7\u00e3o de Amparo \u00e0 F\u00edsica e Qu\u00edmica (FAFQ).[\/vc_message][\/vc_column][vc_column width=&#8221;1\/2&#8243; rt_wrp_col_paddings=&#8221;false&#8221; rt_border_top=&#8221;&#8221; rt_border_bottom=&#8221;&#8221; rt_border_left=&#8221;&#8221; rt_border_right=&#8221;&#8221; rt_border_top_mobile=&#8221;&#8221; rt_border_bottom_mobile=&#8221;&#8221; rt_border_left_mobile=&#8221;&#8221; rt_border_right_mobile=&#8221;&#8221; rt_bg_image_repeat=&#8221;repeat&#8221; rt_bg_size=&#8221;auto auto&#8221; rt_bg_position=&#8221;right top&#8221; rt_bg_attachment=&#8221;scroll&#8221; rt_padding_right=&#8221;60px&#8221;][vc_message icon_fontawesome=&#8221;fa fa-credit-card-alt&#8221;]<\/p>\n<div class=\"content\">\n<p><strong>Taxas de Servi\u00e7o e Agendamento<\/strong><\/p>\n<p>O Equipamento Multiusu\u00e1rio de RMN de estado s\u00f3lido se encontra ainda em fase de implanta\u00e7\u00e3o no Laborat\u00f3rio de Resson\u00e2ncia Magn\u00e9tica Nuclear do IFSC-USP. O instrumento fornece apoio preferencial para pesquisas desenvolvidas em institui\u00e7\u00f5es p\u00fablicas por pesquisadores com aux\u00edlios \u00e0 pesquisa em vig\u00eancia. O acesso ao instrumento por outros solicitantes \u00e9 tamb\u00e9m poss\u00edvel, ap\u00f3s an\u00e1lise do Comit\u00ea Gestor.<\/p>\n<\/div>\n<p>[\/vc_message][vc_message icon_fontawesome=&#8221;fa fa-book&#8221;]<\/p>\n<div class=\"content\">\n<p><strong>Refer\u00eancias<\/strong><\/p>\n<p>Em toda produ\u00e7\u00e3o cient\u00edfica bibliogr\u00e1fica (artigo, tese, disserta\u00e7\u00e3o, anais de evento, etc&#8230;) que contenha dados coletados com este equipamento, ser\u00e1 requerido ao pesquisador respons\u00e1vel a inclus\u00e3o do reconhecimento ao presente aux\u00edlio EMU FAPESP com o respectivo n\u00famero do processo, atrav\u00e9s da assinatura de <a href=\"https:\/\/www.ifsc.usp.br\/multiusuarios\/wp-content\/uploads\/2022\/06\/formulario-termo.docx\">Termo de responsabilidade e compromisso<\/a>.<\/p>\n<p><img loading=\"lazy\" decoding=\"async\" class=\"alignnone wp-image-9816\" src=\"https:\/\/www.ifsc.usp.br\/multiusuarios\/wp-content\/uploads\/2022\/06\/fapesp-300x65.jpg\" alt=\"\" width=\"100\" height=\"22\" srcset=\"https:\/\/www.ifsc.usp.br\/multiusuarios\/wp-content\/uploads\/2022\/06\/fapesp-300x65.jpg 300w, https:\/\/www.ifsc.usp.br\/multiusuarios\/wp-content\/uploads\/2022\/06\/fapesp.jpg 500w\" sizes=\"auto, (max-width: 100px) 100vw, 100px\" \/><\/p>\n<\/div>\n<p>[\/vc_message][\/vc_column][\/vc_row]<\/p>\n","protected":false},"excerpt":{"rendered":"<p>[vc_row rt_row_background_width=&#8221;default&#8221; rt_row_style=&#8221;default-style&#8221; rt_row_borders=&#8221;&#8221; rt_row_paddings=&#8221;true&#8221; rt_bg_effect=&#8221;classic&#8221; rt_bg_image_repeat=&#8221;repeat&#8221; rt_bg_size=&#8221;cover&#8221; rt_bg_position=&#8221;right top&#8221; rt_bg_attachment=&#8221;scroll&#8221; rt_bg_video_format=&#8221;self-hosted&#8221;][vc_column rt_wrp_col_paddings=&#8221;false&#8221; rt_border_top=&#8221;&#8221; rt_border_bottom=&#8221;&#8221; rt_border_left=&#8221;&#8221; rt_border_right=&#8221;&#8221; rt_border_top_mobile=&#8221;&#8221; rt_border_bottom_mobile=&#8221;&#8221; rt_border_left_mobile=&#8221;&#8221; rt_border_right_mobile=&#8221;&#8221; rt_bg_image_repeat=&#8221;repeat&#8221; rt_bg_size=&#8221;auto auto&#8221; rt_bg_position=&#8221;right top&#8221; rt_bg_attachment=&#8221;scroll&#8221; rt_padding_left=&#8221;60px&#8221; rt_padding_right=&#8221;60px&#8221;][vc_column_text] Espectr\u00f4metro de Resson\u00e2ncia Magn\u00e9tica Nuclear em Estado S\u00f3lido Grupo de Resson\u00e2ncia Magn\u00e9tica \u2013 IFSC \u2013 USP Comit\u00ea Gestor Prof. Dr. Edgar Dutra Zanotto (DEMa-UFSCar, coordenador do [&hellip;]<\/p>\n","protected":false},"author":1,"featured_media":0,"parent":0,"menu_order":0,"comment_status":"closed","ping_status":"closed","template":"","meta":{"footnotes":""},"class_list":["post-9757","page","type-page","status-publish","hentry"],"_links":{"self":[{"href":"https:\/\/www.ifsc.usp.br\/multiusuarios\/wp-json\/wp\/v2\/pages\/9757","targetHints":{"allow":["GET"]}}],"collection":[{"href":"https:\/\/www.ifsc.usp.br\/multiusuarios\/wp-json\/wp\/v2\/pages"}],"about":[{"href":"https:\/\/www.ifsc.usp.br\/multiusuarios\/wp-json\/wp\/v2\/types\/page"}],"author":[{"embeddable":true,"href":"https:\/\/www.ifsc.usp.br\/multiusuarios\/wp-json\/wp\/v2\/users\/1"}],"replies":[{"embeddable":true,"href":"https:\/\/www.ifsc.usp.br\/multiusuarios\/wp-json\/wp\/v2\/comments?post=9757"}],"version-history":[{"count":6,"href":"https:\/\/www.ifsc.usp.br\/multiusuarios\/wp-json\/wp\/v2\/pages\/9757\/revisions"}],"predecessor-version":[{"id":9958,"href":"https:\/\/www.ifsc.usp.br\/multiusuarios\/wp-json\/wp\/v2\/pages\/9757\/revisions\/9958"}],"wp:attachment":[{"href":"https:\/\/www.ifsc.usp.br\/multiusuarios\/wp-json\/wp\/v2\/media?parent=9757"}],"curies":[{"name":"wp","href":"https:\/\/api.w.org\/{rel}","templated":true}]}}