{"id":9814,"date":"2022-06-10T15:33:32","date_gmt":"2022-06-10T18:33:32","guid":{"rendered":"https:\/\/www.ifsc.usp.br\/multiusuarios\/?page_id=9814"},"modified":"2026-03-24T16:13:59","modified_gmt":"2026-03-24T19:13:59","slug":"emu-opm","status":"publish","type":"page","link":"https:\/\/www.ifsc.usp.br\/multiusuarios\/emu-opm\/","title":{"rendered":"OmniLog Phenotypic Microarray"},"content":{"rendered":"<p>[vc_row rt_row_background_width=&#8221;default&#8221; rt_row_style=&#8221;default-style&#8221; rt_row_borders=&#8221;&#8221; rt_row_paddings=&#8221;true&#8221; rt_bg_effect=&#8221;classic&#8221; rt_bg_image_repeat=&#8221;repeat&#8221; rt_bg_size=&#8221;cover&#8221; rt_bg_position=&#8221;right top&#8221; rt_bg_attachment=&#8221;scroll&#8221; rt_bg_video_format=&#8221;self-hosted&#8221;][vc_column rt_wrp_col_paddings=&#8221;false&#8221; rt_border_top=&#8221;&#8221; rt_border_bottom=&#8221;&#8221; rt_border_left=&#8221;&#8221; rt_border_right=&#8221;&#8221; rt_border_top_mobile=&#8221;&#8221; rt_border_bottom_mobile=&#8221;&#8221; rt_border_left_mobile=&#8221;&#8221; rt_border_right_mobile=&#8221;&#8221; rt_bg_image_repeat=&#8221;repeat&#8221; rt_bg_size=&#8221;auto auto&#8221; rt_bg_position=&#8221;right top&#8221; rt_bg_attachment=&#8221;scroll&#8221; rt_padding_left=&#8221;60px&#8221; rt_padding_right=&#8221;60px&#8221;][vc_column_text]<\/p>\n<h4>OmniLog Phenotypic Microarray (Biolog Inc. EUA)<\/h4>\n<p><strong>Laborat\u00f3rio Epidemiologia e Microbiologia Molecular (LEMiMo)<\/strong><br \/>\n<strong>Grupo de Cristalografia \u2013 IFSC &#8211; USP &#8211; \u00c1rea 2<\/strong><\/p>\n<header><strong><img loading=\"lazy\" decoding=\"async\" class=\"size-full wp-image-9815 alignright\" src=\"https:\/\/www.ifsc.usp.br\/multiusuarios\/wp-content\/uploads\/2022\/06\/omnilog.jpg\" alt=\"\" width=\"237\" height=\"217\" \/>Comit\u00ea Gestor<\/strong><\/header>\n<ul>\n<li>Prof. Dr. Glaucius Oliva<\/li>\n<li>Profa. Dra. Ilana L. B. C. Camargo<\/li>\n<\/ul>\n<p>E-mail para contato: oliva@ifsc.usp.br<\/p>\n<header><strong>Comit\u00ea de Usu\u00e1rios<\/strong><\/header>\n<ul>\n<li>Profa. Dra. Ana Paula Ulian Ara\u00fajo<\/li>\n<li>Prof. Dr. Marcos Vicente de A. Salles Navarro<\/li>\n<\/ul>\n<p>[\/vc_column_text][\/vc_column][\/vc_row][vc_row rt_row_background_width=&#8221;default&#8221; rt_row_style=&#8221;default-style&#8221; rt_row_borders=&#8221;&#8221; rt_row_paddings=&#8221;true&#8221; rt_bg_effect=&#8221;classic&#8221; rt_bg_image_repeat=&#8221;repeat&#8221; rt_bg_size=&#8221;cover&#8221; rt_bg_position=&#8221;right top&#8221; rt_bg_attachment=&#8221;scroll&#8221; rt_bg_video_format=&#8221;self-hosted&#8221;][vc_column width=&#8221;1\/2&#8243; rt_wrp_col_paddings=&#8221;false&#8221; rt_border_top=&#8221;&#8221; rt_border_bottom=&#8221;&#8221; rt_border_left=&#8221;&#8221; rt_border_right=&#8221;&#8221; rt_border_top_mobile=&#8221;&#8221; rt_border_bottom_mobile=&#8221;&#8221; rt_border_left_mobile=&#8221;&#8221; rt_border_right_mobile=&#8221;&#8221; rt_bg_image_repeat=&#8221;repeat&#8221; rt_bg_size=&#8221;auto auto&#8221; rt_bg_position=&#8221;right top&#8221; rt_bg_attachment=&#8221;scroll&#8221; rt_padding_left=&#8221;60px&#8221;][vc_message icon_fontawesome=&#8221;fa fa-cog&#8221;]<strong>Equipamento<\/strong><\/p>\n<p>OmniLog Phenotypic Microarray permite a incuba\u00e7\u00e3o controlada e verifica\u00e7\u00e3o da cin\u00e9tica do crescimento bacteriano. As diversas microplacas prontas para o uso fornecidas pela Biolog permitem a investiga\u00e7\u00e3o fenot\u00edpica do metabolismo e sensibilidade bacteriana frente a diversas condi\u00e7\u00f5es pr\u00e9-estabelecidas.<br \/>\nPara mais informa\u00e7\u00f5es acesse o link: <a href=\"https:\/\/biolog.com\/products-portfolio-overview\/phenotype-microarrays-for-microbial-cells\" target=\"_blank\" rel=\"noopener\">https:\/\/biolog.com\/products-portfolio-overview\/phenotype-microarrays-for-microbial-cells<\/a>[\/vc_message][vc_message icon_fontawesome=&#8221;fa fa-user-o&#8221;]<strong>Plano de Gest\u00e3o de Uso<\/strong><\/p>\n<p>O equipamento OmniLog Phenotypic Microarray ser\u00e1 instalado no Laborat\u00f3rio de Epidemiologia e Microbiologia Molecular (LEMiMo) do Grupo de Cristalografia, no Insituto de F\u00edsica de S\u00e3o Carlos, USP \u2013 \u00c1rea 2.<br \/>\nUsu\u00e1rios que tenham interesse em utilizar o equipamento, sejam do IFSC ou de qualquer outra institui\u00e7\u00e3o, dever\u00e3o submeter ao comit\u00ea gestor, via e-mail (emu_opm@ifsc.usp.br) o formul\u00e1rio dispon\u00edvel online na p\u00e1gina do Equipamento Multiusu\u00e1rio (EMU): <a href=\"https:\/\/www.ifsc.usp.br\/multiusuarios\/wp-content\/uploads\/2022\/06\/formulario-uso-emu-omnilog.docx\" target=\"_blank\" rel=\"noopener\">Formul\u00e1rio Proposta de uso<\/a>.\u00a0Neste formul\u00e1rio dever\u00e1 ser indicado o n\u00famero de amostra bacteriana, sua esp\u00e9cie e Classe de Risco, bem como quais e quantos pain\u00e9is ser\u00e3o testados simultaneamente e qual seria a temperatura de incuba\u00e7\u00e3o. LEMiMo \u00e9 um laborat\u00f3rio de N\u00edvel 2 de Biosseguran\u00e7a onde se trabalha apenas com bact\u00e9rias. Portanto, n\u00e3o ser\u00e3o aceitas bact\u00e9rias de Classe de Risco superior a 2 ou amostras de leveduras ou fungos. O plano de trabalho contendo os principais objetivos do projeto deve ser descrito no formul\u00e1rio. O pedido ser\u00e1 analisado pelo comit\u00ea gestor, que pode negar o acesso caso haja incompatibilidade com a Classe de Risco da bact\u00e9ria.<br \/>\nO usu\u00e1rio dever\u00e1 trazer todo o material necess\u00e1rio e estar presente durante a execu\u00e7\u00e3o do experimento.[\/vc_message][\/vc_column][vc_column width=&#8221;1\/2&#8243; rt_wrp_col_paddings=&#8221;false&#8221; rt_border_top=&#8221;&#8221; rt_border_bottom=&#8221;&#8221; rt_border_left=&#8221;&#8221; rt_border_right=&#8221;&#8221; rt_border_top_mobile=&#8221;&#8221; rt_border_bottom_mobile=&#8221;&#8221; rt_border_left_mobile=&#8221;&#8221; rt_border_right_mobile=&#8221;&#8221; rt_bg_image_repeat=&#8221;repeat&#8221; rt_bg_size=&#8221;auto auto&#8221; rt_bg_position=&#8221;right top&#8221; rt_bg_attachment=&#8221;scroll&#8221; rt_padding_right=&#8221;60px&#8221;][vc_message icon_fontawesome=&#8221;fa fa-credit-card-alt&#8221;]<\/p>\n<div class=\"content\">\n<p><strong>Taxas de Servi\u00e7o e Agendamento<\/strong><\/p>\n<p>O agendamento ser\u00e1 mensal, priorizando-se os Projetos Associados e Complementares desta solicita\u00e7\u00e3o.<br \/>\nAs despesas com consum\u00edveis ser\u00e3o custeadas pelo usu\u00e1rio e todos os consum\u00edveis devem ser obtidos atrav\u00e9s da representante exclusiva da Biolog no Brasil (<a href=\"http:\/\/www.bioscan.com.br\" target=\"_blank\" rel=\"noopener\">www.bioscan.com.br<\/a>).<br \/>\nA cobran\u00e7a de taxas de servi\u00e7os\/uso ser\u00e1 feita atrav\u00e9s de uma das funda\u00e7\u00f5es associadas a USP S\u00e3o Carlos ou pela atrav\u00e9s da Tesouraria da Unidade, sendo que h\u00e1 taxas diferenciadas para as solicita\u00e7\u00f5es provenientes de fora da \u00c1rea acad\u00eamica e externos ao IFSC\/USP. Solicitar maiores informa\u00e7\u00f5es pelo email: emu_opm@ifsc.usp.br.<\/p>\n<\/div>\n<p>[\/vc_message][vc_message icon_fontawesome=&#8221;fa fa-book&#8221;]<\/p>\n<div class=\"content\">\n<p><strong>Refer\u00eancias<\/strong><\/p>\n<p>Os trabalhos a serem publicados, bem como teses, disserta\u00e7\u00f5es e monografias dever\u00e3o mencionar o uso do Equipamento Multi-Usu\u00e1rio (EMU\/FAPESP) \/ CIBFar \/ Grupo de Cristalografia \/ IFSC.<\/p>\n<p><img loading=\"lazy\" decoding=\"async\" class=\"alignnone wp-image-9816\" src=\"https:\/\/www.ifsc.usp.br\/multiusuarios\/wp-content\/uploads\/2022\/06\/fapesp-300x65.jpg\" alt=\"\" width=\"100\" height=\"22\" srcset=\"https:\/\/www.ifsc.usp.br\/multiusuarios\/wp-content\/uploads\/2022\/06\/fapesp-300x65.jpg 300w, https:\/\/www.ifsc.usp.br\/multiusuarios\/wp-content\/uploads\/2022\/06\/fapesp.jpg 500w\" sizes=\"auto, (max-width: 100px) 100vw, 100px\" \/><\/p>\n<\/div>\n<p>[\/vc_message][\/vc_column][\/vc_row]<\/p>\n","protected":false},"excerpt":{"rendered":"<p>[vc_row rt_row_background_width=&#8221;default&#8221; rt_row_style=&#8221;default-style&#8221; rt_row_borders=&#8221;&#8221; rt_row_paddings=&#8221;true&#8221; rt_bg_effect=&#8221;classic&#8221; rt_bg_image_repeat=&#8221;repeat&#8221; rt_bg_size=&#8221;cover&#8221; rt_bg_position=&#8221;right top&#8221; rt_bg_attachment=&#8221;scroll&#8221; rt_bg_video_format=&#8221;self-hosted&#8221;][vc_column rt_wrp_col_paddings=&#8221;false&#8221; rt_border_top=&#8221;&#8221; rt_border_bottom=&#8221;&#8221; rt_border_left=&#8221;&#8221; rt_border_right=&#8221;&#8221; rt_border_top_mobile=&#8221;&#8221; rt_border_bottom_mobile=&#8221;&#8221; rt_border_left_mobile=&#8221;&#8221; rt_border_right_mobile=&#8221;&#8221; rt_bg_image_repeat=&#8221;repeat&#8221; rt_bg_size=&#8221;auto auto&#8221; rt_bg_position=&#8221;right top&#8221; rt_bg_attachment=&#8221;scroll&#8221; rt_padding_left=&#8221;60px&#8221; rt_padding_right=&#8221;60px&#8221;][vc_column_text] OmniLog Phenotypic Microarray (Biolog Inc. EUA) Laborat\u00f3rio Epidemiologia e Microbiologia Molecular (LEMiMo) Grupo de Cristalografia \u2013 IFSC &#8211; USP &#8211; \u00c1rea 2 Comit\u00ea Gestor Prof. Dr. [&hellip;]<\/p>\n","protected":false},"author":1,"featured_media":0,"parent":0,"menu_order":0,"comment_status":"closed","ping_status":"closed","template":"","meta":{"footnotes":""},"class_list":["post-9814","page","type-page","status-publish","hentry"],"_links":{"self":[{"href":"https:\/\/www.ifsc.usp.br\/multiusuarios\/wp-json\/wp\/v2\/pages\/9814","targetHints":{"allow":["GET"]}}],"collection":[{"href":"https:\/\/www.ifsc.usp.br\/multiusuarios\/wp-json\/wp\/v2\/pages"}],"about":[{"href":"https:\/\/www.ifsc.usp.br\/multiusuarios\/wp-json\/wp\/v2\/types\/page"}],"author":[{"embeddable":true,"href":"https:\/\/www.ifsc.usp.br\/multiusuarios\/wp-json\/wp\/v2\/users\/1"}],"replies":[{"embeddable":true,"href":"https:\/\/www.ifsc.usp.br\/multiusuarios\/wp-json\/wp\/v2\/comments?post=9814"}],"version-history":[{"count":7,"href":"https:\/\/www.ifsc.usp.br\/multiusuarios\/wp-json\/wp\/v2\/pages\/9814\/revisions"}],"predecessor-version":[{"id":9962,"href":"https:\/\/www.ifsc.usp.br\/multiusuarios\/wp-json\/wp\/v2\/pages\/9814\/revisions\/9962"}],"wp:attachment":[{"href":"https:\/\/www.ifsc.usp.br\/multiusuarios\/wp-json\/wp\/v2\/media?parent=9814"}],"curies":[{"name":"wp","href":"https:\/\/api.w.org\/{rel}","templated":true}]}}