{"id":9859,"date":"2022-09-21T15:18:06","date_gmt":"2022-09-21T18:18:06","guid":{"rendered":"https:\/\/www.ifsc.usp.br\/multiusuarios\/?page_id=9859"},"modified":"2026-03-24T16:21:50","modified_gmt":"2026-03-24T19:21:50","slug":"cryo-em","status":"publish","type":"page","link":"https:\/\/www.ifsc.usp.br\/multiusuarios\/cryo-em\/","title":{"rendered":"Tundra (TEM) e Aquilos 2 (cryo-FIB SEM)"},"content":{"rendered":"<p>[vc_row rt_row_background_width=&#8221;default&#8221; rt_row_style=&#8221;default-style&#8221; rt_row_borders=&#8221;&#8221; rt_row_paddings=&#8221;true&#8221; rt_bg_effect=&#8221;classic&#8221; rt_bg_image_repeat=&#8221;repeat&#8221; rt_bg_size=&#8221;cover&#8221; rt_bg_position=&#8221;right top&#8221; rt_bg_attachment=&#8221;scroll&#8221; rt_bg_video_format=&#8221;self-hosted&#8221;][vc_column rt_wrp_col_paddings=&#8221;false&#8221; rt_border_top=&#8221;&#8221; rt_border_bottom=&#8221;&#8221; rt_border_left=&#8221;&#8221; rt_border_right=&#8221;&#8221; rt_border_top_mobile=&#8221;&#8221; rt_border_bottom_mobile=&#8221;&#8221; rt_border_left_mobile=&#8221;&#8221; rt_border_right_mobile=&#8221;&#8221; rt_bg_image_repeat=&#8221;repeat&#8221; rt_bg_size=&#8221;auto auto&#8221; rt_bg_position=&#8221;right top&#8221; rt_bg_attachment=&#8221;scroll&#8221; rt_padding_left=&#8221;60px&#8221; rt_padding_right=&#8221;60px&#8221;][vc_column_text]<\/p>\n<h4>Tundra (TEM) e Aquilos 2 (cryo-FIB SEM)<\/h4>\n<p><strong>Grupo de Cristalografia (GC) \u2013 IFSC \u2013 USP &#8211; \u00c1rea 2<\/strong><\/p>\n<header><strong>Comit\u00ea Gestor<img loading=\"lazy\" decoding=\"async\" class=\"wp-image-9862 alignright\" src=\"https:\/\/www.ifsc.usp.br\/multiusuarios\/wp-content\/uploads\/2022\/09\/captura-de-tela-2022-09-21-151939-300x189.png\" alt=\"\" width=\"500\" height=\"316\" srcset=\"https:\/\/www.ifsc.usp.br\/multiusuarios\/wp-content\/uploads\/2022\/09\/captura-de-tela-2022-09-21-151939-300x189.png 300w, https:\/\/www.ifsc.usp.br\/multiusuarios\/wp-content\/uploads\/2022\/09\/captura-de-tela-2022-09-21-151939.png 724w\" sizes=\"auto, (max-width: 500px) 100vw, 500px\" \/><\/strong><\/header>\n<ul>\n<li>Prof. Dr. Glaucius Oliva<\/li>\n<li>Prof. Dr. Andre Luis Berteli Ambrosio<\/li>\n<\/ul>\n<p>E-mail para contato: oliva@ifsc.usp.br<\/p>\n<header><strong>Comit\u00ea de Usu\u00e1rios<\/strong><\/header>\n<ul>\n<li>Prof. Dr. Richard Charles Garratt<\/li>\n<li>Prof. Dr. Rafael Vict\u00f3rio Carvalho Guido<\/li>\n<li>Facility manager (To be hired)<\/li>\n<\/ul>\n<p>[\/vc_column_text][\/vc_column][\/vc_row][vc_row rt_row_background_width=&#8221;default&#8221; rt_row_style=&#8221;default-style&#8221; rt_row_borders=&#8221;&#8221; rt_row_paddings=&#8221;true&#8221; rt_bg_effect=&#8221;classic&#8221; rt_bg_image_repeat=&#8221;repeat&#8221; rt_bg_size=&#8221;cover&#8221; rt_bg_position=&#8221;right top&#8221; rt_bg_attachment=&#8221;scroll&#8221; rt_bg_video_format=&#8221;self-hosted&#8221;][vc_column width=&#8221;1\/2&#8243; rt_wrp_col_paddings=&#8221;false&#8221; rt_border_top=&#8221;&#8221; rt_border_bottom=&#8221;&#8221; rt_border_left=&#8221;&#8221; rt_border_right=&#8221;&#8221; rt_border_top_mobile=&#8221;&#8221; rt_border_bottom_mobile=&#8221;&#8221; rt_border_left_mobile=&#8221;&#8221; rt_border_right_mobile=&#8221;&#8221; rt_bg_image_repeat=&#8221;repeat&#8221; rt_bg_size=&#8221;auto auto&#8221; rt_bg_position=&#8221;right top&#8221; rt_bg_attachment=&#8221;scroll&#8221; rt_padding_left=&#8221;60px&#8221;][vc_message icon_fontawesome=&#8221;fa fa-cog&#8221;]<strong>Equipamentos<\/strong><\/p>\n<p><b>Tundra cryo-TEM <\/b>(Thermo Scientific) \u00e9 um microsc\u00f3pio eletr\u00f4nico de transmiss\u00e3o (TEM) de baixa tens\u00e3o totalmente automatizado, com carregamento e descarregamento r\u00e1pido de amostras, tomada de decis\u00e3o auxiliada por intelig\u00eancia artificial e coleta simplificada de dados para an\u00e1lise de part\u00edculas isoladas (SPA) e avalia\u00e7\u00e3o qualitativa de lamelas celulares (para cryo-ET) ou cristalinas (para micro-ED); <b>Aquilos 2 cryo-FIB SEM <\/b>(Thermo Scientific) \u00e9 um microsc\u00f3pio de duplo feixe \u2013 FIB (feixe focalizado de \u00edons) e SEM (microsc\u00f3pio eletr\u00f4nico de varredura) \u2013 dedicado \u00e0 prepara\u00e7\u00e3o de lamelas el\u00e9tron-transparentes para cryo-ET \u2013 integrado \u00e0 um microsc\u00f3pio de fluoresc\u00eancia (iFLM) para imagem correlativa de el\u00e9trons e luz (CLEM), que permitem a identifica\u00e7\u00e3o e localiza\u00e7\u00e3o de regi\u00f5es subcelulares de interesse. Aquilos 2 tamb\u00e9m permite a prepara\u00e7\u00e3o, por afinamento nanom\u00e9trico, de cristais para micro-ED.[\/vc_message][vc_message icon_fontawesome=&#8221;fa fa-user-o&#8221;]<strong>Plano de Gest\u00e3o de Uso<\/strong><\/p>\n<p><u>Localiza\u00e7\u00e3o<\/u>: Grupo Cristalografia (GC) \u2013 IFSC\/USP, \u00c1rea 2.<br \/>\n<u>Procedimentos para utiliza\u00e7\u00e3o<\/u>: Deve-se preencher, por completo,\u00a0 e submeter o\u00a0formul\u00e1rio espec\u00edfico (em breve) para livia@ifsc.usp.br, incluindo um resumo sucinto do projeto no corpo do e-mail.<br \/>\n<u>Crit\u00e9rios<\/u>: <b>Tundra<\/b>: O usu\u00e1rio deve demonstrar (i) a purifica\u00e7\u00e3o da prote\u00edna de interesse, preferencialmente at\u00e9 homogeneidade, por an\u00e1lise eletrofor\u00e9tica, e (ii) alto grau de homogeneidade populacional, por espalhamento din\u00e2mico de luz, ou equivalente. <b>Aquilos 2<\/b>: O usu\u00e1rio deve demonstrar a viabilidade do sistema celular expressando a amostra de interesse, preferencialmente fusionada \u00e0 cauda fluorescente ou a capacidade de crescimento reprodut\u00edvel de cristais.[\/vc_message][\/vc_column][vc_column width=&#8221;1\/2&#8243; rt_wrp_col_paddings=&#8221;false&#8221; rt_border_top=&#8221;&#8221; rt_border_bottom=&#8221;&#8221; rt_border_left=&#8221;&#8221; rt_border_right=&#8221;&#8221; rt_border_top_mobile=&#8221;&#8221; rt_border_bottom_mobile=&#8221;&#8221; rt_border_left_mobile=&#8221;&#8221; rt_border_right_mobile=&#8221;&#8221; rt_bg_image_repeat=&#8221;repeat&#8221; rt_bg_size=&#8221;auto auto&#8221; rt_bg_position=&#8221;right top&#8221; rt_bg_attachment=&#8221;scroll&#8221; rt_padding_right=&#8221;60px&#8221;][vc_message icon_fontawesome=&#8221;fa fa-credit-card-alt&#8221;]<\/p>\n<div class=\"content\">\n<p><strong>Taxas de Servi\u00e7o e Agendamento<\/strong><\/p>\n<p><u>Agendamento<\/u>: As solicita\u00e7\u00f5es ser\u00e3o avaliadas e priorizadas pelo grupo gestor, considerando seu conte\u00fado, relev\u00e2ncia, urg\u00eancia e aplicabilidade, em um fluxo semanal.<\/p>\n<p><img loading=\"lazy\" decoding=\"async\" class=\"alignleft wp-image-9865 size-full\" src=\"https:\/\/www.ifsc.usp.br\/multiusuarios\/wp-content\/uploads\/2022\/09\/captura-de-tela-2022-09-21-152446.png\" alt=\"\" width=\"498\" height=\"292\" srcset=\"https:\/\/www.ifsc.usp.br\/multiusuarios\/wp-content\/uploads\/2022\/09\/captura-de-tela-2022-09-21-152446.png 498w, https:\/\/www.ifsc.usp.br\/multiusuarios\/wp-content\/uploads\/2022\/09\/captura-de-tela-2022-09-21-152446-300x176.png 300w\" sizes=\"auto, (max-width: 498px) 100vw, 498px\" \/><\/p>\n<\/div>\n<p>[\/vc_message][vc_message icon_fontawesome=&#8221;fa fa-book&#8221;]<\/p>\n<div class=\"content\">\n<p><strong>Refer\u00eancias<\/strong><\/p>\n<p>Os trabalhos a serem publicados, incluindo artigos, teses, disserta\u00e7\u00f5es e monografias, dever\u00e3o mencionar o uso do Equipamento Multiusu\u00e1rio e projeto EMU\/FAPESP 2022\/11403-8.<\/p>\n<p><img loading=\"lazy\" decoding=\"async\" class=\"alignnone wp-image-9816\" src=\"https:\/\/www.ifsc.usp.br\/multiusuarios\/wp-content\/uploads\/2022\/06\/fapesp-300x65.jpg\" alt=\"\" width=\"100\" height=\"22\" srcset=\"https:\/\/www.ifsc.usp.br\/multiusuarios\/wp-content\/uploads\/2022\/06\/fapesp-300x65.jpg 300w, https:\/\/www.ifsc.usp.br\/multiusuarios\/wp-content\/uploads\/2022\/06\/fapesp.jpg 500w\" sizes=\"auto, (max-width: 100px) 100vw, 100px\" \/><\/p>\n<\/div>\n<p>[\/vc_message][\/vc_column][\/vc_row]<\/p>\n","protected":false},"excerpt":{"rendered":"<p>[vc_row rt_row_background_width=&#8221;default&#8221; rt_row_style=&#8221;default-style&#8221; rt_row_borders=&#8221;&#8221; rt_row_paddings=&#8221;true&#8221; rt_bg_effect=&#8221;classic&#8221; rt_bg_image_repeat=&#8221;repeat&#8221; rt_bg_size=&#8221;cover&#8221; rt_bg_position=&#8221;right top&#8221; rt_bg_attachment=&#8221;scroll&#8221; rt_bg_video_format=&#8221;self-hosted&#8221;][vc_column rt_wrp_col_paddings=&#8221;false&#8221; rt_border_top=&#8221;&#8221; rt_border_bottom=&#8221;&#8221; rt_border_left=&#8221;&#8221; rt_border_right=&#8221;&#8221; rt_border_top_mobile=&#8221;&#8221; rt_border_bottom_mobile=&#8221;&#8221; rt_border_left_mobile=&#8221;&#8221; rt_border_right_mobile=&#8221;&#8221; rt_bg_image_repeat=&#8221;repeat&#8221; rt_bg_size=&#8221;auto auto&#8221; rt_bg_position=&#8221;right top&#8221; rt_bg_attachment=&#8221;scroll&#8221; rt_padding_left=&#8221;60px&#8221; rt_padding_right=&#8221;60px&#8221;][vc_column_text] Tundra (TEM) e Aquilos 2 (cryo-FIB SEM) Grupo de Cristalografia (GC) \u2013 IFSC \u2013 USP &#8211; \u00c1rea 2 Comit\u00ea Gestor Prof. Dr. Glaucius Oliva Prof. Dr. [&hellip;]<\/p>\n","protected":false},"author":1,"featured_media":0,"parent":0,"menu_order":0,"comment_status":"closed","ping_status":"closed","template":"","meta":{"footnotes":""},"class_list":["post-9859","page","type-page","status-publish","hentry"],"_links":{"self":[{"href":"https:\/\/www.ifsc.usp.br\/multiusuarios\/wp-json\/wp\/v2\/pages\/9859","targetHints":{"allow":["GET"]}}],"collection":[{"href":"https:\/\/www.ifsc.usp.br\/multiusuarios\/wp-json\/wp\/v2\/pages"}],"about":[{"href":"https:\/\/www.ifsc.usp.br\/multiusuarios\/wp-json\/wp\/v2\/types\/page"}],"author":[{"embeddable":true,"href":"https:\/\/www.ifsc.usp.br\/multiusuarios\/wp-json\/wp\/v2\/users\/1"}],"replies":[{"embeddable":true,"href":"https:\/\/www.ifsc.usp.br\/multiusuarios\/wp-json\/wp\/v2\/comments?post=9859"}],"version-history":[{"count":6,"href":"https:\/\/www.ifsc.usp.br\/multiusuarios\/wp-json\/wp\/v2\/pages\/9859\/revisions"}],"predecessor-version":[{"id":9966,"href":"https:\/\/www.ifsc.usp.br\/multiusuarios\/wp-json\/wp\/v2\/pages\/9859\/revisions\/9966"}],"wp:attachment":[{"href":"https:\/\/www.ifsc.usp.br\/multiusuarios\/wp-json\/wp\/v2\/media?parent=9859"}],"curies":[{"name":"wp","href":"https:\/\/api.w.org\/{rel}","templated":true}]}}