{"id":9896,"date":"2024-09-11T16:06:27","date_gmt":"2024-09-11T19:06:27","guid":{"rendered":"https:\/\/www.ifsc.usp.br\/multiusuarios\/?page_id=9896"},"modified":"2024-09-11T16:14:02","modified_gmt":"2024-09-11T19:14:02","slug":"lblab","status":"publish","type":"page","link":"https:\/\/www.ifsc.usp.br\/multiusuarios\/lblab\/","title":{"rendered":"LBLab &#8211; Equipamento EP4SE &#8211; Elips\u00f4metro com Imageamento"},"content":{"rendered":"<p>[vc_row rt_row_background_width=&#8221;default&#8221; rt_row_style=&#8221;default-style&#8221; rt_row_borders=&#8221;&#8221; rt_row_paddings=&#8221;true&#8221; rt_bg_effect=&#8221;classic&#8221; rt_bg_image_repeat=&#8221;repeat&#8221; rt_bg_size=&#8221;cover&#8221; rt_bg_position=&#8221;right top&#8221; rt_bg_attachment=&#8221;scroll&#8221; rt_bg_video_format=&#8221;self-hosted&#8221;][vc_column rt_wrp_col_paddings=&#8221;false&#8221; rt_border_top=&#8221;&#8221; rt_border_bottom=&#8221;&#8221; rt_border_left=&#8221;&#8221; rt_border_right=&#8221;&#8221; rt_border_top_mobile=&#8221;&#8221; rt_border_bottom_mobile=&#8221;&#8221; rt_border_left_mobile=&#8221;&#8221; rt_border_right_mobile=&#8221;&#8221; rt_bg_image_repeat=&#8221;repeat&#8221; rt_bg_size=&#8221;auto auto&#8221; rt_bg_position=&#8221;right top&#8221; rt_bg_attachment=&#8221;scroll&#8221; rt_padding_left=&#8221;60px&#8221; rt_padding_right=&#8221;60px&#8221;][vc_column_text]<img loading=\"lazy\" decoding=\"async\" class=\"alignnone wp-image-9897 size-full\" src=\"https:\/\/www.ifsc.usp.br\/multiusuarios\/wp-content\/uploads\/2024\/09\/lblab-barra.png\" alt=\"\" width=\"945\" height=\"181\" srcset=\"https:\/\/www.ifsc.usp.br\/multiusuarios\/wp-content\/uploads\/2024\/09\/lblab-barra.png 945w, https:\/\/www.ifsc.usp.br\/multiusuarios\/wp-content\/uploads\/2024\/09\/lblab-barra-300x57.png 300w, https:\/\/www.ifsc.usp.br\/multiusuarios\/wp-content\/uploads\/2024\/09\/lblab-barra-768x147.png 768w\" sizes=\"auto, (max-width: 945px) 100vw, 945px\" \/>[\/vc_column_text][\/vc_column][\/vc_row][vc_row rt_row_background_width=&#8221;default&#8221; rt_row_style=&#8221;default-style&#8221; rt_row_borders=&#8221;&#8221; rt_row_paddings=&#8221;true&#8221; rt_bg_effect=&#8221;classic&#8221; rt_bg_image_repeat=&#8221;repeat&#8221; rt_bg_size=&#8221;cover&#8221; rt_bg_position=&#8221;right top&#8221; rt_bg_attachment=&#8221;scroll&#8221; rt_bg_video_format=&#8221;self-hosted&#8221;][vc_column width=&#8221;1\/2&#8243; rt_wrp_col_paddings=&#8221;false&#8221; rt_border_top=&#8221;&#8221; rt_border_bottom=&#8221;&#8221; rt_border_left=&#8221;&#8221; rt_border_right=&#8221;&#8221; rt_border_top_mobile=&#8221;&#8221; rt_border_bottom_mobile=&#8221;&#8221; rt_border_left_mobile=&#8221;&#8221; rt_border_right_mobile=&#8221;&#8221; rt_bg_image_repeat=&#8221;repeat&#8221; rt_bg_size=&#8221;auto auto&#8221; rt_bg_position=&#8221;right top&#8221; rt_bg_attachment=&#8221;scroll&#8221; rt_padding_left=&#8221;60px&#8221;][vc_message icon_fontawesome=&#8221;fa fa-cog&#8221;]<strong>Equipamento<\/strong><\/p>\n<ul>\n<li>Elipsometria &#8220;nulling&#8221; com possibilidades de imageamento<\/li>\n<li>Ilumina\u00e7\u00e3o por laser (658nm) ou Monocromador entre 360 e 950 nm<\/li>\n<li>Varia\u00e7\u00e3o do \u00c2ngulo de Incid\u00eancia (AOI) ou Comprimento de onda (\u03bb)<\/li>\n<li>Ultra-Objetiva para Microscopia de \u00c2ngulo de Brewster (BAM) em filmes de Langmuir<\/li>\n<li>Sistema de ilumina\u00e7\u00e3o em fenda para substratos transparentes<\/li>\n<li>Acess\u00f3rios para medidas em interface l\u00edquido\/l\u00edquido e l\u00edquido\/s\u00f3lido<\/li>\n<\/ul>\n<p><img loading=\"lazy\" decoding=\"async\" class=\"size-medium wp-image-9898 alignleft\" src=\"https:\/\/www.ifsc.usp.br\/multiusuarios\/wp-content\/uploads\/2024\/09\/elipsometro-300x175.jpg\" alt=\"\" width=\"300\" height=\"175\" srcset=\"https:\/\/www.ifsc.usp.br\/multiusuarios\/wp-content\/uploads\/2024\/09\/elipsometro-300x175.jpg 300w, https:\/\/www.ifsc.usp.br\/multiusuarios\/wp-content\/uploads\/2024\/09\/elipsometro.jpg 470w\" sizes=\"auto, (max-width: 300px) 100vw, 300px\" \/><\/p>\n<p><span lang=\"pt-BR\">* mais detalhes em: <a href=\"https:\/\/www.ifsc.usp.br\/multiusuarios\/wp-content\/uploads\/2024\/09\/ep4_product_flyer.pdf\" target=\"_blank\" rel=\"noopener\">product flyer<\/a><\/span><\/p>\n<p>&nbsp;<\/p>\n<p>&nbsp;<\/p>\n<p>&nbsp;<\/p>\n<p>&nbsp;<\/p>\n<h6>Elips\u00f4metro com imagem EP4SE<\/h6>\n<h6>*foto retirada do site do fabricante &#8211; <a href=\"http:\/\/www.accurion.com\" target=\"_blank\" rel=\"noopener\">http:\/\/www.accurion.com\/<\/a><\/h6>\n<p>[\/vc_message][vc_message]<strong>Aplica\u00e7\u00f5es<\/strong><\/p>\n<ul>\n<li>Avaliar morfologia e propriedades \u00f3ticas de filmes na interface ar-\u00e1gua<\/li>\n<li>Avaliar morfologia e propriedades \u00f3ticas de filmes em substratos s\u00f3lidos<\/li>\n<\/ul>\n<p>[\/vc_message][\/vc_column][vc_column width=&#8221;1\/2&#8243; rt_wrp_col_paddings=&#8221;false&#8221; rt_border_top=&#8221;&#8221; rt_border_bottom=&#8221;&#8221; rt_border_left=&#8221;&#8221; rt_border_right=&#8221;&#8221; rt_border_top_mobile=&#8221;&#8221; rt_border_bottom_mobile=&#8221;&#8221; rt_border_left_mobile=&#8221;&#8221; rt_border_right_mobile=&#8221;&#8221; rt_bg_image_repeat=&#8221;repeat&#8221; rt_bg_size=&#8221;auto auto&#8221; rt_bg_position=&#8221;right top&#8221; rt_bg_attachment=&#8221;scroll&#8221; rt_padding_right=&#8221;60px&#8221;][vc_message icon_fontawesome=&#8221;fa fa-user-o&#8221;]<strong>Plano de Gest\u00e3o e Uso:<\/strong><\/p>\n<ul>\n<li><b>O<\/b> equipamento est\u00e1 instalado no <b>LB<\/b><b>Lab<\/b> (sala limpa classe 10.000) do Grupo de Pol\u00edmeros Bernhard Gross &#8211; IFSC, acoplado a uma cuba de Langmuir KSV minitrough, especialmente adaptada ao equipamento. Os equipamentos instalados nesta sala limpa j\u00e1 s\u00e3o largamente utilizados por usu\u00e1rios externos ao Grupo de Pesquisa, com a supervis\u00e3o de pesquisadores do Grupo, mediante agendamento e an\u00e1lise pr\u00e9via de pertin\u00eancia e seguran\u00e7a dos experimentos a serem realizados.\u00a0 O mesmo ser\u00e1 aplicado ao elips\u00f4metro.<\/li>\n<li><b>U<\/b>su\u00e1rios que tenham interesse em utilizar o equipamento, sejam do IFSC ou de qualquer outra institui\u00e7\u00e3o dever\u00e3o preencher o formul\u00e1rio online dispon\u00edvel no link: <a href=\"https:\/\/docs.google.com\/forms\/d\/1KGTKSxC2qW8NYhvwxr9nwh-C77TVixWmFCrickvGH4M\/viewform?usp=send_form\" target=\"_blank\" rel=\"noopener\">Formul\u00e1rio Proposta de Uso<\/a>. Neste formul\u00e1rio deve ser fornecido um plano de trabalho conciso contendo os principais objetivos do experimento e justificativas da necessidade do uso do equipamento, bem como informa\u00e7\u00f5es sobre as subst\u00e2ncias a serem manipuladas e outras informa\u00e7\u00f5es requisitadas. O pedido ser\u00e1 analisado pelo comit\u00ea gestor, que pode negar o acesso caso haja incompatibilidade do experimento a ser realizado com o ambiente de sala limpa, ou caso o experimento possa ser realizado por elips\u00f4metro convencional, n\u00e3o dedicado \u00e0 filmes de Langmuir, otimizando assim o uso do instrumento avan\u00e7ado.<\/li>\n<li><b>O<\/b> agendamento ser\u00e1 feito de acordo com o esquema de instala\u00e7\u00e3o e demanda dos acess\u00f3rios e priorizando-se os Projetos Associados e Complementares envolvidos na aquisi\u00e7\u00e3o do equipamento.<\/li>\n<li><b>A<\/b>s eventuais despesas com consum\u00edveis ser\u00e3o custeadas pelo usu\u00e1rio.<\/li>\n<li><b>A<\/b> eventual cobran\u00e7a de taxas de servi\u00e7os ser\u00e1 feita atrav\u00e9s de uma das funda\u00e7\u00f5es associadas \u00e0 USP S\u00e3o Carlos, sendo que taxas diferenciadas para as solicita\u00e7\u00f5es provenientes de fora da \u00e1rea acad\u00eamica e externos ao IFSC\/USP podem ser aplicadas.<\/li>\n<li><b>O<\/b>s trabalhos a serem publicados, bem como teses, disserta\u00e7\u00f5es e monografias dever\u00e3o mencionar o uso do Equipamento Multi-Usu\u00e1rio (EMU\/FAPESP) \/ LBLab \/ Grupo de Pol\u00edmeros Prof. Bernhard Gross \/ IFSC.<\/li>\n<\/ul>\n<p>Para maiores informa\u00e7\u00f5es, o e-mail para contato \u00e9: <a href=\"mailto:elipsometro@ifsc.usp.br\"> elipsometro@ifsc.usp.br<\/a>[\/vc_message][vc_message icon_fontawesome=&#8221;fa fa-book&#8221;]<img loading=\"lazy\" decoding=\"async\" class=\"alignleft wp-image-9900 size-full\" src=\"https:\/\/www.ifsc.usp.br\/multiusuarios\/wp-content\/uploads\/2024\/09\/barra-rodape.png\" alt=\"\" width=\"931\" height=\"254\" srcset=\"https:\/\/www.ifsc.usp.br\/multiusuarios\/wp-content\/uploads\/2024\/09\/barra-rodape.png 931w, https:\/\/www.ifsc.usp.br\/multiusuarios\/wp-content\/uploads\/2024\/09\/barra-rodape-300x82.png 300w, https:\/\/www.ifsc.usp.br\/multiusuarios\/wp-content\/uploads\/2024\/09\/barra-rodape-768x210.png 768w\" sizes=\"auto, (max-width: 931px) 100vw, 931px\" \/><\/p>\n<p>&nbsp;<\/p>\n<p>[\/vc_message][\/vc_column][\/vc_row]<\/p>\n","protected":false},"excerpt":{"rendered":"<p>[vc_row rt_row_background_width=&#8221;default&#8221; rt_row_style=&#8221;default-style&#8221; rt_row_borders=&#8221;&#8221; rt_row_paddings=&#8221;true&#8221; rt_bg_effect=&#8221;classic&#8221; rt_bg_image_repeat=&#8221;repeat&#8221; rt_bg_size=&#8221;cover&#8221; rt_bg_position=&#8221;right top&#8221; rt_bg_attachment=&#8221;scroll&#8221; rt_bg_video_format=&#8221;self-hosted&#8221;][vc_column rt_wrp_col_paddings=&#8221;false&#8221; rt_border_top=&#8221;&#8221; rt_border_bottom=&#8221;&#8221; rt_border_left=&#8221;&#8221; rt_border_right=&#8221;&#8221; rt_border_top_mobile=&#8221;&#8221; rt_border_bottom_mobile=&#8221;&#8221; rt_border_left_mobile=&#8221;&#8221; rt_border_right_mobile=&#8221;&#8221; rt_bg_image_repeat=&#8221;repeat&#8221; rt_bg_size=&#8221;auto auto&#8221; rt_bg_position=&#8221;right top&#8221; rt_bg_attachment=&#8221;scroll&#8221; rt_padding_left=&#8221;60px&#8221; rt_padding_right=&#8221;60px&#8221;][vc_column_text][\/vc_column_text][\/vc_column][\/vc_row][vc_row rt_row_background_width=&#8221;default&#8221; rt_row_style=&#8221;default-style&#8221; rt_row_borders=&#8221;&#8221; rt_row_paddings=&#8221;true&#8221; rt_bg_effect=&#8221;classic&#8221; rt_bg_image_repeat=&#8221;repeat&#8221; rt_bg_size=&#8221;cover&#8221; rt_bg_position=&#8221;right top&#8221; rt_bg_attachment=&#8221;scroll&#8221; rt_bg_video_format=&#8221;self-hosted&#8221;][vc_column width=&#8221;1\/2&#8243; rt_wrp_col_paddings=&#8221;false&#8221; rt_border_top=&#8221;&#8221; rt_border_bottom=&#8221;&#8221; rt_border_left=&#8221;&#8221; rt_border_right=&#8221;&#8221; rt_border_top_mobile=&#8221;&#8221; rt_border_bottom_mobile=&#8221;&#8221; rt_border_left_mobile=&#8221;&#8221; rt_border_right_mobile=&#8221;&#8221; rt_bg_image_repeat=&#8221;repeat&#8221; rt_bg_size=&#8221;auto auto&#8221; rt_bg_position=&#8221;right top&#8221; [&hellip;]<\/p>\n","protected":false},"author":1,"featured_media":0,"parent":0,"menu_order":0,"comment_status":"closed","ping_status":"closed","template":"","meta":{"footnotes":""},"class_list":["post-9896","page","type-page","status-publish","hentry"],"_links":{"self":[{"href":"https:\/\/www.ifsc.usp.br\/multiusuarios\/wp-json\/wp\/v2\/pages\/9896","targetHints":{"allow":["GET"]}}],"collection":[{"href":"https:\/\/www.ifsc.usp.br\/multiusuarios\/wp-json\/wp\/v2\/pages"}],"about":[{"href":"https:\/\/www.ifsc.usp.br\/multiusuarios\/wp-json\/wp\/v2\/types\/page"}],"author":[{"embeddable":true,"href":"https:\/\/www.ifsc.usp.br\/multiusuarios\/wp-json\/wp\/v2\/users\/1"}],"replies":[{"embeddable":true,"href":"https:\/\/www.ifsc.usp.br\/multiusuarios\/wp-json\/wp\/v2\/comments?post=9896"}],"version-history":[{"count":3,"href":"https:\/\/www.ifsc.usp.br\/multiusuarios\/wp-json\/wp\/v2\/pages\/9896\/revisions"}],"predecessor-version":[{"id":9903,"href":"https:\/\/www.ifsc.usp.br\/multiusuarios\/wp-json\/wp\/v2\/pages\/9896\/revisions\/9903"}],"wp:attachment":[{"href":"https:\/\/www.ifsc.usp.br\/multiusuarios\/wp-json\/wp\/v2\/media?parent=9896"}],"curies":[{"name":"wp","href":"https:\/\/api.w.org\/{rel}","templated":true}]}}