{"id":8275,"date":"2017-03-29T15:49:00","date_gmt":"2017-03-29T18:49:00","guid":{"rendered":"http:\/\/www.ifsc.usp.br\/~qualidade\/qualidadewp\/?page_id=8275"},"modified":"2022-01-10T11:01:27","modified_gmt":"2022-01-10T14:01:27","slug":"historico","status":"publish","type":"page","link":"https:\/\/www.ifsc.usp.br\/qualidade\/historico\/","title":{"rendered":"Hist\u00f3rico"},"content":{"rendered":"<p>[vc_row rt_row_background_width=&#8221;default&#8221; rt_row_style=&#8221;default-style&#8221; rt_row_borders=&#8221;&#8221; rt_row_paddings=&#8221;true&#8221; rt_bg_effect=&#8221;classic&#8221; rt_bg_image_repeat=&#8221;repeat&#8221; rt_bg_size=&#8221;cover&#8221; rt_bg_position=&#8221;right top&#8221; rt_bg_attachment=&#8221;scroll&#8221; rt_bg_video_format=&#8221;self-hosted&#8221;][vc_column rt_wrp_col_paddings=&#8221;false&#8221; rt_border_top=&#8221;&#8221; rt_border_bottom=&#8221;&#8221; rt_border_left=&#8221;&#8221; rt_border_right=&#8221;&#8221; rt_border_top_mobile=&#8221;&#8221; rt_border_bottom_mobile=&#8221;&#8221; rt_border_left_mobile=&#8221;&#8221; rt_border_right_mobile=&#8221;&#8221; rt_bg_image_repeat=&#8221;repeat&#8221; rt_bg_size=&#8221;auto auto&#8221; rt_bg_position=&#8221;right top&#8221; rt_bg_attachment=&#8221;scroll&#8221;][vc_column_text]Em 1\u00ba de julho de 1996 foi constitu\u00edda a primeira Comiss\u00e3o de Gest\u00e3o da Qualidade e Produtividade do Instituto de F\u00edsica de S\u00e3o Carlos atrav\u00e9s de Portaria IFSC 031\/96 pela ent\u00e3o Diretora Profa. Dra. Yvonne Primerano Mascarenhas. A mesma era composta pelo Prof. Dr. Oscar Hip\u00f3lito e pelos funcion\u00e1rios Maria Helena Di Francisco e Francisco Jos\u00e9 Magalh\u00e3es. Sofreu algumas altera\u00e7\u00f5es em sua composi\u00e7\u00e3o continuando ativa at\u00e9 19 de junho de 1998, quando os trabalhos da Comiss\u00e3o foram interrompidos durante a gest\u00e3o do Diretor Prof. Dr. Hor\u00e1cio Carlos Panepucci.<\/p>\n<p><strong>Atividades desenvolvidas durante a primeira gest\u00e3o<\/strong><\/p>\n<ul>\n<li>Palestras e semin\u00e1rios para os funcion\u00e1rios;<\/li>\n<li>Normatiza\u00e7\u00e3o para divulga\u00e7\u00e3o de documentos e not\u00edcias nos murais da Unidade (Opera\u00e7\u00e3o Limpa-Murais);<\/li>\n<li>Limpeza dos bebedouros de \u00e1gua;<\/li>\n<li>Limpeza dos Filtros dos equipamentos de ar condicionado;<\/li>\n<li>Reforma de banheiros;<\/li>\n<li>Exame bacteriol\u00f3gico da \u00e1gua usada no IFSC;<\/li>\n<li>An\u00e1lise da limpeza dos pr\u00e9dios do IFSC feita por firma externa;<\/li>\n<li>Estudo sobre a sinaliza\u00e7\u00e3o e envio \u00e0 Comiss\u00e3o de Qualidade e Produtividade da Reitoria projeto para implementar a sinaliza\u00e7\u00e3o no IFSC;<\/li>\n<li>Devemos destacar o boletim quinzenal IFSComunica e outras atividades ligadas ao USP Recicla e \u00e0 Comiss\u00e3o Interna de Preven\u00e7\u00e3o de Acidentes (CIPA).<\/li>\n<\/ul>\n<p>O boletim informativo IFSComunica foi criado por iniciativa da Comiss\u00e3o de Gest\u00e3o da Qualidade e Produtividade do IFSC em outubro de 1997, com o objetivo de divulgar informa\u00e7\u00f5es de interesse da comunidade, de forma sucinta e objetiva, diminuindo a circula\u00e7\u00e3o de c\u00f3pias de documentos e desperd\u00edcio de material.<\/p>\n<p>A partir de meados de 1998, o IFSComunica inaugurou uma nova se\u00e7\u00e3o, dedicada a divulgar trabalhos de pesquisa desenvolvidos por nossos docentes, novos projetos, resultados e novidades cient\u00edficas, e com uma tiragem de 500 exemplares iniciou circula\u00e7\u00e3o externa ao IFSC, at\u00e9 outubro de 1999.<\/p>\n<p>A Comiss\u00e3o de Gest\u00e3o da Qualidade e Produtividade esteve formalmente extinta de junho de 1998 at\u00e9 20 de janeiro de 2006, por\u00e9m o Instituto de F\u00edsica sempre se preocupou com atividades ligadas \u00e0 sua qualidade e produtividade, que podem ser mensuradas atrav\u00e9s das comiss\u00f5es e trabalhos efetivamente executados.<\/p>\n<p>Em 18 de novembro de 2005 o Diretor Prof. Dr. Roberto Mendon\u00e7a Faria encaminhou \u00e0 Comiss\u00e3o de Qualidade e Produtividade da USP a proposta do Programa de Qualidade e Produtividade do IFSC, visando a obten\u00e7\u00e3o de apoio t\u00e9cnico e financeiro para a implementa\u00e7\u00e3o do mesmo.<\/p>\n<p>Em 20 de janeiro 2006\u00a0atrav\u00e9s de <a href=\"https:\/\/www.ifsc.usp.br\/qualidade\/wp-content\/uploads\/2017\/03\/portaria_ifsc_004_2006.pdf\">Portaria IFSC 004\/06<\/a>\u00a0do Diretor Prof. Dr. Roberto Mendon\u00e7a Faria, a Comiss\u00e3o de Gest\u00e3o da Qualidade e Produtividade do Instituto de F\u00edsica de S\u00e3o Carlos, foi institu\u00edda.<br \/>\nEm 09 de abril de 2008, atrav\u00e9s da <a href=\"https:\/\/www.ifsc.usp.br\/qualidade\/wp-content\/uploads\/2017\/03\/portaria_ifsc_015_2008.pdf\">Portaria IFSC 015\/2008<\/a>, houve adequa\u00e7\u00e3o da denomina\u00e7\u00e3o da Comiss\u00e3o ficando &#8220;Comiss\u00e3o GesP\u00fablica de Gest\u00e3o da Qualidade e Produtividade do IFSC&#8221;.<\/p>\n<p>Em 22 de outubro de 2009, atrav\u00e9s da <a href=\"https:\/\/www.ifsc.usp.br\/qualidade\/wp-content\/uploads\/2017\/03\/portaria_ifsc_046_2009.pdf\">Portaria IFSC 046\/2009<\/a>, foi aprovado o <a href=\"https:\/\/www.ifsc.usp.br\/qualidade\/wp-content\/uploads\/2017\/03\/regimento_2009.pdf\">Regimento da CGQP<\/a>, que disciplina o funcionamento da Comiss\u00e3o bem como sua composi\u00e7\u00e3o.<\/p>\n<p>Em 04 de junho de 2012, atrav\u00e9s da <a href=\"https:\/\/www.ifsc.usp.br\/qualidade\/wp-content\/uploads\/2017\/03\/2012_portaria_29.pdf\">Portaria IFSC 029\/2012<\/a>, a composi\u00e7\u00e3o foi institu\u00edda com mandato de 2 anos para os membros.<\/p>\n<p>Em 10 de setembro de 2014, atrav\u00e9s da <a href=\"https:\/\/www.ifsc.usp.br\/qualidade\/wp-content\/uploads\/2017\/03\/2014_portaria_36.pdf\">Portaria IFSC 036\/2014<\/a>, a composi\u00e7\u00e3o foi institu\u00edda, sendo de dois anos o mandato dos membros eleitos e indicados.<\/p>\n<p>[\/vc_column_text][\/vc_column][\/vc_row]<\/p>\n","protected":false},"excerpt":{"rendered":"<p>[vc_row rt_row_background_width=&#8221;default&#8221; rt_row_style=&#8221;default-style&#8221; rt_row_borders=&#8221;&#8221; rt_row_paddings=&#8221;true&#8221; rt_bg_effect=&#8221;classic&#8221; rt_bg_image_repeat=&#8221;repeat&#8221; rt_bg_size=&#8221;cover&#8221; rt_bg_position=&#8221;right top&#8221; rt_bg_attachment=&#8221;scroll&#8221; rt_bg_video_format=&#8221;self-hosted&#8221;][vc_column rt_wrp_col_paddings=&#8221;false&#8221; rt_border_top=&#8221;&#8221; rt_border_bottom=&#8221;&#8221; rt_border_left=&#8221;&#8221; rt_border_right=&#8221;&#8221; rt_border_top_mobile=&#8221;&#8221; rt_border_bottom_mobile=&#8221;&#8221; rt_border_left_mobile=&#8221;&#8221; rt_border_right_mobile=&#8221;&#8221; rt_bg_image_repeat=&#8221;repeat&#8221; rt_bg_size=&#8221;auto auto&#8221; rt_bg_position=&#8221;right top&#8221; rt_bg_attachment=&#8221;scroll&#8221;][vc_column_text]Em 1\u00ba de julho de 1996 foi constitu\u00edda a primeira Comiss\u00e3o de Gest\u00e3o da Qualidade e Produtividade do Instituto de F\u00edsica de S\u00e3o Carlos atrav\u00e9s de Portaria IFSC 031\/96 [&hellip;]<\/p>\n","protected":false},"author":5,"featured_media":0,"parent":0,"menu_order":0,"comment_status":"closed","ping_status":"closed","template":"","meta":{"footnotes":""},"class_list":["post-8275","page","type-page","status-publish","hentry"],"_links":{"self":[{"href":"https:\/\/www.ifsc.usp.br\/qualidade\/wp-json\/wp\/v2\/pages\/8275","targetHints":{"allow":["GET"]}}],"collection":[{"href":"https:\/\/www.ifsc.usp.br\/qualidade\/wp-json\/wp\/v2\/pages"}],"about":[{"href":"https:\/\/www.ifsc.usp.br\/qualidade\/wp-json\/wp\/v2\/types\/page"}],"author":[{"embeddable":true,"href":"https:\/\/www.ifsc.usp.br\/qualidade\/wp-json\/wp\/v2\/users\/5"}],"replies":[{"embeddable":true,"href":"https:\/\/www.ifsc.usp.br\/qualidade\/wp-json\/wp\/v2\/comments?post=8275"}],"version-history":[{"count":9,"href":"https:\/\/www.ifsc.usp.br\/qualidade\/wp-json\/wp\/v2\/pages\/8275\/revisions"}],"predecessor-version":[{"id":8920,"href":"https:\/\/www.ifsc.usp.br\/qualidade\/wp-json\/wp\/v2\/pages\/8275\/revisions\/8920"}],"wp:attachment":[{"href":"https:\/\/www.ifsc.usp.br\/qualidade\/wp-json\/wp\/v2\/media?parent=8275"}],"curies":[{"name":"wp","href":"https:\/\/api.w.org\/{rel}","templated":true}]}}