{"id":8278,"date":"2017-03-29T15:51:25","date_gmt":"2017-03-29T18:51:25","guid":{"rendered":"http:\/\/www.ifsc.usp.br\/~qualidade\/qualidadewp\/?page_id=8278"},"modified":"2022-04-06T09:31:22","modified_gmt":"2022-04-06T12:31:22","slug":"comissoes-anteriores","status":"publish","type":"page","link":"https:\/\/www.ifsc.usp.br\/qualidade\/comissoes-anteriores\/","title":{"rendered":"Comiss\u00f5es anteriores"},"content":{"rendered":"<p>[vc_row rt_row_background_width=&#8221;default&#8221; rt_row_style=&#8221;default-style&#8221; rt_row_borders=&#8221;&#8221; rt_row_paddings=&#8221;true&#8221; rt_bg_effect=&#8221;classic&#8221; rt_bg_image_repeat=&#8221;repeat&#8221; rt_bg_size=&#8221;cover&#8221; rt_bg_position=&#8221;right top&#8221; rt_bg_attachment=&#8221;scroll&#8221; rt_bg_video_format=&#8221;self-hosted&#8221;][vc_column rt_wrp_col_paddings=&#8221;false&#8221; rt_border_top=&#8221;&#8221; rt_border_bottom=&#8221;&#8221; rt_border_left=&#8221;&#8221; rt_border_right=&#8221;&#8221; rt_border_top_mobile=&#8221;&#8221; rt_border_bottom_mobile=&#8221;&#8221; rt_border_left_mobile=&#8221;&#8221; rt_border_right_mobile=&#8221;&#8221; rt_bg_image_repeat=&#8221;repeat&#8221; rt_bg_size=&#8221;auto auto&#8221; rt_bg_position=&#8221;right top&#8221; rt_bg_attachment=&#8221;scroll&#8221;][vc_column_text]<\/p>\n<ul>\n<li>Em 21 de junho de 2017, com mandato de 2 anos pela <a href=\"https:\/\/www.ifsc.usp.br\/qualidade\/wp-content\/uploads\/2017\/03\/PortariaIFSC-028-2017.pdf\">Portaria IFSC 028\/2017<\/a>, foram institu\u00eddos os membros da CGQP:<br \/>\nProf. Dr. Greg\u00f3rio Couto Faria &#8211; Presidente;<br \/>\nAdriano Castellem;<br \/>\nElizabete dos Santos Ribeiro;<br \/>\nGracielli Batista Pepe Cardoso;<br \/>\nGustavo Deczka Telles;<br \/>\nMarcos Roberto Cardoso;<br \/>\nVictor da Cruz Coelho.<\/li>\n<\/ul>\n<ul>\n<li>Em 10 de setembro de 2014, com mandato de 2 anos pela <a href=\"https:\/\/www.ifsc.usp.br\/qualidade\/wp-content\/uploads\/2017\/03\/2014_portaria_36.pdf\">Portaria IFSC 036\/2014<\/a>, foram institu\u00eddos os membros da CGQP:<br \/>\nProf. Dr. Alessandro Silva Nascimento &#8211; Presidente;<br \/>\nAna Paula Plazza Alexandre;<br \/>\nCarlos Nazareth Gon\u00e7alves;<br \/>\nFl\u00e1via Oliveira Santos de S\u00e1 Lisboa &#8211; Secret\u00e1ria;<br \/>\nKilvia Mayre Farias;<br \/>\nSimone Cristina Delgado Possatto &#8211; Vice-Presidente;<br \/>\nTatiana Gladcheff Zanon Spina.<\/li>\n<li>Com mandato de 2 anos, em 4 de junho de 2012, a <a href=\"https:\/\/www.ifsc.usp.br\/qualidade\/wp-content\/uploads\/2017\/03\/2012_portaria_29.pdf\">Portaria IFSC 029\/2012<\/a>\u00a0instituiu os membros da CGQP:<br \/>\nProf. Dr. Luiz Vitor de Souza Filho \u00a0&#8211; Presidente;<br \/>\nAna Mara Marques da Cunha Prado;<br \/>\nClaudia Tofaneli\u00a0&#8211; Secret\u00e1ria;<br \/>\nFl\u00e1via Oliveira Santos de S\u00e1 Lisboa &#8211; Vice-Presidente;<br \/>\nKilvia Mayre Farias Magalh\u00e3es;<br \/>\nSimone Yamauti;<br \/>\nThais Fernanda Gon\u00e7alves de Souza Monzane.<\/li>\n<\/ul>\n<ul>\n<li>Em 02 de mar\u00e7o de 2010, a <a href=\"https:\/\/www.ifsc.usp.br\/qualidade\/wp-content\/uploads\/2017\/03\/portaria_ifsc_007_2010.pdf\">Portaria IFSC 007\/2010<\/a>\u00a0(<a href=\"https:\/\/www.ifsc.usp.br\/qualidade\/wp-content\/uploads\/2017\/03\/portaria_ifsc_022_2010.pdf\">alterada pela Portaria IFSC 022\/2010<\/a>), institu\u00eda a composi\u00e7\u00e3o da Comiss\u00e3o com mandato de 2 anos para os membros.<br \/>\nProfa. Dra. Cristina Kurachi &#8211; Presidente;<br \/>\nAna Mara Marques da Cunha Prado;<br \/>\nAna Paula Plazza Alexandre &#8211; Vice-Presidente;<br \/>\nClaudia Tofaneli\u00a0&#8211; Secret\u00e1ria;<br \/>\nDaniele Santini Jacinto;<br \/>\nPaulo Rog\u00e9rio Blandino;<br \/>\nS\u00edlvio C\u00e9sar Athayde.<\/li>\n<li>Com a <a href=\"https:\/\/www.ifsc.usp.br\/qualidade\/wp-content\/uploads\/2017\/03\/portaria_ifsc_012_2009.pdf\">Portaria IFSC 012\/2009<\/a>, que alterava a Portaria IFSC 015\/2008,\u00a0a CGQP ficou com a seguinte composi\u00e7\u00e3o:<br \/>\nProfa. Dra. Ana Paula Ulian de Ara\u00fajo &#8211; Presidente;<br \/>\nAna Paula Plazza Alexandre;<br \/>\nAndressa Patr\u00edcia Alves Pinto;<br \/>\nClaudia Tofaneli &#8211; Secret\u00e1ria;<br \/>\nFl\u00e1via Oliveira Santos de S\u00e1 Lisboa;<br \/>\nLirio Onofre Batista de Almeida;<br \/>\nLuciano Douglas dos Santos Abel;<br \/>\nMarcelo Rubens Barsi Andreeta;<br \/>\nMaria Helena Braga de Carvalho;<br \/>\nMarilza Aparecida Rodrigues Tognetti;<br \/>\nYvone Aparecida Biason Lopes.<\/li>\n<li>Em 09 de abril de 2008, atrav\u00e9s da <a href=\"https:\/\/www.ifsc.usp.br\/qualidade\/wp-content\/uploads\/2017\/03\/portaria_ifsc_015_2008.pdf\">Portaria IFSC 015\/2008<\/a>, indicou-se novos membros e houve a adequa\u00e7\u00e3o da denomina\u00e7\u00e3o da Comiss\u00e3o ficando &#8220;Comiss\u00e3o GesP\u00fablica de Gest\u00e3o da Qualidade e Produtividade do IFSC&#8221;.<br \/>\nProfa. Dra. Ana Paula Ulian de Ara\u00fajo &#8211; Presidente;<br \/>\nAna Paula Plazza Alexandre;<br \/>\nAndressa Patr\u00edcia Alves Pinto;<br \/>\nClaudia Tofaneli;<br \/>\nFl\u00e1via Oliveira Santos de S\u00e1 Lisboa;<br \/>\nJulio Endrigo Zenatte;<br \/>\nLirio Onofre Batista de Almeida;<br \/>\nLuciano Douglas dos Santos Abel;<br \/>\nMarcelo Rubens Barsi Andreeta;<br \/>\nMaria Helena Braga de Carvalho &#8211; Secret\u00e1ria;<br \/>\nMarilza Aparecida Rodrigues Tognetti;<br \/>\nYvone Aparecida Biason Lopes.<\/li>\n<\/ul>\n<ul>\n<li>Em 20 de janeiro 2006 atrav\u00e9s de <a href=\"https:\/\/www.ifsc.usp.br\/qualidade\/wp-content\/uploads\/2017\/03\/portaria_ifsc_004_2006.pdf\">Portaria IFSC 004\/06<\/a>\u00a0do Diretor Prof. Dr. Roberto Mendon\u00e7a Faria,\u00a0a Comiss\u00e3o de Gest\u00e3o da Qualidade e Produtividade do Instituto de F\u00edsica de S\u00e3o Carlos, foi composta por:<br \/>\nProfa. Dra. Ana Paula Ulian de Ara\u00fajo &#8211; Presidente;<br \/>\nProf. Dr. Jos\u00e9 Pedro Donoso Gonzalez;<br \/>\nLirio Onofre Batista de Almeida;<br \/>\nMaria Helena Braga de Carvalho &#8211; Secret\u00e1ria;<br \/>\nMarilza Aparecida Rodrigues Tognetti.<\/li>\n<li>Composi\u00e7\u00e3o alterada em 4 de setembro de 1997 atrav\u00e9s da <a href=\"https:\/\/www.ifsc.usp.br\/qualidade\/wp-content\/uploads\/2017\/03\/portaria_ifsc_029_1997.pdf\">Portaria IFSC 029\/97<\/a>\u00a0pelo Vice-diretor em exec\u00edcio Prof. Dr. Eduardo Ernesto Castellano.<br \/>\nProf. Dr. Jos\u00e9 Alberto Giacometti &#8211; Presidente;<br \/>\nProf. Dr. Jan Frans Willem Slaets;<br \/>\nJo\u00e3o Roberto Casimiro Machado;<br \/>\nMaria Helena Di Francisco &#8211; Secret\u00e1ria;<br \/>\nFrancisco Jos\u00e9 Magalh\u00e3es.<\/li>\n<li>Composi\u00e7\u00e3o alterada em 5 de junho de 1997 atrav\u00e9s da <a href=\"https:\/\/www.ifsc.usp.br\/qualidade\/wp-content\/uploads\/2017\/03\/portaria_ifsc_015_1997.pdf\">Portaria IFSC 015\/97<\/a>\u00a0pela Diretora Profa. Dra. Yvonne Primerano Mascarenhas.<br \/>\nProf. Dr. Jos\u00e9 Alberto Giacometti &#8211; Presidente;<br \/>\nProf. Dr. Jan Frans Willem Slaets;<br \/>\nMaria Helena Di Francisco &#8211; Secret\u00e1ria;<br \/>\nFrancisco Jos\u00e9 Magalh\u00e3es.<\/li>\n<li>Composi\u00e7\u00e3o alterada em 13 de mar\u00e7o de 1997 atrav\u00e9s da <a href=\"https:\/\/www.ifsc.usp.br\/qualidade\/wp-content\/uploads\/2017\/03\/portaria_ifsc_002_1997.pdf\">Portaria IFSC 002\/97<\/a>\u00a0pela Diretora Profa. Dra. Yvonne Primerano Mascarenhas.<br \/>\nProf. Dr. Jan Frans Willem Slaets &#8211; Presidente;<br \/>\nProf. Dr. Jos\u00e9 Alberto Giacometti;<br \/>\nMaria Helena Di Francisco &#8211; Secret\u00e1ria;<br \/>\nFrancisco Jos\u00e9 Magalh\u00e3es.<\/li>\n<li>Composi\u00e7\u00e3o alterada em 5 de setembro de 1996 atrav\u00e9s da <a href=\"https:\/\/www.ifsc.usp.br\/qualidade\/wp-content\/uploads\/2017\/03\/portaria_ifsc_063_1996.pdf\">Portaria IFSC 063\/96<\/a>\u00a0pela Diretora Profa. Dra. Yvonne Primerano Mascarenhas.<br \/>\nProf. Dr. Jan Frans Willem Slaets &#8211; Presidente;<br \/>\nProf. Dr. Jos\u00e9 Pedro Donoso Gonzalez;<br \/>\nMaria Helena Di Francisco &#8211; Secret\u00e1ria;<br \/>\nFrancisco Jos\u00e9 Magalh\u00e3es.<\/li>\n<li>Constitu\u00edda em 1 de julho de 1996 atrav\u00e9s da <a href=\"https:\/\/www.ifsc.usp.br\/qualidade\/wp-content\/uploads\/2017\/03\/portaria_ifsc_031_1996.pdf\">Portaria IFSC 031\/96<\/a>\u00a0pela Diretora Profa. Dra. Yvonne Primerano Mascarenhas.<br \/>\nProf. Dr. Oscar Hip\u00f3lito &#8211; Presidente;<br \/>\nMaria Helena Di Francisco &#8211; Secret\u00e1ria;<br \/>\nFrancisco Jos\u00e9 Magalh\u00e3es.<\/li>\n<\/ul>\n<p><a href=\"http:\/\/www.ifsc.usp.br\/qualidade\/images\/stories\/mandatos_comissao_cgqp.pdf\" target=\"_blank\" rel=\"noopener noreferrer\"><strong><br \/>\n<\/strong><\/a><strong><a href=\"https:\/\/www.ifsc.usp.br\/qualidade\/wp-content\/uploads\/2017\/03\/mandatos_comissao_cgqp-1.pdf\" target=\"_blank\" rel=\"noopener noreferrer\">Mandatos dos membros das Comiss\u00f5es<\/a><br \/>\n<\/strong>[\/vc_column_text][\/vc_column][\/vc_row]<\/p>\n","protected":false},"excerpt":{"rendered":"<p>[vc_row rt_row_background_width=&#8221;default&#8221; rt_row_style=&#8221;default-style&#8221; rt_row_borders=&#8221;&#8221; rt_row_paddings=&#8221;true&#8221; rt_bg_effect=&#8221;classic&#8221; rt_bg_image_repeat=&#8221;repeat&#8221; rt_bg_size=&#8221;cover&#8221; rt_bg_position=&#8221;right top&#8221; rt_bg_attachment=&#8221;scroll&#8221; rt_bg_video_format=&#8221;self-hosted&#8221;][vc_column rt_wrp_col_paddings=&#8221;false&#8221; rt_border_top=&#8221;&#8221; rt_border_bottom=&#8221;&#8221; rt_border_left=&#8221;&#8221; rt_border_right=&#8221;&#8221; rt_border_top_mobile=&#8221;&#8221; rt_border_bottom_mobile=&#8221;&#8221; rt_border_left_mobile=&#8221;&#8221; rt_border_right_mobile=&#8221;&#8221; rt_bg_image_repeat=&#8221;repeat&#8221; rt_bg_size=&#8221;auto auto&#8221; rt_bg_position=&#8221;right top&#8221; rt_bg_attachment=&#8221;scroll&#8221;][vc_column_text] Em 21 de junho de 2017, com mandato de 2 anos pela Portaria IFSC 028\/2017, foram institu\u00eddos os membros da CGQP: Prof. Dr. Greg\u00f3rio Couto Faria &#8211; Presidente; [&hellip;]<\/p>\n","protected":false},"author":5,"featured_media":0,"parent":0,"menu_order":0,"comment_status":"closed","ping_status":"closed","template":"","meta":{"footnotes":""},"class_list":["post-8278","page","type-page","status-publish","hentry"],"_links":{"self":[{"href":"https:\/\/www.ifsc.usp.br\/qualidade\/wp-json\/wp\/v2\/pages\/8278","targetHints":{"allow":["GET"]}}],"collection":[{"href":"https:\/\/www.ifsc.usp.br\/qualidade\/wp-json\/wp\/v2\/pages"}],"about":[{"href":"https:\/\/www.ifsc.usp.br\/qualidade\/wp-json\/wp\/v2\/types\/page"}],"author":[{"embeddable":true,"href":"https:\/\/www.ifsc.usp.br\/qualidade\/wp-json\/wp\/v2\/users\/5"}],"replies":[{"embeddable":true,"href":"https:\/\/www.ifsc.usp.br\/qualidade\/wp-json\/wp\/v2\/comments?post=8278"}],"version-history":[{"count":14,"href":"https:\/\/www.ifsc.usp.br\/qualidade\/wp-json\/wp\/v2\/pages\/8278\/revisions"}],"predecessor-version":[{"id":9170,"href":"https:\/\/www.ifsc.usp.br\/qualidade\/wp-json\/wp\/v2\/pages\/8278\/revisions\/9170"}],"wp:attachment":[{"href":"https:\/\/www.ifsc.usp.br\/qualidade\/wp-json\/wp\/v2\/media?parent=8278"}],"curies":[{"name":"wp","href":"https:\/\/api.w.org\/{rel}","templated":true}]}}