{"id":8284,"date":"2017-03-29T15:52:56","date_gmt":"2017-03-29T18:52:56","guid":{"rendered":"http:\/\/www.ifsc.usp.br\/~qualidade\/qualidadewp\/?page_id=8284"},"modified":"2022-01-10T11:38:58","modified_gmt":"2022-01-10T14:38:58","slug":"projetos-institucionais","status":"publish","type":"page","link":"https:\/\/www.ifsc.usp.br\/qualidade\/projetos-institucionais\/","title":{"rendered":"Projetos Institucionais"},"content":{"rendered":"<p>[vc_row rt_row_background_width=&#8221;default&#8221; rt_row_style=&#8221;default-style&#8221; rt_row_borders=&#8221;&#8221; rt_row_paddings=&#8221;true&#8221; rt_bg_effect=&#8221;classic&#8221; rt_bg_image_repeat=&#8221;repeat&#8221; rt_bg_size=&#8221;cover&#8221; rt_bg_position=&#8221;right top&#8221; rt_bg_attachment=&#8221;scroll&#8221; rt_bg_video_format=&#8221;self-hosted&#8221;][vc_column rt_wrp_col_paddings=&#8221;false&#8221; rt_border_top=&#8221;&#8221; rt_border_bottom=&#8221;&#8221; rt_border_left=&#8221;&#8221; rt_border_right=&#8221;&#8221; rt_border_top_mobile=&#8221;&#8221; rt_border_bottom_mobile=&#8221;&#8221; rt_border_left_mobile=&#8221;&#8221; rt_border_right_mobile=&#8221;&#8221; rt_bg_image_repeat=&#8221;repeat&#8221; rt_bg_size=&#8221;auto auto&#8221; rt_bg_position=&#8221;right top&#8221; rt_bg_attachment=&#8221;scroll&#8221;][vc_column_text]<\/p>\n<h4>2013<\/h4>\n<ul>\n<li>Levantamento dos Indicadores IFSC<\/li>\n<\/ul>\n<ul>\n<li>Workshop 2013<\/li>\n<\/ul>\n<ul>\n<li>IFSC Sa\u00fade (gincanas de integra\u00e7\u00e3o)<\/li>\n<\/ul>\n<ul>\n<li>Auditoria e acompanhamento do Programa IFSC 5S<\/li>\n<\/ul>\n<p>[\/vc_column_text][\/vc_column][\/vc_row][vc_row rt_row_background_width=&#8221;default&#8221; rt_row_style=&#8221;default-style&#8221; rt_row_borders=&#8221;&#8221; rt_row_paddings=&#8221;true&#8221; rt_bg_effect=&#8221;classic&#8221; rt_bg_image_repeat=&#8221;repeat&#8221; rt_bg_size=&#8221;cover&#8221; rt_bg_position=&#8221;right top&#8221; rt_bg_attachment=&#8221;scroll&#8221; rt_bg_video_format=&#8221;self-hosted&#8221;][vc_column rt_wrp_col_paddings=&#8221;false&#8221; rt_border_top=&#8221;&#8221; rt_border_bottom=&#8221;&#8221; rt_border_left=&#8221;&#8221; rt_border_right=&#8221;&#8221; rt_border_top_mobile=&#8221;&#8221; rt_border_bottom_mobile=&#8221;&#8221; rt_border_left_mobile=&#8221;&#8221; rt_border_right_mobile=&#8221;&#8221; rt_bg_image_repeat=&#8221;repeat&#8221; rt_bg_size=&#8221;auto auto&#8221; rt_bg_position=&#8221;right top&#8221; rt_bg_attachment=&#8221;scroll&#8221;][vc_column_text]<\/p>\n<h4>2012<\/h4>\n<ul>\n<li>Levantamento dos Indicadores IFSC<\/li>\n<li>IFSC Sa\u00fade<\/li>\n<li>Estudo para descarte de res\u00edduos qu\u00edmicos e biol\u00f3gicos manipulados nos laborat\u00f3rios de pesquisa do IFSC (repassado \u00e0 Comiss\u00e3o de Gest\u00e3o Ambiental)<\/li>\n<li>Projeto de Organiza\u00e7\u00e3o dos Stands do IFSC na Feira USPiTec, realizada na USP\/Leste (23 a 25\/08 de 2012)<\/li>\n<li>Elabora\u00e7\u00e3o e confec\u00e7\u00e3o de 4 banners institucionais para expor nos stands.<\/li>\n<li>Banners: [<a href=\"https:\/\/www.ifsc.usp.br\/qualidade\/wp-content\/uploads\/2017\/03\/Turismo_sao_carlos_A3.pdf\" target=\"_blank\" rel=\"noopener noreferrer\">S\u00e3o Carlos<\/a>] [<a href=\"https:\/\/www.ifsc.usp.br\/qualidade\/wp-content\/uploads\/2017\/03\/IFSC_A3.pdf\" target=\"_blank\" rel=\"noopener noreferrer\">IFSC<\/a>] [<a href=\"https:\/\/www.ifsc.usp.br\/qualidade\/wp-content\/uploads\/2017\/03\/Patentes_A3.pdf\" target=\"_blank\" rel=\"noopener noreferrer\">Patentes<\/a>][<a href=\"https:\/\/www.ifsc.usp.br\/qualidade\/wp-content\/uploads\/2017\/03\/Parcerias_A3.pdf\" target=\"_blank\" rel=\"noopener noreferrer\">Parcerias<\/a>]<\/li>\n<li><a href=\"https:\/\/www.ifsc.usp.br\/qualidade\/wp-content\/uploads\/2017\/03\/2012_fotos_stands_uspitec.pdf\" target=\"_blank\" rel=\"noopener noreferrer\">Fotos dos stands durante a realiza\u00e7\u00e3o do evento<\/a><\/li>\n<\/ul>\n<p>[\/vc_column_text][\/vc_column][\/vc_row][vc_row rt_row_background_width=&#8221;default&#8221; rt_row_style=&#8221;default-style&#8221; rt_row_borders=&#8221;&#8221; rt_row_paddings=&#8221;true&#8221; rt_bg_effect=&#8221;classic&#8221; rt_bg_image_repeat=&#8221;repeat&#8221; rt_bg_size=&#8221;cover&#8221; rt_bg_position=&#8221;right top&#8221; rt_bg_attachment=&#8221;scroll&#8221; rt_bg_video_format=&#8221;self-hosted&#8221;][vc_column rt_wrp_col_paddings=&#8221;false&#8221; rt_border_top=&#8221;&#8221; rt_border_bottom=&#8221;&#8221; rt_border_left=&#8221;&#8221; rt_border_right=&#8221;&#8221; rt_border_top_mobile=&#8221;&#8221; rt_border_bottom_mobile=&#8221;&#8221; rt_border_left_mobile=&#8221;&#8221; rt_border_right_mobile=&#8221;&#8221; rt_bg_image_repeat=&#8221;repeat&#8221; rt_bg_size=&#8221;auto auto&#8221; rt_bg_position=&#8221;right top&#8221; rt_bg_attachment=&#8221;scroll&#8221;][vc_column_text]<\/p>\n<h4>2007 a 2011<\/h4>\n<ul>\n<li><a href=\"..\/arquivos\/Projeto_programa_IFSC_5S.pdf\" target=\"_blank\" rel=\"noopener noreferrer\">Projeto para Implanta\u00e7\u00e3o do Programa IFSC 5S (2007\/2008)<br \/>\n<\/a><\/li>\n<li><a href=\"..\/arquivos\/CGQP-P001-Gestao_do_QUALISC.pdf\" target=\"_blank\" rel=\"noopener noreferrer\">Gest\u00e3o do Programa de Qualidade e Produtividade do IFSC<\/a>\n<ul>\n<li>IFSC Comunica<\/li>\n<li>Telefonia<\/li>\n<li>IFSC com Arte<\/li>\n<li>Servidor de Arquivos<\/li>\n<li>Secretaria CGQP<\/li>\n<\/ul>\n<\/li>\n<li><a href=\"..\/arquivos\/PROJETO_COMUNICACAO.pdf\" target=\"_blank\" rel=\"noopener noreferrer\">Cria\u00e7\u00e3o de uma comiss\u00e3o de comunica\u00e7\u00e3o permanente para tratar assuntos de comunica\u00e7\u00e3o institucional<\/a><\/li>\n<li><a href=\"..\/arquivos\/Projeto_Planejamento_Estrategico.pdf\" target=\"_blank\" rel=\"noopener noreferrer\">Levantamento de requisitos e proposta de um Planejamento Estrat\u00e9gico Transparente e Participativo para o IFSC<\/a><\/li>\n<li><a href=\"..\/arquivos\/Projeto_Ouvidoria_IFSC.pdf\" target=\"_blank\" rel=\"noopener noreferrer\">Proposta para a Ouvidoria no Instituto de F\u00edsica de S\u00e3o Carlos<\/a><\/li>\n<li><a href=\"..\/arquivos\/Projeto_Manual_IFSC.pdf\" target=\"_blank\" rel=\"noopener noreferrer\">Manual das atividades administrativas do IFSC: Padroniza\u00e7\u00e3o de rotinas e procedimentos<\/a><\/li>\n<\/ul>\n<p><strong>Projetos Setoriais<\/strong><\/p>\n<ul>\n<li><a href=\"..\/arquivos\/2008_FFI_Projeto_Setorial_2.doc\" target=\"_blank\" rel=\"noopener noreferrer\">Aprimoramento dos procedimentos e ferramentas utilizadas nas Secretarias do FFI (FFI)<\/a><\/li>\n<li><a href=\"..\/arquivos\/2008_SCINFOR_Projeto_Setorial_1.doc\" target=\"_blank\" rel=\"noopener noreferrer\">Pol\u00edtica de backups dos servidores (SCINFOR)<\/a><\/li>\n<li><a href=\"..\/arquivos\/2009_FCM_Projeto_Setorial_1.doc\" target=\"_blank\" rel=\"noopener noreferrer\">Sinaliza\u00e7\u00e3o padronizada do Pr\u00e9dio dos Departamentos (FCM)<\/a><\/li>\n<li><a href=\"..\/arquivos\/2008_LEF_Projeto_Setorial_1.doc\" target=\"_blank\" rel=\"noopener noreferrer\">Solicita\u00e7\u00e3o de porteiro e de sistema de supervis\u00e3o interativo na portaria do setor de ensino (LEF)<\/a><\/li>\n<\/ul>\n<p>[\/vc_column_text][\/vc_column][\/vc_row]<\/p>\n","protected":false},"excerpt":{"rendered":"<p>[vc_row rt_row_background_width=&#8221;default&#8221; rt_row_style=&#8221;default-style&#8221; rt_row_borders=&#8221;&#8221; rt_row_paddings=&#8221;true&#8221; rt_bg_effect=&#8221;classic&#8221; rt_bg_image_repeat=&#8221;repeat&#8221; rt_bg_size=&#8221;cover&#8221; rt_bg_position=&#8221;right top&#8221; rt_bg_attachment=&#8221;scroll&#8221; rt_bg_video_format=&#8221;self-hosted&#8221;][vc_column rt_wrp_col_paddings=&#8221;false&#8221; rt_border_top=&#8221;&#8221; rt_border_bottom=&#8221;&#8221; rt_border_left=&#8221;&#8221; rt_border_right=&#8221;&#8221; rt_border_top_mobile=&#8221;&#8221; rt_border_bottom_mobile=&#8221;&#8221; rt_border_left_mobile=&#8221;&#8221; rt_border_right_mobile=&#8221;&#8221; rt_bg_image_repeat=&#8221;repeat&#8221; rt_bg_size=&#8221;auto auto&#8221; rt_bg_position=&#8221;right top&#8221; rt_bg_attachment=&#8221;scroll&#8221;][vc_column_text] 2013 Levantamento dos Indicadores IFSC Workshop 2013 IFSC Sa\u00fade (gincanas de integra\u00e7\u00e3o) Auditoria e acompanhamento do Programa IFSC 5S [\/vc_column_text][\/vc_column][\/vc_row][vc_row rt_row_background_width=&#8221;default&#8221; rt_row_style=&#8221;default-style&#8221; rt_row_borders=&#8221;&#8221; rt_row_paddings=&#8221;true&#8221; rt_bg_effect=&#8221;classic&#8221; rt_bg_image_repeat=&#8221;repeat&#8221; rt_bg_size=&#8221;cover&#8221; rt_bg_position=&#8221;right [&hellip;]<\/p>\n","protected":false},"author":5,"featured_media":0,"parent":0,"menu_order":0,"comment_status":"closed","ping_status":"closed","template":"","meta":{"footnotes":""},"class_list":["post-8284","page","type-page","status-publish","hentry"],"_links":{"self":[{"href":"https:\/\/www.ifsc.usp.br\/qualidade\/wp-json\/wp\/v2\/pages\/8284","targetHints":{"allow":["GET"]}}],"collection":[{"href":"https:\/\/www.ifsc.usp.br\/qualidade\/wp-json\/wp\/v2\/pages"}],"about":[{"href":"https:\/\/www.ifsc.usp.br\/qualidade\/wp-json\/wp\/v2\/types\/page"}],"author":[{"embeddable":true,"href":"https:\/\/www.ifsc.usp.br\/qualidade\/wp-json\/wp\/v2\/users\/5"}],"replies":[{"embeddable":true,"href":"https:\/\/www.ifsc.usp.br\/qualidade\/wp-json\/wp\/v2\/comments?post=8284"}],"version-history":[{"count":17,"href":"https:\/\/www.ifsc.usp.br\/qualidade\/wp-json\/wp\/v2\/pages\/8284\/revisions"}],"predecessor-version":[{"id":8929,"href":"https:\/\/www.ifsc.usp.br\/qualidade\/wp-json\/wp\/v2\/pages\/8284\/revisions\/8929"}],"wp:attachment":[{"href":"https:\/\/www.ifsc.usp.br\/qualidade\/wp-json\/wp\/v2\/media?parent=8284"}],"curies":[{"name":"wp","href":"https:\/\/api.w.org\/{rel}","templated":true}]}}