{"id":8286,"date":"2017-03-29T15:58:00","date_gmt":"2017-03-29T18:58:00","guid":{"rendered":"http:\/\/www.ifsc.usp.br\/~qualidade\/qualidadewp\/?page_id=8286"},"modified":"2022-04-06T11:07:09","modified_gmt":"2022-04-06T14:07:09","slug":"eventos","status":"publish","type":"page","link":"https:\/\/www.ifsc.usp.br\/qualidade\/eventos\/","title":{"rendered":"Eventos"},"content":{"rendered":"<p>[vc_row rt_row_background_width=&#8221;default&#8221; rt_row_style=&#8221;default-style&#8221; rt_row_borders=&#8221;&#8221; rt_row_paddings=&#8221;true&#8221; rt_bg_effect=&#8221;classic&#8221; rt_bg_image_repeat=&#8221;repeat&#8221; rt_bg_size=&#8221;cover&#8221; rt_bg_position=&#8221;right top&#8221; rt_bg_attachment=&#8221;scroll&#8221; rt_bg_video_format=&#8221;self-hosted&#8221;][vc_column rt_wrp_col_paddings=&#8221;false&#8221; rt_border_top=&#8221;&#8221; rt_border_bottom=&#8221;&#8221; rt_border_left=&#8221;&#8221; rt_border_right=&#8221;&#8221; rt_border_top_mobile=&#8221;&#8221; rt_border_bottom_mobile=&#8221;&#8221; rt_border_left_mobile=&#8221;&#8221; rt_border_right_mobile=&#8221;&#8221; rt_bg_image_repeat=&#8221;repeat&#8221; rt_bg_size=&#8221;auto auto&#8221; rt_bg_position=&#8221;right top&#8221; rt_bg_attachment=&#8221;scroll&#8221;][vc_column_text]<\/p>\n<h4>2018<\/h4>\n<p><span style=\"color: #ff6600;\">Momento IFSC &#8211; 29 de novembro de 2018<br \/>\n<\/span><\/p>\n<p>Palestra: &#8220;Ciclo do E-LIXO&#8221; (Thalita Braga e Ra\u00fal Julian Ravelo &#8211; GAIA GreenTech)<\/p>\n<p><a href=\"https:\/\/www.ifsc.usp.br\/qualidade\/wp-content\/uploads\/2018\/11\/3momento-elixo.png\" target=\"_blank\" rel=\"noopener noreferrer\">Cartaz de divulga\u00e7\u00e3o<\/a><\/p>\n<p>&nbsp;<\/p>\n<p><span style=\"color: #ff6600;\">Momento IFSC &#8211; 21 de junho de 2018<br \/>\n<\/span><\/p>\n<p>Palestra: &#8220;Gerenciamento de Res\u00edduos na USP S\u00e3o Carlos&#8221; (Dra. Maria Cec\u00edlia Henrique Tavares Cavalheiro &#8211; USP Recicla)<\/p>\n<p><a href=\"https:\/\/www.ifsc.usp.br\/qualidade\/wp-content\/uploads\/2018\/06\/II-Momento-IFSC-vf-Documentos-Google.pdf\">Cartaz de divulga\u00e7\u00e3o<\/a><\/p>\n<p>&nbsp;<\/p>\n<p><span style=\"color: #ff6600;\">Momento IFSC &#8211; 20 de abril de 2018<br \/>\n<\/span><\/p>\n<p>Palestra: &#8220;Atividade F\u00edsica, Sa\u00fade e Qualidade de Vida no Trabalho&#8221; (Evert Bacchini &#8211; CEFER\/USP)<\/p>\n<p><a href=\"http:\/\/www.ifsc.usp.br\/qualidade\/wp-content\/uploads\/2018\/04\/cartaz-momento-ifsc.jpg\">Cartaz de divulga\u00e7\u00e3o.<\/a>[\/vc_column_text][\/vc_column][\/vc_row][vc_row rt_row_background_width=&#8221;default&#8221; rt_row_style=&#8221;default-style&#8221; rt_row_borders=&#8221;&#8221; rt_row_paddings=&#8221;true&#8221; rt_bg_effect=&#8221;classic&#8221; rt_bg_image_repeat=&#8221;repeat&#8221; rt_bg_size=&#8221;cover&#8221; rt_bg_position=&#8221;right top&#8221; rt_bg_attachment=&#8221;scroll&#8221; rt_bg_video_format=&#8221;self-hosted&#8221;][vc_column rt_wrp_col_paddings=&#8221;false&#8221; rt_border_top=&#8221;&#8221; rt_border_bottom=&#8221;&#8221; rt_border_left=&#8221;&#8221; rt_border_right=&#8221;&#8221; rt_border_top_mobile=&#8221;&#8221; rt_border_bottom_mobile=&#8221;&#8221; rt_border_left_mobile=&#8221;&#8221; rt_border_right_mobile=&#8221;&#8221; rt_bg_image_repeat=&#8221;repeat&#8221; rt_bg_size=&#8221;auto auto&#8221; rt_bg_position=&#8221;right top&#8221; rt_bg_attachment=&#8221;scroll&#8221;][vc_column_text]<\/p>\n<h4>2016<\/h4>\n<p><span style=\"color: #ff6600;\">Exposi\u00e7\u00e3o de Fotos IFSC na 21\u00aa Semana de Arte e Cultura da USP 2016<br \/>\n<\/span><\/p>\n<p><a href=\"..\/Eventos\/2016-concurso-fotos\/2016_fotos_exposicao.pdf\" target=\"_blank\" rel=\"noopener noreferrer\">Fotos da Exposi\u00e7\u00e3o<\/a>.<\/p>\n<p><a href=\"https:\/\/www.ifsc.usp.br\/qualidade\/Eventos\/2016_600p_exposicao_SAC.jpg\" target=\"_blank\" rel=\"noopener noreferrer\">Cartaz de divulga\u00e7\u00e3o da exposi\u00e7\u00e3o<\/a>.<\/p>\n<p><span style=\"color: #ff6600;\">6\u00ba Concurso de Fotos do IFSC 2016 &#8211; agosto e setembro de 2016<\/span><\/p>\n<p><a href=\".\/resultado-final-6o-concurso-de-fotos-ifsc-2016\">Resultado final do concurso &#8211; foto vencedora<\/a>.<\/p>\n<p><a href=\".\/6o-concurso-de-fotos-ifsc-2016-votacao-encerrada\/\">Fotos participantes e vota\u00e7\u00e3o do concurso<\/a>.<\/p>\n<p><a href=\"https:\/\/www.ifsc.usp.br\/qualidade\/Eventos\/2016_600p_votacao_fotos.jpg\" target=\"_blank\" rel=\"noopener noreferrer\">Cartaz da vota\u00e7\u00e3o<\/a>.<\/p>\n<p><a href=\"https:\/\/www.ifsc.usp.br\/qualidade\/Eventos\/2016_concurso_fotos_600px.jpg\" target=\"_blank\" rel=\"noopener noreferrer\">Cartaz de divulga\u00e7\u00e3o do concurso<\/a>.<\/p>\n<p><span style=\"color: #ff6600;\">Dia &#8220;D&#8221; 2016 &#8211; 5S Institucional &#8211; 13 de maio de 2016<br \/>\n<\/span><\/p>\n<p><a href=\".\/resultados-dia-d-2016-13-de-maio\">Resultados do Dia D e agradecimentos<\/a>.<\/p>\n<p><a href=\".\/programa-ifsc-5s-fotos-dia-d-2016\/\">Fotos do &#8220;Dia D&#8221; 2016<\/a>.<\/p>\n<p><a href=\"https:\/\/www.ifsc.usp.br\/qualidade\/Eventos\/2016_DiaD_600px.jpg\" target=\"_blank\" rel=\"noopener noreferrer\">Cartaz de divulga\u00e7\u00e3o do &#8220;Dia D&#8221; 2016<\/a>.<\/p>\n<p><span style=\"color: #ff6600;\">Workshop CGQP 2016 &#8211; 6 de maio de 2016<br \/>\n<\/span><\/p>\n<p><a href=\"http:\/\/www2.ifsc.usp.br\/portal-ifsc\/desenvolvendo-competencia-social\/\" target=\"_blank\" rel=\"noopener noreferrer\">Not\u00edcia site IFSC &#8211; realiza\u00e7\u00e3o do workshop<\/a>.<\/p>\n<p><a href=\"https:\/\/www.ifsc.usp.br\/qualidade\/Eventos\/2016_programacao_workshop_600px.jpg\" target=\"_blank\" rel=\"noopener noreferrer\">Programa\u00e7\u00e3o do Workshop<\/a>.<\/p>\n<p><a href=\"https:\/\/www.ifsc.usp.br\/qualidade\/wp-content\/uploads\/2017\/03\/2016_Apresentacao_CGQP.pdf\">Apresenta\u00e7\u00e3o CGQP<\/a><\/p>\n<p><a href=\"http:\/\/inovacao.usp.br\/\" target=\"_blank\" rel=\"noopener noreferrer\">Palestra: &#8220;Inova\u00e7\u00e3o Tecnol\u00f3gica na Universidade&#8221;<\/a>\u00a0(Vanderlei Salvador Bagnato &#8211; IFSC\/USP)<\/p>\n<p><a href=\"https:\/\/www.ifsc.usp.br\/qualidade\/Eventos\/2016_exercicios_inteligencia_emocional.pdf\" target=\"_blank\" rel=\"noopener noreferrer\">Palestra: &#8220;Desenvolvendo Compet\u00eancia Social&#8221;<\/a>\u00a0(Gilberto Tadeu Shinyashiki &#8211; FEARP\/USP)<\/p>\n<p><a href=\"https:\/\/www.ifsc.usp.br\/qualidade\/Eventos\/workshop_600px.jpg\" target=\"_blank\" rel=\"noopener noreferrer\">Cartaz divulga\u00e7\u00e3o do Workshop<\/a>.[\/vc_column_text][\/vc_column][\/vc_row][vc_row rt_row_background_width=&#8221;default&#8221; rt_row_style=&#8221;default-style&#8221; rt_row_borders=&#8221;&#8221; rt_row_paddings=&#8221;true&#8221; rt_bg_effect=&#8221;classic&#8221; rt_bg_image_repeat=&#8221;repeat&#8221; rt_bg_size=&#8221;cover&#8221; rt_bg_position=&#8221;right top&#8221; rt_bg_attachment=&#8221;scroll&#8221; rt_bg_video_format=&#8221;self-hosted&#8221;][vc_column rt_wrp_col_paddings=&#8221;false&#8221; rt_border_top=&#8221;&#8221; rt_border_bottom=&#8221;&#8221; rt_border_left=&#8221;&#8221; rt_border_right=&#8221;&#8221; rt_border_top_mobile=&#8221;&#8221; rt_border_bottom_mobile=&#8221;&#8221; rt_border_left_mobile=&#8221;&#8221; rt_border_right_mobile=&#8221;&#8221; rt_bg_image_repeat=&#8221;repeat&#8221; rt_bg_size=&#8221;auto auto&#8221; rt_bg_position=&#8221;right top&#8221; rt_bg_attachment=&#8221;scroll&#8221;][vc_column_text]<\/p>\n<h4>2015<\/h4>\n<p><span style=\"color: #ff6600;\">&#8220;Dia D nos Laborat\u00f3rios&#8221; &#8211; Programa IFSC 5S &#8211; 30 de novembro de 2015<\/span><\/p>\n<p><a href=\"https:\/\/www2.ifsc.usp.br\/portal-ifsc\/qdia-d-nos-laboratoriosq-do-ifscusp\/\" target=\"_blank\" rel=\"noopener noreferrer\">Not\u00edcia site IFSC &#8211; Dia D\u00a0nos Laborat\u00f3rios<\/a>.<\/p>\n<p><a href=\"https:\/\/www.ifsc.usp.br\/qualidade\/Eventos\/cartaz_dia_D.jpg\" target=\"_blank\" rel=\"noopener noreferrer\">Cartaz divulga\u00e7\u00e3o do Dia D<\/a>.<\/p>\n<p><a href=\".\/programa-ifsc-5s-dia-d-nos-laboratorios-chamada-aos-grupos-de-pesquisa\/\">Comunicado aos grupos de pesquisa para aplica\u00e7\u00e3o do Dia D<\/a>.<\/p>\n<p><span style=\"color: #ff6600;\">Oficina de Artesanato &#8211; Enfeites de Natal &#8211; 18 de novembro de 2015<\/span><\/p>\n<p><a href=\"https:\/\/www2.ifsc.usp.br\/portal-ifsc\/enfeites-de-natal\/\" target=\"_blank\" rel=\"noopener noreferrer\">Not\u00edcia site IFSC &#8211; participantes da oficina<\/a>.<\/p>\n<p><a href=\"https:\/\/www.ifsc.usp.br\/qualidade\/Eventos\/2015_Oficina_Artesantato_Cartaz_800x600.jpg\" target=\"_blank\" rel=\"noopener noreferrer\">Cartaz divulga\u00e7\u00e3o da oficina<\/a>.<\/p>\n<p><span style=\"color: #ff6600;\">5\u00ba Concurso de Fotos do IFSC &#8211; agosto de 2015<\/span><\/p>\n<p><a href=\".\/5o-concurso-de-fotografias-ifsc-2015-fotos-que-concorreram\/\">Fotos que concorreram ao concurso<\/a>.<\/p>\n<p><a href=\"https:\/\/www.ifsc.usp.br\/qualidade\/Eventos\/2015_800x600_Concurso_Fotos_IFSC.jpg\" target=\"_blank\" rel=\"noopener noreferrer\">Cartaz divulga\u00e7\u00e3o do concurso<\/a>.<\/p>\n<p><span style=\"color: #ff6600;\">Oficina b\u00e1sica de Composi\u00e7\u00e3o Fotogr\u00e1fica &#8211; 13 de agosto de 2015<br \/>\n<\/span><\/p>\n<p><a href=\"https:\/\/www2.ifsc.usp.br\/portal-ifsc\/oficina-basica-de-composicao-fotografica\/\" target=\"_blank\" rel=\"noopener noreferrer\">Not\u00edcia site IFSC ap\u00f3s realiza\u00e7\u00e3o da oficina<\/a>.<\/p>\n<p><a href=\"https:\/\/www.ifsc.usp.br\/qualidade\/Eventos\/2015_Oficina_foto_800p.jpg\" target=\"_blank\" rel=\"noopener noreferrer\">Cartaz divulga\u00e7\u00e3o da oficina<\/a>.<\/p>\n<p><span style=\"color: #ff6600;\">Dia &#8220;D&#8221; 2015 &#8211; 5S Institucional &#8211; 2 de abril de 2015\u00a0<\/span><\/p>\n<p><a href=\"https:\/\/www.ifsc.usp.br\/qualidade\/wp-content\/uploads\/2017\/03\/DiaD-Resultados-Agradecimentos.pdf\">Resultados do Dia D e agradecimentos<\/a>.<\/p>\n<p><a href=\".\/programa-ifsc-5s-fotos-dia-d-2015-02042015\/\">Fotos do &#8220;Dia D&#8221; 2015<\/a>.<\/p>\n<p><a href=\"https:\/\/www.ifsc.usp.br\/qualidade\/Eventos\/2015_04_02_DiaD_Cartaz.jpg\" target=\"_blank\" rel=\"noopener noreferrer\">Cartaz de divulga\u00e7\u00e3o do Dia D 2015<\/a>.<\/p>\n<p><span style=\"color: #ff6600;\">F\u00f3rum CGQP &#8211; 30 de mar\u00e7o de 2015\u00a0<\/span><\/p>\n<p><span style=\"color: #ff9900;\">Tema: &#8220;Discutindo o papel dos Multiplicadores da Qualidade dentro do cen\u00e1rio atual USP e IFSC&#8221;<\/span><\/p>\n<p>Realizado no Audit\u00f3rio Prof. Sergio Mascarenhas do IFSC &#8211; Campus USP de S\u00e3o Carlos.<\/p>\n<p>Apresenta\u00e7\u00f5es:<\/p>\n<ul>\n<li><a href=\"https:\/\/www.ifsc.usp.br\/qualidade\/Eventos\/Apresentacao_ASN.pdf\" target=\"_blank\" rel=\"noopener noreferrer\">Cen\u00e1rio atual da USP e IFSC, enfocando a otimiza\u00e7\u00e3o de recursos<\/a>.<\/li>\n<li><a href=\"https:\/\/www.ifsc.usp.br\/qualidade\/Eventos\/2015_Apres_Oficina_5S_v2.pdf\" target=\"_blank\" rel=\"noopener noreferrer\">Conceitos atualizados da ferramenta 5S e aplica\u00e7\u00e3o Dia &#8220;D&#8221; Institucional<\/a>.<\/li>\n<li><a href=\"https:\/\/www.ifsc.usp.br\/qualidade\/Eventos\/2015_Oficina_5S_Virtual.pdf\" target=\"_blank\" rel=\"noopener noreferrer\">Dicas para realizar o \u201c5S Virtual\u201d em nossas esta\u00e7\u00f5es de trabalho<\/a>.<\/li>\n<\/ul>\n<p><a href=\"https:\/\/www.ifsc.usp.br\/qualidade\/Eventos\/2015_03_30_Forum_CGQP.pdf\" target=\"_blank\" rel=\"noopener noreferrer\">Cartaz de divulga\u00e7\u00e3o do F\u00f3rum<\/a>.[\/vc_column_text][\/vc_column][\/vc_row][vc_row rt_row_background_width=&#8221;default&#8221; rt_row_style=&#8221;default-style&#8221; rt_row_borders=&#8221;&#8221; rt_row_paddings=&#8221;true&#8221; rt_bg_effect=&#8221;classic&#8221; rt_bg_image_repeat=&#8221;repeat&#8221; rt_bg_size=&#8221;cover&#8221; rt_bg_position=&#8221;right top&#8221; rt_bg_attachment=&#8221;scroll&#8221; rt_bg_video_format=&#8221;self-hosted&#8221;][vc_column rt_wrp_col_paddings=&#8221;false&#8221; rt_border_top=&#8221;&#8221; rt_border_bottom=&#8221;&#8221; rt_border_left=&#8221;&#8221; rt_border_right=&#8221;&#8221; rt_border_top_mobile=&#8221;&#8221; rt_border_bottom_mobile=&#8221;&#8221; rt_border_left_mobile=&#8221;&#8221; rt_border_right_mobile=&#8221;&#8221; rt_bg_image_repeat=&#8221;repeat&#8221; rt_bg_size=&#8221;auto auto&#8221; rt_bg_position=&#8221;right top&#8221; rt_bg_attachment=&#8221;scroll&#8221;][vc_column_text]<\/p>\n<h4>2014<\/h4>\n<p><span style=\"color: #ff6600;\">Passeio na \u00c1rea 2 da USP &#8211; 07 de dezembro de 2014<\/span><\/p>\n<p><a href=\"https:\/\/www2.ifsc.usp.br\/portal-ifsc\/passeio-na-area-ii-da-usp-confira-algumas-imagens\/\" target=\"_blank\" rel=\"noopener noreferrer\">Passeio na \u00e1rea II da USP &#8211; confira algumas imagens<\/a><\/p>\n<p><a href=\"https:\/\/www.ifsc.usp.br\/qualidade\/Eventos\/passeio-campus2-2014-menor.jpg\" target=\"_blank\" rel=\"noopener noreferrer\">Cartaz de divulga\u00e7\u00e3o do passeio<\/a><\/p>\n<p><span style=\"color: #ff6600;\">19\u00aa Semana de Arte e Cultura da USP no IFSC &#8211; 12 a 14 de novembro de 2014<\/span><\/p>\n<p><a href=\"https:\/\/www2.ifsc.usp.br\/portal-ifsc\/primeiro-dia-teve-artes-musica-e-publico-diversificado\/\" target=\"_blank\" rel=\"noopener noreferrer\">Primeiro dia teve artes, m\u00fasica e p\u00fablico diversificado<\/a><\/p>\n<p><a href=\"http:\/\/youtu.be\/5N1ZPefdO8w\" target=\"_blank\" rel=\"noopener noreferrer\">V\u00eddeo SAC IFSC 2014<\/a>[\/vc_column_text][\/vc_column][\/vc_row][vc_row rt_row_background_width=&#8221;default&#8221; rt_row_style=&#8221;default-style&#8221; rt_row_borders=&#8221;&#8221; rt_row_paddings=&#8221;true&#8221; rt_bg_effect=&#8221;classic&#8221; rt_bg_image_repeat=&#8221;repeat&#8221; rt_bg_size=&#8221;cover&#8221; rt_bg_position=&#8221;right top&#8221; rt_bg_attachment=&#8221;scroll&#8221; rt_bg_video_format=&#8221;self-hosted&#8221;][vc_column rt_wrp_col_paddings=&#8221;false&#8221; rt_border_top=&#8221;&#8221; rt_border_bottom=&#8221;&#8221; rt_border_left=&#8221;&#8221; rt_border_right=&#8221;&#8221; rt_border_top_mobile=&#8221;&#8221; rt_border_bottom_mobile=&#8221;&#8221; rt_border_left_mobile=&#8221;&#8221; rt_border_right_mobile=&#8221;&#8221; rt_bg_image_repeat=&#8221;repeat&#8221; rt_bg_size=&#8221;auto auto&#8221; rt_bg_position=&#8221;right top&#8221; rt_bg_attachment=&#8221;scroll&#8221;][vc_column_text]<\/p>\n<h4>2013<\/h4>\n<p><span style=\"color: #ff6600;\">Workshop CGQP 2013 &#8211; 24.10.2013<\/span><\/p>\n<p><span style=\"color: #ff9900;\">Tema: &#8220;Viv\u00eancia e troca de experi\u00eancias entre unidades da USP&#8221;. Realizado no Audit\u00f3rio \u201cSergio Mascarenhas\u201d do IFSC Campus USP de S\u00e3o Carlos.<\/span><\/p>\n<p><a href=\"https:\/\/www.ifsc.usp.br\/qualidade\/wp-content\/uploads\/2022\/04\/workshop-cgqp2013.jpg\" target=\"_blank\" rel=\"noopener noreferrer\">Cartaz do Workshop<\/a><\/p>\n<p><a href=\"https:\/\/www.ifsc.usp.br\/qualidade\/Eventos\/Programa_Workshop_2013_1.pdf\" target=\"_blank\" rel=\"noopener noreferrer\">Programa\u00e7\u00e3o final<\/a><\/p>\n<p>Apresenta\u00e7\u00f5es para download:<\/p>\n<p><a href=\"https:\/\/www.ifsc.usp.br\/qualidade\/wp-content\/uploads\/2022\/04\/Apresentacao-CGQP-Luiz-Vitor.pdf\">Apresenta\u00e7\u00e3o CGQP &#8211; Prof. Luiz Vitor<\/a><\/p>\n<p><a href=\"https:\/\/www.ifsc.usp.br\/qualidade\/wp-content\/uploads\/2022\/04\/Apresentacao-TED-Schneider.pdf\">Comit\u00ea T&amp;D\/IFSC &#8211; Prof. Jos\u00e9 F\u00e1bian Schneider<\/a><\/p>\n<p><a href=\"https:\/\/www.ifsc.usp.br\/qualidade\/wp-content\/uploads\/2022\/04\/Apresentacao-ICMC-Alexandre.pdf\">CQP\/ICMC &#8211; Prof. Alexandre N. Carvalho<\/a><\/p>\n<p><a href=\"https:\/\/www.ifsc.usp.br\/qualidade\/wp-content\/uploads\/2022\/04\/Apresentacao-EESC-Edmundo.pdf\">CIGQP\/EESC &#8211; Prof. Edmundo Escriv\u00e3o Filho e Prof. Mateus C. Gerolamo<\/a><\/p>\n<p><a href=\"https:\/\/www.ifsc.usp.br\/qualidade\/wp-content\/uploads\/2022\/04\/Apresentacao-FEA-Olga.pdf\">FEA &#8211;\u00a0Olga Maria Zulzke de Miranda<\/a><\/p>\n<p><a href=\"https:\/\/www.ifsc.usp.br\/qualidade\/wp-content\/uploads\/2022\/04\/Apresentcao-FCF-Yara.pdf\">FCF &#8211; Yara M. L. Mardegan<\/a><\/p>\n<p><a href=\"https:\/\/www.ifsc.usp.br\/qualidade\/wp-content\/uploads\/2022\/04\/Apresentacao-ESALQ-Milan.pdf\">ESALQ &#8211; Prof. Marcos Milan<\/a><\/p>\n<p><span style=\"color: #ff6600;\">\u00a01\u00aa Gincana de Integra\u00e7\u00e3o do IFSC &#8211; 06.04.2013<\/span><\/p>\n<ul>\n<li>Como parte do projeto IFSC Sa\u00fade, realizamos a 1\u00aa Gincana de Integra\u00e7\u00e3o do IFSC (\u00a0<a href=\"https:\/\/www.ifsc.usp.br\/qualidade\/Eventos\/gincana_ifsc_2013.jpg\" target=\"_blank\" rel=\"noopener noreferrer\">Cartaz<\/a> | <a href=\"https:\/\/www2.ifsc.usp.br\/portal-ifsc\/i-gincana-de-integracao-do-ifsc-sucesso-absoluto\/\" target=\"_blank\" rel=\"noopener noreferrer\">Not\u00edcia<\/a> )<\/li>\n<\/ul>\n<p><span style=\"color: #ff6600;\">2\u00aa Gincana de Integra\u00e7\u00e3o do IFSC &#8211; 10.08.2013<\/span><\/p>\n<ul>\n<li>Como parte do projeto IFSC Sa\u00fade, realizamos a 2\u00aa Gincana de Integra\u00e7\u00e3o do IFSC (\u00a0<a href=\"https:\/\/www.ifsc.usp.br\/qualidade\/Eventos\/2013_gincana_2.jpg\" target=\"_blank\" rel=\"noopener noreferrer\">Cartaz<\/a> | <a href=\"https:\/\/www2.ifsc.usp.br\/portal-ifsc\/2o-edicao-repete-sucesso-da-1o\/\" target=\"_blank\" rel=\"noopener noreferrer\">Not\u00edcia<\/a> )<\/li>\n<\/ul>\n<p>[\/vc_column_text][\/vc_column][\/vc_row][vc_row rt_row_background_width=&#8221;default&#8221; rt_row_style=&#8221;default-style&#8221; rt_row_borders=&#8221;&#8221; rt_row_paddings=&#8221;true&#8221; rt_bg_effect=&#8221;classic&#8221; rt_bg_image_repeat=&#8221;repeat&#8221; rt_bg_size=&#8221;cover&#8221; rt_bg_position=&#8221;right top&#8221; rt_bg_attachment=&#8221;scroll&#8221; rt_bg_video_format=&#8221;self-hosted&#8221;][vc_column rt_wrp_col_paddings=&#8221;false&#8221; rt_border_top=&#8221;&#8221; rt_border_bottom=&#8221;&#8221; rt_border_left=&#8221;&#8221; rt_border_right=&#8221;&#8221; rt_border_top_mobile=&#8221;&#8221; rt_border_bottom_mobile=&#8221;&#8221; rt_border_left_mobile=&#8221;&#8221; rt_border_right_mobile=&#8221;&#8221; rt_bg_image_repeat=&#8221;repeat&#8221; rt_bg_size=&#8221;auto auto&#8221; rt_bg_position=&#8221;right top&#8221; rt_bg_attachment=&#8221;scroll&#8221;][vc_column_text]<\/p>\n<h4>2012<\/h4>\n<p><span style=\"color: #ff6600;\">Workshop da Qualidade\u00a02012 (14.06.2012)<\/span><\/p>\n<ul>\n<li>Apresenta\u00e7\u00e3o das atividades da Comiss\u00e3o CGQP<\/li>\n<li>Palestra &#8220;Benef\u00edcios do Esporte no dia-a-dia&#8221; (palestrante: Juliana Ara\u00fajo &#8211; personal trainer)<\/li>\n<li>Palestra &#8220;Reciclando conceitos do USP Recicla&#8221; (palestrante: Patr\u00edcia Leme (Pazu) &#8211; USP Recicla)<\/li>\n<li><a href=\"https:\/\/www.ifsc.usp.br\/qualidade\/Eventos\/palestra_Hoje_Silvio_Luiz_Florio.pdf\" target=\"_blank\" rel=\"noopener noreferrer\">Palestra: &#8220;\u00c9 Hoje&#8221; (palestrante: Sivio Luiz de Fl\u00f3rio &#8211; consultor RH)<\/a><\/li>\n<li><a href=\"https:\/\/www.ifsc.usp.br\/qualidade\/Eventos\/2012_workshop_qualidade_caneca.pdf\">Cartaz de divulga\u00e7\u00e3o e programa\u00e7\u00e3o do workshop<\/a><\/li>\n<\/ul>\n<p>[\/vc_column_text][\/vc_column][\/vc_row][vc_row rt_row_background_width=&#8221;default&#8221; rt_row_style=&#8221;default-style&#8221; rt_row_borders=&#8221;&#8221; rt_row_paddings=&#8221;true&#8221; rt_bg_effect=&#8221;classic&#8221; rt_bg_image_repeat=&#8221;repeat&#8221; rt_bg_size=&#8221;cover&#8221; rt_bg_position=&#8221;right top&#8221; rt_bg_attachment=&#8221;scroll&#8221; rt_bg_video_format=&#8221;self-hosted&#8221;][vc_column rt_wrp_col_paddings=&#8221;false&#8221; rt_border_top=&#8221;&#8221; rt_border_bottom=&#8221;&#8221; rt_border_left=&#8221;&#8221; rt_border_right=&#8221;&#8221; rt_border_top_mobile=&#8221;&#8221; rt_border_bottom_mobile=&#8221;&#8221; rt_border_left_mobile=&#8221;&#8221; rt_border_right_mobile=&#8221;&#8221; rt_bg_image_repeat=&#8221;repeat&#8221; rt_bg_size=&#8221;auto auto&#8221; rt_bg_position=&#8221;right top&#8221; rt_bg_attachment=&#8221;scroll&#8221;][vc_column_text]<\/p>\n<h4>2011<\/h4>\n<p><span style=\"color: #ff6600;\">Palestra &#8220;A Conviv\u00eancia das Gera\u00e7\u00f5es nas Empresas&#8221; (25.06.2011)<\/span><\/p>\n<ul>\n<li><a href=\"https:\/\/www.ifsc.usp.br\/qualidade\/arquivos\/2011_Palestra_Geracoes.jpg\">Cartaz de divulga\u00e7\u00e3o da palestra<\/a><\/li>\n<\/ul>\n<p>[\/vc_column_text][\/vc_column][\/vc_row][vc_row rt_row_background_width=&#8221;default&#8221; rt_row_style=&#8221;default-style&#8221; rt_row_borders=&#8221;&#8221; rt_row_paddings=&#8221;true&#8221; rt_bg_effect=&#8221;classic&#8221; rt_bg_image_repeat=&#8221;repeat&#8221; rt_bg_size=&#8221;cover&#8221; rt_bg_position=&#8221;right top&#8221; rt_bg_attachment=&#8221;scroll&#8221; rt_bg_video_format=&#8221;self-hosted&#8221;][vc_column rt_wrp_col_paddings=&#8221;false&#8221; rt_border_top=&#8221;&#8221; rt_border_bottom=&#8221;&#8221; rt_border_left=&#8221;&#8221; rt_border_right=&#8221;&#8221; rt_border_top_mobile=&#8221;&#8221; rt_border_bottom_mobile=&#8221;&#8221; rt_border_left_mobile=&#8221;&#8221; rt_border_right_mobile=&#8221;&#8221; rt_bg_image_repeat=&#8221;repeat&#8221; rt_bg_size=&#8221;auto auto&#8221; rt_bg_position=&#8221;right top&#8221; rt_bg_attachment=&#8221;scroll&#8221;][vc_column_text]<\/p>\n<h4>2010<\/h4>\n<p><span style=\"color: #ff6600;\">Workshop da Qualidade\u00a02010<\/span><\/p>\n<ul>\n<li>Apresenta\u00e7\u00e3o da Comiss\u00e3o<\/li>\n<li>Palestra sobre Mapeamento de Processos (PATMOS Consultoria e Treinamento)<\/li>\n<li>Premia\u00e7\u00e3o do Concurso &#8220;Fotografias do IFSC&#8221;<\/li>\n<\/ul>\n<p>[\/vc_column_text][\/vc_column][\/vc_row][vc_row rt_row_background_width=&#8221;default&#8221; rt_row_style=&#8221;default-style&#8221; rt_row_borders=&#8221;&#8221; rt_row_paddings=&#8221;true&#8221; rt_bg_effect=&#8221;classic&#8221; rt_bg_image_repeat=&#8221;repeat&#8221; rt_bg_size=&#8221;cover&#8221; rt_bg_position=&#8221;right top&#8221; rt_bg_attachment=&#8221;scroll&#8221; rt_bg_video_format=&#8221;self-hosted&#8221;][vc_column rt_wrp_col_paddings=&#8221;false&#8221; rt_border_top=&#8221;&#8221; rt_border_bottom=&#8221;&#8221; rt_border_left=&#8221;&#8221; rt_border_right=&#8221;&#8221; rt_border_top_mobile=&#8221;&#8221; rt_border_bottom_mobile=&#8221;&#8221; rt_border_left_mobile=&#8221;&#8221; rt_border_right_mobile=&#8221;&#8221; rt_bg_image_repeat=&#8221;repeat&#8221; rt_bg_size=&#8221;auto auto&#8221; rt_bg_position=&#8221;right top&#8221; rt_bg_attachment=&#8221;scroll&#8221;][vc_column_text]<\/p>\n<div>\n<h4>2009<\/h4>\n<\/div>\n<p><span style=\"color: #ff6600;\">Palestra &#8220;Praticando o Gerenciamento do STRESS&#8221; (26.11.2009)<\/span><\/p>\n<ul>\n<li><a href=\"https:\/\/www.ifsc.usp.br\/qualidade\/arquivos\/2009_Palestra_11_qualifsc.jpg\" target=\"_blank\" rel=\"noopener noreferrer\">Cartaz de divulga\u00e7\u00e3o da palestra<\/a><\/li>\n<li><a href=\"https:\/\/www.ifsc.usp.br\/qualidade\/arquivos\/2009_Estresse_palestra.pdf\" target=\"_blank\" rel=\"noopener noreferrer\">Pr\u00e1tica do Gerenciamento do Stress<\/a><\/li>\n<li><a href=\"https:\/\/www.ifsc.usp.br\/qualidade\/arquivos\/2009_Nutricao_palestra.pdf\" target=\"_blank\" rel=\"noopener noreferrer\">Estresse e Nutri\u00e7\u00e3o<\/a><\/li>\n<li><a href=\"https:\/\/www.ifsc.usp.br\/qualidade\/arquivos\/2009_Automassagem_palestra.pdf\" target=\"_blank\" rel=\"noopener noreferrer\">Automassagem<\/a><\/li>\n<\/ul>\n<p>[\/vc_column_text][\/vc_column][\/vc_row]<\/p>\n","protected":false},"excerpt":{"rendered":"<p>[vc_row rt_row_background_width=&#8221;default&#8221; rt_row_style=&#8221;default-style&#8221; rt_row_borders=&#8221;&#8221; rt_row_paddings=&#8221;true&#8221; rt_bg_effect=&#8221;classic&#8221; rt_bg_image_repeat=&#8221;repeat&#8221; rt_bg_size=&#8221;cover&#8221; rt_bg_position=&#8221;right top&#8221; rt_bg_attachment=&#8221;scroll&#8221; rt_bg_video_format=&#8221;self-hosted&#8221;][vc_column rt_wrp_col_paddings=&#8221;false&#8221; rt_border_top=&#8221;&#8221; rt_border_bottom=&#8221;&#8221; rt_border_left=&#8221;&#8221; rt_border_right=&#8221;&#8221; rt_border_top_mobile=&#8221;&#8221; rt_border_bottom_mobile=&#8221;&#8221; rt_border_left_mobile=&#8221;&#8221; rt_border_right_mobile=&#8221;&#8221; rt_bg_image_repeat=&#8221;repeat&#8221; rt_bg_size=&#8221;auto auto&#8221; rt_bg_position=&#8221;right top&#8221; rt_bg_attachment=&#8221;scroll&#8221;][vc_column_text] 2018 Momento IFSC &#8211; 29 de novembro de 2018 Palestra: &#8220;Ciclo do E-LIXO&#8221; (Thalita Braga e Ra\u00fal Julian Ravelo &#8211; GAIA GreenTech) Cartaz de divulga\u00e7\u00e3o &nbsp; Momento IFSC [&hellip;]<\/p>\n","protected":false},"author":5,"featured_media":0,"parent":0,"menu_order":0,"comment_status":"closed","ping_status":"closed","template":"","meta":{"footnotes":""},"class_list":["post-8286","page","type-page","status-publish","hentry"],"_links":{"self":[{"href":"https:\/\/www.ifsc.usp.br\/qualidade\/wp-json\/wp\/v2\/pages\/8286","targetHints":{"allow":["GET"]}}],"collection":[{"href":"https:\/\/www.ifsc.usp.br\/qualidade\/wp-json\/wp\/v2\/pages"}],"about":[{"href":"https:\/\/www.ifsc.usp.br\/qualidade\/wp-json\/wp\/v2\/types\/page"}],"author":[{"embeddable":true,"href":"https:\/\/www.ifsc.usp.br\/qualidade\/wp-json\/wp\/v2\/users\/5"}],"replies":[{"embeddable":true,"href":"https:\/\/www.ifsc.usp.br\/qualidade\/wp-json\/wp\/v2\/comments?post=8286"}],"version-history":[{"count":53,"href":"https:\/\/www.ifsc.usp.br\/qualidade\/wp-json\/wp\/v2\/pages\/8286\/revisions"}],"predecessor-version":[{"id":9198,"href":"https:\/\/www.ifsc.usp.br\/qualidade\/wp-json\/wp\/v2\/pages\/8286\/revisions\/9198"}],"wp:attachment":[{"href":"https:\/\/www.ifsc.usp.br\/qualidade\/wp-json\/wp\/v2\/media?parent=8286"}],"curies":[{"name":"wp","href":"https:\/\/api.w.org\/{rel}","templated":true}]}}