{"id":8407,"date":"2017-05-30T10:56:52","date_gmt":"2017-05-30T13:56:52","guid":{"rendered":"http:\/\/www.ifsc.usp.br\/~qualidade\/qualidadewp\/?page_id=8407"},"modified":"2022-01-10T11:30:03","modified_gmt":"2022-01-10T14:30:03","slug":"calendarios","status":"publish","type":"page","link":"https:\/\/www.ifsc.usp.br\/qualidade\/calendarios\/","title":{"rendered":"Calend\u00e1rios"},"content":{"rendered":"<p>[vc_row rt_row_background_width=&#8221;default&#8221; rt_row_style=&#8221;default-style&#8221; rt_row_borders=&#8221;&#8221; rt_row_paddings=&#8221;true&#8221; rt_bg_effect=&#8221;classic&#8221; rt_bg_image_repeat=&#8221;repeat&#8221; rt_bg_size=&#8221;cover&#8221; rt_bg_position=&#8221;right top&#8221; rt_bg_attachment=&#8221;scroll&#8221; rt_bg_video_format=&#8221;self-hosted&#8221;][vc_column rt_wrp_col_paddings=&#8221;false&#8221; rt_border_top=&#8221;&#8221; rt_border_bottom=&#8221;&#8221; rt_border_left=&#8221;&#8221; rt_border_right=&#8221;&#8221; rt_border_top_mobile=&#8221;&#8221; rt_border_bottom_mobile=&#8221;&#8221; rt_border_left_mobile=&#8221;&#8221; rt_border_right_mobile=&#8221;&#8221; rt_bg_image_repeat=&#8221;repeat&#8221; rt_bg_size=&#8221;auto auto&#8221; rt_bg_position=&#8221;right top&#8221; rt_bg_attachment=&#8221;scroll&#8221;][vc_column_text]<strong>Calend\u00e1rios (Eventos CGQP)<\/strong><\/p>\n<p><a href=\".\/programa-ifsc-5s-eventos\">Eventos do &#8220;Programa IFSC 5S&#8221; &#8211; de 2007 a 2016<\/a><\/p>\n<p><a href=\"..\/arquivos\/apresentacao_qualidade.pdf\" target=\"_blank\" rel=\"noopener noreferrer\">Apresenta\u00e7\u00e3o do Programa de Qualidade e Produtividade no IFSC &#8211; 2006<\/a><\/p>\n<p><a href=\"..\/arquivos\/GUNGHO.exe\" target=\"_blank\" rel=\"noopener noreferrer\">Palestra de Abertura &#8211; 03 de mar\u00e7o de 2006 &#8211; GUNG HO &#8211; 2006<\/a><\/p>\n<p><strong>Forma\u00e7\u00e3o de Multiplicadores da Qualidade (10\/03\/2006 a 06\/10\/2006)<\/strong><\/p>\n<table border=\"1\">\n<tbody>\n<tr>\n<th scope=\"col\" width=\"10%\">Data<\/th>\n<th scope=\"col\" width=\"20%\">Encontro<\/th>\n<th scope=\"col\" width=\"65%\">Material<\/th>\n<\/tr>\n<tr>\n<td>\n<div align=\"center\">10\/03\/2006<\/div>\n<\/td>\n<td>\n<div align=\"center\">1\u00ba encontro<\/div>\n<\/td>\n<td><a href=\"..\/arquivos\/formacao_multiplicadores_1.pdf\" target=\"_blank\" rel=\"noopener noreferrer\">Qualidade no Servi\u00e7o P\u00fablico<\/a><a href=\"..\/arquivos\/lei_protecao_defesa.pdf\" target=\"_blank\" rel=\"noopener noreferrer\"><br \/>\nLei de Prote\u00e7\u00e3o e Defesa aos usu\u00e1rios dos Servi\u00e7os P\u00fablicos<\/a><\/td>\n<\/tr>\n<tr>\n<td>\n<div align=\"center\">24\/03\/2006<\/div>\n<\/td>\n<td>\n<div align=\"center\">2\u00ba encontro<\/div>\n<\/td>\n<td><a href=\"..\/arquivos\/MASP_USP.pdf\" target=\"_blank\" rel=\"noopener noreferrer\">M\u00e9todo de An\u00e1lise e Solu\u00e7\u00e3o de Problemas<\/a><\/td>\n<\/tr>\n<tr>\n<td>\n<div align=\"center\">07\/04\/2006<\/div>\n<\/td>\n<td><\/td>\n<td><\/td>\n<\/tr>\n<tr>\n<td>\n<div align=\"center\">28\/04\/2006<\/div>\n<\/td>\n<td>\n<div align=\"center\">4\u00ba encontro<\/div>\n<\/td>\n<td><\/td>\n<\/tr>\n<tr>\n<td>\n<div align=\"center\">12\/05\/2006<\/div>\n<\/td>\n<td>\n<div align=\"center\">5\u00ba encontro<\/div>\n<\/td>\n<td><a href=\"..\/arquivos\/5s.pdf\" target=\"_blank\" rel=\"noopener noreferrer\">LAPA, Reginaldo; FANZEN, Edson A. <strong>Programa de qualidade 5S<\/strong><\/a><\/td>\n<\/tr>\n<tr>\n<td>\n<div align=\"center\">26\/05\/2006<\/div>\n<\/td>\n<td>\n<div align=\"center\">6\u00ba encontro<\/div>\n<\/td>\n<td>SEBRAE. <strong>D-OLHO na Qualidade<\/strong><\/td>\n<\/tr>\n<tr>\n<td>\n<div align=\"center\">04\/08\/2006<\/div>\n<\/td>\n<td>\n<div align=\"center\">7\u00ba encontro<\/div>\n<\/td>\n<td><a href=\"..\/arquivos\/5s%27s.ppt\" target=\"_blank\" rel=\"noopener noreferrer\">PRODESP. <strong>5S<\/strong>: um bom come\u00e7o<\/a><br \/>\nProjeto para Implanta\u00e7\u00e3o Ferramenta 5S<\/td>\n<\/tr>\n<tr>\n<td>\n<div align=\"center\">25\/08\/2006<\/div>\n<\/td>\n<td>\n<div align=\"center\">8\u00ba encontro<\/div>\n<\/td>\n<td>Projeto para Implanta\u00e7\u00e3o Ferramenta 5S<\/td>\n<\/tr>\n<tr>\n<td>\n<div align=\"center\">15\/09\/2006<\/div>\n<\/td>\n<td>\n<div align=\"center\">9\u00ba encontro<\/div>\n<\/td>\n<td>Projeto para Implanta\u00e7\u00e3o Ferramenta 5S<\/td>\n<\/tr>\n<tr>\n<td>\n<div align=\"center\">06\/10\/2006<\/div>\n<\/td>\n<td>\n<div align=\"center\">10\u00ba encontro<\/div>\n<\/td>\n<td>Projeto para Implanta\u00e7\u00e3o Ferramenta 5S<\/td>\n<\/tr>\n<\/tbody>\n<\/table>\n<p><strong>Apresenta\u00e7\u00e3o dos projetos elaborados no Curso de Forma\u00e7\u00e3o de Multiplicadores (11\/08\/2006)<\/strong><\/p>\n<p>[<a href=\".\/fotos-da-apresentacao-dos-projetos-da-qualidade-em-2006\/\">Fotos da Apresenta\u00e7\u00e3o<\/a>]<\/p>\n<p>[<a href=\".\/apresentacao-dos-projetos-elaborados-no-curso-de-formacao-de-multiplicadores\">Programa do Evento e Download das Apresenta\u00e7\u00f5es<\/a>][\/vc_column_text][\/vc_column][\/vc_row]<\/p>\n","protected":false},"excerpt":{"rendered":"<p>[vc_row rt_row_background_width=&#8221;default&#8221; rt_row_style=&#8221;default-style&#8221; rt_row_borders=&#8221;&#8221; rt_row_paddings=&#8221;true&#8221; rt_bg_effect=&#8221;classic&#8221; rt_bg_image_repeat=&#8221;repeat&#8221; rt_bg_size=&#8221;cover&#8221; rt_bg_position=&#8221;right top&#8221; rt_bg_attachment=&#8221;scroll&#8221; rt_bg_video_format=&#8221;self-hosted&#8221;][vc_column rt_wrp_col_paddings=&#8221;false&#8221; rt_border_top=&#8221;&#8221; rt_border_bottom=&#8221;&#8221; rt_border_left=&#8221;&#8221; rt_border_right=&#8221;&#8221; rt_border_top_mobile=&#8221;&#8221; rt_border_bottom_mobile=&#8221;&#8221; rt_border_left_mobile=&#8221;&#8221; rt_border_right_mobile=&#8221;&#8221; rt_bg_image_repeat=&#8221;repeat&#8221; rt_bg_size=&#8221;auto auto&#8221; rt_bg_position=&#8221;right top&#8221; rt_bg_attachment=&#8221;scroll&#8221;][vc_column_text]Calend\u00e1rios (Eventos CGQP) Eventos do &#8220;Programa IFSC 5S&#8221; &#8211; de 2007 a 2016 Apresenta\u00e7\u00e3o do Programa de Qualidade e Produtividade no IFSC &#8211; 2006 Palestra de Abertura &#8211; 03 [&hellip;]<\/p>\n","protected":false},"author":5,"featured_media":0,"parent":0,"menu_order":0,"comment_status":"closed","ping_status":"closed","template":"","meta":{"footnotes":""},"class_list":["post-8407","page","type-page","status-publish","hentry"],"_links":{"self":[{"href":"https:\/\/www.ifsc.usp.br\/qualidade\/wp-json\/wp\/v2\/pages\/8407","targetHints":{"allow":["GET"]}}],"collection":[{"href":"https:\/\/www.ifsc.usp.br\/qualidade\/wp-json\/wp\/v2\/pages"}],"about":[{"href":"https:\/\/www.ifsc.usp.br\/qualidade\/wp-json\/wp\/v2\/types\/page"}],"author":[{"embeddable":true,"href":"https:\/\/www.ifsc.usp.br\/qualidade\/wp-json\/wp\/v2\/users\/5"}],"replies":[{"embeddable":true,"href":"https:\/\/www.ifsc.usp.br\/qualidade\/wp-json\/wp\/v2\/comments?post=8407"}],"version-history":[{"count":13,"href":"https:\/\/www.ifsc.usp.br\/qualidade\/wp-json\/wp\/v2\/pages\/8407\/revisions"}],"predecessor-version":[{"id":8927,"href":"https:\/\/www.ifsc.usp.br\/qualidade\/wp-json\/wp\/v2\/pages\/8407\/revisions\/8927"}],"wp:attachment":[{"href":"https:\/\/www.ifsc.usp.br\/qualidade\/wp-json\/wp\/v2\/media?parent=8407"}],"curies":[{"name":"wp","href":"https:\/\/api.w.org\/{rel}","templated":true}]}}