{"id":8423,"date":"2017-05-30T11:19:20","date_gmt":"2017-05-30T14:19:20","guid":{"rendered":"http:\/\/www.ifsc.usp.br\/~qualidade\/qualidadewp\/?page_id=8423"},"modified":"2024-09-24T10:51:18","modified_gmt":"2024-09-24T13:51:18","slug":"boletim-infoquali","status":"publish","type":"page","link":"https:\/\/www.ifsc.usp.br\/qualidade\/boletim-infoquali\/","title":{"rendered":"Boletim InfoQuali"},"content":{"rendered":"<p>[vc_row rt_row_background_width=&#8221;default&#8221; rt_row_style=&#8221;default-style&#8221; rt_row_borders=&#8221;&#8221; rt_row_paddings=&#8221;true&#8221; rt_bg_effect=&#8221;classic&#8221; rt_bg_image_repeat=&#8221;repeat&#8221; rt_bg_size=&#8221;cover&#8221; rt_bg_position=&#8221;right top&#8221; rt_bg_attachment=&#8221;scroll&#8221; rt_bg_video_format=&#8221;self-hosted&#8221;][vc_column rt_wrp_col_paddings=&#8221;false&#8221; rt_border_top=&#8221;&#8221; rt_border_bottom=&#8221;&#8221; rt_border_left=&#8221;&#8221; rt_border_right=&#8221;&#8221; rt_border_top_mobile=&#8221;&#8221; rt_border_bottom_mobile=&#8221;&#8221; rt_border_left_mobile=&#8221;&#8221; rt_border_right_mobile=&#8221;&#8221; rt_bg_image_repeat=&#8221;repeat&#8221; rt_bg_size=&#8221;auto auto&#8221; rt_bg_position=&#8221;right top&#8221; rt_bg_attachment=&#8221;scroll&#8221;][vc_column_text]<a href=\".\/apresentacao-infoquali\/\">Apresenta\u00e7\u00e3o<\/a><\/p>\n<p><span style=\"color: #008080;\"><strong>Edi\u00e7\u00f5es de setembro de 2015 a dezembro de 2016<\/strong><\/span><\/p>\n<p><a href=\"https:\/\/www.ifsc.usp.br\/qualidade\/Boletim-InfoQuali\/InfoQuali-ano2-ed12.pdf\"><img loading=\"lazy\" decoding=\"async\" class=\"alignnone wp-image-8810 size-full\" src=\"https:\/\/www.ifsc.usp.br\/qualidade\/wp-content\/uploads\/2017\/05\/12_infoquali.jpg\" alt=\"\" width=\"141\" height=\"200\" \/><\/a>\u00a0 \u00a0 \u00a0\u00a0<a href=\"https:\/\/www.ifsc.usp.br\/qualidade\/Boletim-InfoQuali\/InfoQuali-ano2-ed11.pdf\"><img loading=\"lazy\" decoding=\"async\" class=\"alignnone wp-image-8809 size-full\" src=\"https:\/\/www.ifsc.usp.br\/qualidade\/wp-content\/uploads\/2017\/05\/11_infoquali.jpg\" alt=\"\" width=\"152\" height=\"200\" \/><\/a>\u00a0 \u00a0\u00a0<a href=\"https:\/\/www.ifsc.usp.br\/qualidade\/Boletim-InfoQuali\/InfoQuali-ano2-ed10.pdf\"><img loading=\"lazy\" decoding=\"async\" class=\"alignnone wp-image-8808 size-full\" src=\"https:\/\/www.ifsc.usp.br\/qualidade\/wp-content\/uploads\/2017\/05\/10_infoquali.jpg\" alt=\"\" width=\"145\" height=\"200\" \/><\/a>\u00a0 \u00a0 \u00a0<a href=\"https:\/\/www.ifsc.usp.br\/qualidade\/Boletim-InfoQuali\/InfoQuali-ano2-ed9.pdf\"><img loading=\"lazy\" decoding=\"async\" class=\"alignnone wp-image-8807 size-full\" src=\"https:\/\/www.ifsc.usp.br\/qualidade\/wp-content\/uploads\/2017\/05\/09_infoquali.jpg\" alt=\"\" width=\"145\" height=\"200\" \/><\/a>\u00a0 \u00a0 \u00a0\u00a0<a href=\"https:\/\/www.ifsc.usp.br\/qualidade\/Boletim-InfoQuali\/InfoQuali-ano2-ed8.pdf\"><img loading=\"lazy\" decoding=\"async\" class=\"alignnone wp-image-8806 size-full\" src=\"https:\/\/www.ifsc.usp.br\/qualidade\/wp-content\/uploads\/2017\/05\/08_infoquali.jpg\" alt=\"\" width=\"142\" height=\"200\" \/><\/a>\u00a0 \u00a0\u00a0<a href=\"https:\/\/www.ifsc.usp.br\/qualidade\/Boletim-InfoQuali\/InfoQuali-ano2-ed7.pdf\"><img loading=\"lazy\" decoding=\"async\" class=\"alignnone wp-image-8805 size-full\" src=\"https:\/\/www.ifsc.usp.br\/qualidade\/wp-content\/uploads\/2017\/05\/07_infoquali.jpg\" alt=\"\" width=\"150\" height=\"200\" \/><\/a><\/p>\n<p>&nbsp;<\/p>\n<p><a href=\"https:\/\/www.ifsc.usp.br\/qualidade\/Boletim-InfoQuali\/InfoQuali-ano2-ed6.pdf\"><img loading=\"lazy\" decoding=\"async\" class=\"alignnone wp-image-8804 size-full\" src=\"https:\/\/www.ifsc.usp.br\/qualidade\/wp-content\/uploads\/2017\/05\/06_infoquali.jpg\" alt=\"\" width=\"142\" height=\"200\" \/><\/a>\u00a0 \u00a0 \u00a0 \u00a0<a href=\"https:\/\/www.ifsc.usp.br\/qualidade\/Boletim-InfoQuali\/InfoQuali-ano2-ed5.pdf\"><img loading=\"lazy\" decoding=\"async\" class=\"alignnone wp-image-8803 size-full\" src=\"https:\/\/www.ifsc.usp.br\/qualidade\/wp-content\/uploads\/2017\/05\/05_infoquali.jpg\" alt=\"\" width=\"141\" height=\"200\" \/><\/a>\u00a0 \u00a0 \u00a0<a href=\"https:\/\/www.ifsc.usp.br\/qualidade\/Boletim-InfoQuali\/InfoQuali-ano1-ed4.pdf\"><img loading=\"lazy\" decoding=\"async\" class=\"alignnone wp-image-8802 size-full\" src=\"https:\/\/www.ifsc.usp.br\/qualidade\/wp-content\/uploads\/2017\/05\/04_infoquali.jpg\" alt=\"\" width=\"143\" height=\"200\" \/><\/a>\u00a0 \u00a0 <a href=\"https:\/\/www.ifsc.usp.br\/qualidade\/Boletim-InfoQuali\/InfoQuali-ano1-ed3.pdf\"><img loading=\"lazy\" decoding=\"async\" class=\"alignnone wp-image-8801 size-full\" src=\"https:\/\/www.ifsc.usp.br\/qualidade\/wp-content\/uploads\/2017\/05\/03_infoquali.jpg\" alt=\"\" width=\"186\" height=\"200\" \/><\/a>\u00a0\u00a0<a href=\"https:\/\/www.ifsc.usp.br\/qualidade\/Boletim-InfoQuali\/InfoQuali-ano1-ed2.pdf\"><img loading=\"lazy\" decoding=\"async\" class=\"alignnone wp-image-8800 size-full\" src=\"https:\/\/www.ifsc.usp.br\/qualidade\/wp-content\/uploads\/2017\/05\/02_infoquali.jpg\" alt=\"\" width=\"165\" height=\"200\" \/><\/a> \u00a0<a href=\"https:\/\/www.ifsc.usp.br\/qualidade\/Boletim-InfoQuali\/InfoQuali-ano1-ed1.pdf\"><img loading=\"lazy\" decoding=\"async\" class=\"alignnone wp-image-8799 size-full\" src=\"https:\/\/www.ifsc.usp.br\/qualidade\/wp-content\/uploads\/2017\/05\/01_infoquali.jpg\" alt=\"\" width=\"169\" height=\"200\" \/><\/a>[\/vc_column_text][\/vc_column][\/vc_row]<\/p>\n","protected":false},"excerpt":{"rendered":"<p>[vc_row rt_row_background_width=&#8221;default&#8221; rt_row_style=&#8221;default-style&#8221; rt_row_borders=&#8221;&#8221; rt_row_paddings=&#8221;true&#8221; rt_bg_effect=&#8221;classic&#8221; rt_bg_image_repeat=&#8221;repeat&#8221; rt_bg_size=&#8221;cover&#8221; rt_bg_position=&#8221;right top&#8221; rt_bg_attachment=&#8221;scroll&#8221; rt_bg_video_format=&#8221;self-hosted&#8221;][vc_column rt_wrp_col_paddings=&#8221;false&#8221; rt_border_top=&#8221;&#8221; rt_border_bottom=&#8221;&#8221; rt_border_left=&#8221;&#8221; rt_border_right=&#8221;&#8221; rt_border_top_mobile=&#8221;&#8221; rt_border_bottom_mobile=&#8221;&#8221; rt_border_left_mobile=&#8221;&#8221; rt_border_right_mobile=&#8221;&#8221; rt_bg_image_repeat=&#8221;repeat&#8221; rt_bg_size=&#8221;auto auto&#8221; rt_bg_position=&#8221;right top&#8221; rt_bg_attachment=&#8221;scroll&#8221;][vc_column_text]Apresenta\u00e7\u00e3o Edi\u00e7\u00f5es de setembro de 2015 a dezembro de 2016 \u00a0 \u00a0 \u00a0\u00a0\u00a0 \u00a0\u00a0\u00a0 \u00a0 \u00a0\u00a0 \u00a0 \u00a0\u00a0\u00a0 \u00a0\u00a0 &nbsp; \u00a0 \u00a0 \u00a0 \u00a0\u00a0 \u00a0 \u00a0\u00a0 \u00a0 \u00a0\u00a0 \u00a0[\/vc_column_text][\/vc_column][\/vc_row]<\/p>\n","protected":false},"author":5,"featured_media":0,"parent":0,"menu_order":0,"comment_status":"closed","ping_status":"closed","template":"","meta":{"footnotes":""},"class_list":["post-8423","page","type-page","status-publish","hentry"],"_links":{"self":[{"href":"https:\/\/www.ifsc.usp.br\/qualidade\/wp-json\/wp\/v2\/pages\/8423","targetHints":{"allow":["GET"]}}],"collection":[{"href":"https:\/\/www.ifsc.usp.br\/qualidade\/wp-json\/wp\/v2\/pages"}],"about":[{"href":"https:\/\/www.ifsc.usp.br\/qualidade\/wp-json\/wp\/v2\/types\/page"}],"author":[{"embeddable":true,"href":"https:\/\/www.ifsc.usp.br\/qualidade\/wp-json\/wp\/v2\/users\/5"}],"replies":[{"embeddable":true,"href":"https:\/\/www.ifsc.usp.br\/qualidade\/wp-json\/wp\/v2\/comments?post=8423"}],"version-history":[{"count":17,"href":"https:\/\/www.ifsc.usp.br\/qualidade\/wp-json\/wp\/v2\/pages\/8423\/revisions"}],"predecessor-version":[{"id":9382,"href":"https:\/\/www.ifsc.usp.br\/qualidade\/wp-json\/wp\/v2\/pages\/8423\/revisions\/9382"}],"wp:attachment":[{"href":"https:\/\/www.ifsc.usp.br\/qualidade\/wp-json\/wp\/v2\/media?parent=8423"}],"curies":[{"name":"wp","href":"https:\/\/api.w.org\/{rel}","templated":true}]}}