{"id":8430,"date":"2017-05-30T11:28:35","date_gmt":"2017-05-30T14:28:35","guid":{"rendered":"http:\/\/www.ifsc.usp.br\/~qualidade\/qualidadewp\/?page_id=8430"},"modified":"2022-04-06T15:17:51","modified_gmt":"2022-04-06T18:17:51","slug":"programa-ifsc-com-saude","status":"publish","type":"page","link":"https:\/\/www.ifsc.usp.br\/qualidade\/programa-ifsc-com-saude\/","title":{"rendered":"Programa &#8220;IFSC Sa\u00fade&#8221;"},"content":{"rendered":"<p>[vc_row rt_row_background_width=&#8221;default&#8221; rt_row_style=&#8221;default-style&#8221; rt_row_borders=&#8221;&#8221; rt_row_paddings=&#8221;true&#8221; rt_bg_effect=&#8221;classic&#8221; rt_bg_image_repeat=&#8221;repeat&#8221; rt_bg_size=&#8221;cover&#8221; rt_bg_position=&#8221;right top&#8221; rt_bg_attachment=&#8221;scroll&#8221; rt_bg_video_format=&#8221;self-hosted&#8221;][vc_column rt_wrp_col_paddings=&#8221;false&#8221; rt_border_top=&#8221;&#8221; rt_border_bottom=&#8221;&#8221; rt_border_left=&#8221;&#8221; rt_border_right=&#8221;&#8221; rt_border_top_mobile=&#8221;&#8221; rt_border_bottom_mobile=&#8221;&#8221; rt_border_left_mobile=&#8221;&#8221; rt_border_right_mobile=&#8221;&#8221; rt_bg_image_repeat=&#8221;repeat&#8221; rt_bg_size=&#8221;auto auto&#8221; rt_bg_position=&#8221;right top&#8221; rt_bg_attachment=&#8221;scroll&#8221;][vc_column_text]As atividades do projeto IFSC Sa\u00fade, lan\u00e7ado no Workshop da Qualidade 2012, se iniciaram em 25\/08\/2012 e finalizaram em 2014.<\/p>\n<p>Nesse projeto os funcion\u00e1rios do IFSC contavam com a orienta\u00e7\u00e3o de uma <em>personal trainer<\/em> para fazer caminhada e corrida.<\/p>\n<p>As atividades f\u00edsicas aconteciam todos os s\u00e1bados das 7h30 \u00e0s 9h30 no Parque do Kart\u00f3dromo.<\/p>\n<p>&nbsp;<\/p>\n<p><strong><span style=\"color: #ff6600;\">Eventos realizados 2014<\/span><\/strong><\/p>\n<p><strong>Passeio na \u00c1rea 2 da USP &#8211; 07 de dezembro de 2014<\/strong><\/p>\n<p><a href=\"https:\/\/www2.ifsc.usp.br\/portal-ifsc\/passeio-na-area-ii-da-usp-confira-algumas-imagens\/\" target=\"_blank\" rel=\"noopener noreferrer\">Passeio na \u00e1rea II da USP &#8211; confira algumas imagens<\/a><\/p>\n<p>&nbsp;<\/p>\n<p><strong><span style=\"color: #ff6600;\">Eventos realizados 2013<\/span><\/strong><\/p>\n<div>\n<p><strong>1\u00aa Gincana de Integra\u00e7\u00e3o do IFSC &#8211; 06-04-2013<\/strong><\/p>\n<p>( <a href=\"https:\/\/www.ifsc.usp.br\/qualidade\/wp-content\/uploads\/2022\/04\/Cartaz-Gincana-Esportiva-A4-1.pdf\" target=\"_blank\" rel=\"noopener\">Cartaz de divulga\u00e7\u00e3o<\/a>\u00a0| <a href=\"https:\/\/www2.ifsc.usp.br\/portal-ifsc\/i-gincana-de-integracao-do-ifsc-sucesso-absoluto\/\" target=\"_blank\" rel=\"noopener noreferrer\">Not\u00edcia no site IFSC<\/a> )<\/p>\n<p><strong>Atividade Especial: V\u00f4lei &#8211; 08-06-2013<\/strong><strong><br \/>\n<\/strong><\/p>\n<p>( <a href=\"https:\/\/www2.ifsc.usp.br\/portal-ifsc\/sabado-tem-voleibol\/\" target=\"_blank\" rel=\"noopener noreferrer\">Not\u00edcia no site IFSC<\/a>\u00a0 |\u00a0 <a href=\"https:\/\/www.ifsc.usp.br\/qualidade\/atividade-especial-volei-08-06-2013\/\">Fotos da atividade<\/a> )<\/p>\n<p><strong>Atividade Especial: Futsal &#8211; 22-06-2013<\/strong><\/p>\n<p>( <a href=\"https:\/\/www2.ifsc.usp.br\/portal-ifsc\/proximo-sabado-tem-futsal\/\" target=\"_blank\" rel=\"noopener noreferrer\">Not\u00edcia no site IFSC<\/a>\u00a0 |\u00a0 <a href=\"https:\/\/www.ifsc.usp.br\/qualidade\/?page_id=9306&amp;preview=true\">Fotos da atividade<\/a> )<\/p>\n<p><strong>2\u00aa Gincana de Integra\u00e7\u00e3o do IFSC &#8211; 10-08-2013<\/strong><\/p>\n<p>(\u00a0<a href=\"https:\/\/www.ifsc.usp.br\/qualidade\/wp-content\/uploads\/2022\/04\/Cartaz-II-Gincana-IFSC-Saude.pdf\" target=\"_blank\" rel=\"noopener noreferrer\">Cartaz de divulga\u00e7\u00e3o<\/a> | <a href=\"https:\/\/www2.ifsc.usp.br\/portal-ifsc\/2o-edicao-repete-sucesso-da-1o\/\" target=\"_blank\" rel=\"noopener noreferrer\">Not\u00edcia no site IFSC<\/a> )<\/p>\n<p><strong>Atividade Especial: Tai Chi e V\u00f4lei &#8211; 14-09-2013<\/strong><\/p>\n<p>( <a href=\"https:\/\/www.ifsc.usp.br\/qualidade\/atividade-especial-tai-chi-chuan-14-09-2013\/\">Fotos Tai Chi<\/a>\u00a0 \u00a0|\u00a0 <a href=\"https:\/\/www.ifsc.usp.br\/qualidade\/atividade-especial-volei-14-09-2013\/\">Fotos V\u00f4lei<\/a> )<\/p>\n<\/div>\n<p>[\/vc_column_text][\/vc_column][\/vc_row]<\/p>\n","protected":false},"excerpt":{"rendered":"<p>[vc_row rt_row_background_width=&#8221;default&#8221; rt_row_style=&#8221;default-style&#8221; rt_row_borders=&#8221;&#8221; rt_row_paddings=&#8221;true&#8221; rt_bg_effect=&#8221;classic&#8221; rt_bg_image_repeat=&#8221;repeat&#8221; rt_bg_size=&#8221;cover&#8221; rt_bg_position=&#8221;right top&#8221; rt_bg_attachment=&#8221;scroll&#8221; rt_bg_video_format=&#8221;self-hosted&#8221;][vc_column rt_wrp_col_paddings=&#8221;false&#8221; rt_border_top=&#8221;&#8221; rt_border_bottom=&#8221;&#8221; rt_border_left=&#8221;&#8221; rt_border_right=&#8221;&#8221; rt_border_top_mobile=&#8221;&#8221; rt_border_bottom_mobile=&#8221;&#8221; rt_border_left_mobile=&#8221;&#8221; rt_border_right_mobile=&#8221;&#8221; rt_bg_image_repeat=&#8221;repeat&#8221; rt_bg_size=&#8221;auto auto&#8221; rt_bg_position=&#8221;right top&#8221; rt_bg_attachment=&#8221;scroll&#8221;][vc_column_text]As atividades do projeto IFSC Sa\u00fade, lan\u00e7ado no Workshop da Qualidade 2012, se iniciaram em 25\/08\/2012 e finalizaram em 2014. Nesse projeto os funcion\u00e1rios do IFSC contavam com a [&hellip;]<\/p>\n","protected":false},"author":5,"featured_media":0,"parent":0,"menu_order":0,"comment_status":"closed","ping_status":"closed","template":"","meta":{"footnotes":""},"class_list":["post-8430","page","type-page","status-publish","hentry"],"_links":{"self":[{"href":"https:\/\/www.ifsc.usp.br\/qualidade\/wp-json\/wp\/v2\/pages\/8430","targetHints":{"allow":["GET"]}}],"collection":[{"href":"https:\/\/www.ifsc.usp.br\/qualidade\/wp-json\/wp\/v2\/pages"}],"about":[{"href":"https:\/\/www.ifsc.usp.br\/qualidade\/wp-json\/wp\/v2\/types\/page"}],"author":[{"embeddable":true,"href":"https:\/\/www.ifsc.usp.br\/qualidade\/wp-json\/wp\/v2\/users\/5"}],"replies":[{"embeddable":true,"href":"https:\/\/www.ifsc.usp.br\/qualidade\/wp-json\/wp\/v2\/comments?post=8430"}],"version-history":[{"count":16,"href":"https:\/\/www.ifsc.usp.br\/qualidade\/wp-json\/wp\/v2\/pages\/8430\/revisions"}],"predecessor-version":[{"id":9329,"href":"https:\/\/www.ifsc.usp.br\/qualidade\/wp-json\/wp\/v2\/pages\/8430\/revisions\/9329"}],"wp:attachment":[{"href":"https:\/\/www.ifsc.usp.br\/qualidade\/wp-json\/wp\/v2\/media?parent=8430"}],"curies":[{"name":"wp","href":"https:\/\/api.w.org\/{rel}","templated":true}]}}