{"id":8445,"date":"2017-05-30T12:01:04","date_gmt":"2017-05-30T15:01:04","guid":{"rendered":"http:\/\/www.ifsc.usp.br\/~qualidade\/qualidadewp\/?page_id=8445"},"modified":"2022-04-06T15:21:39","modified_gmt":"2022-04-06T18:21:39","slug":"programa-ifsc-5s-participacao-e-parcerias","status":"publish","type":"page","link":"https:\/\/www.ifsc.usp.br\/qualidade\/programa-ifsc-5s-participacao-e-parcerias\/","title":{"rendered":"Programa IFSC 5S &#8211; Participa\u00e7\u00e3o e Parcerias"},"content":{"rendered":"<p>[vc_row rt_row_background_width=&#8221;default&#8221; rt_row_style=&#8221;default-style&#8221; rt_row_borders=&#8221;&#8221; rt_row_paddings=&#8221;true&#8221; rt_bg_effect=&#8221;classic&#8221; rt_bg_image_repeat=&#8221;repeat&#8221; rt_bg_size=&#8221;cover&#8221; rt_bg_position=&#8221;right top&#8221; rt_bg_attachment=&#8221;scroll&#8221; rt_bg_video_format=&#8221;self-hosted&#8221;][vc_column rt_wrp_col_paddings=&#8221;false&#8221; rt_border_top=&#8221;&#8221; rt_border_bottom=&#8221;&#8221; rt_border_left=&#8221;&#8221; rt_border_right=&#8221;&#8221; rt_border_top_mobile=&#8221;&#8221; rt_border_bottom_mobile=&#8221;&#8221; rt_border_left_mobile=&#8221;&#8221; rt_border_right_mobile=&#8221;&#8221; rt_bg_image_repeat=&#8221;repeat&#8221; rt_bg_size=&#8221;auto auto&#8221; rt_bg_position=&#8221;right top&#8221; rt_bg_attachment=&#8221;scroll&#8221;][vc_column_text]<strong><img loading=\"lazy\" decoding=\"async\" class=\"alignnone wp-image-8462 size-full\" src=\"https:\/\/www.ifsc.usp.br\/qualidade\/wp-content\/uploads\/2017\/05\/logo5s.png\" alt=\"\" width=\"104\" height=\"95\" \/>Participantes<\/strong><\/p>\n<p>Diretoria do IFSC \u2013 DIR<br \/>\nAssessoria de Comunica\u00e7\u00e3o &#8211; DIR<br \/>\nAssist\u00eancia T\u00e9cnica Acad\u00eamica &#8211; ATAc<br \/>\nAssist\u00eancia T\u00e9cnica Administrativa \u2013 ATAd<br \/>\nAssist\u00eancia T\u00e9cnica Financeira \u2013 ATFn<br \/>\nLaborat\u00f3rios de Ensino de F\u00edsica &#8211; LEF<br \/>\nSe\u00e7\u00e3o T\u00e9cnica de Inform\u00e1tica \u2013 ScInfor<\/p>\n<p>Departamento de F\u00edsica e Ci\u00eancia dos Materiais \u2013 FCM<br \/>\nGrupo Crescimento de Cristais e Materiais Cer\u00e2micos \u2013 CCMC<br \/>\nGrupo de F\u00edsica Te\u00f3rica &#8211; FT\/FCM<br \/>\nGrupo de Computa\u00e7\u00e3o Interdiscplinar &#8211; GCI<br \/>\nGrupo de \u00d3ptica &#8211; GO<\/p>\n<p>Departamento de F\u00edsica e Inform\u00e1tica &#8211; FCI<br \/>\nGrupo de Biof\u00edsica Molecular &#8220;S\u00e9rgio Mascarenhas&#8221; &#8211; BIO<br \/>\nGrupo de Biotecnologia Molecular &#8211; BM<br \/>\nGrupo de Cristalografia &#8211; GC<br \/>\nGrupo de F\u00edsica Te\u00f3rica \u2013 FT\/FCI<br \/>\nGrupo de F\u00edsica Computacional e Instrumenta\u00e7\u00e3o Aplicada \u2013 FCIA<br \/>\nGrupo de Resson\u00e2ncia Magn\u00e9tica Nuclear &#8211; RMN<\/p>\n<p><strong>Parcerias<\/strong><\/p>\n<p><a href=\".\/multiplicadores\/\" target=\"_blank\" rel=\"noopener noreferrer\">Multiplicadores da Qualidade<\/a><br \/>\n<a href=\"https:\/\/www2.ifsc.usp.br\/portal-ifsc\/cipa-comissao-interna-de-prevencao-de-acidentes\/\" target=\"_blank\" rel=\"noopener noreferrer\">CIPA<\/a><br \/>\n<a href=\"http:\/\/www.ifsc.usp.br\/scinfor\" target=\"_blank\" rel=\"noopener noreferrer\">Se\u00e7\u00e3o T\u00e9cnica de Inform\u00e1tica<\/a><br \/>\n<a href=\"https:\/\/www2.ifsc.usp.br\/portal-ifsc\/assistencia-tecnica-financeira\/\" target=\"_blank\" rel=\"noopener noreferrer\">Patrim\u00f4nio<\/a>[\/vc_column_text][\/vc_column][\/vc_row]<\/p>\n","protected":false},"excerpt":{"rendered":"<p>[vc_row rt_row_background_width=&#8221;default&#8221; rt_row_style=&#8221;default-style&#8221; rt_row_borders=&#8221;&#8221; rt_row_paddings=&#8221;true&#8221; rt_bg_effect=&#8221;classic&#8221; rt_bg_image_repeat=&#8221;repeat&#8221; rt_bg_size=&#8221;cover&#8221; rt_bg_position=&#8221;right top&#8221; rt_bg_attachment=&#8221;scroll&#8221; rt_bg_video_format=&#8221;self-hosted&#8221;][vc_column rt_wrp_col_paddings=&#8221;false&#8221; rt_border_top=&#8221;&#8221; rt_border_bottom=&#8221;&#8221; rt_border_left=&#8221;&#8221; rt_border_right=&#8221;&#8221; rt_border_top_mobile=&#8221;&#8221; rt_border_bottom_mobile=&#8221;&#8221; rt_border_left_mobile=&#8221;&#8221; rt_border_right_mobile=&#8221;&#8221; rt_bg_image_repeat=&#8221;repeat&#8221; rt_bg_size=&#8221;auto auto&#8221; rt_bg_position=&#8221;right top&#8221; rt_bg_attachment=&#8221;scroll&#8221;][vc_column_text]Participantes Diretoria do IFSC \u2013 DIR Assessoria de Comunica\u00e7\u00e3o &#8211; DIR Assist\u00eancia T\u00e9cnica Acad\u00eamica &#8211; ATAc Assist\u00eancia T\u00e9cnica Administrativa \u2013 ATAd Assist\u00eancia T\u00e9cnica Financeira \u2013 ATFn Laborat\u00f3rios de Ensino [&hellip;]<\/p>\n","protected":false},"author":5,"featured_media":0,"parent":0,"menu_order":0,"comment_status":"closed","ping_status":"closed","template":"","meta":{"footnotes":""},"class_list":["post-8445","page","type-page","status-publish","hentry"],"_links":{"self":[{"href":"https:\/\/www.ifsc.usp.br\/qualidade\/wp-json\/wp\/v2\/pages\/8445","targetHints":{"allow":["GET"]}}],"collection":[{"href":"https:\/\/www.ifsc.usp.br\/qualidade\/wp-json\/wp\/v2\/pages"}],"about":[{"href":"https:\/\/www.ifsc.usp.br\/qualidade\/wp-json\/wp\/v2\/types\/page"}],"author":[{"embeddable":true,"href":"https:\/\/www.ifsc.usp.br\/qualidade\/wp-json\/wp\/v2\/users\/5"}],"replies":[{"embeddable":true,"href":"https:\/\/www.ifsc.usp.br\/qualidade\/wp-json\/wp\/v2\/comments?post=8445"}],"version-history":[{"count":6,"href":"https:\/\/www.ifsc.usp.br\/qualidade\/wp-json\/wp\/v2\/pages\/8445\/revisions"}],"predecessor-version":[{"id":9332,"href":"https:\/\/www.ifsc.usp.br\/qualidade\/wp-json\/wp\/v2\/pages\/8445\/revisions\/9332"}],"wp:attachment":[{"href":"https:\/\/www.ifsc.usp.br\/qualidade\/wp-json\/wp\/v2\/media?parent=8445"}],"curies":[{"name":"wp","href":"https:\/\/api.w.org\/{rel}","templated":true}]}}