{"id":8457,"date":"2017-05-30T16:56:45","date_gmt":"2017-05-30T19:56:45","guid":{"rendered":"http:\/\/www.ifsc.usp.br\/~qualidade\/qualidadewp\/?page_id=8457"},"modified":"2022-04-06T15:30:35","modified_gmt":"2022-04-06T18:30:35","slug":"programa-ifsc-5s-aplicando-o-5s","status":"publish","type":"page","link":"https:\/\/www.ifsc.usp.br\/qualidade\/programa-ifsc-5s-aplicando-o-5s\/","title":{"rendered":"Programa IFSC 5S &#8211; Aplicando o 5S"},"content":{"rendered":"<p>[vc_row rt_row_background_width=&#8221;default&#8221; rt_row_style=&#8221;default-style&#8221; rt_row_borders=&#8221;&#8221; rt_row_paddings=&#8221;true&#8221; rt_bg_effect=&#8221;classic&#8221; rt_bg_image_repeat=&#8221;repeat&#8221; rt_bg_size=&#8221;cover&#8221; rt_bg_position=&#8221;right top&#8221; rt_bg_attachment=&#8221;scroll&#8221; rt_bg_video_format=&#8221;self-hosted&#8221;][vc_column rt_wrp_col_paddings=&#8221;false&#8221; rt_border_top=&#8221;&#8221; rt_border_bottom=&#8221;&#8221; rt_border_left=&#8221;&#8221; rt_border_right=&#8221;&#8221; rt_border_top_mobile=&#8221;&#8221; rt_border_bottom_mobile=&#8221;&#8221; rt_border_left_mobile=&#8221;&#8221; rt_border_right_mobile=&#8221;&#8221; rt_bg_image_repeat=&#8221;repeat&#8221; rt_bg_size=&#8221;auto auto&#8221; rt_bg_position=&#8221;right top&#8221; rt_bg_attachment=&#8221;scroll&#8221;][vc_column_text]<\/p>\n<div class=\"art-PostContent\">\n<div class=\"item-page\">\n<h2><img loading=\"lazy\" decoding=\"async\" class=\"alignnone wp-image-8462 size-full\" src=\"https:\/\/www.ifsc.usp.br\/qualidade\/wp-content\/uploads\/2017\/05\/logo5s.png\" alt=\"\" width=\"104\" height=\"95\" \/><\/h2>\n<h2>Senso de Utiliza\u00e7\u00e3o<\/h2>\n<table border=\"0\" cellspacing=\"0\" cellpadding=\"0\">\n<tbody>\n<tr>\n<td width=\"340\"><strong>\u201cTenha s\u00f3 o necess\u00e1rio, na quantidade certa\u201d<\/strong><strong>(Seiri)<\/strong><\/td>\n<td align=\"right\" valign=\"top\" width=\"360\">\n<h2>1S<\/h2>\n<\/td>\n<\/tr>\n<\/tbody>\n<\/table>\n<p>Objetivo:<\/p>\n<ul>\n<li>Separar o \u00fatil do in\u00fatil;<\/li>\n<li>Eliminar informa\u00e7\u00f5es, pap\u00e9is, objetos desnecess\u00e1rios e dados de controle ultrapassados existentes no local de trabalho;<\/li>\n<li>Evitar excessos e desperd\u00edcios de qualquer natureza;<\/li>\n<li>Utilizar os recursos e espa\u00e7o f\u00edsico de acordo com a necessidade, especifica\u00e7\u00e3o e adequa\u00e7\u00e3o;<\/li>\n<li>Manter, no local de trabalho, somente objetos e dados necess\u00e1rios.<\/li>\n<\/ul>\n<p><a href=\"http:\/\/www.ifsc.usp.br\/qualidade\/programa-ifsc-5s-como-fazer-o-dia-d\/\">COMO FAZER<\/a><\/p>\n<p><strong>O Senso de Utiliza\u00e7\u00e3o n\u00e3o se aplica s\u00f3 para as coisas. Podemos us\u00e1-lo tamb\u00e9m para melhorar nosso jeito de viver.<\/strong><\/p>\n<p>&nbsp;<\/p>\n<\/div>\n<div class=\"art-PostContent\">\n<div class=\"item-page\">\n<h2>Senso de Organiza\u00e7\u00e3o<\/h2>\n<table border=\"0\" cellspacing=\"0\" cellpadding=\"0\">\n<tbody>\n<tr>\n<td width=\"340\">\u201cUm lugar para cada coisa, cada coisa no seu lugar\u201d(Seiton)<\/td>\n<td align=\"right\" valign=\"top\" width=\"360\">\n<h2>2S<\/h2>\n<\/td>\n<\/tr>\n<\/tbody>\n<\/table>\n<p>Objetivo:<\/p>\n<ul>\n<li>Ter um sistema para guardar e localizar rapidamente aquilo que se utiliza, isto \u00e9, um lugar bem definido para cada coisa;<\/li>\n<li>O ambiente deve ter um layout funcional e pr\u00e1tico;<\/li>\n<li>Utilizar comunica\u00e7\u00e3o visual: organizar por cores, tamanhos ou outro crit\u00e9rio mais adequado.<\/li>\n<\/ul>\n<p><a href=\"http:\/\/www.ifsc.usp.br\/qualidade\/programa-ifsc-5s-como-fazer-o-dia-d\/\">COMO FAZER<\/a><\/p>\n<p><strong>O que se precisa a toda hora deve ficar mais perto da gente.<\/strong><\/p>\n<p>&nbsp;<\/p>\n<div class=\"art-PostContent\">\n<div class=\"item-page\">\n<h2>Senso de Limpeza<\/h2>\n<table border=\"0\" cellspacing=\"0\" cellpadding=\"0\">\n<tbody>\n<tr>\n<td width=\"340\"><strong>\u201cO ambiente faz a gente\u201d<\/strong><strong>(Seiso)<\/strong><\/td>\n<td align=\"right\" valign=\"top\" width=\"360\">\n<h2>3S<\/h2>\n<\/td>\n<\/tr>\n<\/tbody>\n<\/table>\n<p>Objetivo:<\/p>\n<ul>\n<li>Eliminar todo e qualquer tra\u00e7o de sujeira;<\/li>\n<li>Manter limpos cada objeto e cada equipamento.<\/li>\n<\/ul>\n<p><a href=\"http:\/\/www.ifsc.usp.br\/qualidade\/programa-ifsc-5s-como-fazer-o-dia-d\/\">COMO FAZER<\/a><\/p>\n<p><strong>Limpar \u00e9 bom, melhor ainda \u00e9 evitar sujar.<\/strong><\/p>\n<p>&nbsp;<\/p>\n<div class=\"art-PostContent\">\n<div class=\"item-page\">\n<h2>Senso de Sa\u00fade<\/h2>\n<table border=\"0\" cellspacing=\"0\" cellpadding=\"0\">\n<tbody>\n<tr>\n<td width=\"320\"><strong>\u201cO compromisso de cada um \u00e9 com todos\u201d<\/strong><strong>(Seiketsu)<\/strong><\/td>\n<td align=\"right\" valign=\"top\" width=\"380\">\n<h2>4S<\/h2>\n<\/td>\n<\/tr>\n<\/tbody>\n<\/table>\n<p>Objetivo:<\/p>\n<ul>\n<li>Manter os 3S anteriores;<\/li>\n<li>Aplica\u00e7\u00e3o de normas de seguran\u00e7a;<\/li>\n<li>Identificar, tratar adequadamente e, se poss\u00edvel, eliminar fontes de risco e de insalubridade;<\/li>\n<li>Manter excelentes condi\u00e7\u00f5es de higiene nas \u00e1reas comuns;<\/li>\n<li>Manter condi\u00e7\u00f5es de trabalho favor\u00e1veis \u00e0 sa\u00fade, proporcionando o equil\u00edbrio f\u00edsico e mental;<\/li>\n<li>Estimular um clima de confian\u00e7a, amizade e solidariedade;<\/li>\n<li>Cuidar do corpo e da mente;<\/li>\n<li>Higiene e boa apar\u00eancia pessoal;<\/li>\n<li>Tornar o visual do local de trabalho mais agrad\u00e1vel.<\/li>\n<\/ul>\n<p>&nbsp;<\/p>\n<p>O ambiente de trabalho deve ser melhorado continuamente.<\/p>\n<p>&nbsp;<\/p>\n<div class=\"art-PostContent\">\n<div class=\"item-page\">\n<h2>Senso de Autodisciplina<\/h2>\n<table border=\"0\" cellspacing=\"0\" cellpadding=\"0\">\n<tbody>\n<tr>\n<td width=\"320\"><strong>\u201cO sucesso \u00e9 consequ\u00eancia do comprometimento\u201d<\/strong><strong>(Shitsuke)<\/strong><\/td>\n<td align=\"right\" valign=\"top\" width=\"380\">\n<h2>5S<\/h2>\n<\/td>\n<\/tr>\n<\/tbody>\n<\/table>\n<p>Objetivo:<\/p>\n<ul>\n<li>Manter o compromisso com o cumprimento dos padr\u00f5es\u00a0\u00e9ticos, morais e t\u00e9cnicos definidos pelo Programa IFSC 5S.<\/li>\n<li>Melhoria\u00a0cont\u00ednua e previsibilidade, sem necessidade de cobran\u00e7a.<\/li>\n<\/ul>\n<p>&nbsp;<\/p>\n<p>Senso de Autodisciplina \u00e9 lembrar e manter sempre o Programa IFSC 5S.<\/p>\n<\/div>\n<\/div>\n<\/div>\n<\/div>\n<\/div>\n<\/div>\n<\/div>\n<\/div>\n<\/div>\n<p>[\/vc_column_text][\/vc_column][\/vc_row]<\/p>\n","protected":false},"excerpt":{"rendered":"<p>[vc_row rt_row_background_width=&#8221;default&#8221; rt_row_style=&#8221;default-style&#8221; rt_row_borders=&#8221;&#8221; rt_row_paddings=&#8221;true&#8221; rt_bg_effect=&#8221;classic&#8221; rt_bg_image_repeat=&#8221;repeat&#8221; rt_bg_size=&#8221;cover&#8221; rt_bg_position=&#8221;right top&#8221; rt_bg_attachment=&#8221;scroll&#8221; rt_bg_video_format=&#8221;self-hosted&#8221;][vc_column rt_wrp_col_paddings=&#8221;false&#8221; rt_border_top=&#8221;&#8221; rt_border_bottom=&#8221;&#8221; rt_border_left=&#8221;&#8221; rt_border_right=&#8221;&#8221; rt_border_top_mobile=&#8221;&#8221; rt_border_bottom_mobile=&#8221;&#8221; rt_border_left_mobile=&#8221;&#8221; rt_border_right_mobile=&#8221;&#8221; rt_bg_image_repeat=&#8221;repeat&#8221; rt_bg_size=&#8221;auto auto&#8221; rt_bg_position=&#8221;right top&#8221; rt_bg_attachment=&#8221;scroll&#8221;][vc_column_text] Senso de Utiliza\u00e7\u00e3o \u201cTenha s\u00f3 o necess\u00e1rio, na quantidade certa\u201d(Seiri) 1S Objetivo: Separar o \u00fatil do in\u00fatil; Eliminar informa\u00e7\u00f5es, pap\u00e9is, objetos desnecess\u00e1rios e dados de controle ultrapassados existentes [&hellip;]<\/p>\n","protected":false},"author":5,"featured_media":0,"parent":0,"menu_order":0,"comment_status":"closed","ping_status":"closed","template":"","meta":{"footnotes":""},"class_list":["post-8457","page","type-page","status-publish","hentry"],"_links":{"self":[{"href":"https:\/\/www.ifsc.usp.br\/qualidade\/wp-json\/wp\/v2\/pages\/8457","targetHints":{"allow":["GET"]}}],"collection":[{"href":"https:\/\/www.ifsc.usp.br\/qualidade\/wp-json\/wp\/v2\/pages"}],"about":[{"href":"https:\/\/www.ifsc.usp.br\/qualidade\/wp-json\/wp\/v2\/types\/page"}],"author":[{"embeddable":true,"href":"https:\/\/www.ifsc.usp.br\/qualidade\/wp-json\/wp\/v2\/users\/5"}],"replies":[{"embeddable":true,"href":"https:\/\/www.ifsc.usp.br\/qualidade\/wp-json\/wp\/v2\/comments?post=8457"}],"version-history":[{"count":4,"href":"https:\/\/www.ifsc.usp.br\/qualidade\/wp-json\/wp\/v2\/pages\/8457\/revisions"}],"predecessor-version":[{"id":9335,"href":"https:\/\/www.ifsc.usp.br\/qualidade\/wp-json\/wp\/v2\/pages\/8457\/revisions\/9335"}],"wp:attachment":[{"href":"https:\/\/www.ifsc.usp.br\/qualidade\/wp-json\/wp\/v2\/media?parent=8457"}],"curies":[{"name":"wp","href":"https:\/\/api.w.org\/{rel}","templated":true}]}}