{"id":8460,"date":"2017-05-30T17:07:21","date_gmt":"2017-05-30T20:07:21","guid":{"rendered":"http:\/\/www.ifsc.usp.br\/~qualidade\/qualidadewp\/?page_id=8460"},"modified":"2022-04-06T15:31:10","modified_gmt":"2022-04-06T18:31:10","slug":"programa-ifsc-5s-como-fazer-o-dia-d","status":"publish","type":"page","link":"https:\/\/www.ifsc.usp.br\/qualidade\/programa-ifsc-5s-como-fazer-o-dia-d\/","title":{"rendered":"Programa IFSC 5S &#8211; Como fazer o &#8220;Dia D&#8221;"},"content":{"rendered":"<p><img loading=\"lazy\" decoding=\"async\" class=\"alignnone wp-image-8462 size-full\" src=\"https:\/\/www.ifsc.usp.br\/qualidade\/wp-content\/uploads\/2017\/05\/logo5s.png\" alt=\"\" width=\"104\" height=\"95\" \/><\/p>\n<p>&#8211; Classificar todos os objetos e recursos:<\/p>\n<p>Necess\u00e1rios para o meu trabalho <strong>&gt;&gt;&gt;<\/strong> Aplicar o Senso de Organiza\u00e7\u00e3o (Ordena\u00e7\u00e3o)<br \/>\nDesnecess\u00e1rios para o meu trabalho <strong>&gt;&gt;&gt;\u00a0<\/strong>Colocar \u00e0 disposi\u00e7\u00e3o<\/p>\n<p><strong>Procedimentos para colocar bens e materiais \u00e0 disposi\u00e7\u00e3o:<\/strong><\/p>\n<ul>\n<li>Bens permanentes dever\u00e3o ser inclu\u00eddos no sistema da USP &#8220;Merc\u00farioWeb Patrim\u00f4nio&#8221; antes de\u00a0serem levados para os locais de descarte, no sistema o bem deve ser atualizado para &#8220;Disponibilizar&#8221;;<\/li>\n<li>Materiais de consumo em boas condi\u00e7\u00f5es de uso dever\u00e3o ser depositados nos recipientes de Materiais Reutiliz\u00e1veis nos Locais de Descarte;<\/li>\n<li>Materiais de consumo a serem descartados dever\u00e3o ser depositados nos recipientes de Materiais Recicl\u00e1veis (pap\u00e9is, pl\u00e1sticos, vidros etc)\u00a0nos Locais de Descarte;<\/li>\n<li>Materiais do tipo lixo eletr\u00f4nico (mouse, teclados, placas sem condi\u00e7\u00f5es de uso)<\/li>\n<li><strong>Res\u00edduos qu\u00edmicos<\/strong> dever\u00e3o seguir as Normas da CIPA e do Laborat\u00f3rio de Res\u00edduos Qu\u00edmicos (LRQ) para descarte.<\/li>\n<\/ul>\n<p align=\"center\"><strong>Res\u00edduos Qu\u00edmicos <\/strong><strong>n\u00e3o devem ser descartados<\/strong><strong> no &#8220;Dia D&#8221; nos locais de descarte.<br \/>\n<\/strong><\/p>\n<p><strong>Locais de descarte:<\/strong><\/p>\n<p><strong>Laborat\u00f3rio de Ensino (LEF):<\/strong><br \/>\n&#8211; Sagu\u00e3o principal.<\/p>\n<p><strong>Pr\u00e9dio dos Departamentos:<\/strong><br \/>\n&#8211; T\u00e9rreo (\u00e1rea de exposi\u00e7\u00e3o na entrada principal).<\/p>\n<p><strong>Pr\u00e9dio da Administra\u00e7\u00e3o:<\/strong><br \/>\n&#8211; T\u00e9rreo (pr\u00f3ximo \u00e0 escada central de a\u00e7o).<\/p>\n<p><strong>Pr\u00e9dio do IFSC na \u00c1rea 2:<\/strong><br \/>\n&#8211; T\u00e9rreo (ao lado da escada central).<br \/>\n<strong>Importante:<\/strong><\/p>\n<p>I) Todo material dever\u00e1 estar seco e livre de res\u00edduos qu\u00edmicos ou org\u00e2nicos.<\/p>\n<p>II) O recolhimento dos materiais dos locais de descarte ser\u00e3o de responsabilidade da <em>Comiss\u00e3o GesP\u00fablica de Gest\u00e3o da Qualidade e Produtividade<\/em>.<\/p>\n<p>&#8211; Estabelecer o local onde ficar\u00e3o os recursos;<br \/>\n&#8211; Identificar, de forma clara e padronizada, esses locais e recursos;<br \/>\n&#8211; Elaborar instru\u00e7\u00f5es t\u00e9cnicas para garantir os padr\u00f5es e procedimentos.<\/p>\n<ul>\n<li>Usado Constantemente <strong>&gt;&gt;&gt;<\/strong> Ao alcance das m\u00e3os<\/li>\n<li>Usado Ocasionalmente <strong>&gt;&gt;&gt;<\/strong> Pr\u00f3ximo ao local de trabalho<\/li>\n<li>Usado Raramente <strong>&gt;&gt;&gt;<\/strong> Fora do local de trabalho<\/li>\n<\/ul>\n<p>&#8211; Educar para n\u00e3o sujar;<br \/>\n&#8211; Limpar o que est\u00e1 sujo;<br \/>\n&#8211; Inspecionar enquanto limpa;<br \/>\n&#8211; Descobrir e eliminar as fontes de sujeira;<br \/>\n&#8211; Distribuir amplamente recipientes de coleta de lixo.<\/p>\n","protected":false},"excerpt":{"rendered":"<p>&#8211; Classificar todos os objetos e recursos: Necess\u00e1rios para o meu trabalho &gt;&gt;&gt; Aplicar o Senso de Organiza\u00e7\u00e3o (Ordena\u00e7\u00e3o) Desnecess\u00e1rios para o meu trabalho &gt;&gt;&gt;\u00a0Colocar \u00e0 disposi\u00e7\u00e3o Procedimentos para colocar bens e materiais \u00e0 disposi\u00e7\u00e3o: Bens permanentes dever\u00e3o ser inclu\u00eddos no sistema da USP &#8220;Merc\u00farioWeb Patrim\u00f4nio&#8221; antes de\u00a0serem levados para os locais de descarte, no [&hellip;]<\/p>\n","protected":false},"author":5,"featured_media":0,"parent":0,"menu_order":0,"comment_status":"closed","ping_status":"closed","template":"","meta":{"footnotes":""},"class_list":["post-8460","page","type-page","status-publish","hentry"],"_links":{"self":[{"href":"https:\/\/www.ifsc.usp.br\/qualidade\/wp-json\/wp\/v2\/pages\/8460","targetHints":{"allow":["GET"]}}],"collection":[{"href":"https:\/\/www.ifsc.usp.br\/qualidade\/wp-json\/wp\/v2\/pages"}],"about":[{"href":"https:\/\/www.ifsc.usp.br\/qualidade\/wp-json\/wp\/v2\/types\/page"}],"author":[{"embeddable":true,"href":"https:\/\/www.ifsc.usp.br\/qualidade\/wp-json\/wp\/v2\/users\/5"}],"replies":[{"embeddable":true,"href":"https:\/\/www.ifsc.usp.br\/qualidade\/wp-json\/wp\/v2\/comments?post=8460"}],"version-history":[{"count":7,"href":"https:\/\/www.ifsc.usp.br\/qualidade\/wp-json\/wp\/v2\/pages\/8460\/revisions"}],"predecessor-version":[{"id":9336,"href":"https:\/\/www.ifsc.usp.br\/qualidade\/wp-json\/wp\/v2\/pages\/8460\/revisions\/9336"}],"wp:attachment":[{"href":"https:\/\/www.ifsc.usp.br\/qualidade\/wp-json\/wp\/v2\/media?parent=8460"}],"curies":[{"name":"wp","href":"https:\/\/api.w.org\/{rel}","templated":true}]}}