{"id":8465,"date":"2017-05-31T11:35:23","date_gmt":"2017-05-31T14:35:23","guid":{"rendered":"http:\/\/www.ifsc.usp.br\/~qualidade\/qualidadewp\/?page_id=8465"},"modified":"2022-04-06T09:48:41","modified_gmt":"2022-04-06T12:48:41","slug":"programa-ifsc-5s-eventos","status":"publish","type":"page","link":"https:\/\/www.ifsc.usp.br\/qualidade\/programa-ifsc-5s-eventos\/","title":{"rendered":"Programa IFSC 5S &#8211; Eventos realizados"},"content":{"rendered":"<p>[vc_row rt_row_background_width=&#8221;default&#8221; rt_row_style=&#8221;default-style&#8221; rt_row_borders=&#8221;&#8221; rt_row_paddings=&#8221;true&#8221; rt_bg_effect=&#8221;classic&#8221; rt_bg_image_repeat=&#8221;repeat&#8221; rt_bg_size=&#8221;cover&#8221; rt_bg_position=&#8221;right top&#8221; rt_bg_attachment=&#8221;scroll&#8221; rt_bg_video_format=&#8221;self-hosted&#8221;][vc_column rt_wrp_col_paddings=&#8221;false&#8221; rt_border_top=&#8221;&#8221; rt_border_bottom=&#8221;&#8221; rt_border_left=&#8221;&#8221; rt_border_right=&#8221;&#8221; rt_border_top_mobile=&#8221;&#8221; rt_border_bottom_mobile=&#8221;&#8221; rt_border_left_mobile=&#8221;&#8221; rt_border_right_mobile=&#8221;&#8221; rt_bg_image_repeat=&#8221;repeat&#8221; rt_bg_size=&#8221;auto auto&#8221; rt_bg_position=&#8221;right top&#8221; rt_bg_attachment=&#8221;scroll&#8221;][vc_column_text]<\/p>\n<h4><img loading=\"lazy\" decoding=\"async\" class=\"alignnone wp-image-8462 size-full\" src=\"https:\/\/www.ifsc.usp.br\/qualidade\/wp-content\/uploads\/2017\/05\/logo5s.png\" alt=\"\" width=\"104\" height=\"95\" \/><\/h4>\n<h4>2016<\/h4>\n<p><span style=\"color: #ff6600;\">Dia &#8220;D&#8221; &#8211; 5S Institucional &#8211; 13 de maio de 2016<strong><br \/>\n<\/strong><\/span><\/p>\n<p><a href=\".\/resultados-dia-d-2016-13-de-maio\/\">Resultados do Dia D e agradecimentos<\/a>.<\/p>\n<p><a href=\".\/programa-ifsc-5s-fotos-dia-d-2016\/\">Fotos do &#8220;Dia D&#8221; 2016<\/a>.<\/p>\n<p><a href=\"https:\/\/www.ifsc.usp.br\/qualidade\/wp-content\/uploads\/2017\/05\/2016_diad_600px.jpg\">Divulga\u00e7\u00e3o do &#8220;Dia D&#8221; 2016<\/a>.[\/vc_column_text][\/vc_column][\/vc_row][vc_row rt_row_background_width=&#8221;default&#8221; rt_row_style=&#8221;default-style&#8221; rt_row_borders=&#8221;&#8221; rt_row_paddings=&#8221;true&#8221; rt_bg_effect=&#8221;classic&#8221; rt_bg_image_repeat=&#8221;repeat&#8221; rt_bg_size=&#8221;cover&#8221; rt_bg_position=&#8221;right top&#8221; rt_bg_attachment=&#8221;scroll&#8221; rt_bg_video_format=&#8221;self-hosted&#8221;][vc_column rt_wrp_col_paddings=&#8221;false&#8221; rt_border_top=&#8221;&#8221; rt_border_bottom=&#8221;&#8221; rt_border_left=&#8221;&#8221; rt_border_right=&#8221;&#8221; rt_border_top_mobile=&#8221;&#8221; rt_border_bottom_mobile=&#8221;&#8221; rt_border_left_mobile=&#8221;&#8221; rt_border_right_mobile=&#8221;&#8221; rt_bg_image_repeat=&#8221;repeat&#8221; rt_bg_size=&#8221;auto auto&#8221; rt_bg_position=&#8221;right top&#8221; rt_bg_attachment=&#8221;scroll&#8221;][vc_column_text]<\/p>\n<h4>2015<\/h4>\n<p><span style=\"color: #ff6600;\">Dia &#8220;D&#8221; &#8211; 5S Institucional &#8211; 2 de abril de 2015\u00a0<\/span><\/p>\n<p><a href=\"https:\/\/www.ifsc.usp.br\/qualidade\/wp-content\/uploads\/2017\/03\/DiaD-Resultados-Agradecimentos.pdf\">Resultados do Dia D e agradecimentos<\/a>.<\/p>\n<p><a href=\".\/programa-ifsc-5s-fotos-dia-d-2015-02042015\/\">Fotos do &#8220;Dia D&#8221;<\/a>.<\/p>\n<p><a href=\"https:\/\/www.ifsc.usp.br\/qualidade\/arquivos\/2015_04_02_DiaD_Cartaz.jpg\" target=\"_blank\" rel=\"noopener noreferrer\">Cartaz de divulga\u00e7\u00e3o do Dia D<\/a>.<\/p>\n<p><span style=\"color: #ff6600;\">&#8220;Dia D nos Laborat\u00f3rios&#8221; &#8211; Programa IFSC 5S &#8211; 30 de novembro de 2015<\/span><\/p>\n<p><a href=\"https:\/\/www2.ifsc.usp.br\/portal-ifsc\/qdia-d-nos-laboratoriosq-do-ifscusp\/\" target=\"_blank\" rel=\"noopener noreferrer\">Not\u00edcia site IFSC &#8211; Dia D\u00a0nos Laborat\u00f3rios<\/a>.<\/p>\n<p><a href=\"https:\/\/www.ifsc.usp.br\/qualidade\/Eventos\/cartaz_dia_D.jpg\" target=\"_blank\" rel=\"noopener noreferrer\">Cartaz divulga\u00e7\u00e3o do Dia D<\/a>.<\/p>\n<p><a href=\".\/programa-ifsc-5s-dia-d-nos-laboratorios-chamada-aos-grupos-de-pesquisa\/\">Comunicado aos grupos de pesquisa para aplica\u00e7\u00e3o do Dia D<\/a>.[\/vc_column_text][\/vc_column][\/vc_row][vc_row rt_row_background_width=&#8221;default&#8221; rt_row_style=&#8221;default-style&#8221; rt_row_borders=&#8221;&#8221; rt_row_paddings=&#8221;true&#8221; rt_bg_effect=&#8221;classic&#8221; rt_bg_image_repeat=&#8221;repeat&#8221; rt_bg_size=&#8221;cover&#8221; rt_bg_position=&#8221;right top&#8221; rt_bg_attachment=&#8221;scroll&#8221; rt_bg_video_format=&#8221;self-hosted&#8221;][vc_column rt_wrp_col_paddings=&#8221;false&#8221; rt_border_top=&#8221;&#8221; rt_border_bottom=&#8221;&#8221; rt_border_left=&#8221;&#8221; rt_border_right=&#8221;&#8221; rt_border_top_mobile=&#8221;&#8221; rt_border_bottom_mobile=&#8221;&#8221; rt_border_left_mobile=&#8221;&#8221; rt_border_right_mobile=&#8221;&#8221; rt_bg_image_repeat=&#8221;repeat&#8221; rt_bg_size=&#8221;auto auto&#8221; rt_bg_position=&#8221;right top&#8221; rt_bg_attachment=&#8221;scroll&#8221;][vc_column_text]<\/p>\n<h4>2012<\/h4>\n<p><span style=\"color: #ff6600;\">IFSC Sa\u00fade<\/span><br \/>\n<strong><br \/>\n<\/strong>As atividades do projeto IFSC Sa\u00fade, lan\u00e7ado no Workshop da Qualidade 2012, se iniciaram em 25\/08\/2012 e finalizaram em 2014.<\/p>\n<p>Nesse projeto os funcion\u00e1rios do IFSC contavam com a orienta\u00e7\u00e3o de uma <em>personal trainer<\/em> para fazer caminhada e corrida.<\/p>\n<p>As atividades f\u00edsicas aconteciam todos os s\u00e1bados das 7h30 \u00e0s 9h30 no Parque do Kart\u00f3dromo.[\/vc_column_text][\/vc_column][\/vc_row][vc_row rt_row_background_width=&#8221;default&#8221; rt_row_style=&#8221;default-style&#8221; rt_row_borders=&#8221;&#8221; rt_row_paddings=&#8221;true&#8221; rt_bg_effect=&#8221;classic&#8221; rt_bg_image_repeat=&#8221;repeat&#8221; rt_bg_size=&#8221;cover&#8221; rt_bg_position=&#8221;right top&#8221; rt_bg_attachment=&#8221;scroll&#8221; rt_bg_video_format=&#8221;self-hosted&#8221;][vc_column rt_wrp_col_paddings=&#8221;false&#8221; rt_border_top=&#8221;&#8221; rt_border_bottom=&#8221;&#8221; rt_border_left=&#8221;&#8221; rt_border_right=&#8221;&#8221; rt_border_top_mobile=&#8221;&#8221; rt_border_bottom_mobile=&#8221;&#8221; rt_border_left_mobile=&#8221;&#8221; rt_border_right_mobile=&#8221;&#8221; rt_bg_image_repeat=&#8221;repeat&#8221; rt_bg_size=&#8221;auto auto&#8221; rt_bg_position=&#8221;right top&#8221; rt_bg_attachment=&#8221;scroll&#8221;][vc_column_text]<\/p>\n<h4>2011<\/h4>\n<p><span style=\"color: #ff6600;\">06\/06\/2011 &#8211; Palestra: N\u00f3s Somos o que Fazemos (INPQ)<\/span><br \/>\n<strong><br \/>\n<\/strong><a href=\"https:\/\/www.ifsc.usp.br\/qualidade\/wp-content\/uploads\/2017\/05\/IFSC_2011_p2.pdf\">Programa 5S no IFSC\u00a0<\/a><\/p>\n<p><a href=\"https:\/\/www.ifsc.usp.br\/qualidade\/wp-content\/uploads\/2017\/05\/IFSC_2011_p3.pdf\">Programa 12S &#8211; novos conceitos<\/a>[\/vc_column_text][\/vc_column][\/vc_row][vc_row rt_row_background_width=&#8221;default&#8221; rt_row_style=&#8221;default-style&#8221; rt_row_borders=&#8221;&#8221; rt_row_paddings=&#8221;true&#8221; rt_bg_effect=&#8221;classic&#8221; rt_bg_image_repeat=&#8221;repeat&#8221; rt_bg_size=&#8221;cover&#8221; rt_bg_position=&#8221;right top&#8221; rt_bg_attachment=&#8221;scroll&#8221; rt_bg_video_format=&#8221;self-hosted&#8221;][vc_column rt_wrp_col_paddings=&#8221;false&#8221; rt_border_top=&#8221;&#8221; rt_border_bottom=&#8221;&#8221; rt_border_left=&#8221;&#8221; rt_border_right=&#8221;&#8221; rt_border_top_mobile=&#8221;&#8221; rt_border_bottom_mobile=&#8221;&#8221; rt_border_left_mobile=&#8221;&#8221; rt_border_right_mobile=&#8221;&#8221; rt_bg_image_repeat=&#8221;repeat&#8221; rt_bg_size=&#8221;auto auto&#8221; rt_bg_position=&#8221;right top&#8221; rt_bg_attachment=&#8221;scroll&#8221;][vc_column_text]<\/p>\n<h4>2010<\/h4>\n<p><span style=\"color: #ff6600;\">16\/08\/2010 &#8211; Workshop CGQP\u00a02010<\/span><\/p>\n<p><a href=\"https:\/\/www.ifsc.usp.br\/qualidade\/wp-content\/uploads\/2017\/05\/Workshop_2010.pdf\">Informes e continuidade dos trabalhos anuais<\/a><\/p>\n<p>Palestra: Mapeamento de Processos (PATMOS Consultoria e Treinamento)[\/vc_column_text][\/vc_column][\/vc_row][vc_row rt_row_background_width=&#8221;default&#8221; rt_row_style=&#8221;default-style&#8221; rt_row_borders=&#8221;&#8221; rt_row_paddings=&#8221;true&#8221; rt_bg_effect=&#8221;classic&#8221; rt_bg_image_repeat=&#8221;repeat&#8221; rt_bg_size=&#8221;cover&#8221; rt_bg_position=&#8221;right top&#8221; rt_bg_attachment=&#8221;scroll&#8221; rt_bg_video_format=&#8221;self-hosted&#8221;][vc_column rt_wrp_col_paddings=&#8221;false&#8221; rt_border_top=&#8221;&#8221; rt_border_bottom=&#8221;&#8221; rt_border_left=&#8221;&#8221; rt_border_right=&#8221;&#8221; rt_border_top_mobile=&#8221;&#8221; rt_border_bottom_mobile=&#8221;&#8221; rt_border_left_mobile=&#8221;&#8221; rt_border_right_mobile=&#8221;&#8221; rt_bg_image_repeat=&#8221;repeat&#8221; rt_bg_size=&#8221;auto auto&#8221; rt_bg_position=&#8221;right top&#8221; rt_bg_attachment=&#8221;scroll&#8221;][vc_column_text]<\/p>\n<h4>2009<\/h4>\n<p>31\/08\/2009 &#8211; <a href=\"..\/programa-ifsc-5s-coleta-material-descartado-no-1s-em-2009\/\">Coleta do Material descartado no 1S<\/a><\/p>\n<p>26\/08\/2009 &#8211; <a href=\"..\/programa-ifsc-5s-ifsc-com-saude-2009\/\">IFSC com SA\u00daDE 2009<\/a><\/p>\n<p>17\/08\/2009 &#8211; <a href=\"..\/programa-ifsc-5s-dia-d-2009\/\">Dia &#8220;D&#8221; 2009 &#8211; Programa IFSC 5S<\/a><\/p>\n<p><span style=\"color: #ff6600;\">14\/08\/2009 &#8211; Workshop &#8220;Programa IFSC 5S&#8221; 2009<\/span><\/p>\n<p>Apresenta\u00e7\u00e3o: <a href=\"https:\/\/www.ifsc.usp.br\/qualidade\/wp-content\/uploads\/2017\/05\/2009_palestra_gerenciando_stress.pdf\">Palestra &#8220;Gerenciando o Stress&#8221;<\/a>[\/vc_column_text][\/vc_column][\/vc_row][vc_row rt_row_background_width=&#8221;default&#8221; rt_row_style=&#8221;default-style&#8221; rt_row_borders=&#8221;&#8221; rt_row_paddings=&#8221;true&#8221; rt_bg_effect=&#8221;classic&#8221; rt_bg_image_repeat=&#8221;repeat&#8221; rt_bg_size=&#8221;cover&#8221; rt_bg_position=&#8221;right top&#8221; rt_bg_attachment=&#8221;scroll&#8221; rt_bg_video_format=&#8221;self-hosted&#8221;][vc_column rt_wrp_col_paddings=&#8221;false&#8221; rt_border_top=&#8221;&#8221; rt_border_bottom=&#8221;&#8221; rt_border_left=&#8221;&#8221; rt_border_right=&#8221;&#8221; rt_border_top_mobile=&#8221;&#8221; rt_border_bottom_mobile=&#8221;&#8221; rt_border_left_mobile=&#8221;&#8221; rt_border_right_mobile=&#8221;&#8221; rt_bg_image_repeat=&#8221;repeat&#8221; rt_bg_size=&#8221;auto auto&#8221; rt_bg_position=&#8221;right top&#8221; rt_bg_attachment=&#8221;scroll&#8221;][vc_column_text]<\/p>\n<h4>2008<\/h4>\n<p><span style=\"color: #ff6600;\">11\/09\/2008 &#8211; Workshop CGQP<\/span><\/p>\n<p>&#8220;Programa GesP\u00fablica de Gest\u00e3o da Qualidade e Produtividade do IFSC e Resultados da\u00a0\u00a0Implanta\u00e7\u00e3o do Programa IFSC 5S&#8221;<\/p>\n<p>[\u00a0<a href=\"https:\/\/www.ifsc.usp.br\/qualidade\/wp-content\/uploads\/2017\/05\/Apresentacao_Resultados_5S_2008.pdf\">Apresenta\u00e7\u00e3o<\/a>\u00a0]<\/p>\n<p><span style=\"color: #ff6600;\">07\/05\/2008 &#8211; Palestra: \u00a0&#8220;4S &#8211; Senso de Sa\u00fade&#8221;<\/span><\/p>\n<p>&#8220;Ergonomia: Corpo com Sa\u00fade e Harmonia&#8221;\u00a0 [\u00a0<a href=\"https:\/\/www.ifsc.usp.br\/qualidade\/wp-content\/uploads\/2017\/05\/Apresentacao_Ergonomia_4S.pdf\">Apresenta\u00e7\u00e3o <\/a>][\/vc_column_text][\/vc_column][\/vc_row][vc_row rt_row_background_width=&#8221;default&#8221; rt_row_style=&#8221;default-style&#8221; rt_row_borders=&#8221;&#8221; rt_row_paddings=&#8221;true&#8221; rt_bg_effect=&#8221;classic&#8221; rt_bg_image_repeat=&#8221;repeat&#8221; rt_bg_size=&#8221;cover&#8221; rt_bg_position=&#8221;right top&#8221; rt_bg_attachment=&#8221;scroll&#8221; rt_bg_video_format=&#8221;self-hosted&#8221;][vc_column rt_wrp_col_paddings=&#8221;false&#8221; rt_border_top=&#8221;&#8221; rt_border_bottom=&#8221;&#8221; rt_border_left=&#8221;&#8221; rt_border_right=&#8221;&#8221; rt_border_top_mobile=&#8221;&#8221; rt_border_bottom_mobile=&#8221;&#8221; rt_border_left_mobile=&#8221;&#8221; rt_border_right_mobile=&#8221;&#8221; rt_bg_image_repeat=&#8221;repeat&#8221; rt_bg_size=&#8221;auto auto&#8221; rt_bg_position=&#8221;right top&#8221; rt_bg_attachment=&#8221;scroll&#8221;][vc_column_text]<\/p>\n<h4>2007<\/h4>\n<p>09\/10\/2007 &#8211; Caf\u00e9 &#8220;2S &#8211; Senso de Organiza\u00e7\u00e3o&#8221; &#8211; Programa IFSC 5S<\/p>\n<p>28\/08\/2007 &#8211; Dia D &#8220;1S &#8211; Senso de Utiliza\u00e7\u00e3o&#8221; &#8211; Programa IFSC 5S<\/p>\n<p><span style=\"color: #ff6600;\">24\/08\/2007 &#8211; \u00a0Workshop CGQP<\/span><\/p>\n<p>&#8220;Programa de Gest\u00e3o da Qualidade e Produtividade do IFSC e Lan\u00e7amento do Programa IFSC 5S&#8221;<\/p>\n<p>[\u00a0<a href=\"https:\/\/www.ifsc.usp.br\/qualidade\/wp-content\/uploads\/2017\/05\/Apresentacao_Implantacao_5S_2007.pdf\">Apresenta\u00e7\u00e3o<\/a> | <a href=\"https:\/\/www.ifsc.usp.br\/qualidade\/programa-ifsc-5s-workshop-de-lancamento-programa\/\">Fotos<\/a> ]<\/p>\n<p>30\/06\/2007 &#8211; <a href=\"https:\/\/www.ifsc.usp.br\/qualidade\/programa-ifsc-5s-apresentacao-filme-5s\/\">Apresenta\u00e7\u00e3o Filme 5S<\/a>[\/vc_column_text][\/vc_column][\/vc_row]<\/p>\n","protected":false},"excerpt":{"rendered":"<p>[vc_row rt_row_background_width=&#8221;default&#8221; rt_row_style=&#8221;default-style&#8221; rt_row_borders=&#8221;&#8221; rt_row_paddings=&#8221;true&#8221; rt_bg_effect=&#8221;classic&#8221; rt_bg_image_repeat=&#8221;repeat&#8221; rt_bg_size=&#8221;cover&#8221; rt_bg_position=&#8221;right top&#8221; rt_bg_attachment=&#8221;scroll&#8221; rt_bg_video_format=&#8221;self-hosted&#8221;][vc_column rt_wrp_col_paddings=&#8221;false&#8221; rt_border_top=&#8221;&#8221; rt_border_bottom=&#8221;&#8221; rt_border_left=&#8221;&#8221; rt_border_right=&#8221;&#8221; rt_border_top_mobile=&#8221;&#8221; rt_border_bottom_mobile=&#8221;&#8221; rt_border_left_mobile=&#8221;&#8221; rt_border_right_mobile=&#8221;&#8221; rt_bg_image_repeat=&#8221;repeat&#8221; rt_bg_size=&#8221;auto auto&#8221; rt_bg_position=&#8221;right top&#8221; rt_bg_attachment=&#8221;scroll&#8221;][vc_column_text] 2016 Dia &#8220;D&#8221; &#8211; 5S Institucional &#8211; 13 de maio de 2016 Resultados do Dia D e agradecimentos. Fotos do &#8220;Dia D&#8221; 2016. Divulga\u00e7\u00e3o do &#8220;Dia D&#8221; 2016.[\/vc_column_text][\/vc_column][\/vc_row][vc_row [&hellip;]<\/p>\n","protected":false},"author":5,"featured_media":0,"parent":0,"menu_order":0,"comment_status":"closed","ping_status":"closed","template":"","meta":{"footnotes":""},"class_list":["post-8465","page","type-page","status-publish","hentry"],"_links":{"self":[{"href":"https:\/\/www.ifsc.usp.br\/qualidade\/wp-json\/wp\/v2\/pages\/8465","targetHints":{"allow":["GET"]}}],"collection":[{"href":"https:\/\/www.ifsc.usp.br\/qualidade\/wp-json\/wp\/v2\/pages"}],"about":[{"href":"https:\/\/www.ifsc.usp.br\/qualidade\/wp-json\/wp\/v2\/types\/page"}],"author":[{"embeddable":true,"href":"https:\/\/www.ifsc.usp.br\/qualidade\/wp-json\/wp\/v2\/users\/5"}],"replies":[{"embeddable":true,"href":"https:\/\/www.ifsc.usp.br\/qualidade\/wp-json\/wp\/v2\/comments?post=8465"}],"version-history":[{"count":47,"href":"https:\/\/www.ifsc.usp.br\/qualidade\/wp-json\/wp\/v2\/pages\/8465\/revisions"}],"predecessor-version":[{"id":9176,"href":"https:\/\/www.ifsc.usp.br\/qualidade\/wp-json\/wp\/v2\/pages\/8465\/revisions\/9176"}],"wp:attachment":[{"href":"https:\/\/www.ifsc.usp.br\/qualidade\/wp-json\/wp\/v2\/media?parent=8465"}],"curies":[{"name":"wp","href":"https:\/\/api.w.org\/{rel}","templated":true}]}}