{"id":8514,"date":"2017-05-31T15:01:58","date_gmt":"2017-05-31T18:01:58","guid":{"rendered":"http:\/\/www.ifsc.usp.br\/~qualidade\/qualidadewp\/?page_id=8514"},"modified":"2022-04-06T15:32:36","modified_gmt":"2022-04-06T18:32:36","slug":"ifsc-com-arte","status":"publish","type":"page","link":"https:\/\/www.ifsc.usp.br\/qualidade\/ifsc-com-arte\/","title":{"rendered":"IFSC com Arte"},"content":{"rendered":"<p>[vc_row rt_row_background_width=&#8221;default&#8221; rt_row_style=&#8221;default-style&#8221; rt_row_borders=&#8221;&#8221; rt_row_paddings=&#8221;true&#8221; rt_bg_effect=&#8221;classic&#8221; rt_bg_image_repeat=&#8221;repeat&#8221; rt_bg_size=&#8221;cover&#8221; rt_bg_position=&#8221;right top&#8221; rt_bg_attachment=&#8221;scroll&#8221; rt_bg_video_format=&#8221;self-hosted&#8221;][vc_column rt_wrp_col_paddings=&#8221;false&#8221; rt_border_top=&#8221;&#8221; rt_border_bottom=&#8221;&#8221; rt_border_left=&#8221;&#8221; rt_border_right=&#8221;&#8221; rt_border_top_mobile=&#8221;&#8221; rt_border_bottom_mobile=&#8221;&#8221; rt_border_left_mobile=&#8221;&#8221; rt_border_right_mobile=&#8221;&#8221; rt_bg_image_repeat=&#8221;repeat&#8221; rt_bg_size=&#8221;auto auto&#8221; rt_bg_position=&#8221;right top&#8221; rt_bg_attachment=&#8221;scroll&#8221;][vc_column_text]<strong>Proposta do programa &#8220;IFSC com Arte&#8221;<\/strong><img loading=\"lazy\" decoding=\"async\" class=\"alignnone wp-image-8515 size-full\" src=\"https:\/\/www.ifsc.usp.br\/qualidade\/wp-content\/uploads\/2017\/05\/logoifsccomarte.jpg\" alt=\"\" width=\"233\" height=\"182\" \/><\/p>\n<p>A Comiss\u00e3o Gesp\u00fablica de Gest\u00e3o da Qualidade e Produtividade entende que atrav\u00e9s do programa <strong>IFSC com Arte<\/strong> poder\u00e1 promover melhorias no ambiente de trabalho do IFSC e bem-estar dos servidores, em conformidade com os prop\u00f3sitos dessa comiss\u00e3o.<\/p>\n<p>Baseando-se na hierarquia existente entre os 5 grupos de necessidades humanas criados por <a href=\"http:\/\/pt.wikipedia.org\/wiki\/Abraham_Maslow\" target=\"_blank\" rel=\"noopener noreferrer\">Maslow<\/a> (fisiol\u00f3gicas, seguran\u00e7a, sociais, estima e autorrealiza\u00e7\u00e3o), constata-se que a medida que o ser humano tem uma necessidade satisfeita, cria uma outra necessidade de n\u00edvel superior, promovendo dessa forma seu desenvolvimento pessoal e intelectual.<\/p>\n<p>Essa Comiss\u00e3o entende que a arte e a cultura s\u00e3o extremamente eficazes para promover a melhoria da qualidade de vida do ser humano nos aspectos sociais, de autoestima e de autorrealiza\u00e7\u00e3o.<\/p>\n<p>&nbsp;<\/p>\n<h3><a href=\".\/ifsc-com-arte-eventos-realizados\/\">EVENTOS realizados no &#8220;IFSC com Arte&#8221;<\/a><\/h3>\n<p>[\/vc_column_text][\/vc_column][\/vc_row]<\/p>\n","protected":false},"excerpt":{"rendered":"<p>[vc_row rt_row_background_width=&#8221;default&#8221; rt_row_style=&#8221;default-style&#8221; rt_row_borders=&#8221;&#8221; rt_row_paddings=&#8221;true&#8221; rt_bg_effect=&#8221;classic&#8221; rt_bg_image_repeat=&#8221;repeat&#8221; rt_bg_size=&#8221;cover&#8221; rt_bg_position=&#8221;right top&#8221; rt_bg_attachment=&#8221;scroll&#8221; rt_bg_video_format=&#8221;self-hosted&#8221;][vc_column rt_wrp_col_paddings=&#8221;false&#8221; rt_border_top=&#8221;&#8221; rt_border_bottom=&#8221;&#8221; rt_border_left=&#8221;&#8221; rt_border_right=&#8221;&#8221; rt_border_top_mobile=&#8221;&#8221; rt_border_bottom_mobile=&#8221;&#8221; rt_border_left_mobile=&#8221;&#8221; rt_border_right_mobile=&#8221;&#8221; rt_bg_image_repeat=&#8221;repeat&#8221; rt_bg_size=&#8221;auto auto&#8221; rt_bg_position=&#8221;right top&#8221; rt_bg_attachment=&#8221;scroll&#8221;][vc_column_text]Proposta do programa &#8220;IFSC com Arte&#8221; A Comiss\u00e3o Gesp\u00fablica de Gest\u00e3o da Qualidade e Produtividade entende que atrav\u00e9s do programa IFSC com Arte poder\u00e1 promover melhorias no ambiente de [&hellip;]<\/p>\n","protected":false},"author":5,"featured_media":0,"parent":0,"menu_order":0,"comment_status":"closed","ping_status":"closed","template":"","meta":{"footnotes":""},"class_list":["post-8514","page","type-page","status-publish","hentry"],"_links":{"self":[{"href":"https:\/\/www.ifsc.usp.br\/qualidade\/wp-json\/wp\/v2\/pages\/8514","targetHints":{"allow":["GET"]}}],"collection":[{"href":"https:\/\/www.ifsc.usp.br\/qualidade\/wp-json\/wp\/v2\/pages"}],"about":[{"href":"https:\/\/www.ifsc.usp.br\/qualidade\/wp-json\/wp\/v2\/types\/page"}],"author":[{"embeddable":true,"href":"https:\/\/www.ifsc.usp.br\/qualidade\/wp-json\/wp\/v2\/users\/5"}],"replies":[{"embeddable":true,"href":"https:\/\/www.ifsc.usp.br\/qualidade\/wp-json\/wp\/v2\/comments?post=8514"}],"version-history":[{"count":6,"href":"https:\/\/www.ifsc.usp.br\/qualidade\/wp-json\/wp\/v2\/pages\/8514\/revisions"}],"predecessor-version":[{"id":9337,"href":"https:\/\/www.ifsc.usp.br\/qualidade\/wp-json\/wp\/v2\/pages\/8514\/revisions\/9337"}],"wp:attachment":[{"href":"https:\/\/www.ifsc.usp.br\/qualidade\/wp-json\/wp\/v2\/media?parent=8514"}],"curies":[{"name":"wp","href":"https:\/\/api.w.org\/{rel}","templated":true}]}}