{"id":8252,"date":"2017-03-29T10:28:10","date_gmt":"2017-03-29T13:28:10","guid":{"rendered":"http:\/\/www.ifsc.usp.br\/~scinfor\/scinforwp\/?page_id=8252"},"modified":"2025-09-30T11:30:55","modified_gmt":"2025-09-30T14:30:55","slug":"equipe","status":"publish","type":"page","link":"https:\/\/www.ifsc.usp.br\/scinfor\/equipe\/","title":{"rendered":"Equipe"},"content":{"rendered":"<p>[vc_row rt_row_background_width=&#8221;default&#8221; rt_row_style=&#8221;default-style&#8221; rt_row_borders=&#8221;&#8221; rt_row_paddings=&#8221;true&#8221; rt_bg_effect=&#8221;classic&#8221; rt_bg_image_repeat=&#8221;repeat&#8221; rt_bg_size=&#8221;cover&#8221; rt_bg_position=&#8221;right top&#8221; rt_bg_attachment=&#8221;scroll&#8221; rt_bg_video_format=&#8221;self-hosted&#8221;][vc_column rt_wrp_col_paddings=&#8221;false&#8221; rt_border_top=&#8221;&#8221; rt_border_bottom=&#8221;&#8221; rt_border_left=&#8221;&#8221; rt_border_right=&#8221;&#8221; rt_border_top_mobile=&#8221;&#8221; rt_border_bottom_mobile=&#8221;&#8221; rt_border_left_mobile=&#8221;&#8221; rt_border_right_mobile=&#8221;&#8221; rt_bg_image_repeat=&#8221;repeat&#8221; rt_bg_size=&#8221;auto auto&#8221; rt_bg_position=&#8221;right top&#8221; rt_bg_attachment=&#8221;scroll&#8221;][vc_column_text]<strong>Ramais para contato:<\/strong><\/p>\n<p>738087 \/ 739759 \/ 739789 \/ 739790 \/ 738814 \/\u00a0 738815<\/p>\n<p>&nbsp;<\/p>\n<p><strong><span style=\"color: #0000ff;\">Analistas de Sistemas<\/span><\/strong><\/p>\n<table border=\"0\" cellspacing=\"5\" cellpadding=\"5\">\n<tbody>\n<tr>\n<td><\/td>\n<td><span style=\"color: #008000;\"><strong>Aparecido Luciano Breviglieri Joioso<\/strong><\/span> (<span id=\"cloak85620\"><a href=\"mailto:joioso@ifsc.usp.br\">joioso@ifsc.usp.br<\/a><\/span>) &#8211; Ramal: 738087<br \/>\nChefe da Se\u00e7\u00e3o T\u00e9cnica de Inform\u00e1tica<br \/>\n<strong>Atribui\u00e7\u00f5es espec\u00edficas:<\/strong><br \/>\nServidores (e-mail, wireless, DNS, web).<br \/>\nBackbone rede IFSC (switches e roteadores)<br \/>\nSistemas Intranet (desenvolvimento e manuten\u00e7\u00e3o).<br \/>\nSites IFSC (desenvolvimento e manuten\u00e7\u00e3o).<br \/>\n<strong>Forma\u00e7\u00e3o: <\/strong><br \/>\nMestre em F\u00edsica Computacional pelo Instituto de F\u00edsica de S\u00e3o Carlos.<br \/>\nGraduado em An\u00e1lise de Sistemas pela Universidade Metodista de Piracicaba.<\/td>\n<\/tr>\n<tr>\n<td><\/td>\n<td><span style=\"color: #008000;\"><strong>Fl\u00e1via Oliveira Santos de S\u00e1 Lisboa <\/strong><\/span>(<span id=\"cloak139\"><a href=\"mailto:flavia@ifsc.usp.br\">flavia@ifsc.usp.br<\/a><\/span>) &#8211; Ramal:739759<strong><br \/>\n<\/strong><strong>Atribui\u00e7\u00f5es espec\u00edficas: <\/strong><br \/>\nServidores (e-mail, wireless, DNS, web).<br \/>\nBackbone rede IFSC (switches e roteadores).<br \/>\nSistemas Intranet (desenvolvimento e manuten\u00e7\u00e3o).<br \/>\nSites IFSC (desenvolvimento e manuten\u00e7\u00e3o).<br \/>\n<strong>Forma\u00e7\u00e3o:<\/strong><br \/>\nMestre em Ci\u00eancia da Computa\u00e7\u00e3o pela Universidade Federal de S\u00e3o Carlos.<br \/>\nGraduada em Ci\u00eancia da Computa\u00e7\u00e3o pela Universidade de Mogi das Cruzes.<\/td>\n<\/tr>\n<tr>\n<td><\/td>\n<td><span style=\"color: #008000;\"><strong>Andr\u00e9 Luiz de Souza Gil <\/strong><\/span>(<span id=\"cloak139\"><a href=\"mailto:andre.gil@usp.br\">andre.gil@usp.br<\/a><\/span>) &#8211; Ramal:736818<strong><br \/>\n<\/strong><strong>Atribui\u00e7\u00f5es espec\u00edficas: <\/strong><br \/>\nDesenvolvimento de Sistemas.<br \/>\n<strong>Forma\u00e7\u00e3o:<\/strong><br \/>\nGraduado em An\u00e1lise e Desenvolvimento de Sistemas pela FATEC Ribeir\u00e3o Preto.<\/td>\n<\/tr>\n<\/tbody>\n<\/table>\n<p><strong><span style=\"color: #0000ff;\"><br \/>\nT\u00e9cnicos<\/span> <\/strong><\/p>\n<table border=\"0\" cellspacing=\"5\" cellpadding=\"5\">\n<tbody>\n<tr>\n<td><\/td>\n<td><span style=\"color: #008000;\"><strong>Jo\u00e3o Roberto Casimiro Machado <\/strong><\/span>(<span id=\"cloak51503\"><a href=\"mailto:joao@ifsc.usp.br\">joao@ifsc.usp.br<\/a><\/span>) &#8211; Ramal: 738814<br \/>\n<strong>Atribui\u00e7\u00f5es espec\u00edficas:<\/strong><br \/>\nCabeamento estruturado (infraestrutura de rede).<br \/>\nFibras \u00f3pticas (manuten\u00e7\u00e3o).<br \/>\nManuten\u00e7\u00e3o de hardware (micros e impressoras).<br \/>\nInstala\u00e7\u00e3o de software (Windows e Linux).<br \/>\nManuten\u00e7\u00e3o eletr\u00f4nica de nobreaks e monitores de v\u00eddeo.<br \/>\n<strong>Forma\u00e7\u00e3o:<\/strong><br \/>\nGraduado em Ci\u00eancias Sociais pela UNESP.<br \/>\nGraduado em Sistemas de Informa\u00e7\u00e3o pela UNICEP.<br \/>\nT\u00e9cnico em Eletr\u00f4nica.<\/td>\n<\/tr>\n<tr>\n<td><\/td>\n<td><span style=\"color: #008000;\"><strong>Jos\u00e9 Roberto Sabadini <\/strong><\/span>(<span id=\"cloak79271\"><a href=\"mailto:saba@ifsc.usp.br\">saba@ifsc.usp.br<\/a><\/span>) &#8211; Ramal: 739790<br \/>\n<strong>Atribui\u00e7\u00f5es espec\u00edficas:<\/strong><br \/>\nCabeamento estruturado (infraestrutura de rede).<br \/>\nManuten\u00e7\u00e3o de hardware (micros e impressoras).<br \/>\nInstala\u00e7\u00e3o de software (Windows e Linux).<br \/>\nDesigner Gr\u00e1fico.<br \/>\n<strong>Forma\u00e7\u00e3o:<\/strong><br \/>\nT\u00e9cnico em Processamento de Dados pelo Col\u00e9gio Diocesano La Salle.<br \/>\nT\u00e9cnico em Inform\u00e1tica.<\/td>\n<\/tr>\n<tr>\n<td><\/td>\n<td><span style=\"color: #008000;\"><strong>Sav\u00e9rio Daniel Locks Salvagni <\/strong><\/span>(<span id=\"cloak22594\"><a href=\"mailto:saverio@ifsc.usp.br\">saverio@ifsc.usp.br<\/a><\/span>) &#8211; Ramal: 739789<br \/>\n<strong>Atribui\u00e7\u00f5es espec\u00edficas:<\/strong><br \/>\nCabeamento estruturado (infraestrutura de rede).<br \/>\nManuten\u00e7\u00e3o de hardware (micros e impressoras).<br \/>\nInstala\u00e7\u00e3o de software (Windows e Linux).<br \/>\nManuten\u00e7\u00e3o e configura\u00e7\u00e3o de catracas de acesso e c\u00e2meras de seguran\u00e7a.<br \/>\n<strong>Forma\u00e7\u00e3o:<\/strong><br \/>\nGraduado em Sistemas de Informa\u00e7\u00e3o pela UNICEP.<br \/>\nT\u00e9cnico em Inform\u00e1tica.<\/td>\n<\/tr>\n<tr>\n<td><\/td>\n<td><strong><span style=\"color: #008000;\">Maykon de Freitas Formenton<\/span>\u00a0<\/strong>(<span id=\"cloak48182\"><a href=\"mailto:maykon@ifsc.usp.br\">maykon@ifsc.usp.br<\/a><\/span>) &#8211; Ramal: 738815<br \/>\nApoio para utiliza\u00e7\u00e3o de audiovisual nas salas e audit\u00f3rios.<br \/>\nApoio para defesas de p\u00f3s-gradua\u00e7\u00e3o e eventos na plataforma Zoom.<br \/>\nAuxiliar de audiovisual.<\/td>\n<\/tr>\n<\/tbody>\n<\/table>\n<p>[\/vc_column_text][\/vc_column][\/vc_row]<\/p>\n","protected":false},"excerpt":{"rendered":"<p>[vc_row rt_row_background_width=&#8221;default&#8221; rt_row_style=&#8221;default-style&#8221; rt_row_borders=&#8221;&#8221; rt_row_paddings=&#8221;true&#8221; rt_bg_effect=&#8221;classic&#8221; rt_bg_image_repeat=&#8221;repeat&#8221; rt_bg_size=&#8221;cover&#8221; rt_bg_position=&#8221;right top&#8221; rt_bg_attachment=&#8221;scroll&#8221; rt_bg_video_format=&#8221;self-hosted&#8221;][vc_column rt_wrp_col_paddings=&#8221;false&#8221; rt_border_top=&#8221;&#8221; rt_border_bottom=&#8221;&#8221; rt_border_left=&#8221;&#8221; rt_border_right=&#8221;&#8221; rt_border_top_mobile=&#8221;&#8221; rt_border_bottom_mobile=&#8221;&#8221; rt_border_left_mobile=&#8221;&#8221; rt_border_right_mobile=&#8221;&#8221; rt_bg_image_repeat=&#8221;repeat&#8221; rt_bg_size=&#8221;auto auto&#8221; rt_bg_position=&#8221;right top&#8221; rt_bg_attachment=&#8221;scroll&#8221;][vc_column_text]Ramais para contato: 738087 \/ 739759 \/ 739789 \/ 739790 \/ 738814 \/\u00a0 738815 &nbsp; Analistas de Sistemas Aparecido Luciano Breviglieri Joioso (joioso@ifsc.usp.br) &#8211; Ramal: 738087 Chefe da Se\u00e7\u00e3o [&hellip;]<\/p>\n","protected":false},"author":1,"featured_media":0,"parent":0,"menu_order":0,"comment_status":"closed","ping_status":"closed","template":"","meta":{"footnotes":""},"class_list":["post-8252","page","type-page","status-publish","hentry"],"_links":{"self":[{"href":"https:\/\/www.ifsc.usp.br\/scinfor\/wp-json\/wp\/v2\/pages\/8252","targetHints":{"allow":["GET"]}}],"collection":[{"href":"https:\/\/www.ifsc.usp.br\/scinfor\/wp-json\/wp\/v2\/pages"}],"about":[{"href":"https:\/\/www.ifsc.usp.br\/scinfor\/wp-json\/wp\/v2\/types\/page"}],"author":[{"embeddable":true,"href":"https:\/\/www.ifsc.usp.br\/scinfor\/wp-json\/wp\/v2\/users\/1"}],"replies":[{"embeddable":true,"href":"https:\/\/www.ifsc.usp.br\/scinfor\/wp-json\/wp\/v2\/comments?post=8252"}],"version-history":[{"count":17,"href":"https:\/\/www.ifsc.usp.br\/scinfor\/wp-json\/wp\/v2\/pages\/8252\/revisions"}],"predecessor-version":[{"id":9523,"href":"https:\/\/www.ifsc.usp.br\/scinfor\/wp-json\/wp\/v2\/pages\/8252\/revisions\/9523"}],"wp:attachment":[{"href":"https:\/\/www.ifsc.usp.br\/scinfor\/wp-json\/wp\/v2\/media?parent=8252"}],"curies":[{"name":"wp","href":"https:\/\/api.w.org\/{rel}","templated":true}]}}