{"id":8279,"date":"2017-03-30T11:18:20","date_gmt":"2017-03-30T14:18:20","guid":{"rendered":"http:\/\/www.ifsc.usp.br\/~scinfor\/scinforwp\/?page_id=8279"},"modified":"2023-01-03T09:17:43","modified_gmt":"2023-01-03T12:17:43","slug":"numeros-scinfor","status":"publish","type":"page","link":"https:\/\/www.ifsc.usp.br\/scinfor\/numeros-scinfor\/","title":{"rendered":"N\u00fameros ScInfor"},"content":{"rendered":"<p>[vc_row rt_row_background_width=&#8221;default&#8221; rt_row_style=&#8221;default-style&#8221; rt_row_borders=&#8221;&#8221; rt_row_paddings=&#8221;true&#8221; rt_bg_effect=&#8221;classic&#8221; rt_bg_image_repeat=&#8221;repeat&#8221; rt_bg_size=&#8221;cover&#8221; rt_bg_position=&#8221;right top&#8221; rt_bg_attachment=&#8221;scroll&#8221; rt_bg_video_format=&#8221;self-hosted&#8221;][vc_column width=&#8221;2\/3&#8243; rt_wrp_col_paddings=&#8221;false&#8221; rt_border_top=&#8221;&#8221; rt_border_bottom=&#8221;&#8221; rt_border_left=&#8221;&#8221; rt_border_right=&#8221;&#8221; rt_border_top_mobile=&#8221;&#8221; rt_border_bottom_mobile=&#8221;&#8221; rt_border_left_mobile=&#8221;&#8221; rt_border_right_mobile=&#8221;&#8221; rt_bg_image_repeat=&#8221;repeat&#8221; rt_bg_size=&#8221;auto auto&#8221; rt_bg_position=&#8221;right top&#8221; rt_bg_attachment=&#8221;scroll&#8221;][vc_column_text]<\/p>\n<div class=\"content_row row vc_row wpb_row default-style default\">\n<div class=\"content_row_wrapper \">\n<div class=\"vc_col-sm-12 wpb_column vc_column_container\">\n<div class=\"wpb_wrapper\">\n<div class=\"wpb_text_column wpb_content_element \">\n<div class=\"wpb_wrapper\">\n<p><strong>Relat\u00f3rios do Censo de Equipamentos de Inform\u00e1tica<\/strong><\/p>\n\n<table id=\"tablepress-2\" class=\"tablepress tablepress-id-2\">\n<thead>\n<tr class=\"row-1\">\n\t<th class=\"column-1\">Download <\/br>Relat\u00f3rio completo<\/th><th class=\"column-2\">Ano<\/th><th class=\"column-3\">Total Equipamentos<\/br> \u00c1rea 1<\/th><th class=\"column-4\">Total Equipamentos<\/br>\u00c1rea 2<\/th><th class=\"column-5\">Total<\/th>\n<\/tr>\n<\/thead>\n<tbody class=\"row-striping row-hover\">\n<tr class=\"row-2\">\n\t<td class=\"column-1\"><a href=\"https:\/\/www.ifsc.usp.br\/scinfor\/wp-content\/uploads\/2026\/01\/Relatorio-Censo-2025-final.pdf\" rel=\"noopener\" target=\"_blank\"><strong><img decoding=\"async\" src=\"https:\/\/www.ifsc.usp.br\/scinfor\/wp-content\/uploads\/2023\/01\/download1.png\" alt=\"\" height=\"40\" class=\"alignnone size-medium wp-image-9356\" \/><\/strong><\/a><\/td><td class=\"column-2\">2025<\/td><td class=\"column-3\">1.469<\/td><td class=\"column-4\">349<\/td><td class=\"column-5\"><strong>1.818<\/strong><\/td>\n<\/tr>\n<tr class=\"row-3\">\n\t<td class=\"column-1\"><a href=\"https:\/\/www.ifsc.usp.br\/scinfor\/wp-content\/uploads\/2025\/01\/Relatorio-Censo-2024-canvas.pdf\" rel=\"noopener\" target=\"_blank\"><strong><img decoding=\"async\" src=\"https:\/\/www.ifsc.usp.br\/scinfor\/wp-content\/uploads\/2023\/01\/download1.png\" alt=\"\" height=\"40\" class=\"alignnone size-medium wp-image-9356\" \/><\/strong><\/a><\/td><td class=\"column-2\">2024<\/td><td class=\"column-3\">1.529<\/td><td class=\"column-4\">332<\/td><td class=\"column-5\"><strong>1.861<\/strong><\/td>\n<\/tr>\n<tr class=\"row-4\">\n\t<td class=\"column-1\"><a href=\"https:\/\/www.ifsc.usp.br\/scinfor\/wp-content\/uploads\/2024\/01\/Relaorio-do-Censo-de-Informatica-2023.pdf\" rel=\"noopener\" target=\"_blank\"><strong><img decoding=\"async\" src=\"https:\/\/www.ifsc.usp.br\/scinfor\/wp-content\/uploads\/2023\/01\/download1.png\" alt=\"\" height=\"40\" class=\"alignnone size-medium wp-image-9356\" \/><\/strong><\/a><\/td><td class=\"column-2\">2023<\/td><td class=\"column-3\">1.477<\/td><td class=\"column-4\">315<\/td><td class=\"column-5\"><strong>1.792<\/strong><\/td>\n<\/tr>\n<tr class=\"row-5\">\n\t<td class=\"column-1\"><a href=\"https:\/\/www.ifsc.usp.br\/scinfor\/wp-content\/uploads\/2022\/12\/Relatorio-ScInfor-Censo-2022.pdf\" rel=\"noopener\" target=\"_blank\"><strong><img decoding=\"async\" src=\"https:\/\/www.ifsc.usp.br\/scinfor\/wp-content\/uploads\/2023\/01\/download1.png\" alt=\"\" height=\"40\" class=\"alignnone size-medium wp-image-9356\" \/><\/strong><\/a><\/td><td class=\"column-2\">2022<\/td><td class=\"column-3\">1.454<\/td><td class=\"column-4\">337<\/td><td class=\"column-5\"><strong>1.791<\/strong><\/td>\n<\/tr>\n<tr class=\"row-6\">\n\t<td class=\"column-1\"><a href=\"https:\/\/www.ifsc.usp.br\/scinfor\/wp-content\/uploads\/2022\/01\/Relat-Censo-2021-Final.pdf\" rel=\"noopener\" target=\"_blank\"><strong><img decoding=\"async\" src=\"https:\/\/www.ifsc.usp.br\/scinfor\/wp-content\/uploads\/2023\/01\/download1.png\" alt=\"\" height=\"40\" class=\"alignnone size-medium wp-image-9356\" \/><\/strong><\/a><\/td><td class=\"column-2\">2021<\/td><td class=\"column-3\">1.659<\/td><td class=\"column-4\">359<\/td><td class=\"column-5\"><strong>2.018<\/strong><\/td>\n<\/tr>\n<tr class=\"row-7\">\n\t<td class=\"column-1\"><a href=\"https:\/\/www.ifsc.usp.br\/scinfor\/wp-content\/uploads\/2020\/12\/Relat-Censo-2020-Final.pdf\" rel=\"noopener\" target=\"_blank\"><strong><img decoding=\"async\" src=\"https:\/\/www.ifsc.usp.br\/scinfor\/wp-content\/uploads\/2023\/01\/download1.png\" alt=\"\" height=\"40\" class=\"alignnone size-medium wp-image-9356\" \/><\/strong><\/a><\/td><td class=\"column-2\">2020<\/td><td class=\"column-3\">1.587<\/td><td class=\"column-4\">334<\/td><td class=\"column-5\"><strong>1.921<\/strong><\/td>\n<\/tr>\n<tr class=\"row-8\">\n\t<td class=\"column-1\"><a href=\"https:\/\/www.ifsc.usp.br\/scinfor\/wp-content\/uploads\/2019\/11\/Relat-Censo-2019.pdf\" rel=\"noopener\" target=\"_blank\"><strong><img decoding=\"async\" src=\"https:\/\/www.ifsc.usp.br\/scinfor\/wp-content\/uploads\/2023\/01\/download1.png\" alt=\"\" height=\"40\" class=\"alignnone size-medium wp-image-9356\" \/><\/strong><\/a><\/td><td class=\"column-2\">2019<\/td><td class=\"column-3\">1.515<\/td><td class=\"column-4\">292<\/td><td class=\"column-5\"><strong>1.807<\/strong><\/td>\n<\/tr>\n<tr class=\"row-9\">\n\t<td class=\"column-1\"><a href=\"https:\/\/www.ifsc.usp.br\/scinfor\/wp-content\/uploads\/2018\/12\/Relat-Censo-2018.pdf\" rel=\"noopener\" target=\"_blank\"><strong><img decoding=\"async\" src=\"https:\/\/www.ifsc.usp.br\/scinfor\/wp-content\/uploads\/2023\/01\/download1.png\" alt=\"\" height=\"40\" class=\"alignnone size-medium wp-image-9356\" \/><\/strong><\/a><\/td><td class=\"column-2\">2018<\/td><td class=\"column-3\">1.411<\/td><td class=\"column-4\">257<\/td><td class=\"column-5\"><strong>1.668<\/strong><\/td>\n<\/tr>\n<tr class=\"row-10\">\n\t<td class=\"column-1\"><a href=\"https:\/\/www.ifsc.usp.br\/scinfor\/wp-content\/uploads\/2017\/03\/Relat-Censo-2017.pdf\" rel=\"noopener\" target=\"_blank\"><strong><img decoding=\"async\" src=\"https:\/\/www.ifsc.usp.br\/scinfor\/wp-content\/uploads\/2023\/01\/download1.png\" alt=\"\" height=\"40\" class=\"alignnone size-medium wp-image-9356\" \/><\/strong><\/a><\/td><td class=\"column-2\">2017<\/td><td class=\"column-3\">1.397<\/td><td class=\"column-4\">269<\/td><td class=\"column-5\"><strong>1.666<\/strong><\/td>\n<\/tr>\n<tr class=\"row-11\">\n\t<td class=\"column-1\"><a href=\"http:\/\/www.ifsc.usp.br\/scinfor\/wp-content\/uploads\/2017\/03\/Relat-final-censo-2016.pdf\" rel=\"noopener\" target=\"_blank\"><strong><img decoding=\"async\" src=\"https:\/\/www.ifsc.usp.br\/scinfor\/wp-content\/uploads\/2023\/01\/download1.png\" alt=\"\" height=\"40\" class=\"alignnone size-medium wp-image-9356\" \/><\/strong><\/a><\/td><td class=\"column-2\">2016<\/td><td class=\"column-3\">1.406<\/td><td class=\"column-4\">202<\/td><td class=\"column-5\"><strong>1.608<\/strong><\/td>\n<\/tr>\n<tr class=\"row-12\">\n\t<td class=\"column-1\"><a href=\"http:\/\/www.ifsc.usp.br\/scinfor\/wp-content\/uploads\/2017\/03\/Relat-final-censo-2015.pdf\" rel=\"noopener\" target=\"_blank\"><strong><img decoding=\"async\" src=\"https:\/\/www.ifsc.usp.br\/scinfor\/wp-content\/uploads\/2023\/01\/download1.png\" alt=\"\" height=\"40\" class=\"alignnone size-medium wp-image-9356\" \/><\/strong><\/a><\/td><td class=\"column-2\">2015<\/td><td class=\"column-3\">1.465<\/td><td class=\"column-4\">177<\/td><td class=\"column-5\"><strong>1.642<\/strong><\/td>\n<\/tr>\n<tr class=\"row-13\">\n\t<td class=\"column-1\"><a href=\"http:\/\/www.ifsc.usp.br\/scinfor\/wp-content\/uploads\/2017\/03\/Relat-final-censo-2014.pdf\" rel=\"noopener\" target=\"_blank\"><strong><img decoding=\"async\" src=\"https:\/\/www.ifsc.usp.br\/scinfor\/wp-content\/uploads\/2023\/01\/download1.png\" alt=\"\" height=\"40\" class=\"alignnone size-medium wp-image-9356\" \/><\/strong><\/a><\/td><td class=\"column-2\">2014<\/td><td class=\"column-3\">1.332<\/td><td class=\"column-4\">121<\/td><td class=\"column-5\"><strong>1.453<\/strong><\/td>\n<\/tr>\n<tr class=\"row-14\">\n\t<td class=\"column-1\"><a href=\"http:\/\/www.ifsc.usp.br\/scinfor\/wp-content\/uploads\/2017\/03\/Relat-final-censo-2013.pdf\" rel=\"noopener\" target=\"_blank\"><strong><img decoding=\"async\" src=\"https:\/\/www.ifsc.usp.br\/scinfor\/wp-content\/uploads\/2023\/01\/download1.png\" alt=\"\" height=\"40\" class=\"alignnone size-medium wp-image-9356\" \/><\/strong><\/a><\/td><td class=\"column-2\">2013<\/td><td class=\"column-3\">-<\/td><td class=\"column-4\">-<\/td><td class=\"column-5\"><strong>1.511<\/strong><\/td>\n<\/tr>\n<tr class=\"row-15\">\n\t<td class=\"column-1\"><a href=\"http:\/\/www.ifsc.usp.br\/scinfor\/wp-content\/uploads\/2017\/03\/Relat-final-censo-2012.pdf\" rel=\"noopener\" target=\"_blank\"><strong><img decoding=\"async\" src=\"https:\/\/www.ifsc.usp.br\/scinfor\/wp-content\/uploads\/2023\/01\/download1.png\" alt=\"\" height=\"40\" class=\"alignnone size-medium wp-image-9356\" \/><\/strong><\/a><\/td><td class=\"column-2\">2012<\/td><td class=\"column-3\">-<\/td><td class=\"column-4\">-<\/td><td class=\"column-5\"><strong>1.426<\/strong><\/td>\n<\/tr>\n<tr class=\"row-16\">\n\t<td class=\"column-1\"><a href=\"http:\/\/www.ifsc.usp.br\/scinfor\/wp-content\/uploads\/2017\/03\/Relat-final-censo-2011.pdf\" rel=\"noopener\" target=\"_blank\"><strong><img decoding=\"async\" src=\"https:\/\/www.ifsc.usp.br\/scinfor\/wp-content\/uploads\/2023\/01\/download1.png\" alt=\"\" height=\"40\" class=\"alignnone size-medium wp-image-9356\" \/><\/strong><\/a><\/td><td class=\"column-2\">2011<\/td><td class=\"column-3\">-<\/td><td class=\"column-4\">-<\/td><td class=\"column-5\"><strong>1.353<\/strong><\/td>\n<\/tr>\n<tr class=\"row-17\">\n\t<td class=\"column-1\"><a href=\"http:\/\/www.ifsc.usp.br\/scinfor\/wp-content\/uploads\/2017\/03\/Relat-final-2010.pdf\" rel=\"noopener\" target=\"_blank\"><strong><img decoding=\"async\" src=\"https:\/\/www.ifsc.usp.br\/scinfor\/wp-content\/uploads\/2023\/01\/download1.png\" alt=\"\" height=\"40\" class=\"alignnone size-medium wp-image-9356\" \/><\/strong><\/a><\/td><td class=\"column-2\">2010<\/td><td class=\"column-3\">-<\/td><td class=\"column-4\">-<\/td><td class=\"column-5\"><strong>1.240<\/strong><\/td>\n<\/tr>\n<tr class=\"row-18\">\n\t<td class=\"column-1\"><\/td><td class=\"column-2\">2009<\/td><td class=\"column-3\">-<\/td><td class=\"column-4\">-<\/td><td class=\"column-5\"><strong>1.183<\/strong><\/td>\n<\/tr>\n<tr class=\"row-19\">\n\t<td class=\"column-1\"><\/td><td class=\"column-2\">2008<\/td><td class=\"column-3\">-<\/td><td class=\"column-4\">-<\/td><td class=\"column-5\"><strong>1.008<\/strong><\/td>\n<\/tr>\n<tr class=\"row-20\">\n\t<td class=\"column-1\"><\/td><td class=\"column-2\">2007<\/td><td class=\"column-3\">-<\/td><td class=\"column-4\">-<\/td><td class=\"column-5\"><strong>1.063<\/strong><\/td>\n<\/tr>\n<tr class=\"row-21\">\n\t<td class=\"column-1\"><\/td><td class=\"column-2\">2006<\/td><td class=\"column-3\">-<\/td><td class=\"column-4\">-<\/td><td class=\"column-5\"><strong>587<\/strong><\/td>\n<\/tr>\n<\/tbody>\n<\/table>\n<!-- #tablepress-2 from cache -->\n<\/div>\n<\/div>\n<\/div>\n<\/div>\n<\/div>\n<\/div>\n<p>[\/vc_column_text][\/vc_column][vc_column width=&#8221;1\/3&#8243; rt_wrp_col_paddings=&#8221;false&#8221; rt_border_top=&#8221;&#8221; rt_border_bottom=&#8221;&#8221; rt_border_left=&#8221;&#8221; rt_border_right=&#8221;&#8221; rt_border_top_mobile=&#8221;&#8221; rt_border_bottom_mobile=&#8221;&#8221; rt_border_left_mobile=&#8221;&#8221; rt_border_right_mobile=&#8221;&#8221; rt_bg_image_repeat=&#8221;repeat&#8221; rt_bg_size=&#8221;auto auto&#8221; rt_bg_position=&#8221;right top&#8221; rt_bg_attachment=&#8221;scroll&#8221;][\/vc_column][\/vc_row][vc_row rt_row_background_width=&#8221;default&#8221; rt_row_style=&#8221;default-style&#8221; rt_row_borders=&#8221;&#8221; rt_row_paddings=&#8221;true&#8221; rt_bg_effect=&#8221;classic&#8221; rt_bg_image_repeat=&#8221;repeat&#8221; rt_bg_size=&#8221;cover&#8221; rt_bg_position=&#8221;right top&#8221; rt_bg_attachment=&#8221;scroll&#8221; rt_bg_video_format=&#8221;self-hosted&#8221;][vc_column width=&#8221;1\/2&#8243; rt_wrp_col_paddings=&#8221;false&#8221; rt_border_top=&#8221;&#8221; rt_border_bottom=&#8221;&#8221; rt_border_left=&#8221;&#8221; rt_border_right=&#8221;&#8221; rt_border_top_mobile=&#8221;&#8221; rt_border_bottom_mobile=&#8221;&#8221; rt_border_left_mobile=&#8221;&#8221; rt_border_right_mobile=&#8221;&#8221; rt_bg_image_repeat=&#8221;repeat&#8221; rt_bg_size=&#8221;auto auto&#8221; rt_bg_position=&#8221;right top&#8221; rt_bg_attachment=&#8221;scroll&#8221;][vc_column_text]<\/p>\n<div class=\"wpb_text_column wpb_content_element \">\n<div class=\"wpb_wrapper\">\n<p><strong>Atendimento de requisi\u00e7\u00f5es (chamados t\u00e9cnicos)<\/strong><\/p>\n\n<table id=\"tablepress-1\" class=\"tablepress tablepress-id-1\">\n<thead>\n<tr class=\"row-1\">\n\t<th class=\"column-1\">Ano<\/th><th class=\"column-2\">Atendimentos<\/th>\n<\/tr>\n<\/thead>\n<tbody class=\"row-striping row-hover\">\n<tr class=\"row-2\">\n\t<td class=\"column-1\">2025<\/td><td class=\"column-2\">2.002<\/td>\n<\/tr>\n<tr class=\"row-3\">\n\t<td class=\"column-1\">2024<\/td><td class=\"column-2\">2.462<\/td>\n<\/tr>\n<tr class=\"row-4\">\n\t<td class=\"column-1\">2023<\/td><td class=\"column-2\">2.444<\/td>\n<\/tr>\n<tr class=\"row-5\">\n\t<td class=\"column-1\">2022<\/td><td class=\"column-2\">2.783<\/td>\n<\/tr>\n<tr class=\"row-6\">\n\t<td class=\"column-1\">2021<\/td><td class=\"column-2\">2.731 (pandemia)<\/td>\n<\/tr>\n<tr class=\"row-7\">\n\t<td class=\"column-1\">2020<\/td><td class=\"column-2\">1.964 (pandemia)<\/td>\n<\/tr>\n<tr class=\"row-8\">\n\t<td class=\"column-1\">2019<\/td><td class=\"column-2\">2.595<\/td>\n<\/tr>\n<tr class=\"row-9\">\n\t<td class=\"column-1\">2018<\/td><td class=\"column-2\">2.712<\/td>\n<\/tr>\n<tr class=\"row-10\">\n\t<td class=\"column-1\">2017<\/td><td class=\"column-2\">3.079<\/td>\n<\/tr>\n<tr class=\"row-11\">\n\t<td class=\"column-1\">2016<\/td><td class=\"column-2\">3.094<\/td>\n<\/tr>\n<tr class=\"row-12\">\n\t<td class=\"column-1\">2015<\/td><td class=\"column-2\">2.785<\/td>\n<\/tr>\n<tr class=\"row-13\">\n\t<td class=\"column-1\">2014<\/td><td class=\"column-2\">2.679<\/td>\n<\/tr>\n<tr class=\"row-14\">\n\t<td class=\"column-1\">2013<\/td><td class=\"column-2\">2.709<\/td>\n<\/tr>\n<tr class=\"row-15\">\n\t<td class=\"column-1\">2012<\/td><td class=\"column-2\">2.637<\/td>\n<\/tr>\n<tr class=\"row-16\">\n\t<td class=\"column-1\">2011<\/td><td class=\"column-2\">2.845<\/td>\n<\/tr>\n<tr class=\"row-17\">\n\t<td class=\"column-1\">2010<\/td><td class=\"column-2\">2.894<\/td>\n<\/tr>\n<\/tbody>\n<\/table>\n<!-- #tablepress-1 from cache -->\n<\/div>\n<\/div>\n<p>[\/vc_column_text][\/vc_column][vc_column width=&#8221;1\/2&#8243; rt_wrp_col_paddings=&#8221;false&#8221; rt_border_top=&#8221;&#8221; rt_border_bottom=&#8221;&#8221; rt_border_left=&#8221;&#8221; rt_border_right=&#8221;&#8221; rt_border_top_mobile=&#8221;&#8221; rt_border_bottom_mobile=&#8221;&#8221; rt_border_left_mobile=&#8221;&#8221; rt_border_right_mobile=&#8221;&#8221; rt_bg_image_repeat=&#8221;repeat&#8221; rt_bg_size=&#8221;auto auto&#8221; rt_bg_position=&#8221;right top&#8221; rt_bg_attachment=&#8221;scroll&#8221;][\/vc_column][\/vc_row]<\/p>\n","protected":false},"excerpt":{"rendered":"<p>[vc_row rt_row_background_width=&#8221;default&#8221; rt_row_style=&#8221;default-style&#8221; rt_row_borders=&#8221;&#8221; rt_row_paddings=&#8221;true&#8221; rt_bg_effect=&#8221;classic&#8221; rt_bg_image_repeat=&#8221;repeat&#8221; rt_bg_size=&#8221;cover&#8221; rt_bg_position=&#8221;right top&#8221; rt_bg_attachment=&#8221;scroll&#8221; rt_bg_video_format=&#8221;self-hosted&#8221;][vc_column width=&#8221;2\/3&#8243; rt_wrp_col_paddings=&#8221;false&#8221; rt_border_top=&#8221;&#8221; rt_border_bottom=&#8221;&#8221; rt_border_left=&#8221;&#8221; rt_border_right=&#8221;&#8221; rt_border_top_mobile=&#8221;&#8221; rt_border_bottom_mobile=&#8221;&#8221; rt_border_left_mobile=&#8221;&#8221; rt_border_right_mobile=&#8221;&#8221; rt_bg_image_repeat=&#8221;repeat&#8221; rt_bg_size=&#8221;auto auto&#8221; rt_bg_position=&#8221;right top&#8221; rt_bg_attachment=&#8221;scroll&#8221;][vc_column_text] Relat\u00f3rios do Censo de Equipamentos de Inform\u00e1tica [\/vc_column_text][\/vc_column][vc_column width=&#8221;1\/3&#8243; rt_wrp_col_paddings=&#8221;false&#8221; rt_border_top=&#8221;&#8221; rt_border_bottom=&#8221;&#8221; rt_border_left=&#8221;&#8221; rt_border_right=&#8221;&#8221; rt_border_top_mobile=&#8221;&#8221; rt_border_bottom_mobile=&#8221;&#8221; rt_border_left_mobile=&#8221;&#8221; rt_border_right_mobile=&#8221;&#8221; rt_bg_image_repeat=&#8221;repeat&#8221; rt_bg_size=&#8221;auto auto&#8221; rt_bg_position=&#8221;right top&#8221; rt_bg_attachment=&#8221;scroll&#8221;][\/vc_column][\/vc_row][vc_row rt_row_background_width=&#8221;default&#8221; rt_row_style=&#8221;default-style&#8221; rt_row_borders=&#8221;&#8221; [&hellip;]<\/p>\n","protected":false},"author":1,"featured_media":0,"parent":0,"menu_order":0,"comment_status":"closed","ping_status":"closed","template":"","meta":{"footnotes":""},"class_list":["post-8279","page","type-page","status-publish","hentry"],"_links":{"self":[{"href":"https:\/\/www.ifsc.usp.br\/scinfor\/wp-json\/wp\/v2\/pages\/8279","targetHints":{"allow":["GET"]}}],"collection":[{"href":"https:\/\/www.ifsc.usp.br\/scinfor\/wp-json\/wp\/v2\/pages"}],"about":[{"href":"https:\/\/www.ifsc.usp.br\/scinfor\/wp-json\/wp\/v2\/types\/page"}],"author":[{"embeddable":true,"href":"https:\/\/www.ifsc.usp.br\/scinfor\/wp-json\/wp\/v2\/users\/1"}],"replies":[{"embeddable":true,"href":"https:\/\/www.ifsc.usp.br\/scinfor\/wp-json\/wp\/v2\/comments?post=8279"}],"version-history":[{"count":41,"href":"https:\/\/www.ifsc.usp.br\/scinfor\/wp-json\/wp\/v2\/pages\/8279\/revisions"}],"predecessor-version":[{"id":9366,"href":"https:\/\/www.ifsc.usp.br\/scinfor\/wp-json\/wp\/v2\/pages\/8279\/revisions\/9366"}],"wp:attachment":[{"href":"https:\/\/www.ifsc.usp.br\/scinfor\/wp-json\/wp\/v2\/media?parent=8279"}],"curies":[{"name":"wp","href":"https:\/\/api.w.org\/{rel}","templated":true}]}}