{"id":8366,"date":"2017-04-03T11:58:30","date_gmt":"2017-04-03T14:58:30","guid":{"rendered":"http:\/\/www.ifsc.usp.br\/~scinfor\/scinforwp\/?page_id=8366"},"modified":"2025-05-22T08:55:55","modified_gmt":"2025-05-22T11:55:55","slug":"licencas-de-software-e-aplicativos","status":"publish","type":"page","link":"https:\/\/www.ifsc.usp.br\/scinfor\/licencas-de-software-e-aplicativos\/","title":{"rendered":"Licen\u00e7as de software e aplicativos"},"content":{"rendered":"<p>[vc_row rt_row_background_width=&#8221;default&#8221; rt_row_style=&#8221;default-style&#8221; rt_row_borders=&#8221;&#8221; rt_row_paddings=&#8221;true&#8221; rt_bg_effect=&#8221;classic&#8221; rt_bg_image_repeat=&#8221;repeat&#8221; rt_bg_size=&#8221;cover&#8221; rt_bg_position=&#8221;right top&#8221; rt_bg_attachment=&#8221;scroll&#8221; rt_bg_video_format=&#8221;self-hosted&#8221;][vc_column rt_wrp_col_paddings=&#8221;false&#8221; rt_border_top=&#8221;&#8221; rt_border_bottom=&#8221;&#8221; rt_border_left=&#8221;&#8221; rt_border_right=&#8221;&#8221; rt_border_top_mobile=&#8221;&#8221; rt_border_bottom_mobile=&#8221;&#8221; rt_border_left_mobile=&#8221;&#8221; rt_border_right_mobile=&#8221;&#8221; rt_bg_image_repeat=&#8221;repeat&#8221; rt_bg_size=&#8221;auto auto&#8221; rt_bg_position=&#8221;right top&#8221; rt_bg_attachment=&#8221;scroll&#8221;][vc_column_text]<\/p>\n<div>\n<div>\n<p><strong><span style=\"color: #008000;\">Licen\u00e7as para software cient\u00edficos (licenciados USP)<\/span><\/strong><\/p>\n<\/div>\n<div>A USP disponibiliza licen\u00e7a para alguns aplicativos cient\u00edficos (como Origin, Mathematica, Matlab, Maple). Veja a lista em:<\/div>\n<div><a href=\"https:\/\/atendimentosti.usp.br\/otrs\/public.pl?Action=PublicFAQExplorer;CategoryID=77\" target=\"_blank\" rel=\"noopener\">https:\/\/atendimentosti.usp.br\/otrs\/public.pl?Action=PublicFAQExplorer;CategoryID=77<\/a><\/div>\n<div>Para solicita\u00e7\u00e3o de licen\u00e7a para esses aplicativos acesse o Sistema Glise em <a href=\"https:\/\/software.sti.usp.br\" target=\"_blank\" rel=\"noopener noreferrer\">https:\/\/software.sti.usp.br\/<\/a>, entrando com n\u00famero USP e sua senha \u00fanica.<\/div>\n<\/div>\n<p><span style=\"color: #008000;\"><strong><br \/>\nPrograma Microsoft Azure Dev Tools for Teaching<\/strong><\/span><\/p>\n<p><a href=\"https:\/\/aka.ms\/devtoolsforteaching\" target=\"_blank\" rel=\"noopener\"><span style=\"color: #008000;\"><span style=\"color: #3366ff;\">https:\/\/aka.ms\/devtoolsforteaching<\/span><\/span><\/a><\/p>\n<p>Programa de assinatura com\u00a0 a Microsoft que disponibiliza alguns aplicativos Microsoft\u00a0 para os usu\u00e1rios da comunidade IFSC. Os usu\u00e1rios devem fazer sua inscri\u00e7\u00e3o no programa no endere\u00e7o acima para fazer o download dos programas Microsoft dispon\u00edveis (maioria dos aplicativos voltados ao ensino e desenvolvimento).<br \/>\n<strong>Licen\u00e7as para Windows e Office N\u00c3O fazem parte desse programa<\/strong>.<\/p>\n<div><span style=\"color: #008000;\"><strong><br \/>\nOffice 365 for Education: pacote Office on-line<\/strong><\/span><\/div>\n<div>\n<p><span style=\"color: #3366ff;\">O conv\u00eanio da USP com a Microsoft \u00e9 para a vers\u00e3o do <strong>Office 365 on-line<\/strong><\/span>, n\u00e3o havendo possibilidade para download do pacote Office, <strong>apenas o seu uso on-line<\/strong>. Para fazer sua inscri\u00e7\u00e3o \u00e9 preciso utilizar o seu e-mail com dom\u00ednio @ifsc.usp.br ou @usp.br e acessar o link <a href=\"https:\/\/products.office.com\/en-US\/student\/office-in-education\" target=\"_blank\" rel=\"noopener noreferrer\" data-saferedirecturl=\"https:\/\/www.google.com\/url?hl=pt-BR&amp;q=https:\/\/products.office.com\/en-US\/student\/office-in-education&amp;source=gmail&amp;ust=1515673769949000&amp;usg=AFQjCNHLm3XESPdePS0qSxNU96wHYgcNjw\">https:\/\/products.office.com\/<wbr \/>en-US\/student\/office-in-<wbr \/>education<\/a>.<\/p>\n<div><\/div>\n<\/div>\n<div><\/div>\n<p>[\/vc_column_text][\/vc_column][\/vc_row]<\/p>\n","protected":false},"excerpt":{"rendered":"<p>[vc_row rt_row_background_width=&#8221;default&#8221; rt_row_style=&#8221;default-style&#8221; rt_row_borders=&#8221;&#8221; rt_row_paddings=&#8221;true&#8221; rt_bg_effect=&#8221;classic&#8221; rt_bg_image_repeat=&#8221;repeat&#8221; rt_bg_size=&#8221;cover&#8221; rt_bg_position=&#8221;right top&#8221; rt_bg_attachment=&#8221;scroll&#8221; rt_bg_video_format=&#8221;self-hosted&#8221;][vc_column rt_wrp_col_paddings=&#8221;false&#8221; rt_border_top=&#8221;&#8221; rt_border_bottom=&#8221;&#8221; rt_border_left=&#8221;&#8221; rt_border_right=&#8221;&#8221; rt_border_top_mobile=&#8221;&#8221; rt_border_bottom_mobile=&#8221;&#8221; rt_border_left_mobile=&#8221;&#8221; rt_border_right_mobile=&#8221;&#8221; rt_bg_image_repeat=&#8221;repeat&#8221; rt_bg_size=&#8221;auto auto&#8221; rt_bg_position=&#8221;right top&#8221; rt_bg_attachment=&#8221;scroll&#8221;][vc_column_text] Licen\u00e7as para software cient\u00edficos (licenciados USP) A USP disponibiliza licen\u00e7a para alguns aplicativos cient\u00edficos (como Origin, Mathematica, Matlab, Maple). Veja a lista em: https:\/\/atendimentosti.usp.br\/otrs\/public.pl?Action=PublicFAQExplorer;CategoryID=77 Para solicita\u00e7\u00e3o de licen\u00e7a [&hellip;]<\/p>\n","protected":false},"author":1,"featured_media":0,"parent":0,"menu_order":0,"comment_status":"closed","ping_status":"closed","template":"","meta":{"footnotes":""},"class_list":["post-8366","page","type-page","status-publish","hentry"],"_links":{"self":[{"href":"https:\/\/www.ifsc.usp.br\/scinfor\/wp-json\/wp\/v2\/pages\/8366","targetHints":{"allow":["GET"]}}],"collection":[{"href":"https:\/\/www.ifsc.usp.br\/scinfor\/wp-json\/wp\/v2\/pages"}],"about":[{"href":"https:\/\/www.ifsc.usp.br\/scinfor\/wp-json\/wp\/v2\/types\/page"}],"author":[{"embeddable":true,"href":"https:\/\/www.ifsc.usp.br\/scinfor\/wp-json\/wp\/v2\/users\/1"}],"replies":[{"embeddable":true,"href":"https:\/\/www.ifsc.usp.br\/scinfor\/wp-json\/wp\/v2\/comments?post=8366"}],"version-history":[{"count":30,"href":"https:\/\/www.ifsc.usp.br\/scinfor\/wp-json\/wp\/v2\/pages\/8366\/revisions"}],"predecessor-version":[{"id":9514,"href":"https:\/\/www.ifsc.usp.br\/scinfor\/wp-json\/wp\/v2\/pages\/8366\/revisions\/9514"}],"wp:attachment":[{"href":"https:\/\/www.ifsc.usp.br\/scinfor\/wp-json\/wp\/v2\/media?parent=8366"}],"curies":[{"name":"wp","href":"https:\/\/api.w.org\/{rel}","templated":true}]}}