{"id":8662,"date":"2018-06-05T15:30:44","date_gmt":"2018-06-05T18:30:44","guid":{"rendered":"https:\/\/www.ifsc.usp.br\/scinfor\/?page_id=8662"},"modified":"2024-08-01T11:06:33","modified_gmt":"2024-08-01T14:06:33","slug":"hospedagem-de-equipamentos","status":"publish","type":"page","link":"https:\/\/www.ifsc.usp.br\/scinfor\/hospedagem-de-equipamentos\/","title":{"rendered":"Sala para hospedagem de equipamentos"},"content":{"rendered":"<p><strong><img loading=\"lazy\" decoding=\"async\" class=\"wp-image-8933 alignright\" src=\"https:\/\/www.ifsc.usp.br\/scinfor\/wp-content\/uploads\/2020\/03\/20200309_164326-300x169.jpg\" alt=\"\" width=\"458\" height=\"258\" srcset=\"https:\/\/www.ifsc.usp.br\/scinfor\/wp-content\/uploads\/2020\/03\/20200309_164326-300x169.jpg 300w, https:\/\/www.ifsc.usp.br\/scinfor\/wp-content\/uploads\/2020\/03\/20200309_164326-1024x576.jpg 1024w, https:\/\/www.ifsc.usp.br\/scinfor\/wp-content\/uploads\/2020\/03\/20200309_164326-768x432.jpg 768w, https:\/\/www.ifsc.usp.br\/scinfor\/wp-content\/uploads\/2020\/03\/20200309_164326-1536x864.jpg 1536w, https:\/\/www.ifsc.usp.br\/scinfor\/wp-content\/uploads\/2020\/03\/20200309_164326-2048x1152.jpg 2048w\" sizes=\"auto, (max-width: 458px) 100vw, 458px\" \/><\/strong><\/p>\n<p><span style=\"color: #ff0000;\">Observa\u00e7\u00e3o importante: Desde agosto de 2024 n\u00e3o h\u00e1 mais espa\u00e7o na sala de hospedagem para novos Racks.<\/span><\/p>\n<p><strong>Descri\u00e7\u00e3o<\/strong><\/p>\n<p>Hospedar equipamentos computacionais do IFSC na sala de cluster ao lado do ScInfor (sala 8), com a finalidade de HPC, servidor de arquivos e afins para as atividades de pesquisa e administrativas desenvolvidas no IFSC.<\/p>\n<p>&nbsp;<\/p>\n<p><strong> Infraestrutura<\/strong><\/p>\n<p>Atualmente a sala disp\u00f5e:<\/p>\n<ul>\n<li>2 rack de 19 polegadas de largura por 44U de altura<\/li>\n<li>1 no-break de 5kVA para as m\u00e1quinas que ser\u00e3o hospedadas no rack<\/li>\n<li>1 ponto de rede 10\/100\/1000Gbps para cada computador individual<\/li>\n<li>1 endere\u00e7o IPv4 para cada computador ou cluster<\/li>\n<li>2 condicionadores de ar de 24.000 BTUs<\/li>\n<\/ul>\n<p><strong><img loading=\"lazy\" decoding=\"async\" class=\" wp-image-8934 alignleft\" src=\"https:\/\/www.ifsc.usp.br\/scinfor\/wp-content\/uploads\/2020\/03\/20200309_164400-169x300.jpg\" alt=\"\" width=\"267\" height=\"474\" srcset=\"https:\/\/www.ifsc.usp.br\/scinfor\/wp-content\/uploads\/2020\/03\/20200309_164400-169x300.jpg 169w, https:\/\/www.ifsc.usp.br\/scinfor\/wp-content\/uploads\/2020\/03\/20200309_164400-576x1024.jpg 576w, https:\/\/www.ifsc.usp.br\/scinfor\/wp-content\/uploads\/2020\/03\/20200309_164400-768x1365.jpg 768w, https:\/\/www.ifsc.usp.br\/scinfor\/wp-content\/uploads\/2020\/03\/20200309_164400-864x1536.jpg 864w, https:\/\/www.ifsc.usp.br\/scinfor\/wp-content\/uploads\/2020\/03\/20200309_164400-1152x2048.jpg 1152w, https:\/\/www.ifsc.usp.br\/scinfor\/wp-content\/uploads\/2020\/03\/20200309_164400.jpg 1440w\" sizes=\"auto, (max-width: 267px) 100vw, 267px\" \/><\/strong><strong>Observa\u00e7\u00f5es:<\/strong><\/p>\n<ol>\n<li>O rack ser\u00e1 utilizado para hospedar computadores com gabinetes para racks de 19 polegadas e que j\u00e1 venham acompanhados de trilhos para fixa\u00e7\u00e3o de 45cm ou 55cm e o cabo de energia no padr\u00e3o brasileiro de plugues e tomadas da ABNT NBR14136.<\/li>\n<li>A sala suporta a instala\u00e7\u00e3o de mais 1 racks de 19 polegadas e 44U de altura, que podem ser destinadas a clusters maiores de grupos de pesquisa.<\/li>\n<li>Para esta finalidade, o docente deve entrar em contato com o ScInfor para verificar a disponibilidade, em havendo, esse pedido ser\u00e1 avaliado pela diretoria do IFSC. Toda a infraestrutura do cluster (para esses casos) deve ser fornecida pelo grupo de pesquisa. (rack, computadores, switch de interconex\u00e3o entre os n\u00f3s do cluster, no-break, cabos de energia e etc).<\/li>\n<li>Servidores ou clusters que, por ventura, sejam descontinuados pelo usu\u00e1rio por qualquer motivo devem ser retirados da sala para libera\u00e7\u00e3o de espa\u00e7o para outros usu\u00e1rios.<\/li>\n<li>O equipamento deve ser patrimoniado pelo IFSC ou estar em processo para tal.<\/li>\n<\/ol>\n<p>&nbsp;<\/p>\n<p><strong>Como solicitar\/utilizar<\/strong><\/p>\n<p>Procure o ScInfor para verificar a disponibilidade f\u00edsica e de infraestrutura de espa\u00e7o da sala e, caso haja, preencha o formul\u00e1rio de solicita\u00e7\u00e3o que ser\u00e1 avaliado pelo ScInfor.<br \/>\n<strong><img loading=\"lazy\" decoding=\"async\" class=\"size-medium wp-image-8935 alignright\" src=\"https:\/\/www.ifsc.usp.br\/scinfor\/wp-content\/uploads\/2020\/03\/20200309_164415-169x300.jpg\" alt=\"\" width=\"169\" height=\"300\" srcset=\"https:\/\/www.ifsc.usp.br\/scinfor\/wp-content\/uploads\/2020\/03\/20200309_164415-169x300.jpg 169w, https:\/\/www.ifsc.usp.br\/scinfor\/wp-content\/uploads\/2020\/03\/20200309_164415-576x1024.jpg 576w, https:\/\/www.ifsc.usp.br\/scinfor\/wp-content\/uploads\/2020\/03\/20200309_164415-768x1365.jpg 768w, https:\/\/www.ifsc.usp.br\/scinfor\/wp-content\/uploads\/2020\/03\/20200309_164415-864x1536.jpg 864w, https:\/\/www.ifsc.usp.br\/scinfor\/wp-content\/uploads\/2020\/03\/20200309_164415-1152x2048.jpg 1152w, https:\/\/www.ifsc.usp.br\/scinfor\/wp-content\/uploads\/2020\/03\/20200309_164415-scaled.jpg 1440w\" sizes=\"auto, (max-width: 169px) 100vw, 169px\" \/><\/strong>Ser\u00e1 permitido apenas acesso remoto aos computadores dessa sala, os equipamentos n\u00e3o devem ser instalados com monitor, teclado e mouse, exceto para clusters maiores que tenham o seu pr\u00f3prio rack, com espa\u00e7o para tal.<br \/>\nO acesso f\u00edsico \u00e0 sala ser\u00e1 controlado pelo ScInfor e estar\u00e1 dispon\u00edvel em dias \u00fateis de segunda a sexta das 8h \u00e0s 17h. Qualquer manuten\u00e7\u00e3o local em algum equipamento deve ser acompanhada por um t\u00e9cnico do ScInfor para abrir a sala e acompanhar a manuten\u00e7\u00e3o.<\/p>\n<p>&nbsp;<\/p>\n<p><strong>Quem pode solicitar\/utilizar<\/strong><\/p>\n<ul>\n<li>Docentes IFSC.<\/li>\n<li>Funcion\u00e1rios IFSC, para os casos de servidores administrativos.<\/li>\n<\/ul>\n<p>&nbsp;<\/p>\n<p><strong>Pr\u00e9-requisitos (condi\u00e7\u00f5es para solicita\u00e7\u00e3o\/utiliza\u00e7\u00e3o)<\/strong><\/p>\n<p>Somente poder\u00e3o ser instalados equipamentos computacionais compat\u00edveis com Rack padr\u00e3o 19\u201d e acompanhados dos trilhos de 45cm ou 55cm, devidamente patrimoniados ou com o processo de patrim\u00f3nio IFSC j\u00e1 em andamento. A hospedagem de equipamentos computacionais ser\u00e1 autorizada desde que possua efetiva compatibilidade com os objetivos do IFSC e da USP, respeitando-se a viabilidade t\u00e9cnica bem como a disponibilidade f\u00edsica e de infraestrutura.<\/p>\n<p>Para o caso de mini-storage consultar se h\u00e1 espa\u00e7o dispon\u00edvel na bandeja do rack reservado para esse fim.<\/p>\n<p>&nbsp;<\/p>\n<p><strong>Responsabilidades do usu\u00e1rio<\/strong><\/p>\n<ul>\n<li>Estar ciente e de acordo com as Normas de Uso e Seguran\u00e7a dos Recursos Computacionais da USP e IFSC, dispon\u00edvel em https:\/\/www.ifsc.usp.br\/scinfor\/normas-ti\/;<strong><img loading=\"lazy\" decoding=\"async\" class=\"size-medium wp-image-8936 alignright\" src=\"https:\/\/www.ifsc.usp.br\/scinfor\/wp-content\/uploads\/2020\/03\/20200309_164426-169x300.jpg\" alt=\"\" width=\"169\" height=\"300\" srcset=\"https:\/\/www.ifsc.usp.br\/scinfor\/wp-content\/uploads\/2020\/03\/20200309_164426-169x300.jpg 169w, https:\/\/www.ifsc.usp.br\/scinfor\/wp-content\/uploads\/2020\/03\/20200309_164426-576x1024.jpg 576w, https:\/\/www.ifsc.usp.br\/scinfor\/wp-content\/uploads\/2020\/03\/20200309_164426-768x1365.jpg 768w, https:\/\/www.ifsc.usp.br\/scinfor\/wp-content\/uploads\/2020\/03\/20200309_164426-864x1536.jpg 864w, https:\/\/www.ifsc.usp.br\/scinfor\/wp-content\/uploads\/2020\/03\/20200309_164426-1152x2048.jpg 1152w, https:\/\/www.ifsc.usp.br\/scinfor\/wp-content\/uploads\/2020\/03\/20200309_164426-scaled.jpg 1440w\" sizes=\"auto, (max-width: 169px) 100vw, 169px\" \/><\/strong><\/li>\n<li>Uma vez autorizada a hospedagem, caber\u00e1 ao usu\u00e1rio providenciar o transporte do equipamento;<\/li>\n<li>Para instala\u00e7\u00e3o de clusters maiores, o transporte ate a sala, a montagem do rack, no-breaks e afins devem ser realizadas pelo requisitante ou pessoa indicada, o pessoal do ScInfor pode auxiliar na montagem dos equipamentos no rack;<\/li>\n<li>Eleger uma pessoa de contato que ficar\u00e1 respons\u00e1vel pelo equipamento e pelas notifica\u00e7\u00f5es do ScInfor;<\/li>\n<li>Atualiza\u00e7\u00f5es de sistema operacional, aplicativos, servi\u00e7os, seguran\u00e7a, ger\u00eancia de usu\u00e1rios e backup.<\/li>\n<\/ul>\n","protected":false},"excerpt":{"rendered":"<p>Observa\u00e7\u00e3o importante: Desde agosto de 2024 n\u00e3o h\u00e1 mais espa\u00e7o na sala de hospedagem para novos Racks. Descri\u00e7\u00e3o Hospedar equipamentos computacionais do IFSC na sala de cluster ao lado do ScInfor (sala 8), com a finalidade de HPC, servidor de arquivos e afins para as atividades de pesquisa e administrativas desenvolvidas no IFSC. &nbsp; Infraestrutura [&hellip;]<\/p>\n","protected":false},"author":1,"featured_media":0,"parent":0,"menu_order":0,"comment_status":"closed","ping_status":"closed","template":"","meta":{"footnotes":""},"class_list":["post-8662","page","type-page","status-publish","hentry"],"_links":{"self":[{"href":"https:\/\/www.ifsc.usp.br\/scinfor\/wp-json\/wp\/v2\/pages\/8662","targetHints":{"allow":["GET"]}}],"collection":[{"href":"https:\/\/www.ifsc.usp.br\/scinfor\/wp-json\/wp\/v2\/pages"}],"about":[{"href":"https:\/\/www.ifsc.usp.br\/scinfor\/wp-json\/wp\/v2\/types\/page"}],"author":[{"embeddable":true,"href":"https:\/\/www.ifsc.usp.br\/scinfor\/wp-json\/wp\/v2\/users\/1"}],"replies":[{"embeddable":true,"href":"https:\/\/www.ifsc.usp.br\/scinfor\/wp-json\/wp\/v2\/comments?post=8662"}],"version-history":[{"count":12,"href":"https:\/\/www.ifsc.usp.br\/scinfor\/wp-json\/wp\/v2\/pages\/8662\/revisions"}],"predecessor-version":[{"id":9467,"href":"https:\/\/www.ifsc.usp.br\/scinfor\/wp-json\/wp\/v2\/pages\/8662\/revisions\/9467"}],"wp:attachment":[{"href":"https:\/\/www.ifsc.usp.br\/scinfor\/wp-json\/wp\/v2\/media?parent=8662"}],"curies":[{"name":"wp","href":"https:\/\/api.w.org\/{rel}","templated":true}]}}