{"id":8732,"date":"2018-09-27T15:43:08","date_gmt":"2018-09-27T18:43:08","guid":{"rendered":"https:\/\/www.ifsc.usp.br\/scinfor\/?page_id=8732"},"modified":"2022-04-13T11:01:23","modified_gmt":"2022-04-13T14:01:23","slug":"rede-sem-fio-ifsc-guest","status":"publish","type":"page","link":"https:\/\/www.ifsc.usp.br\/scinfor\/rede-sem-fio-ifsc-guest\/","title":{"rendered":"Rede sem fio &#8211; IFSC-Guest"},"content":{"rendered":"<p>[vc_row rt_row_background_width=&#8221;default&#8221; rt_row_style=&#8221;default-style&#8221; rt_row_borders=&#8221;&#8221; rt_row_paddings=&#8221;true&#8221; rt_bg_effect=&#8221;classic&#8221; rt_bg_image_repeat=&#8221;repeat&#8221; rt_bg_size=&#8221;cover&#8221; rt_bg_position=&#8221;right top&#8221; rt_bg_attachment=&#8221;scroll&#8221; rt_bg_video_format=&#8221;self-hosted&#8221;][vc_column rt_wrp_col_paddings=&#8221;false&#8221; rt_border_top=&#8221;&#8221; rt_border_bottom=&#8221;&#8221; rt_border_left=&#8221;&#8221; rt_border_right=&#8221;&#8221; rt_border_top_mobile=&#8221;&#8221; rt_border_bottom_mobile=&#8221;&#8221; rt_border_left_mobile=&#8221;&#8221; rt_border_right_mobile=&#8221;&#8221; rt_bg_image_repeat=&#8221;repeat&#8221; rt_bg_size=&#8221;auto auto&#8221; rt_bg_position=&#8221;right top&#8221; rt_bg_attachment=&#8221;scroll&#8221;][vc_column_text]<strong>Visitantes e colaboradores externos<\/strong> (sem nro USP e sem acesso \u00e0 rede eduroam)<br \/>\nPara esses usu\u00e1rios, o IFSC disponibiliza a rede IFSC-Guest que deve ser utilizada com um voucher que possui uma validade para utiliza\u00e7\u00e3o.<\/p>\n<p>Esse voucher deve ser solicitado na Secretaria do Grupo de Pesquisa que est\u00e1 sendo visitado, ou na Secretaria Acad\u00eamica para usu\u00e1rios em bancas de defesa, ou ainda no Atendimento da Biblioteca quando for visitante usu\u00e1rio da biblioteca do IFSC. No momento da solicita\u00e7\u00e3o do voucher \u00e9 definida a validade do mesmo (vouchers para 1 ou 2 dias, 1 semana, 1 m\u00eas ou 6 meses).<\/p>\n<p><strong><br \/>\nVisitantes e externos que tenham acesso \u00e0 rede EDUROAM em suas institui\u00e7\u00f5es<\/strong><br \/>\nUtilizar suas credenciais da eduroam para se conectar \u00e0 rede eduroam aqui no IFSC.<br \/>\n<span data-mce-mark=\"1\"><a href=\"http:\/\/eduroam.usp.br\" target=\"_blank\" rel=\"noopener\">Veja aqui mais informa\u00e7\u00f5es sobre o acesso \u00e0 eduroam<\/a>.<\/span>[\/vc_column_text][\/vc_column][\/vc_row]<\/p>\n","protected":false},"excerpt":{"rendered":"<p>[vc_row rt_row_background_width=&#8221;default&#8221; rt_row_style=&#8221;default-style&#8221; rt_row_borders=&#8221;&#8221; rt_row_paddings=&#8221;true&#8221; rt_bg_effect=&#8221;classic&#8221; rt_bg_image_repeat=&#8221;repeat&#8221; rt_bg_size=&#8221;cover&#8221; rt_bg_position=&#8221;right top&#8221; rt_bg_attachment=&#8221;scroll&#8221; rt_bg_video_format=&#8221;self-hosted&#8221;][vc_column rt_wrp_col_paddings=&#8221;false&#8221; rt_border_top=&#8221;&#8221; rt_border_bottom=&#8221;&#8221; rt_border_left=&#8221;&#8221; rt_border_right=&#8221;&#8221; rt_border_top_mobile=&#8221;&#8221; rt_border_bottom_mobile=&#8221;&#8221; rt_border_left_mobile=&#8221;&#8221; rt_border_right_mobile=&#8221;&#8221; rt_bg_image_repeat=&#8221;repeat&#8221; rt_bg_size=&#8221;auto auto&#8221; rt_bg_position=&#8221;right top&#8221; rt_bg_attachment=&#8221;scroll&#8221;][vc_column_text]Visitantes e colaboradores externos (sem nro USP e sem acesso \u00e0 rede eduroam) Para esses usu\u00e1rios, o IFSC disponibiliza a rede IFSC-Guest que deve ser utilizada com um voucher [&hellip;]<\/p>\n","protected":false},"author":1,"featured_media":0,"parent":0,"menu_order":0,"comment_status":"closed","ping_status":"closed","template":"","meta":{"footnotes":""},"class_list":["post-8732","page","type-page","status-publish","hentry"],"_links":{"self":[{"href":"https:\/\/www.ifsc.usp.br\/scinfor\/wp-json\/wp\/v2\/pages\/8732","targetHints":{"allow":["GET"]}}],"collection":[{"href":"https:\/\/www.ifsc.usp.br\/scinfor\/wp-json\/wp\/v2\/pages"}],"about":[{"href":"https:\/\/www.ifsc.usp.br\/scinfor\/wp-json\/wp\/v2\/types\/page"}],"author":[{"embeddable":true,"href":"https:\/\/www.ifsc.usp.br\/scinfor\/wp-json\/wp\/v2\/users\/1"}],"replies":[{"embeddable":true,"href":"https:\/\/www.ifsc.usp.br\/scinfor\/wp-json\/wp\/v2\/comments?post=8732"}],"version-history":[{"count":6,"href":"https:\/\/www.ifsc.usp.br\/scinfor\/wp-json\/wp\/v2\/pages\/8732\/revisions"}],"predecessor-version":[{"id":9197,"href":"https:\/\/www.ifsc.usp.br\/scinfor\/wp-json\/wp\/v2\/pages\/8732\/revisions\/9197"}],"wp:attachment":[{"href":"https:\/\/www.ifsc.usp.br\/scinfor\/wp-json\/wp\/v2\/media?parent=8732"}],"curies":[{"name":"wp","href":"https:\/\/api.w.org\/{rel}","templated":true}]}}