{"id":9204,"date":"2022-05-11T16:27:16","date_gmt":"2022-05-11T19:27:16","guid":{"rendered":"https:\/\/www.ifsc.usp.br\/scinfor\/?page_id=9204"},"modified":"2026-01-08T17:28:49","modified_gmt":"2026-01-08T20:28:49","slug":"home-page-2","status":"publish","type":"page","link":"https:\/\/www.ifsc.usp.br\/scinfor\/","title":{"rendered":"Home Page 2022"},"content":{"rendered":"<p>[vc_row rt_row_background_width=&#8221;fullwidth&#8221; rt_row_content_width=&#8221;fullwidth&#8221; rt_row_style=&#8221;default-style&#8221; rt_row_borders=&#8221;&#8221; rt_row_paddings=&#8221;false&#8221; rt_bg_effect=&#8221;classic&#8221; rt_bg_image_repeat=&#8221;repeat&#8221; rt_bg_size=&#8221;cover&#8221; rt_bg_position=&#8221;right top&#8221; rt_bg_attachment=&#8221;scroll&#8221; rt_bg_video_format=&#8221;self-hosted&#8221;][vc_column width=&#8221;2\/3&#8243; rt_wrp_col_paddings=&#8221;false&#8221; rt_border_top=&#8221;&#8221; rt_border_bottom=&#8221;&#8221; rt_border_left=&#8221;&#8221; rt_border_right=&#8221;&#8221; rt_border_top_mobile=&#8221;&#8221; rt_border_bottom_mobile=&#8221;&#8221; rt_border_left_mobile=&#8221;&#8221; rt_border_right_mobile=&#8221;&#8221; rt_bg_image_repeat=&#8221;repeat&#8221; rt_bg_size=&#8221;auto auto&#8221; rt_bg_position=&#8221;right top&#8221; rt_bg_attachment=&#8221;scroll&#8221; rt_padding_top=&#8221;0&#8243; rt_padding_bottom=&#8221;0&#8243; rt_padding_left=&#8221;0&#8243; rt_padding_right=&#8221;0&#8243;]<div id=\"content-slider-738120\" style=\"min-height:400px;\" class=\"rt-carousel main-carousel carousel-holder clearfix\" data-item-width=\"1\" data-nav=\"true\" data-dots=\"true\" data-parallax=\"false\" data-timeout=\"12000\" data-autoplay=\"true\">\n<div class=\"owl-carousel\">\n\n\t\t<div class=\"item  alt-style-2 slide-background\" style=\"background-image: url(https:\/\/www.ifsc.usp.br\/scinfor\/wp-content\/uploads\/2025\/01\/captura-de-tela-de-2025-01-15-16-56-35.png);background-repeat: no-repeat;background-size: cover;background-position: center top;background-color: #daeae8;min-height: 400px;\">\n\t\t\t<a href=\"https:\/\/www.ifsc.usp.br\/scinfor\/numeros-finais-do-censo-de-informatica-2025\/\" target=\"_self\" title=\"\"><\/a>\n\t\t\t<div class=\"slide-content-wrapper fullwidth clearfix\">\n\t\t\t\t<div class=\"slide-content animation  center\" style=\"width: 100%;background-color: rgba(0,0,0,0.5);margin-top: 300px;padding-top:30px;padding-bottom:30px;padding-left:50px;padding-right:50px;\">\t\t\t\t\t\n\t\t\t\t\t<div class=\"ha\">\n<h3 id=\":76e\" class=\"hP\" tabindex=\"-1\" data-thread-perm-id=\"thread-a:r4547433067099514459|msg-a:r-7315055966233126506\" data-legacy-thread-id=\"17e2a681f59fa4ea\">N\u00fameros finais do Censo de Inform\u00e1tica 2025<\/h3>\n<\/div>\n\n\t\t\t\t<\/div>\n\t\t\t<\/div>\n\t\t<\/div>\n\t\t<div class=\"item  alt-style-2 slide-background\" style=\"background-image: url(https:\/\/www.ifsc.usp.br\/scinfor\/wp-content\/uploads\/2023\/10\/slide-canal-whatsapp.jpg);background-repeat: no-repeat;background-size: cover;background-position: center center;background-color: #daeae8;min-height: 400px;\">\n\t\t\t<a href=\"https:\/\/www.ifsc.usp.br\/scinfor\/siga-o-canal-do-scinfor-no-whatsapp\/\" target=\"_self\" title=\"\"><\/a>\n\t\t\t<div class=\"slide-content-wrapper fullwidth clearfix\">\n\t\t\t\t<div class=\"slide-content animation  center\" style=\"width: 100%;background-color: rgba(0,0,0,0.5);margin-top: 300px;padding-top:30px;padding-bottom:30px;padding-left:50px;padding-right:50px;\">\t\t\t\t\t\n\t\t\t\t\t<div class=\"ha\">\n<h3 id=\":76e\" class=\"hP\" tabindex=\"-1\" data-thread-perm-id=\"thread-a:r4547433067099514459|msg-a:r-7315055966233126506\" data-legacy-thread-id=\"17e2a681f59fa4ea\">Siga o canal do ScInfor no WhatsApp<\/h3>\n<div id=\":6ej\" class=\"pG\" role=\"img\" data-tooltip-contained=\"true\" data-tooltip-align=\"b,l\" data-tooltip-delay=\"1500\" aria-label=\"N\u00e3o \u00e9 importante\">\n<div class=\"pH-A7 a9q\" tabindex=\"0\"><\/div>\n<div class=\"bnj \"><\/div>\n<\/div>\n<\/div>\n\n\t\t\t\t<\/div>\n\t\t\t<\/div>\n\t\t<\/div>\n\t\t<div class=\"item  alt-style-2 slide-background\" style=\"background-image: url(https:\/\/www.ifsc.usp.br\/scinfor\/wp-content\/uploads\/2018\/06\/hospedagem.png);background-repeat: no-repeat;background-size: cover;background-position: center center;background-color: #daeae8;min-height: 400px;\">\n\t\t\t<a href=\"https:\/\/www.ifsc.usp.br\/scinfor\/nova-sala-de-hospedagem-para-servidores-computacionais\/\" target=\"_self\" title=\"\"><\/a>\n\t\t\t<div class=\"slide-content-wrapper fullwidth clearfix\">\n\t\t\t\t<div class=\"slide-content animation  center\" style=\"width: 100%;background-color: rgba(0,0,0,0.5);margin-top: 300px;padding-top:30px;padding-bottom:30px;padding-left:50px;padding-right:50px;\">\t\t\t\t\t\n\t\t\t\t\t<h3>Sala de hospedagem para servidores computacionais no IFSC<\/h3>\n\n\t\t\t\t<\/div>\n\t\t\t<\/div>\n\t\t<\/div><\/div>\n<\/div>\n[\/vc_column][vc_column width=&#8221;1\/3&#8243; rt_wrp_col_paddings=&#8221;false&#8221; rt_border_top=&#8221;&#8221; rt_border_bottom=&#8221;&#8221; rt_border_left=&#8221;&#8221; rt_border_right=&#8221;&#8221; rt_border_top_mobile=&#8221;&#8221; rt_border_bottom_mobile=&#8221;&#8221; rt_border_left_mobile=&#8221;&#8221; rt_border_right_mobile=&#8221;&#8221; rt_bg_image_repeat=&#8221;repeat&#8221; rt_bg_size=&#8221;auto auto&#8221; rt_bg_position=&#8221;right top&#8221; rt_bg_attachment=&#8221;scroll&#8221;][vc_empty_space]<section class=\"latest_news clearfix style-1\"><article>\n\n\t\t\t\t\t<div class=\"date\">\n\t\t\t\t\t\t<span class=\"day\">08<\/span>\n\t\t\t\t\t\t<span class=\"year\">jan 26<\/span>\n\t\t\t\t\t<\/div>\n\t\t\t\t\t\n\n\t\t\t\t\t<div class=\"text\">\n\t\t\t\t\t\t<h5 class=\"clean_heading\"><a class=\"title\" href=\"https:\/\/www.ifsc.usp.br\/scinfor\/numeros-finais-do-censo-de-informatica-2025\/\" title=\"N\u00fameros finais do censo de inform\u00e1tica 2025\" rel=\"bookmark\">N\u00fameros finais do censo de inform\u00e1tica 2025<\/a><\/h5>\n\t\t\t\t\t\t\n\t\t\t\t\t<\/div>\n\t\t\t\t\t\n<\/article>\n<article>\n\n\t\t\t\t\t<div class=\"date\">\n\t\t\t\t\t\t<span class=\"day\">23<\/span>\n\t\t\t\t\t\t<span class=\"year\">out 25<\/span>\n\t\t\t\t\t<\/div>\n\t\t\t\t\t\n\n\t\t\t\t\t<div class=\"text\">\n\t\t\t\t\t\t<h5 class=\"clean_heading\"><a class=\"title\" href=\"https:\/\/www.ifsc.usp.br\/scinfor\/censo-de-informatica-2025-05-11-a-23-11\/\" title=\"Censo de Inform\u00e1tica 2025 &#8211; 05\/11 a 23\/11\" rel=\"bookmark\">Censo de Inform\u00e1tica 2025 &#8211; 05\/11 a 23\/11<\/a><\/h5>\n\t\t\t\t\t\t\n\t\t\t\t\t<\/div>\n\t\t\t\t\t\n<\/article>\n<article>\n\n\t\t\t\t\t<div class=\"date\">\n\t\t\t\t\t\t<span class=\"day\">15<\/span>\n\t\t\t\t\t\t<span class=\"year\">jan 25<\/span>\n\t\t\t\t\t<\/div>\n\t\t\t\t\t\n\n\t\t\t\t\t<div class=\"text\">\n\t\t\t\t\t\t<h5 class=\"clean_heading\"><a class=\"title\" href=\"https:\/\/www.ifsc.usp.br\/scinfor\/numeros-finais-do-censo-de-informatica-2024\/\" title=\"N\u00fameros finais do censo de inform\u00e1tica 2024\" rel=\"bookmark\">N\u00fameros finais do censo de inform\u00e1tica 2024<\/a><\/h5>\n\t\t\t\t\t\t\n\t\t\t\t\t<\/div>\n\t\t\t\t\t\n<\/article>\n<article>\n\n\t\t\t\t\t<div class=\"date\">\n\t\t\t\t\t\t<span class=\"day\">05<\/span>\n\t\t\t\t\t\t<span class=\"year\">nov 24<\/span>\n\t\t\t\t\t<\/div>\n\t\t\t\t\t\n\n\t\t\t\t\t<div class=\"text\">\n\t\t\t\t\t\t<h5 class=\"clean_heading\"><a class=\"title\" href=\"https:\/\/www.ifsc.usp.br\/scinfor\/censo-de-informatica-2024\/\" title=\"Censo de Inform\u00e1tica 2024\" rel=\"bookmark\">Censo de Inform\u00e1tica 2024<\/a><\/h5>\n\t\t\t\t\t\t\n\t\t\t\t\t<\/div>\n\t\t\t\t\t\n<\/article>\n<article>\n\n\t\t\t\t\t<div class=\"date\">\n\t\t\t\t\t\t<span class=\"day\">28<\/span>\n\t\t\t\t\t\t<span class=\"year\">jun 24<\/span>\n\t\t\t\t\t<\/div>\n\t\t\t\t\t\n\n\t\t\t\t\t<div class=\"text\">\n\t\t\t\t\t\t<h5 class=\"clean_heading\"><a class=\"title\" href=\"https:\/\/www.ifsc.usp.br\/scinfor\/prorrogacao-do-prazo-da-limitacao-de-espaco-no-google-workspace\/\" title=\"Prorroga\u00e7\u00e3o do prazo da limita\u00e7\u00e3o de espa\u00e7o no Google Workspace\" rel=\"bookmark\">Prorroga\u00e7\u00e3o do prazo da limita\u00e7\u00e3o de espa\u00e7o no Google Workspace<\/a><\/h5>\n\t\t\t\t\t\t\n\t\t\t\t\t<\/div>\n\t\t\t\t\t\n<\/article>\n<\/section>[vc_btn title=&#8221;Mais Not\u00edcias&#8221; style=&#8221;classic&#8221; shape=&#8221;round&#8221; color=&#8221;primary&#8221; align=&#8221;center&#8221; i_icon_fontawesome=&#8221;fa fa-newspaper-o&#8221; add_icon=&#8221;true&#8221; link=&#8221;url:.%2Ftodas-noticias|||&#8221;][\/vc_column][\/vc_row][vc_row rt_row_background_width=&#8221;default&#8221; rt_row_style=&#8221;default-style&#8221; rt_row_borders=&#8221;&#8221; rt_row_paddings=&#8221;true&#8221; rt_bg_effect=&#8221;classic&#8221; rt_bg_image_repeat=&#8221;repeat&#8221; rt_bg_size=&#8221;cover&#8221; rt_bg_position=&#8221;right top&#8221; rt_bg_attachment=&#8221;scroll&#8221; rt_bg_video_format=&#8221;self-hosted&#8221; rt_bg_color=&#8221;#e5e5e5&#8243; rt_padding_top=&#8221;15&#8243; rt_padding_bottom=&#8221;10&#8243; rt_padding_left=&#8221;20&#8243; rt_padding_right=&#8221;20&#8243;][vc_column rt_wrp_col_paddings=&#8221;false&#8221; rt_border_top=&#8221;&#8221; rt_border_bottom=&#8221;&#8221; rt_border_left=&#8221;&#8221; rt_border_right=&#8221;&#8221; rt_border_top_mobile=&#8221;&#8221; rt_border_bottom_mobile=&#8221;&#8221; rt_border_left_mobile=&#8221;&#8221; rt_border_right_mobile=&#8221;&#8221; rt_bg_image_repeat=&#8221;repeat&#8221; rt_bg_size=&#8221;auto auto&#8221; rt_bg_position=&#8221;right top&#8221; rt_bg_attachment=&#8221;scroll&#8221;][vc_custom_heading text=&#8221;O que voc\u00ea precisa?&#8221; font_container=&#8221;tag:h4|text_align:left&#8221; use_theme_fonts=&#8221;yes&#8221;][\/vc_column][\/vc_row][vc_row rt_row_background_width=&#8221;default&#8221; rt_row_style=&#8221;default-style&#8221; rt_row_borders=&#8221;&#8221; rt_row_paddings=&#8221;true&#8221; rt_bg_effect=&#8221;classic&#8221; rt_bg_image_repeat=&#8221;repeat&#8221; rt_bg_size=&#8221;cover&#8221; rt_bg_position=&#8221;right top&#8221; rt_bg_attachment=&#8221;scroll&#8221; rt_bg_video_format=&#8221;self-hosted&#8221; rt_bg_color=&#8221;#e5e5e5&#8243;][vc_column width=&#8221;1\/6&#8243; rt_wrp_col_paddings=&#8221;false&#8221; rt_border_top=&#8221;&#8221; rt_border_bottom=&#8221;&#8221; rt_border_left=&#8221;&#8221; rt_border_right=&#8221;&#8221; rt_border_top_mobile=&#8221;&#8221; rt_border_bottom_mobile=&#8221;&#8221; rt_border_left_mobile=&#8221;&#8221; rt_border_right_mobile=&#8221;&#8221; rt_bg_image_repeat=&#8221;repeat&#8221; rt_bg_size=&#8221;auto auto&#8221; rt_bg_position=&#8221;right top&#8221; rt_bg_attachment=&#8221;scroll&#8221;][vc_message message_box_style=&#8221;solid-icon&#8221; style=&#8221;round&#8221; icon_fontawesome=&#8221;fa fa-wifi&#8221; css_animation=&#8221;none&#8221; el_class=&#8221;a link {text-decoration: none;}&#8221;]<a style=\"text-decoration: none;\" href=\"https:\/\/www.ifsc.usp.br\/scinfor\/rede-sem-fio-eduroam\/\">Acesso \u00e0 rede sem fio para pessoas com v\u00ednculo USP<\/a><\/p>\n<p>[\/vc_message][\/vc_column][vc_column width=&#8221;1\/6&#8243; rt_wrp_col_paddings=&#8221;false&#8221; rt_border_top=&#8221;&#8221; rt_border_bottom=&#8221;&#8221; rt_border_left=&#8221;&#8221; rt_border_right=&#8221;&#8221; rt_border_top_mobile=&#8221;&#8221; rt_border_bottom_mobile=&#8221;&#8221; rt_border_left_mobile=&#8221;&#8221; rt_border_right_mobile=&#8221;&#8221; rt_bg_image_repeat=&#8221;repeat&#8221; rt_bg_size=&#8221;auto auto&#8221; rt_bg_position=&#8221;right top&#8221; rt_bg_attachment=&#8221;scroll&#8221;][vc_message message_box_style=&#8221;solid-icon&#8221; style=&#8221;round&#8221; icon_fontawesome=&#8221;fa fa-laptop&#8221;]<a style=\"text-decoration: none;\" href=\"https:\/\/servicos.ifsc.usp.br\/?solicitacao&amp;s=7\" target=\"_blank\" rel=\"noopener\">Abrir um chamado t\u00e9cnico<\/a>[\/vc_message][\/vc_column][vc_column width=&#8221;1\/6&#8243; rt_wrp_col_paddings=&#8221;false&#8221; rt_border_top=&#8221;&#8221; rt_border_bottom=&#8221;&#8221; rt_border_left=&#8221;&#8221; rt_border_right=&#8221;&#8221; rt_border_top_mobile=&#8221;&#8221; rt_border_bottom_mobile=&#8221;&#8221; rt_border_left_mobile=&#8221;&#8221; rt_border_right_mobile=&#8221;&#8221; rt_bg_image_repeat=&#8221;repeat&#8221; rt_bg_size=&#8221;auto auto&#8221; rt_bg_position=&#8221;right top&#8221; rt_bg_attachment=&#8221;scroll&#8221;][vc_message message_box_style=&#8221;solid-icon&#8221; style=&#8221;round&#8221; icon_fontawesome=&#8221;fa fa-envelope&#8221;]<a style=\"text-decoration: none;\" href=\"https:\/\/www.ifsc.usp.br\/scinfor\/inscricao-para-recebimento-dos-comunicados-ifsc\/\">Receber comunicados IFSC<\/a>[\/vc_message][\/vc_column][vc_column width=&#8221;1\/6&#8243; rt_wrp_col_paddings=&#8221;false&#8221; rt_border_top=&#8221;&#8221; rt_border_bottom=&#8221;&#8221; rt_border_left=&#8221;&#8221; rt_border_right=&#8221;&#8221; rt_border_top_mobile=&#8221;&#8221; rt_border_bottom_mobile=&#8221;&#8221; rt_border_left_mobile=&#8221;&#8221; rt_border_right_mobile=&#8221;&#8221; rt_bg_image_repeat=&#8221;repeat&#8221; rt_bg_size=&#8221;auto auto&#8221; rt_bg_position=&#8221;right top&#8221; rt_bg_attachment=&#8221;scroll&#8221;][vc_message message_box_style=&#8221;solid-icon&#8221; style=&#8221;round&#8221; icon_type=&#8221;openiconic&#8221; icon_openiconic=&#8221;vc-oi vc-oi-link&#8221;]<a style=\"text-decoration: none;\" href=\"https:\/\/www.ifsc.usp.br\/scinfor\/rede-cabeada\/\">Acesso \u00e0 rede cabeada<\/a>[\/vc_message][\/vc_column][vc_column width=&#8221;1\/6&#8243; rt_wrp_col_paddings=&#8221;false&#8221; rt_border_top=&#8221;&#8221; rt_border_bottom=&#8221;&#8221; rt_border_left=&#8221;&#8221; rt_border_right=&#8221;&#8221; rt_border_top_mobile=&#8221;&#8221; rt_border_bottom_mobile=&#8221;&#8221; rt_border_left_mobile=&#8221;&#8221; rt_border_right_mobile=&#8221;&#8221; rt_bg_image_repeat=&#8221;repeat&#8221; rt_bg_size=&#8221;auto auto&#8221; rt_bg_position=&#8221;right top&#8221; rt_bg_attachment=&#8221;scroll&#8221;][vc_message message_box_style=&#8221;solid-icon&#8221; style=&#8221;round&#8221; icon_fontawesome=&#8221;fa fa-key&#8221;]<a style=\"text-decoration: none;\" href=\"https:\/\/www.ifsc.usp.br\/scinfor\/senha-unica-usp-digital\/\">Alterar sua senha \u00fanica<\/a>[\/vc_message][\/vc_column][vc_column width=&#8221;1\/6&#8243; rt_wrp_col_paddings=&#8221;false&#8221; rt_border_top=&#8221;&#8221; rt_border_bottom=&#8221;&#8221; rt_border_left=&#8221;&#8221; rt_border_right=&#8221;&#8221; rt_border_top_mobile=&#8221;&#8221; rt_border_bottom_mobile=&#8221;&#8221; rt_border_left_mobile=&#8221;&#8221; rt_border_right_mobile=&#8221;&#8221; rt_bg_image_repeat=&#8221;repeat&#8221; rt_bg_size=&#8221;auto auto&#8221; rt_bg_position=&#8221;right top&#8221; rt_bg_attachment=&#8221;scroll&#8221;][vc_message message_box_style=&#8221;solid-icon&#8221; style=&#8221;round&#8221; icon_fontawesome=&#8221;fa fa-etsy&#8221;]<a style=\"text-decoration: none;\" href=\"https:\/\/eduroam.usp.br\/\" target=\"_blank\" rel=\"noopener\">EDUROAM na USP<\/a>[\/vc_message][\/vc_column][\/vc_row][vc_row rt_row_background_width=&#8221;default&#8221; rt_row_style=&#8221;default-style&#8221; rt_row_borders=&#8221;&#8221; rt_row_paddings=&#8221;true&#8221; rt_bg_effect=&#8221;classic&#8221; rt_bg_image_repeat=&#8221;repeat&#8221; rt_bg_size=&#8221;cover&#8221; rt_bg_position=&#8221;right top&#8221; rt_bg_attachment=&#8221;scroll&#8221; rt_bg_video_format=&#8221;self-hosted&#8221; rt_bg_color=&#8221;#e5e5e5&#8243;][vc_column width=&#8221;1\/6&#8243; rt_wrp_col_paddings=&#8221;false&#8221; rt_border_top=&#8221;&#8221; rt_border_bottom=&#8221;&#8221; rt_border_left=&#8221;&#8221; rt_border_right=&#8221;&#8221; rt_border_top_mobile=&#8221;&#8221; rt_border_bottom_mobile=&#8221;&#8221; rt_border_left_mobile=&#8221;&#8221; rt_border_right_mobile=&#8221;&#8221; rt_bg_image_repeat=&#8221;repeat&#8221; rt_bg_size=&#8221;auto auto&#8221; rt_bg_position=&#8221;right top&#8221; rt_bg_attachment=&#8221;scroll&#8221;][vc_message message_box_style=&#8221;solid-icon&#8221; style=&#8221;round&#8221; icon_fontawesome=&#8221;fa fa-wifi&#8221;]<a style=\"text-decoration: none;\" href=\"https:\/\/www.ifsc.usp.br\/scinfor\/rede-sem-fio-ifsc-guest\/\">Acesso \u00e0 rede sem fio para visitantes<\/a>[\/vc_message][\/vc_column][vc_column width=&#8221;1\/6&#8243; rt_wrp_col_paddings=&#8221;false&#8221; rt_border_top=&#8221;&#8221; rt_border_bottom=&#8221;&#8221; rt_border_left=&#8221;&#8221; rt_border_right=&#8221;&#8221; rt_border_top_mobile=&#8221;&#8221; rt_border_bottom_mobile=&#8221;&#8221; rt_border_left_mobile=&#8221;&#8221; rt_border_right_mobile=&#8221;&#8221; rt_bg_image_repeat=&#8221;repeat&#8221; rt_bg_size=&#8221;auto auto&#8221; rt_bg_position=&#8221;right top&#8221; rt_bg_attachment=&#8221;scroll&#8221;][vc_message message_box_style=&#8221;solid-icon&#8221; style=&#8221;round&#8221; icon_type=&#8221;monosocial&#8221; icon_monosocial=&#8221;vc-mono vc-mono-skype&#8221;]<\/p>\n<p style=\"text-align: left;\"><a style=\"text-decoration: none;\" href=\"https:\/\/www.ifsc.usp.br\/scinfor\/licencas-de-software-e-aplicativos\/\">Licen\u00e7as de Softwares e Aplicativos Acad\u00eamicos<\/a><\/p>\n<p>[\/vc_message][\/vc_column][vc_column width=&#8221;1\/6&#8243; rt_wrp_col_paddings=&#8221;false&#8221; rt_border_top=&#8221;&#8221; rt_border_bottom=&#8221;&#8221; rt_border_left=&#8221;&#8221; rt_border_right=&#8221;&#8221; rt_border_top_mobile=&#8221;&#8221; rt_border_bottom_mobile=&#8221;&#8221; rt_border_left_mobile=&#8221;&#8221; rt_border_right_mobile=&#8221;&#8221; rt_bg_image_repeat=&#8221;repeat&#8221; rt_bg_size=&#8221;auto auto&#8221; rt_bg_position=&#8221;right top&#8221; rt_bg_attachment=&#8221;scroll&#8221;][vc_message message_box_style=&#8221;solid-icon&#8221; style=&#8221;round&#8221; icon_fontawesome=&#8221;fa fa-home&#8221;]<a style=\"text-decoration: none;\" href=\"https:\/\/www.ifsc.usp.br\/scinfor\/hospedagem-de-sites\/\">Hospedagem de sites<\/a>[\/vc_message][\/vc_column][vc_column width=&#8221;1\/6&#8243; rt_wrp_col_paddings=&#8221;false&#8221; rt_border_top=&#8221;&#8221; rt_border_bottom=&#8221;&#8221; rt_border_left=&#8221;&#8221; rt_border_right=&#8221;&#8221; rt_border_top_mobile=&#8221;&#8221; rt_border_bottom_mobile=&#8221;&#8221; rt_border_left_mobile=&#8221;&#8221; rt_border_right_mobile=&#8221;&#8221; rt_bg_image_repeat=&#8221;repeat&#8221; rt_bg_size=&#8221;auto auto&#8221; rt_bg_position=&#8221;right top&#8221; rt_bg_attachment=&#8221;scroll&#8221;][vc_message message_box_style=&#8221;solid-icon&#8221; style=&#8221;round&#8221; icon_fontawesome=&#8221;fa fa-bar-chart&#8221;]<a style=\"text-decoration: none;\" href=\"http:\/\/monitor2.ifsc.usp.br\/mrtg\/\" target=\"_blank\" rel=\"noopener\">Ver o tr\u00e1fego de rede<\/a>[\/vc_message][\/vc_column][vc_column width=&#8221;1\/6&#8243; rt_wrp_col_paddings=&#8221;false&#8221; rt_border_top=&#8221;&#8221; rt_border_bottom=&#8221;&#8221; rt_border_left=&#8221;&#8221; rt_border_right=&#8221;&#8221; rt_border_top_mobile=&#8221;&#8221; rt_border_bottom_mobile=&#8221;&#8221; rt_border_left_mobile=&#8221;&#8221; rt_border_right_mobile=&#8221;&#8221; rt_bg_image_repeat=&#8221;repeat&#8221; rt_bg_size=&#8221;auto auto&#8221; rt_bg_position=&#8221;right top&#8221; rt_bg_attachment=&#8221;scroll&#8221;][vc_message message_box_style=&#8221;solid-icon&#8221; style=&#8221;round&#8221; icon_fontawesome=&#8221;fa fa-windows&#8221;]<a style=\"text-decoration: none;\" href=\"https:\/\/www.ifsc.usp.br\/azure\/\" target=\"_blank\" rel=\"noopener\">Programa Microsoft Azure<\/a>[\/vc_message][\/vc_column][vc_column width=&#8221;1\/6&#8243; rt_wrp_col_paddings=&#8221;false&#8221; rt_border_top=&#8221;&#8221; rt_border_bottom=&#8221;&#8221; rt_border_left=&#8221;&#8221; rt_border_right=&#8221;&#8221; rt_border_top_mobile=&#8221;&#8221; rt_border_bottom_mobile=&#8221;&#8221; rt_border_left_mobile=&#8221;&#8221; rt_border_right_mobile=&#8221;&#8221; rt_bg_image_repeat=&#8221;repeat&#8221; rt_bg_size=&#8221;auto auto&#8221; rt_bg_position=&#8221;right top&#8221; rt_bg_attachment=&#8221;scroll&#8221;][vc_message message_box_style=&#8221;solid-icon&#8221; style=&#8221;round&#8221; icon_fontawesome=&#8221;fa fa-google-plus&#8221;]<a style=\"text-decoration: none;\" href=\"https:\/\/www.sti.usp.br\/cooperacao\/google-g-suite-education\/\" target=\"_blank\" rel=\"noopener\">Programa G-Suite for Education (Google)<\/a>[\/vc_message][\/vc_column][\/vc_row]<\/p>\n","protected":false},"excerpt":{"rendered":"<p>[vc_row rt_row_background_width=&#8221;fullwidth&#8221; rt_row_content_width=&#8221;fullwidth&#8221; rt_row_style=&#8221;default-style&#8221; rt_row_borders=&#8221;&#8221; rt_row_paddings=&#8221;false&#8221; rt_bg_effect=&#8221;classic&#8221; rt_bg_image_repeat=&#8221;repeat&#8221; rt_bg_size=&#8221;cover&#8221; rt_bg_position=&#8221;right top&#8221; rt_bg_attachment=&#8221;scroll&#8221; rt_bg_video_format=&#8221;self-hosted&#8221;][vc_column width=&#8221;2\/3&#8243; rt_wrp_col_paddings=&#8221;false&#8221; rt_border_top=&#8221;&#8221; rt_border_bottom=&#8221;&#8221; rt_border_left=&#8221;&#8221; rt_border_right=&#8221;&#8221; rt_border_top_mobile=&#8221;&#8221; rt_border_bottom_mobile=&#8221;&#8221; rt_border_left_mobile=&#8221;&#8221; rt_border_right_mobile=&#8221;&#8221; rt_bg_image_repeat=&#8221;repeat&#8221; rt_bg_size=&#8221;auto auto&#8221; rt_bg_position=&#8221;right top&#8221; rt_bg_attachment=&#8221;scroll&#8221; rt_padding_top=&#8221;0&#8243; rt_padding_bottom=&#8221;0&#8243; rt_padding_left=&#8221;0&#8243; rt_padding_right=&#8221;0&#8243;][\/vc_column][vc_column width=&#8221;1\/3&#8243; rt_wrp_col_paddings=&#8221;false&#8221; rt_border_top=&#8221;&#8221; rt_border_bottom=&#8221;&#8221; rt_border_left=&#8221;&#8221; rt_border_right=&#8221;&#8221; rt_border_top_mobile=&#8221;&#8221; rt_border_bottom_mobile=&#8221;&#8221; rt_border_left_mobile=&#8221;&#8221; rt_border_right_mobile=&#8221;&#8221; rt_bg_image_repeat=&#8221;repeat&#8221; rt_bg_size=&#8221;auto auto&#8221; rt_bg_position=&#8221;right top&#8221; rt_bg_attachment=&#8221;scroll&#8221;][vc_empty_space][vc_btn title=&#8221;Mais Not\u00edcias&#8221; style=&#8221;classic&#8221; shape=&#8221;round&#8221; color=&#8221;primary&#8221; align=&#8221;center&#8221; [&hellip;]<\/p>\n","protected":false},"author":1,"featured_media":0,"parent":0,"menu_order":0,"comment_status":"open","ping_status":"open","template":"","meta":{"footnotes":""},"class_list":["post-9204","page","type-page","status-publish","hentry"],"_links":{"self":[{"href":"https:\/\/www.ifsc.usp.br\/scinfor\/wp-json\/wp\/v2\/pages\/9204","targetHints":{"allow":["GET"]}}],"collection":[{"href":"https:\/\/www.ifsc.usp.br\/scinfor\/wp-json\/wp\/v2\/pages"}],"about":[{"href":"https:\/\/www.ifsc.usp.br\/scinfor\/wp-json\/wp\/v2\/types\/page"}],"author":[{"embeddable":true,"href":"https:\/\/www.ifsc.usp.br\/scinfor\/wp-json\/wp\/v2\/users\/1"}],"replies":[{"embeddable":true,"href":"https:\/\/www.ifsc.usp.br\/scinfor\/wp-json\/wp\/v2\/comments?post=9204"}],"version-history":[{"count":112,"href":"https:\/\/www.ifsc.usp.br\/scinfor\/wp-json\/wp\/v2\/pages\/9204\/revisions"}],"predecessor-version":[{"id":9545,"href":"https:\/\/www.ifsc.usp.br\/scinfor\/wp-json\/wp\/v2\/pages\/9204\/revisions\/9545"}],"wp:attachment":[{"href":"https:\/\/www.ifsc.usp.br\/scinfor\/wp-json\/wp\/v2\/media?parent=9204"}],"curies":[{"name":"wp","href":"https:\/\/api.w.org\/{rel}","templated":true}]}}