{"id":2,"date":"2021-06-24T17:00:01","date_gmt":"2021-06-24T20:00:01","guid":{"rendered":"https:\/\/www.ifsc.usp.br\/septins\/?page_id=2"},"modified":"2022-05-16T12:22:46","modified_gmt":"2022-05-16T15:22:46","slug":"pagina-exemplo","status":"publish","type":"page","link":"https:\/\/www.ifsc.usp.br\/septins\/","title":{"rendered":"Home"},"content":{"rendered":"\r\n<h4><span style=\"color: #000000;\"><strong><img loading=\"lazy\" decoding=\"async\" class=\"alignleft size-full wp-image-505\" src=\"https:\/\/www.ifsc.usp.br\/septins\/wp-content\/uploads\/2022\/03\/2021-08-06-final-contatos.png\" alt=\"\" width=\"4693\" height=\"1503\" srcset=\"https:\/\/www.ifsc.usp.br\/septins\/wp-content\/uploads\/2022\/03\/2021-08-06-final-contatos.png 4693w, https:\/\/www.ifsc.usp.br\/septins\/wp-content\/uploads\/2022\/03\/2021-08-06-final-contatos-300x96.png 300w, https:\/\/www.ifsc.usp.br\/septins\/wp-content\/uploads\/2022\/03\/2021-08-06-final-contatos-1024x328.png 1024w, https:\/\/www.ifsc.usp.br\/septins\/wp-content\/uploads\/2022\/03\/2021-08-06-final-contatos-768x246.png 768w, https:\/\/www.ifsc.usp.br\/septins\/wp-content\/uploads\/2022\/03\/2021-08-06-final-contatos-1536x492.png 1536w, https:\/\/www.ifsc.usp.br\/septins\/wp-content\/uploads\/2022\/03\/2021-08-06-final-contatos-2048x656.png 2048w, https:\/\/www.ifsc.usp.br\/septins\/wp-content\/uploads\/2022\/03\/2021-08-06-final-contatos-624x200.png 624w\" sizes=\"(max-width: 4693px) 100vw, 4693px\" \/><\/strong><\/span><\/h4>\r\n<h1 style=\"text-align: center;\"><em><strong><span style=\"color: #000000;\">The Structural Biology of Septins website<\/span><\/strong><\/em><\/h1>\r\n<p><span style=\"color: #000000;\">Our group is hosted at the <a style=\"color: #000000;\" href=\"https:\/\/www2.ifsc.usp.br\/english\/\">Physics Institute of S\u00e3o Carlos (IFSC)<\/a> at the <a style=\"color: #000000;\" href=\"https:\/\/www5.usp.br\/\">University of S\u00e3o Paulo (USP)<\/a>, S\u00e3o Carlos, Brazil. Over the course of the last ten years, we have accumulated considerable experience in the production of recombinant human septins and their complexes and have grown to be the largest group in the world working on the septin structure (see a bit of our <a style=\"color: #000000;\" href=\"https:\/\/www.ifsc.usp.br\/septins\/history\/\">history<\/a>).<\/span><\/p>\r\n<p><span style=\"color: #000000;\">We have solved several human septin structures, in isolation or in complex (see our <a style=\"color: #000000;\" href=\"https:\/\/www.ifsc.usp.br\/septins\/structural-gallery\/\">Structural Gallery<\/a>). Our main interest is in the structural aspect of septins and in the molecular recognition processes they employ to form heterofilaments. See the page <a style=\"color: #000000;\" href=\"https:\/\/www.ifsc.usp.br\/septins\/research\/\">Research<\/a>\u00a0for more information.<\/span><\/p>\r\n<h4><span style=\"color: #000000;\"><strong>What are septins?<\/strong><\/span><\/h4>\r\n<p><span style=\"color: #000000;\">Septins are guanine nucleotide-binding proteins and have the ability to form highly organized filaments. They were discovered 50 years ago, forming a collar at the budding neck (<a style=\"color: #000000;\" href=\"https:\/\/en.wiktionary.org\/wiki\/septum\"><em>septum<\/em><\/a>) in yeast cells during division. Since then, septins have been associated with several important processes that demand membrane changes and\/or scaffold structures.<\/span><\/p>\r\n<p><span style=\"color: #000000;\">In humans, thirteen genes (<em>sept<\/em>1-12 and <em>sept<\/em>14) code for different protein products which are divided into four <a style=\"color: #000000;\" href=\"https:\/\/www.ifsc.usp.br\/septins\/septin-groups\/\">septin groups<\/a> based on sequence homology (SEPT2, SEPT6, SEPT7 and SEPT3; we usually refer to them by using the red, blue, yellow and green colors, respectively).<\/span><\/p>\r\n<p><span style=\"color: #000000;\">Three or four human septins hetero-oligomerize, forming hexamers or octamers. Septin subunits use two distinct interfaces to heteropolymerize: the G-interface, formed by the central G-domain and the NC-interface, composed of the terminal N- and C-domains.\u00a0It is believed that septins from the same group are interchangeable, i.e., one can replace another in the same position (see more in <a style=\"color: #000000;\" href=\"https:\/\/www.ifsc.usp.br\/septins\/kinoshita-rule\">Kinoshita&#8217;s rule<\/a>).<\/span><\/p>\r\n<p><img loading=\"lazy\" decoding=\"async\" class=\"alignleft wp-image-452 size-large\" src=\"https:\/\/www.ifsc.usp.br\/septins\/wp-content\/uploads\/2021\/12\/Septin-heterocomplex-filament-1024x351.png\" alt=\"\" width=\"625\" height=\"214\" srcset=\"https:\/\/www.ifsc.usp.br\/septins\/wp-content\/uploads\/2021\/12\/Septin-heterocomplex-filament-1024x351.png 1024w, https:\/\/www.ifsc.usp.br\/septins\/wp-content\/uploads\/2021\/12\/Septin-heterocomplex-filament-300x103.png 300w, https:\/\/www.ifsc.usp.br\/septins\/wp-content\/uploads\/2021\/12\/Septin-heterocomplex-filament-768x263.png 768w, https:\/\/www.ifsc.usp.br\/septins\/wp-content\/uploads\/2021\/12\/Septin-heterocomplex-filament-1536x527.png 1536w, https:\/\/www.ifsc.usp.br\/septins\/wp-content\/uploads\/2021\/12\/Septin-heterocomplex-filament-624x214.png 624w, https:\/\/www.ifsc.usp.br\/septins\/wp-content\/uploads\/2021\/12\/Septin-heterocomplex-filament.png 1880w\" sizes=\"(max-width: 625px) 100vw, 625px\" \/><\/p>\r\n<p style=\"text-align: center;\"><em><span style=\"color: #000000;\">Representation of a human septin octamer.<\/span><\/em><\/p>\r\n<p><span style=\"color: #000000;\">Share this page with other septin aficionados!<\/span><\/p>\r\n","protected":false},"excerpt":{"rendered":"<p>The Structural Biology of Septins website Our group is hosted at the Physics Institute of S\u00e3o Carlos (IFSC) at the University of S\u00e3o Paulo (USP), S\u00e3o Carlos, Brazil. Over the course of the last ten years, we have accumulated considerable experience in the production of recombinant human septins and their complexes and have grown to [&hellip;]<\/p>\n","protected":false},"author":1,"featured_media":0,"parent":0,"menu_order":0,"comment_status":"closed","ping_status":"open","template":"","meta":{"footnotes":""},"class_list":["post-2","page","type-page","status-publish","hentry"],"aioseo_notices":[],"_links":{"self":[{"href":"https:\/\/www.ifsc.usp.br\/septins\/wp-json\/wp\/v2\/pages\/2"}],"collection":[{"href":"https:\/\/www.ifsc.usp.br\/septins\/wp-json\/wp\/v2\/pages"}],"about":[{"href":"https:\/\/www.ifsc.usp.br\/septins\/wp-json\/wp\/v2\/types\/page"}],"author":[{"embeddable":true,"href":"https:\/\/www.ifsc.usp.br\/septins\/wp-json\/wp\/v2\/users\/1"}],"replies":[{"embeddable":true,"href":"https:\/\/www.ifsc.usp.br\/septins\/wp-json\/wp\/v2\/comments?post=2"}],"version-history":[{"count":50,"href":"https:\/\/www.ifsc.usp.br\/septins\/wp-json\/wp\/v2\/pages\/2\/revisions"}],"predecessor-version":[{"id":539,"href":"https:\/\/www.ifsc.usp.br\/septins\/wp-json\/wp\/v2\/pages\/2\/revisions\/539"}],"wp:attachment":[{"href":"https:\/\/www.ifsc.usp.br\/septins\/wp-json\/wp\/v2\/media?parent=2"}],"curies":[{"name":"wp","href":"https:\/\/api.w.org\/{rel}","templated":true}]}}