{"id":8400,"date":"2017-05-19T17:46:27","date_gmt":"2017-05-19T20:46:27","guid":{"rendered":"http:\/\/www.ifsc.usp.br\/~ted\/tedwp\/?page_id=8400"},"modified":"2017-05-19T17:46:27","modified_gmt":"2017-05-19T20:46:27","slug":"sobre-o-comite","status":"publish","type":"page","link":"https:\/\/www.ifsc.usp.br\/ted\/sobre-o-comite\/","title":{"rendered":"Sobre o Comit\u00ea"},"content":{"rendered":"<p><strong>Miss\u00e3o<\/strong><br \/>\nO Comit\u00ea de T&amp;D tem como miss\u00e3o desenvolver e apoiar a\u00e7\u00f5es de capacita\u00e7\u00e3o e atualiza\u00e7\u00e3o profissional dos servidores n\u00e3o docentes do IFSC\/USP. Para cumprir esta miss\u00e3o, o Comit\u00ea atua em duas modalidades de treinamento: aten\u00e7\u00e3o \u00e0 demanda espont\u00e2nea (solicitada diretamente pelo servidor n\u00e3o docente) e organiza\u00e7\u00e3o de atividades induzidas (treinamentos organizados pelo T&amp;D destinados a conjuntos de servidores n\u00e3o docentes).<\/p>\n<p><strong>Objetivo<\/strong><br \/>\nOs treinamentos apoiados pelo Comit\u00ea visam \u00e0 imediata aplica\u00e7\u00e3o dos conhecimentos adquiridos, de forma a aprimorar as atividades do servidor n\u00e3o docente do IFSC no desempenho de suas fun\u00e7\u00f5es, bem como oferecer m\u00f3dulos com metas precisas, que permitam a avalia\u00e7\u00e3o do aproveitamento individual dos participantes. Os treinamentos podem ser realizados na USP ou fora dela, e dever\u00e3o ocorrer sem preju\u00edzo ao atendimento das necessidades da Institui\u00e7\u00e3o.<\/p>\n<p><strong>Solicita\u00e7\u00f5es de treinamento (demanda espont\u00e2nea)<\/strong><br \/>\nOs servidores n\u00e3o docentes podem solicitar ao Comit\u00ea de T&amp;D apoio financeiro para viabilizar a participa\u00e7\u00e3o em atividades de treinamento no pa\u00eds, tais como cursos de curta dura\u00e7\u00e3o, participa\u00e7\u00e3o em eventos t\u00e9cnicos\/cient\u00edficos, feiras tem\u00e1ticas, ou outros de similares caracter\u00edsticas. O Comit\u00ea poder\u00e1 aprovar o apoio financeiro, de maneira total ou parcial, ap\u00f3s a avalia\u00e7\u00e3o do m\u00e9rito e da import\u00e2ncia do treinamento para a fun\u00e7\u00e3o exercida no IFSC.<\/p>\n<p><strong>Atividades induzidas <\/strong><br \/>\nAs a\u00e7\u00f5es de treinamento na modalidade induzida, tais como palestras, semin\u00e1rios ou cursos, poder\u00e3o ser de car\u00e1ter eventual ou continuado, desde que finalizadas no mesmo ano-exerc\u00edcio do in\u00edcio. As atividades dever\u00e3o ser amplamente divulgadas entre os servidores, mesmo para os casos de cursos espec\u00edficos para um setor ou categoria. O Comit\u00ea recebe propostas de organiza\u00e7\u00e3o de treinamentos que sejam de interesse potencial a um conjunto de servidores.<\/p>\n","protected":false},"excerpt":{"rendered":"<p>Miss\u00e3o O Comit\u00ea de T&amp;D tem como miss\u00e3o desenvolver e apoiar a\u00e7\u00f5es de capacita\u00e7\u00e3o e atualiza\u00e7\u00e3o profissional dos servidores n\u00e3o docentes do IFSC\/USP. Para cumprir esta miss\u00e3o, o Comit\u00ea atua em duas modalidades de treinamento: aten\u00e7\u00e3o \u00e0 demanda espont\u00e2nea (solicitada diretamente pelo servidor n\u00e3o docente) e organiza\u00e7\u00e3o de atividades induzidas (treinamentos organizados pelo T&amp;D destinados [&hellip;]<\/p>\n","protected":false},"author":1,"featured_media":0,"parent":0,"menu_order":0,"comment_status":"closed","ping_status":"closed","template":"","meta":{"footnotes":""},"class_list":["post-8400","page","type-page","status-publish","hentry"],"_links":{"self":[{"href":"https:\/\/www.ifsc.usp.br\/ted\/wp-json\/wp\/v2\/pages\/8400","targetHints":{"allow":["GET"]}}],"collection":[{"href":"https:\/\/www.ifsc.usp.br\/ted\/wp-json\/wp\/v2\/pages"}],"about":[{"href":"https:\/\/www.ifsc.usp.br\/ted\/wp-json\/wp\/v2\/types\/page"}],"author":[{"embeddable":true,"href":"https:\/\/www.ifsc.usp.br\/ted\/wp-json\/wp\/v2\/users\/1"}],"replies":[{"embeddable":true,"href":"https:\/\/www.ifsc.usp.br\/ted\/wp-json\/wp\/v2\/comments?post=8400"}],"version-history":[{"count":1,"href":"https:\/\/www.ifsc.usp.br\/ted\/wp-json\/wp\/v2\/pages\/8400\/revisions"}],"predecessor-version":[{"id":8401,"href":"https:\/\/www.ifsc.usp.br\/ted\/wp-json\/wp\/v2\/pages\/8400\/revisions\/8401"}],"wp:attachment":[{"href":"https:\/\/www.ifsc.usp.br\/ted\/wp-json\/wp\/v2\/media?parent=8400"}],"curies":[{"name":"wp","href":"https:\/\/api.w.org\/{rel}","templated":true}]}}