{"id":8408,"date":"2017-05-19T17:50:56","date_gmt":"2017-05-19T20:50:56","guid":{"rendered":"http:\/\/www.ifsc.usp.br\/~ted\/tedwp\/?page_id=8408"},"modified":"2025-06-09T14:48:09","modified_gmt":"2025-06-09T17:48:09","slug":"regras-e-procedimentos","status":"publish","type":"page","link":"https:\/\/www.ifsc.usp.br\/ted\/regras-e-procedimentos\/","title":{"rendered":"Regras e Procedimentos"},"content":{"rendered":"<p>[vc_row rt_row_background_width=&#8221;default&#8221; rt_row_style=&#8221;default-style&#8221; rt_row_borders=&#8221;&#8221; rt_row_paddings=&#8221;true&#8221; rt_bg_effect=&#8221;classic&#8221; rt_bg_image_repeat=&#8221;repeat&#8221; rt_bg_size=&#8221;cover&#8221; rt_bg_position=&#8221;right top&#8221; rt_bg_attachment=&#8221;scroll&#8221; rt_bg_video_format=&#8221;self-hosted&#8221;][vc_column rt_wrp_col_paddings=&#8221;false&#8221; rt_border_top=&#8221;&#8221; rt_border_bottom=&#8221;&#8221; rt_border_left=&#8221;&#8221; rt_border_right=&#8221;&#8221; rt_border_top_mobile=&#8221;&#8221; rt_border_bottom_mobile=&#8221;&#8221; rt_border_left_mobile=&#8221;&#8221; rt_border_right_mobile=&#8221;&#8221; rt_bg_image_repeat=&#8221;repeat&#8221; rt_bg_size=&#8221;auto auto&#8221; rt_bg_position=&#8221;right top&#8221; rt_bg_attachment=&#8221;scroll&#8221;][vc_column_text]<strong>1 &#8211; Encaminhamento das solicita\u00e7\u00f5es<\/strong><\/p>\n<p>1.1 &#8211; As solicita\u00e7\u00f5es de apoio financeiro na modalidade espont\u00e2nea dever\u00e3o ser encaminhadas por meio do <a href=\"..\/formulario-de-solicitacao-td\">preenchimento do formul\u00e1rio on-line<\/a>. O formul\u00e1rio gerado dever\u00e1 ser impresso, para preenchimento da justificativa pelo chefe imediato e coleta das assinaturas. A assinatura no formul\u00e1rio constitui um termo de compromisso, e implica que o servidor\u00a0 est\u00e1 de acordo com as regras e os objetivos estabelecidos pelo Comit\u00ea de T&amp;D.<\/p>\n<p>1.2 &#8211; O formul\u00e1rio assinado, juntamente com a c\u00f3pia do folder \/ programa\u00e7\u00e3o do treinamento dever\u00e1 ser encaminhado para\u00a0Neusa Sorensen\u00a0(no Espa\u00e7o ATAd &#8211; pr\u00e9dio Administra\u00e7\u00e3o) ou Fl\u00e1via Lisboa (na Se\u00e7\u00e3o de Inform\u00e1tica &#8211; ScInfor).<\/p>\n<p>1.3 &#8211; As solicita\u00e7\u00f5es para participa\u00e7\u00e3o em encontros cient\u00edficos, tais como congressos, simp\u00f3sios ou similares, sediados no Brasil, poder\u00e3o ser apoiadas desde que o servidor apresente trabalho t\u00e9cnico, na forma oral ou painel. Nestas solicita\u00e7\u00f5es o servidor precisar\u00e1 anexar o comprovante de aceita\u00e7\u00e3o do trabalho e uma c\u00f3pia do resumo enviado.<\/p>\n<p><strong>2 &#8211; Prazos<\/strong><\/p>\n<p>As solicita\u00e7\u00f5es de treinamento ser\u00e3o recebidas em regime de fluxo cont\u00ednuo, com anteced\u00eancia m\u00ednima de cinco (5) dias \u00e0 reuni\u00e3o do T&amp;D, de acordo com <a href=\"..\/calendario-de-reunioes\">calend\u00e1rio<\/a> pr\u00e9-estabelecido.<\/p>\n<p><strong>3 &#8211; Considera\u00e7\u00f5es importantes<\/strong><\/p>\n<p>3.1 &#8211; N\u00e3o haver\u00e1 reembolso de qualquer natureza para treinamento efetuado pelo servidor sem a pr\u00e9via aprova\u00e7\u00e3o do Comit\u00ea de T&amp;D.<\/p>\n<p>3.2 &#8211; N\u00e3o ser\u00e3o financiados cursos de longa dura\u00e7\u00e3o e de educa\u00e7\u00e3o formal, tais como gradua\u00e7\u00e3o, mestrado (<em>stricto<\/em> ou <em>lato sensu<\/em>), doutorado ou especializa\u00e7\u00e3o.<\/p>\n<p>3.3 &#8211; Solicita\u00e7\u00f5es para cursos com dura\u00e7\u00e3o acima de um semestre poder\u00e3o ser aprovadas, sujeitas \u00e0s seguintes condi\u00e7\u00f5es:<\/p>\n<p style=\"padding-left: 30px;\">a) Possuam metas e crit\u00e9rios precisos de avalia\u00e7\u00e3o e objetivos espec\u00edficos para aplica\u00e7\u00e3o na fun\u00e7\u00e3o.<\/p>\n<p style=\"padding-left: 30px;\">b) O grupo ou setor de atua\u00e7\u00e3o do funcion\u00e1rio demonstre o interesse e o compromisso com o treinamento atrav\u00e9s de uma contrapartida financeira de 30% do custo.<\/p>\n<p style=\"padding-left: 30px;\">c) O pagamento completo do treinamento seja realizado dentro do mesmo ano de exerc\u00edcio or\u00e7ament\u00e1rio.<\/p>\n<p style=\"padding-left: 30px;\">d) A aprova\u00e7\u00e3o do treinamento n\u00e3o implica compromisso institucional para financiar uma eventual continua\u00e7\u00e3o no pr\u00f3ximo ano.<\/p>\n<p>3.4 &#8211; Cursos de idiomas ser\u00e3o analisados unicamente no contexto de a\u00e7\u00f5es institucionais induzidas.<\/p>\n<p>3.5 &#8211; O Comit\u00ea de T&amp;D apenas atende e promove solicita\u00e7\u00f5es de treinamentos para servidores t\u00e9cnico-administrativos. Fica vetada qualquer solicita\u00e7\u00e3o de treinamento para servidores docentes, estagi\u00e1rios e alunos.<\/p>\n<p>3.6 &#8211; Quando o transporte pretendido for em carro institucional (utiliza\u00e7\u00e3o de ve\u00edculo oficial do IFSC), o funcion\u00e1rio dever\u00e1 incluir o valor estimado ap\u00f3s consulta \u00e0 Se\u00e7\u00e3o de Ve\u00edculos do IFSC.<\/p>\n<p><strong>4 &#8211; Julgamento<\/strong><\/p>\n<p>4.1 &#8211; As solicita\u00e7\u00f5es ser\u00e3o analisadas em datas pr\u00e9-estabelecidas<strong>\u00a0<\/strong>(<a href=\"..\/calendario-de-reunioes\" target=\"_self\" rel=\"noopener\">ver calend\u00e1rio de reuni\u00f5es<\/a>), divulgadas para a comunidade do IFSC.\u00a0Solicita\u00e7\u00f5es que n\u00e3o atendam \u00e0 anteced\u00eancia m\u00ednima ser\u00e3o analisadas somente se houver disponibilidade de tempo para um completo julgamento do processo pelo Comit\u00ea de T&amp;D.<\/p>\n<p>4.2 &#8211; As solicita\u00e7\u00f5es ser\u00e3o julgadas primeiramente pelo Comit\u00ea de T&amp;D. Em casos especiais, o Comit\u00ea poder\u00e1 solicitar entrevista com o servidor ou, caso necess\u00e1rio, parecer <em>ad-hoc<\/em> para balizar seu julgamento.<\/p>\n<p>4.3 &#8211; O Comit\u00ea emitir\u00e1 um parecer indicando a aprova\u00e7\u00e3o (total ou parcial) ou a n\u00e3o aprova\u00e7\u00e3o da solicita\u00e7\u00e3o.<\/p>\n<p>4.4 &#8211; As solicita\u00e7\u00f5es de participa\u00e7\u00e3o de mais de um servidor em um mesmo curso (ou evento tem\u00e1tico, feira e congresso), poder\u00e3o n\u00e3o ser atendidas integralmente. Nestes casos, ap\u00f3s a avalia\u00e7\u00e3o do m\u00e9rito pelo Comit\u00ea, caber\u00e1 ao Chefe imediato indicar os servidores que participar\u00e3o do evento ou feira.<\/p>\n<p>4.5 &#8211; No caso da solicita\u00e7\u00e3o n\u00e3o ser aprovada, cabe ao servidor a possibilidade de apresentar um recurso. Em primeira inst\u00e2ncia o recurso dever\u00e1 ser encaminhado ao Supervisor do T&amp;D at\u00e9 tr\u00eas dias \u00fateis a partir do recebimento do parecer emitido pelo Comit\u00ea. Em segunda inst\u00e2ncia o recurso dever\u00e1 ser encaminhado ao Diretor do IFSC\/USP, no mesmo prazo.<\/p>\n<p><strong>5 &#8211; Procedimentos<\/strong><\/p>\n<p>5.1 &#8211; Ap\u00f3s a aprova\u00e7\u00e3o, o interessado receber\u00e1 uma c\u00f3pia da solicita\u00e7\u00e3o de treinamento assinada pelo supervisor do T&amp;D, que dever\u00e1: ser apresentada, na sequ\u00eancia, aos seguintes setores:<\/p>\n<p style=\"padding-left: 30px;\">a) apresentar a solicita\u00e7\u00e3o aprovada ao Setor de Contabilidade Financeira, para viabilizar os pagamentos envolvidos para realiza\u00e7\u00e3o do treinamento.<\/p>\n<p style=\"padding-left: 30px;\">b) imprimir uma c\u00f3pia do\u00a0<a href=\"https:\/\/www.ifsc.usp.br\/ted\/wp-content\/uploads\/2017\/05\/termo_compromisso_atual.pdf\" target=\"_blank\" rel=\"noopener\">Termo de Compromisso<\/a> (<a href=\"https:\/\/www.ifsc.usp.br\/ted\/wp-content\/uploads\/2025\/06\/TERMO-COMPROMISSO-word.docx\" target=\"_blank\" rel=\"noopener\">baixar aqui vers\u00e3o Word para preenchimento<\/a>)\u00a0e preencher devidamente, de acordo com o <a href=\"https:\/\/www.ifsc.usp.br\/ted\/wp-content\/uploads\/2017\/05\/oficio_vrea_circ_013_2013.pdf\" target=\"_blank\" rel=\"noopener\">Of\u00edcio VREA\/CIRC\/013\/2013<\/a>\u00a0(alterado pelo <a href=\"https:\/\/www.ifsc.usp.br\/ted\/wp-content\/uploads\/2017\/05\/oficio_codage_circ_035_2016.pdf\" target=\"_blank\" rel=\"noopener\">Of\u00edcio CODAGE\/CIRC\/035\/2016<\/a>). Entregar para o Comit\u00ea T&amp;D (Neusa Sorensen &#8211; ATAd ou Fl\u00e1via &#8211; ScInfor). <span style=\"color: #000000;\"><em>A assinatura desse termo\u00a0\u00e9 condi\u00e7\u00e3o obrigat\u00f3ria requerida pela USP para o financiamento do treinamento<\/em>.<\/span><\/p>\n<p>5.2 &#8211; Eventuais pedidos de afastamentos, di\u00e1rias ou ve\u00edculos dever\u00e3o ser providenciados junto ao respectivo departamento\/setor de atua\u00e7\u00e3o. Dever\u00e1 constar, no campo pertinente, a aprova\u00e7\u00e3o de recursos financeiros pelo Comit\u00ea de T&amp;D, al\u00e9m da apresenta\u00e7\u00e3o da c\u00f3pia da solicita\u00e7\u00e3o de treinamento acima mencionada<\/p>\n<p><strong>6 &#8211; Presta\u00e7\u00e3o de contas<\/strong><\/p>\n<p>O interessado dever\u00e1 apresentar nota fiscal e recibo de despesas em nome do IFSC, conforme orienta\u00e7\u00e3o do Setor de Contabilidade Financeira.<\/p>\n<p><strong>7 &#8211; Frequ\u00eancia<\/strong><\/p>\n<p>As atividades de treinamento dever\u00e3o ter frequ\u00eancia m\u00ednima comprovada atrav\u00e9s da apresenta\u00e7\u00e3o do certificado de participa\u00e7\u00e3o (ver item 8). Na falta de comprova\u00e7\u00e3o de participa\u00e7\u00e3o ou frequ\u00eancia m\u00ednima, a USP, na qualidade de empregadora e nos termos que constam no <a href=\"https:\/\/www.ifsc.usp.br\/ted\/wp-content\/uploads\/2017\/05\/oficio_vrea_circ_013_2013.pdf\" target=\"_blank\" rel=\"noopener\">Of\u00edcio VREA\/CIRC\/013\/2013<\/a>\u00a0(alterado pelo <a href=\"https:\/\/www.ifsc.usp.br\/ted\/wp-content\/uploads\/2017\/05\/oficio_codage_circ_035_2016.pdf\" target=\"_blank\" rel=\"noopener\">Of\u00edcio CODAGE\/CIRC\/035\/2016<\/a>), estar\u00e1 autorizada a descontar em folha de pagamento do servidor n\u00e3o docente o montante das despesas pagas para o treinamento.<\/p>\n<p><strong>8 &#8211; Relat\u00f3rio de atividades e certificado de participa\u00e7\u00e3o<\/strong><\/p>\n<p>8.1 &#8211; Todo servidor dever\u00e1 entregar \u00e0 secretaria do T&amp;D os seguintes documentos, no prazo m\u00e1ximo de 15 dias ap\u00f3s o t\u00e9rmino do curso\/evento:<\/p>\n<p style=\"padding-left: 30px;\">a) Relat\u00f3rio de no m\u00e1ximo cinco p\u00e1ginas, contendo uma descri\u00e7\u00e3o sucinta das atividades, uma avalia\u00e7\u00e3o do evento e, principalmente, uma an\u00e1lise cr\u00edtica de sua participa\u00e7\u00e3o. \u00a0Nos casos de feira ou evento tem\u00e1tico, poder\u00e1 ser elaborado um relat\u00f3rio coletivo, com as assinaturas de todos os beneficiados e de seus respectivos superiores imediatos. Para as demandas induzidas, ser\u00e1 necess\u00e1ria apenas a apresenta\u00e7\u00e3o do formul\u00e1rio de avalia\u00e7\u00e3o do evento, distribu\u00eddo pelo pr\u00f3prio Comit\u00ea, devidamente preenchido e identificado.<\/p>\n<p style=\"padding-left: 30px;\">b) C\u00f3pia do certificado de conclus\u00e3o do referido curso\/evento. Caso se trate de uma participa\u00e7\u00e3o em feira ou evento tem\u00e1tico, uma c\u00f3pia do canhoto ou t\u00edquete de ingresso ser\u00e1 suficiente para comprovar a participa\u00e7\u00e3o.<\/p>\n<p>8.2 &#8211; O relat\u00f3rio sempre dever\u00e1 ter o conhecimento e a concord\u00e2ncia (de acordo) do chefe imediato.<\/p>\n<p>8.3 &#8211; Novas solicita\u00e7\u00f5es ao Comit\u00ea s\u00f3 ser\u00e3o analisadas se o servidor estiver com sua situa\u00e7\u00e3o em dia com o T&amp;D, ou seja, certificados e relat\u00f3rios entregues de outros treinamentos j\u00e1 realizados.<\/p>\n<p><strong>9 &#8211; Avalia\u00e7\u00e3o<\/strong><\/p>\n<p>A avalia\u00e7\u00e3o do relat\u00f3rio ser\u00e1 feita pelo Supervisor do T&amp;D, podendo tamb\u00e9m ser realizada diretamente pelo Diretor do Instituto. Quando necess\u00e1rio poder\u00e1 ser realizada consulta ao chefe imediato do servidor e\/ou usu\u00e1rios potencialmente beneficiados pela atividade de T&amp;D.<\/p>\n<p><strong>10 &#8211; Crit\u00e9rios adotados pelo Comit\u00ea de T&amp;D para aplica\u00e7\u00e3o dos recursos financeiros<\/strong><\/p>\n<p>10.1 &#8211;\u00a0Transporte a\u00e9reo: a compra de passagens a\u00e9reas <em>n\u00e3o<\/em> ser\u00e1 financiada com recursos do\u00a0Programa de T&amp;D.<\/p>\n<p>10.2 &#8211;\u00a0Participa\u00e7\u00e3o em congressos, confer\u00eancias, simp\u00f3sios, workshops e similares: dever\u00e1 haver\u00a0uma contrapartida na solicita\u00e7\u00e3o de treinamento, financiada\u00a0com recursos do setor ou do grupo de atua\u00e7\u00e3o do funcion\u00e1rio, ou ainda de outras fontes. Esta contrapartida deve ser detalhada no campo espec\u00edfico da solicita\u00e7\u00e3o em &#8220;Contrapartida (Valor obtido de outras fontes, do seu grupo\/setor etc)&#8221;. \u00c9 importante que os valores de contrapartida sejam devidamente detalhados neste campo pois, desta forma, o\u00a0Comit\u00ea ir\u00e1 analisar a contrapartida oferecida em fun\u00e7\u00e3o do or\u00e7amento total do treinamento.<\/p>\n<p><span style=\"color: #008000;\"><em>\u00daltima Revis\u00e3o das &#8220;Regras e Procedimentos&#8221; realizada em 14\/04\/2022<\/em><\/span>[\/vc_column_text][\/vc_column][\/vc_row]<\/p>\n","protected":false},"excerpt":{"rendered":"<p>[vc_row rt_row_background_width=&#8221;default&#8221; rt_row_style=&#8221;default-style&#8221; rt_row_borders=&#8221;&#8221; rt_row_paddings=&#8221;true&#8221; rt_bg_effect=&#8221;classic&#8221; rt_bg_image_repeat=&#8221;repeat&#8221; rt_bg_size=&#8221;cover&#8221; rt_bg_position=&#8221;right top&#8221; rt_bg_attachment=&#8221;scroll&#8221; rt_bg_video_format=&#8221;self-hosted&#8221;][vc_column rt_wrp_col_paddings=&#8221;false&#8221; rt_border_top=&#8221;&#8221; rt_border_bottom=&#8221;&#8221; rt_border_left=&#8221;&#8221; rt_border_right=&#8221;&#8221; rt_border_top_mobile=&#8221;&#8221; rt_border_bottom_mobile=&#8221;&#8221; rt_border_left_mobile=&#8221;&#8221; rt_border_right_mobile=&#8221;&#8221; rt_bg_image_repeat=&#8221;repeat&#8221; rt_bg_size=&#8221;auto auto&#8221; rt_bg_position=&#8221;right top&#8221; rt_bg_attachment=&#8221;scroll&#8221;][vc_column_text]1 &#8211; Encaminhamento das solicita\u00e7\u00f5es 1.1 &#8211; As solicita\u00e7\u00f5es de apoio financeiro na modalidade espont\u00e2nea dever\u00e3o ser encaminhadas por meio do preenchimento do formul\u00e1rio on-line. O formul\u00e1rio gerado dever\u00e1 [&hellip;]<\/p>\n","protected":false},"author":1,"featured_media":0,"parent":0,"menu_order":0,"comment_status":"closed","ping_status":"closed","template":"","meta":{"footnotes":""},"class_list":["post-8408","page","type-page","status-publish","hentry"],"_links":{"self":[{"href":"https:\/\/www.ifsc.usp.br\/ted\/wp-json\/wp\/v2\/pages\/8408","targetHints":{"allow":["GET"]}}],"collection":[{"href":"https:\/\/www.ifsc.usp.br\/ted\/wp-json\/wp\/v2\/pages"}],"about":[{"href":"https:\/\/www.ifsc.usp.br\/ted\/wp-json\/wp\/v2\/types\/page"}],"author":[{"embeddable":true,"href":"https:\/\/www.ifsc.usp.br\/ted\/wp-json\/wp\/v2\/users\/1"}],"replies":[{"embeddable":true,"href":"https:\/\/www.ifsc.usp.br\/ted\/wp-json\/wp\/v2\/comments?post=8408"}],"version-history":[{"count":25,"href":"https:\/\/www.ifsc.usp.br\/ted\/wp-json\/wp\/v2\/pages\/8408\/revisions"}],"predecessor-version":[{"id":8870,"href":"https:\/\/www.ifsc.usp.br\/ted\/wp-json\/wp\/v2\/pages\/8408\/revisions\/8870"}],"wp:attachment":[{"href":"https:\/\/www.ifsc.usp.br\/ted\/wp-json\/wp\/v2\/media?parent=8408"}],"curies":[{"name":"wp","href":"https:\/\/api.w.org\/{rel}","templated":true}]}}