{"id":8772,"date":"2023-07-20T11:30:03","date_gmt":"2023-07-20T14:30:03","guid":{"rendered":"https:\/\/www.ifsc.usp.br\/ted\/?page_id=8772"},"modified":"2023-10-27T08:07:28","modified_gmt":"2023-10-27T11:07:28","slug":"radioprotecao2023","status":"publish","type":"page","link":"https:\/\/www.ifsc.usp.br\/ted\/radioprotecao2023\/","title":{"rendered":"Curso de Radioprote\u00e7\u00e3o (2023)"},"content":{"rendered":"<p><strong>Nome do curso:<\/strong> Curso de Radioprote\u00e7\u00e3o &#8211; Prote\u00e7\u00e3o Radiol\u00f3gica com \u00eanfase para uso, manuseio e preparo de fontes radioativas n\u00e3o seladas.<\/p>\n<p><strong>Informa\u00e7\u00f5es sobre o curso, objetivos e p\u00fablico-alvo (Sistema Apolo):<br \/>\n<\/strong><a href=\"https:\/\/uspdigital.usp.br\/apolo\/apoObterCurso?cod_curso=760400002&amp;cod_edicao=23002&amp;numseqofeedi=1\" target=\"_blank\" rel=\"noopener\">https:\/\/uspdigital.usp.br\/apolo\/apoObterCurso?cod_curso=760400002&amp;cod_edicao=23002&amp;numseqofeedi=1<\/a><\/p>\n<p><strong>Per\u00edodo de realiza\u00e7\u00e3o do curso: 21\/11 a 01\/12\/2023<br \/>\nHor\u00e1rio: <\/strong>segunda a sexta das 13h30 \u00e0s 18h (apenas no dia 23\/11, aula tamb\u00e9m no per\u00edodo da manh\u00e3).<br \/>\n<a href=\"https:\/\/www.ifsc.usp.br\/ted\/wp-content\/uploads\/2023\/10\/Cronograma-CPR-IFSC-2023.pdf\" target=\"_blank\" rel=\"noopener\">Cronograma de Aulas atualizado do Curso<\/a><\/p>\n<p><span style=\"color: #ff0000;\"><strong><br \/>\nINSCRI\u00c7\u00d5ES ENCERRADAS<\/strong><\/span>: realizadas no per\u00edodo de 09\/10 a 17\/10\/2023.<br \/>\n<span style=\"color: #0000ff;\"><a href=\"https:\/\/www.ifsc.usp.br\/ted\/wp-content\/uploads\/2023\/10\/Radioprotecao-Matriculados-aprovados.pdf\" target=\"_blank\" rel=\"noopener\">Listagem de aprovados e matriculados no Sistema Apolo<\/a> (gerada em 26\/10).<\/span><\/p>\n<p>&nbsp;<\/p>\n<p><a href=\"https:\/\/www.ifsc.usp.br\/ted\/wp-content\/uploads\/2023\/10\/2023-cartaz-radioprotecao.pdf\" target=\"_blank\" rel=\"noopener\">Cartaz de divulga\u00e7\u00e3o do curso (PDF)<\/a><\/p>\n<p><a href=\"https:\/\/uspdigital.usp.br\/apolo\/apoObterCurso?cod_curso=760400002&amp;cod_edicao=23002&amp;numseqofeedi=1\" target=\"_blank\" rel=\"noopener\"><img loading=\"lazy\" decoding=\"async\" class=\"alignnone wp-image-8801 size-full\" src=\"https:\/\/www.ifsc.usp.br\/ted\/wp-content\/uploads\/2023\/10\/2023-cartaz-radioprotecao.png\" alt=\"\" width=\"697\" height=\"928\" srcset=\"https:\/\/www.ifsc.usp.br\/ted\/wp-content\/uploads\/2023\/10\/2023-cartaz-radioprotecao.png 697w, https:\/\/www.ifsc.usp.br\/ted\/wp-content\/uploads\/2023\/10\/2023-cartaz-radioprotecao-225x300.png 225w\" sizes=\"auto, (max-width: 697px) 100vw, 697px\" \/><\/a><\/p>\n","protected":false},"excerpt":{"rendered":"<p>Nome do curso: Curso de Radioprote\u00e7\u00e3o &#8211; Prote\u00e7\u00e3o Radiol\u00f3gica com \u00eanfase para uso, manuseio e preparo de fontes radioativas n\u00e3o seladas. Informa\u00e7\u00f5es sobre o curso, objetivos e p\u00fablico-alvo (Sistema Apolo): https:\/\/uspdigital.usp.br\/apolo\/apoObterCurso?cod_curso=760400002&amp;cod_edicao=23002&amp;numseqofeedi=1 Per\u00edodo de realiza\u00e7\u00e3o do curso: 21\/11 a 01\/12\/2023 Hor\u00e1rio: segunda a sexta das 13h30 \u00e0s 18h (apenas no dia 23\/11, aula tamb\u00e9m no per\u00edodo [&hellip;]<\/p>\n","protected":false},"author":1,"featured_media":0,"parent":0,"menu_order":0,"comment_status":"closed","ping_status":"closed","template":"","meta":{"footnotes":""},"class_list":["post-8772","page","type-page","status-publish","hentry"],"_links":{"self":[{"href":"https:\/\/www.ifsc.usp.br\/ted\/wp-json\/wp\/v2\/pages\/8772","targetHints":{"allow":["GET"]}}],"collection":[{"href":"https:\/\/www.ifsc.usp.br\/ted\/wp-json\/wp\/v2\/pages"}],"about":[{"href":"https:\/\/www.ifsc.usp.br\/ted\/wp-json\/wp\/v2\/types\/page"}],"author":[{"embeddable":true,"href":"https:\/\/www.ifsc.usp.br\/ted\/wp-json\/wp\/v2\/users\/1"}],"replies":[{"embeddable":true,"href":"https:\/\/www.ifsc.usp.br\/ted\/wp-json\/wp\/v2\/comments?post=8772"}],"version-history":[{"count":30,"href":"https:\/\/www.ifsc.usp.br\/ted\/wp-json\/wp\/v2\/pages\/8772\/revisions"}],"predecessor-version":[{"id":8824,"href":"https:\/\/www.ifsc.usp.br\/ted\/wp-json\/wp\/v2\/pages\/8772\/revisions\/8824"}],"wp:attachment":[{"href":"https:\/\/www.ifsc.usp.br\/ted\/wp-json\/wp\/v2\/media?parent=8772"}],"curies":[{"name":"wp","href":"https:\/\/api.w.org\/{rel}","templated":true}]}}